{"id":24957,"date":"2019-10-10T11:15:27","date_gmt":"2019-10-10T15:24:42","guid":{"rendered":"https:\/\/www.biogasworld.com\/?post_type=product&#038;p=24957\/"},"modified":"2023-04-11T10:01:47","modified_gmt":"2023-04-11T14:01:47","slug":"veolia-memthane-produit","status":"publish","type":"product","link":"https:\/\/biogasworld.com\/fr\/product\/anaerobic-digestion\/liquid-digestion-system\/veolia-memthane-produit\/","title":{"rendered":"Memthane"},"content":{"rendered":"<h2><span style=\"color: #000daa;\">Le Memthane de Veolia: une solution de pointe<\/span><\/h2>\n<p>Memthane\u00ae est un bior\u00e9acteur \u00e0 membrane ana\u00e9robie (AnMBR) qui maximise la production d&rsquo;\u00e9nergie renouvelable tout en produisant un effluent de qualit\u00e9 exceptionnelle pouvant \u00eatre r\u00e9utilis\u00e9 ou rejet\u00e9 directement dans les \u00e9gouts.<\/p>\n<p>La nouvelle technologie de pointe d\u00e9velopp\u00e9e par Biothane, filiale de Veolia Water Technologies, est une solution unique et compacte offrant de nombreux avantages, qui r\u00e9duit les co\u00fbts d&rsquo;\u00e9limination tout en g\u00e9n\u00e9rant un biogaz pr\u00e9cieux.<\/p>\n<p>Remplacement des combustibles fossiles par la production de biogaz \u00e0 partir du traitement des eaux us\u00e9es.<\/p>\n<p>&nbsp;<\/p>\n<h3><span style=\"color: #000daa;\">\u00c9conomique et facile \u00e0 utiliser<\/span><\/h3>\n<p>Outre ses avantages en termes de performances, Memthane\u00ae offre une r\u00e9duction significative des co\u00fbts d\u2019exploitation totaux par rapport aux technologies conventionnelles, en tenant compte de tous les \u00e9l\u00e9ments, y compris les membranes, les produits chimiques, l\u2019\u00e9vacuation des boues et les \u00e9conomies d\u2019\u00e9nergie globales. Le syst\u00e8me de r\u00e9acteur simple, unique et enti\u00e8rement automatis\u00e9 peut \u00eatre contr\u00f4l\u00e9 \u00e0 distance.<\/p>\n<p>&nbsp;<\/p>\n<h3><span style=\"color: #000daa;\">Durable et rentable<\/span><\/h3>\n<p dir=\"ltr\">Memthane\u00ae ouvre la voie au traitement des flux hautement r\u00e9sistants et tr\u00e8s solides rencontr\u00e9s dans des industries telles que les distilleries, les laiteries, les usines de production de bio\u00e9thanol, les installations de production de caf\u00e9 instantan\u00e9, etc&#8230;<\/p>\n<p>L&rsquo;effluent libre en suspension facilite \u00e9galement la r\u00e9cup\u00e9ration des nutriments pour la production d&rsquo;engrais et le recyclage de l&rsquo;eau vers l&rsquo;usine.<\/p>\n<p>Le pr\u00e9cieux biogaz produit, riche en m\u00e9thane, peut couvrir une part importante de la demande en \u00e9nergie et en chaleur du site de production, pouvant aller jusqu&rsquo;\u00e0 100% dans les distilleries, par exemple.<\/p>\n<p>En raison de son avantageux investissement et de la robustesse de son fonctionnement, les clients choisissent de plus en plus Memthane\u00ae comme solution de traitement des eaux us\u00e9es.<\/p>\n<p>Memthane\u00ae traite les effluents \u00e0 haute r\u00e9sistance pr\u00e9c\u00e9demment consid\u00e9r\u00e9s comme non traitables.<\/p>\n<h4 dir=\"ltr\"><strong>Memthane\u00ae, la solution id\u00e9ale pour :<\/strong><\/h4>\n<ul dir=\"ltr\">\n<li>Les flux \u00e0 forte concentration\n<ul>\n<li>DCO 15 000 ~ 250 000 ppm tels que le lactos\u00e9rum de laiterie<\/li>\n<\/ul>\n<\/li>\n<li>Installations d&rsquo;\u00e9thanol\n<ul>\n<li>Flux de type vinasse : Pot Ale, eau de lavage, r\u00e9sidus de distillerie et vinasse<\/li>\n<\/ul>\n<\/li>\n<li>Huiles et graisses (FOG) contenant de la vinasse\n<ul>\n<li>Cr\u00e8me glac\u00e9e et biodiesel<\/li>\n<\/ul>\n<\/li>\n<li>Boues d&rsquo;amidon<\/li>\n<li>Applications chimiques \u00e0 teneur \u00e9lev\u00e9e en DCO<\/li>\n<\/ul>\n<p>&nbsp;<\/p>\n<h4 dir=\"ltr\"><strong>2 technologies \u00e9prouv\u00e9es :<\/strong><\/h4>\n<ul dir=\"ltr\">\n<li>Traitement biologique ana\u00e9robie + S\u00e9paration membranaire = 1 solution innovante<\/li>\n<li>Optimise l&rsquo;\u00e9limination \u00a0de la DCO + TSS,<\/li>\n<li>Supprime les co\u00fbts de traitement<\/li>\n<li>G\u00e9n\u00e8re du biogaz riche en m\u00e9thane<\/li>\n<\/ul>\n<p>&nbsp;<\/p>\n<h3><span style=\"color: #000daa;\">Caract\u00e9ristiques et avantages<\/span><\/h3>\n<ul dir=\"ltr\">\n<li>R\u00e9duit les co\u00fbts<\/li>\n<li>Superbe qualit\u00e9 d&rsquo;effluent<\/li>\n<li>Maximise l&rsquo;\u00e9nergie verte du biogaz<\/li>\n<li>Robuste et facile \u00e0 utiliser<\/li>\n<li>R\u00e9cup\u00e9ration facile des nutriments pour la r\u00e9utilisation<\/li>\n<li>R\u00e9duit l&#8217;empreinte carbone<\/li>\n<li>Exp\u00e9rience av\u00e9r\u00e9e<\/li>\n<li>Evite le r\u00e9curage du biogaz<\/li>\n<li>Sans odeur<\/li>\n<\/ul>\n<p>&nbsp;<\/p>\n<h3><span style=\"color: #000daa;\">Un proc\u00e9d\u00e9 \u00e9prouv\u00e9<\/span><\/h3>\n<p><img loading=\"lazy\" decoding=\"async\" class=\"aligncenter wp-image-24958\" src=\"https:\/\/biogasworld.com\/wp-content\/uploads\/2019\/10\/veolia-memthane-un-proc\u00e9d\u00e9-\u00e9prouv\u00e9.png\" alt=\"Veolia-Memthane: un proc\u00e9d\u00e9 \u00e9prouv\u00e9\" width=\"613\" height=\"577\" srcset=\"https:\/\/biogasworld.com\/wp-content\/uploads\/2019\/10\/veolia-memthane-un-proc\u00e9d\u00e9-\u00e9prouv\u00e9.png 940w, https:\/\/biogasworld.com\/wp-content\/uploads\/2019\/10\/veolia-memthane-un-proc\u00e9d\u00e9-\u00e9prouv\u00e9-250x235.png 250w\" sizes=\"auto, (max-width: 613px) 100vw, 613px\" \/><\/p>\n<p>&nbsp;<\/p>\n<h4 style=\"text-align: center;\"><a href=\"https:\/\/www.veoliawatertechnologies.com\/fr\/solutions\/produits\/memthane\">Pour plus d&rsquo;informations, visitez le site Web de Veolia!<\/a><\/h4>\n<p>&nbsp;<\/p>\n<p>&nbsp;<\/p>\n","protected":false},"excerpt":{"rendered":"Veolia aide les collectivit\u00e9s et l\u2019industrie \u00e0 assurer la fiabilit\u00e9 de l\u2019\u00e9nergie et de l\u2019eau, \u00e0 r\u00e9pondre aux exigences r\u00e9glementaires et \u00e0 prot\u00e9ger la sant\u00e9 publique, tout en prot\u00e9geant nos ressources naturelles. Nous introduisons des sources d\u2019\u00e9nergie renouvelables et des carburants alternatifs dans le mix \u00e9nerg\u00e9tique l\u00e0 o\u00f9 c\u2019est viable.","protected":false},"featured_media":24954,"template":"","meta":{"_acf_changed":false,"content-type":""},"product_brand":[],"product_cat":[145,77,167,131],"product_tag":[],"class_list":{"0":"post-24957","1":"product","2":"type-product","3":"status-publish","4":"has-post-thumbnail","6":"product_cat-anaerobic-digestion","7":"product_cat-biomethanisation","8":"product_cat-liquid-digestion-system","9":"product_cat-systeme-de-digestion-humide","11":"first","12":"instock","13":"taxable","14":"shipping-taxable","15":"product-type-simple"},"acf":[],"_links":{"self":[{"href":"https:\/\/biogasworld.com\/fr\/wp-json\/wp\/v2\/product\/24957","targetHints":{"allow":["GET"]}}],"collection":[{"href":"https:\/\/biogasworld.com\/fr\/wp-json\/wp\/v2\/product"}],"about":[{"href":"https:\/\/biogasworld.com\/fr\/wp-json\/wp\/v2\/types\/product"}],"wp:featuredmedia":[{"embeddable":true,"href":"https:\/\/biogasworld.com\/fr\/wp-json\/wp\/v2\/media\/24954"}],"wp:attachment":[{"href":"https:\/\/biogasworld.com\/fr\/wp-json\/wp\/v2\/media?parent=24957"}],"wp:term":[{"taxonomy":"product_brand","embeddable":true,"href":"https:\/\/biogasworld.com\/fr\/wp-json\/wp\/v2\/product_brand?post=24957"},{"taxonomy":"product_cat","embeddable":true,"href":"https:\/\/biogasworld.com\/fr\/wp-json\/wp\/v2\/product_cat?post=24957"},{"taxonomy":"product_tag","embeddable":true,"href":"https:\/\/biogasworld.com\/fr\/wp-json\/wp\/v2\/product_tag?post=24957"}],"curies":[{"name":"wp","href":"https:\/\/api.w.org\/{rel}","templated":true}]}}