{"id":25046,"date":"2019-10-22T11:45:32","date_gmt":"2019-10-22T15:45:32","guid":{"rendered":"https:\/\/www.biogasworld.com\/?post_type=product&#038;p=25046\/"},"modified":"2024-04-26T10:32:00","modified_gmt":"2024-04-26T14:32:00","slug":"john-cockerill-traitement-odeurs","status":"publish","type":"product","link":"https:\/\/biogasworld.com\/fr\/product\/biomethanisation\/traitement-des-odeurs\/traitement-biologique-2\/john-cockerill-traitement-odeurs\/","title":{"rendered":"Traitement des odeurs"},"content":{"rendered":"<h2><span style=\"color: #000daa;\">Syst\u00e8me de traitement des odeurs de John Cockerill<\/span><\/h2>\n<p>Les odeurs sont partout et elles peuvent rapidement devenir incommodantes. Il convient donc de les traiter pour \u00eatre en conformit\u00e9 avec la r\u00e9glementation, \u00e9viter le m\u00e9contentement des riverains ainsi que la d\u00e9gradation pr\u00e9matur\u00e9e des \u00e9quipements due \u00e0 la corrosion.<\/p>\n<p>Les syst\u00e8mes de d\u00e9sodorisation de John Cockerill Environment s\u2019adressent aux industriels de l\u2019agroalimentaire, de la papeterie ou encore de la chimie&#8230; Mais aussi aux collectivit\u00e9s en charge des stations d\u2019\u00e9puration, de centres de compostage, des installations de tri des d\u00e9chets, de m\u00e9thanisation\u2026<\/p>\n<p>John Cockerill Environment accompagne ses clients dans la r\u00e9daction du cahier des charges, puis con\u00e7oit et fabrique les solutions de traitement d\u2019odeurs adapt\u00e9es.<\/p>\n<p>&nbsp;<\/p>\n<h3><span style=\"color: #000daa;\">Comment traiter\u2009 les odeurs?<\/span><\/h3>\n<p>En fonction de tous les param\u00e8tres du site, John Cockerill Environment d\u00e9termine la solution optimale de traitement adapt\u00e9e aux contraintes tant techniques qu\u2019\u00e9conomiques des industriels et des collectivit\u00e9s. Nos \u00e9quipes utilisent diff\u00e9rentes technologies seules ou combin\u00e9es\u00a0:<\/p>\n<ul>\n<li>Biofiltration<\/li>\n<li>Lavage de gaz<\/li>\n<li>Filtration sur charbon actif<\/li>\n<li>Oxydation thermique<\/li>\n<\/ul>\n<p>&nbsp;<\/p>\n<h3><span style=\"color: #000daa;\"><strong>Quels types de polluants peuvent-ils \u00eatre trait\u00e9s?<\/strong><\/span><\/h3>\n<ul>\n<li>Compos\u00e9s soufr\u00e9s\u00a0: sulfure d\u2019hydrog\u00e8ne, mercaptans\u2026<\/li>\n<li>Compos\u00e9s azot\u00e9s\u00a0: ammoniac, amines<\/li>\n<li>Compos\u00e9s organiques volatils (COV)\u00a0: ald\u00e9hydes, c\u00e9tones, esters, hydrocarbures\u2026<\/li>\n<\/ul>\n<p>John Cockerill Environment dispose de son propre centre d\u2019expertise en olfactom\u00e9trie (m\u00e9thode dynamique) pour caract\u00e9riser les odeurs et leurs effets sur la perception humaine. Un instrument qui repr\u00e9sente un atout majeur pour les projets de recherche en mati\u00e8re de mesure d\u2019odeurs, qu\u2019il s\u2019agisse d\u2019optimisation des fonctionnalit\u00e9s d\u2019une installation\u00a0existante ou encore d\u2019\u00e9valuer l\u2019efficacit\u00e9 des dispositifs de d\u00e9sodorisation envisag\u00e9s en fonction de diff\u00e9rentes technologies employ\u00e9es.<\/p>\n","protected":false},"excerpt":{"rendered":"Anim\u00e9 depuis 1817 par l\u2019esprit d\u2019entreprendre et la soif d\u2019innover de son fondateur, le Groupe John Cockerill met au point des solutions technologiques \u00e0 grande \u00e9chelle pour r\u00e9pondre aux besoins de son temps : pr\u00e9server les ressources naturelles, contribuer \u00e0 une mobilit\u00e9 plus verte, produire de mani\u00e8re durable, combattre l\u2019ins\u00e9curit\u00e9 et faciliter l\u2019acc\u00e8s \u00e0 l\u2019\u00e9nergie renouvelable. Son offre aux entreprises, aux \u00c9tats et aux collectivit\u00e9s se mat\u00e9rialise en services et \u00e9quipements associ\u00e9s pour les secteurs de l\u2019\u00e9nergie, de la d\u00e9fense, de l\u2019industrie, de l\u2019environnement, des transports et des infrastructures. Avec plus de 6000 collaborateurs, John Cockerill a r\u00e9alis\u00e9 en 2018 un chiffre d\u2019affaires de 1,3 milliard d\u2019euros dans 23 pays, sur 5 continents.","protected":false},"featured_media":25047,"template":"","meta":{"_acf_changed":false,"content-type":""},"product_brand":[],"product_cat":[121,137,138],"product_tag":[],"class_list":{"0":"post-25046","1":"product","2":"type-product","3":"status-publish","4":"has-post-thumbnail","6":"product_cat-traitement-des-odeurs","7":"product_cat-traitement-biologique-2","8":"product_cat-traitement-chimique-2","10":"first","11":"instock","12":"taxable","13":"shipping-taxable","14":"product-type-simple"},"acf":[],"_links":{"self":[{"href":"https:\/\/biogasworld.com\/fr\/wp-json\/wp\/v2\/product\/25046","targetHints":{"allow":["GET"]}}],"collection":[{"href":"https:\/\/biogasworld.com\/fr\/wp-json\/wp\/v2\/product"}],"about":[{"href":"https:\/\/biogasworld.com\/fr\/wp-json\/wp\/v2\/types\/product"}],"wp:featuredmedia":[{"embeddable":true,"href":"https:\/\/biogasworld.com\/fr\/wp-json\/wp\/v2\/media\/25047"}],"wp:attachment":[{"href":"https:\/\/biogasworld.com\/fr\/wp-json\/wp\/v2\/media?parent=25046"}],"wp:term":[{"taxonomy":"product_brand","embeddable":true,"href":"https:\/\/biogasworld.com\/fr\/wp-json\/wp\/v2\/product_brand?post=25046"},{"taxonomy":"product_cat","embeddable":true,"href":"https:\/\/biogasworld.com\/fr\/wp-json\/wp\/v2\/product_cat?post=25046"},{"taxonomy":"product_tag","embeddable":true,"href":"https:\/\/biogasworld.com\/fr\/wp-json\/wp\/v2\/product_tag?post=25046"}],"curies":[{"name":"wp","href":"https:\/\/api.w.org\/{rel}","templated":true}]}}