{"id":25051,"date":"2019-10-22T12:17:17","date_gmt":"2019-10-22T16:17:17","guid":{"rendered":"https:\/\/www.biogasworld.com\/?post_type=product&#038;p=25051\/"},"modified":"2024-04-26T10:32:16","modified_gmt":"2024-04-26T14:32:16","slug":"john-cockerill-valorisation-deffluents-ammoniaques","status":"publish","type":"product","link":"https:\/\/biogasworld.com\/fr\/product\/traitement-des-eaux\/traitement-chimique\/john-cockerill-valorisation-deffluents-ammoniaques\/","title":{"rendered":"Valorisation des effluents ammoniaqu\u00e9s"},"content":{"rendered":"<h2><span style=\"color: #000daa;\">Valorisation d\u2019effluents ammoniaqu\u00e9s par John Cockerill<\/span><\/h2>\n<p>Certains effluents peuvent \u00eatre valoris\u00e9s et recycl\u00e9s, permettant ainsi des \u00e9conomies substantielles, le tout dans une d\u00e9marche durable. C&rsquo;est aussi possible d&rsquo;effectuer la valorisation d&rsquo;effluents ammoniaqu\u00e9s.<\/p>\n<p>&nbsp;<\/p>\n<h3><span style=\"color: #000daa;\">Comment valoriser l&rsquo;ammoniaque liquide\u2009?<\/span><\/h3>\n<p>L\u2019air stripping, ou stripping \u00e0 l\u2019air, est le proc\u00e9d\u00e9 que nous pr\u00e9conisons chez John Cockerill Environment. Cette solution permet de valoriser les d\u00e9chets liquides pollu\u00e9s de vos process en une ressource r\u00e9utilisable et pr\u00e9sente <strong>de nombreux avantages<\/strong>\u00a0:<\/p>\n<ul>\n<li>Nombreux polluants pouvant \u00eatre trait\u00e9s\u00a0: H<sub>2<\/sub>S, NH<sub>3<\/sub>, CO<sub>2<\/sub>, COV\u2026\u00a0;<\/li>\n<li>Rendements \u00e9puratoires \u00e9lev\u00e9s (sup\u00e9rieur \u00e0 90\u00a0%)\u2009;<\/li>\n<li>Proc\u00e9d\u00e9 ma\u00eetris\u00e9 et adapt\u00e9 \u00e0 de multiples applications\u2009;<\/li>\n<li>Proc\u00e9d\u00e9 peu sensible aux fluctuations de concentration des contaminants\u2009;<\/li>\n<li>Conception adapt\u00e9e au site et conforme aux normes de s\u00e9curit\u00e9\u2009;<\/li>\n<li>M\u00e9thode la plus \u00e9conomique pour le traitement des pollutions ammoniacales.<\/li>\n<\/ul>\n<p>Ce proc\u00e9d\u00e9 requiert aussi des co\u00fbts d\u2019investissement et d\u2019exploitation r\u00e9duits par rapport aux solutions classiques.<\/p>\n<p>&nbsp;<\/p>\n<h3><span style=\"color: #000daa;\"> <strong>Comment la solution RECOV\u2019AMMONIA pour la valorisation d\u2019effluents ammoniaqu\u00e9s fonctionne-t-elle?<\/strong><\/span><\/h3>\n<ul>\n<li><strong>Phase 1 : stripage\u00a0<\/strong>Extraction de l\u2019ammoniac d\u2019une solution liquide en chargeant la phase gazeuse en ammoniac<\/li>\n<li><strong>Phase 2 : absorption par lavage acide\u00a0<\/strong>Pi\u00e8ge l\u2019ammoniac gazeux sous forme de sels d\u2019ammonium (sulfate, phosphate ou nitrate d\u2019ammonium)<\/li>\n<li><strong>Phase 3 : <\/strong>Valorisation en sels d&rsquo;ammonium<\/li>\n<li><strong>R\u00e9sultat : engrais agricole<\/strong><\/li>\n<\/ul>\n","protected":false},"excerpt":{"rendered":"Anim\u00e9 depuis 1817 par l\u2019esprit d\u2019entreprendre et la soif d\u2019innover de son fondateur, le Groupe John Cockerill met au point des solutions technologiques \u00e0 grande \u00e9chelle pour r\u00e9pondre aux besoins de son temps : pr\u00e9server les ressources naturelles, contribuer \u00e0 une mobilit\u00e9 plus verte, produire de mani\u00e8re durable, combattre l\u2019ins\u00e9curit\u00e9 et faciliter l\u2019acc\u00e8s \u00e0 l\u2019\u00e9nergie renouvelable. Son offre aux entreprises, aux \u00c9tats et aux collectivit\u00e9s se mat\u00e9rialise en services et \u00e9quipements associ\u00e9s pour les secteurs de l\u2019\u00e9nergie, de la d\u00e9fense, de l\u2019industrie, de l\u2019environnement, des transports et des infrastructures. Avec plus de 6000 collaborateurs, John Cockerill a r\u00e9alis\u00e9 en 2018 un chiffre d\u2019affaires de 1,3 milliard d\u2019euros dans 23 pays, sur 5 continents.","protected":false},"featured_media":25052,"template":"","meta":{"_acf_changed":false,"content-type":""},"product_brand":[],"product_cat":[77,80,91],"product_tag":[],"class_list":{"0":"post-25051","1":"product","2":"type-product","3":"status-publish","4":"has-post-thumbnail","6":"product_cat-biomethanisation","7":"product_cat-traitement-des-eaux","8":"product_cat-traitement-chimique","10":"first","11":"instock","12":"taxable","13":"shipping-taxable","14":"product-type-simple"},"acf":[],"_links":{"self":[{"href":"https:\/\/biogasworld.com\/fr\/wp-json\/wp\/v2\/product\/25051","targetHints":{"allow":["GET"]}}],"collection":[{"href":"https:\/\/biogasworld.com\/fr\/wp-json\/wp\/v2\/product"}],"about":[{"href":"https:\/\/biogasworld.com\/fr\/wp-json\/wp\/v2\/types\/product"}],"wp:featuredmedia":[{"embeddable":true,"href":"https:\/\/biogasworld.com\/fr\/wp-json\/wp\/v2\/media\/25052"}],"wp:attachment":[{"href":"https:\/\/biogasworld.com\/fr\/wp-json\/wp\/v2\/media?parent=25051"}],"wp:term":[{"taxonomy":"product_brand","embeddable":true,"href":"https:\/\/biogasworld.com\/fr\/wp-json\/wp\/v2\/product_brand?post=25051"},{"taxonomy":"product_cat","embeddable":true,"href":"https:\/\/biogasworld.com\/fr\/wp-json\/wp\/v2\/product_cat?post=25051"},{"taxonomy":"product_tag","embeddable":true,"href":"https:\/\/biogasworld.com\/fr\/wp-json\/wp\/v2\/product_tag?post=25051"}],"curies":[{"name":"wp","href":"https:\/\/api.w.org\/{rel}","templated":true}]}}