{"id":25901,"date":"2020-02-18T14:43:22","date_gmt":"2020-02-18T19:51:00","guid":{"rendered":"https:\/\/www.biogasworld.com\/?post_type=product&#038;p=25901\/"},"modified":"2025-12-15T13:53:50","modified_gmt":"2025-12-15T18:53:50","slug":"digesteur-a-petite-echelle-amugreen","status":"publish","type":"product","link":"https:\/\/biogasworld.com\/fr\/product\/biomethanisation\/digesteurs-petite-echelle\/digesteur-a-petite-echelle-amugreen\/","title":{"rendered":"Digesteur \u00e0 petite \u00e9chelle AmuGreen"},"content":{"rendered":"","protected":false},"excerpt":{"rendered":"\u00c0 AmuGreen, nous pensons que la digestion ana\u00e9robie peut \u00eatre b\u00e9n\u00e9fique pour tout le monde. Avant que les gens aient des r\u00e9frig\u00e9rateurs, des millions de tonnes de glace \u00e9taient transport\u00e9es et livr\u00e9es aux maisons et aux entreprises dans le monde. Actuellement, les d\u00e9chets organiques et, tout particuli\u00e8rement, les d\u00e9chets alimentaires sont collect\u00e9s et transport\u00e9s vers des sites centraux. Gr\u00e2ce \u00e0 notre technologie de digestion microana\u00e9robie, les personnes et les entreprises pourront prendre le contr\u00f4le de leurs d\u00e9chets alimentaires. AmuGreen fabrique des installations de digestion ana\u00e9robie \u00e0 petite \u00e9chelle, enti\u00e8rement automatis\u00e9es et isol\u00e9es. Leur capacit\u00e9 peut convenir \u00e0 des usages r\u00e9sidentiels et industriels (de 0,5 \u00e0 plusieurs tonnes de d\u00e9chets alimentaires par an). Chaque unit\u00e9 a la forme d&rsquo;un \u0153uf.","protected":false},"featured_media":33968,"template":"","meta":{"_acf_changed":false,"content-type":""},"product_brand":[],"product_cat":[77,140],"product_tag":[],"class_list":{"0":"post-25901","1":"product","2":"type-product","3":"status-publish","4":"has-post-thumbnail","6":"product_cat-biomethanisation","7":"product_cat-digesteurs-petite-echelle","9":"first","10":"instock","11":"taxable","12":"shipping-taxable","13":"product-type-simple"},"acf":[],"_links":{"self":[{"href":"https:\/\/biogasworld.com\/fr\/wp-json\/wp\/v2\/product\/25901","targetHints":{"allow":["GET"]}}],"collection":[{"href":"https:\/\/biogasworld.com\/fr\/wp-json\/wp\/v2\/product"}],"about":[{"href":"https:\/\/biogasworld.com\/fr\/wp-json\/wp\/v2\/types\/product"}],"wp:featuredmedia":[{"embeddable":true,"href":"https:\/\/biogasworld.com\/fr\/wp-json\/wp\/v2\/media\/33968"}],"wp:attachment":[{"href":"https:\/\/biogasworld.com\/fr\/wp-json\/wp\/v2\/media?parent=25901"}],"wp:term":[{"taxonomy":"product_brand","embeddable":true,"href":"https:\/\/biogasworld.com\/fr\/wp-json\/wp\/v2\/product_brand?post=25901"},{"taxonomy":"product_cat","embeddable":true,"href":"https:\/\/biogasworld.com\/fr\/wp-json\/wp\/v2\/product_cat?post=25901"},{"taxonomy":"product_tag","embeddable":true,"href":"https:\/\/biogasworld.com\/fr\/wp-json\/wp\/v2\/product_tag?post=25901"}],"curies":[{"name":"wp","href":"https:\/\/api.w.org\/{rel}","templated":true}]}}