{"id":25975,"date":"2020-02-21T22:49:48","date_gmt":"2020-02-22T03:49:48","guid":{"rendered":"https:\/\/www.biogasworld.com\/?post_type=product&#038;p=25975\/"},"modified":"2022-07-19T14:01:48","modified_gmt":"2022-07-19T18:01:48","slug":"lanalyseur-pour-biogaz-swg-100","status":"publish","type":"product","link":"https:\/\/biogasworld.com\/fr\/product\/biomethanisation\/instruments-et-controle\/analyseurs-de-biogaz\/lanalyseur-pour-biogaz-swg-100\/","title":{"rendered":"L&rsquo;analyseur pour biogaz SWG 100"},"content":{"rendered":"<h2><span style=\"color: #000daa;\">L&rsquo;analyseur pour biogaz SWG 100<\/span><\/h2>\n<p>Si vous avez besoin d&rsquo;un analyseur stationnaire pour biogaz, assurez-vous de jeter un coup d&rsquo;oeil aux produits sup\u00e9rieurs de MRU-Instruments. Nos syst\u00e8mes d&rsquo;analyse de gaz peuvent analyser et d\u00e9tecter un grand nombre de combustibles et de gaz en temps r\u00e9el. Nous avons toute la technologie n\u00e9cessaire pour obtenir rapidement des donn\u00e9es pr\u00e9cises, de l&rsquo;<a href=\"http:\/\/www.mru-instruments.com\/products\/swg-100-biogas-analyzer\">analyseur de biogaz<\/a> \u00e0 l&rsquo;analyseur d&rsquo;\u00e9missions. MRU Instruments est un chef de file dans l&rsquo;industrie depuis 1984. Vous pouvez donc \u00eatre certain que vous aurez un produit performant.<\/p>\n<h3><span style=\"color: #000daa;\">Utilisations<\/span><\/h3>\n<p>C&rsquo;est l&rsquo;analyseur unique pour:<\/p>\n<ul>\n<li>Le biogaz<\/li>\n<li>Le Biom\u00e9thane<\/li>\n<li>Le gaz de sites d&rsquo;enfouissement<\/li>\n<li>Le m\u00e9thane de houille<\/li>\n<\/ul>\n<h3><span style=\"color: #000daa;\">Caract\u00e9ristiques principales<\/span><\/h3>\n<ul>\n<li>Une conception robuste, compatible avec l&rsquo;industrie et adapt\u00e9 aux milieux industriels<\/li>\n<li>Un syst\u00e8me de s\u00e9curit\u00e9 standard avec une ventilation du cabinet en continue<\/li>\n<li>Un orifice pour restreindre le d\u00e9bit de gaz \u00e0 l&rsquo;entr\u00e9e<\/li>\n<li>Une pr\u00e9paration efficace de l&rsquo;\u00e9chantillon de gaz pour permettre des mesures rapides et fiables<\/li>\n<li>Un \u00e9chantillonnage allant de l&rsquo;aspiration basse du gaz jusqu&rsquo;au gaz de haute pression<\/li>\n<li>Aucune dilution du gaz d&rsquo;\u00e9chantillon ou utilisation d&rsquo;air compress\u00e9 n&rsquo;est n\u00e9cessaire<\/li>\n<li>La prise de mesure directe, en continue ou non, avec une pression ou une compensation de temp\u00e9rature en plus de l&rsquo;enregistrement possible des donn\u00e9es d&rsquo;\u00e9v\u00e9nements<\/li>\n<li>Possibilit\u00e9 de surveiller jusqu&rsquo;\u00e0 10 sites (m\u00e9thode de partage de temps) avec seulement un analyseur<\/li>\n<li>Pr\u00eat \u00e0 \u00eatre utilis\u00e9 d\u00e8s la livraison<\/li>\n<\/ul>\n<h3><span style=\"color: #000daa;\">Donn\u00e9es techniques\u00a0<\/span><\/h3>\n<table class=\"product_layout_27\">\n<tbody>\n<tr>\n<th class=\"product_layout_26\">\u00c9tendue des mesures<\/th>\n<\/tr>\n<tr>\n<td valign=\"top\">O2 \u2013 Oxyg\u00e8ne<\/td>\n<td valign=\"top\">0 \u2026 25 % \u00e9lectrochimique<\/td>\n<\/tr>\n<tr>\n<td valign=\"top\">CO2 \u2013 Dioxide de carbone<\/td>\n<td valign=\"top\">0 \u2026 100% NDIR<\/td>\n<\/tr>\n<tr>\n<td valign=\"top\">CH4 \u2013 Methane<\/td>\n<td valign=\"top\">0 \u2026 100% NDIR<\/td>\n<\/tr>\n<tr>\n<td valign=\"top\">H2S \u2013 Sulfure d&rsquo;hydrog\u00e8ne<\/td>\n<td valign=\"top\">0 \u2026.. 200 ppm \/ 1,000ppm \u00e9lectrochimique (discontinu) ou<br \/>\n0 \u20265,000 ppm \/ 10,000ppm \u00e9lectrochimique (continu)<\/td>\n<\/tr>\n<tr>\n<td valign=\"top\">H2 \u2013 Hydrog\u00e8ne<\/td>\n<td valign=\"top\">0 \u2026 1,000 \/ 2,000ppm (continu)<\/td>\n<\/tr>\n<tr>\n<td valign=\"top\">CO \u2013 Monoxide de carbone<\/td>\n<td valign=\"top\">0 \u2026 4,000ppm \/ 10,000ppm \u00e9lectrochimique (continu)<\/td>\n<\/tr>\n<\/tbody>\n<\/table>\n<table class=\"product_layout_27\">\n<tbody>\n<tr>\n<th class=\"product_layout_26\">Dimensions et autres donn\u00e9es<\/th>\n<\/tr>\n<tr>\n<td valign=\"top\">Temp\u00e9ratures d&rsquo;exploitation<\/td>\n<td valign=\"top\">41\u00b0F \u2026113\u00b0F (+5\u00b0C\u2026+45\u00b0C) or -4\u00b0F \u2026113\u00b0F (-20\u00b0C\u2026+45\u00b0C) avec chauffage du cabinet<\/td>\n<\/tr>\n<tr>\n<td valign=\"top\">Source de courant<\/td>\n<td valign=\"top\">Universelle 90 \u2013 240 Vac \/ 47 \u2013 63 Hz \/ 90 W (300 W chauffage du cabinet)<\/td>\n<\/tr>\n<tr>\n<td valign=\"top\">Classe de protection<\/td>\n<td valign=\"top\">IP 54<\/td>\n<\/tr>\n<\/tbody>\n<\/table>\n<p>&nbsp;<\/p>\n<p>&nbsp;<\/p>\n","protected":false},"excerpt":{"rendered":"L&rsquo;analyseur pour biogaz SWG 100 de MRU-Instruments peut analyser et d\u00e9tecter un grand nombre de combustibles et de gaz en temps r\u00e9el, comme le biogaz, le biom\u00e9thane, les gaz de sites d&rsquo;enfouissement, le m\u00e9thane de houille et autres. C&rsquo;est une technologie unique qui poss\u00e8de de nombreux avantages, comme \u00eatre adapt\u00e9 aux milieux industriels difficiles, avoir un syst\u00e8me de s\u00e9curit\u00e9 standard avec une ventilation surveill\u00e9e en continue pour l&rsquo;armoire et un orifice pour restreindre le d\u00e9bit de gaz \u00e0 l&rsquo;entr\u00e9e.","protected":false},"featured_media":25977,"template":"","meta":{"_acf_changed":false,"content-type":""},"product_brand":[],"product_cat":[119,460],"product_tag":[],"class_list":{"0":"post-25975","1":"product","2":"type-product","3":"status-publish","4":"has-post-thumbnail","6":"product_cat-instruments-et-controle","7":"product_cat-analyseurs-de-biogaz","9":"first","10":"instock","11":"taxable","12":"shipping-taxable","13":"product-type-simple"},"acf":[],"_links":{"self":[{"href":"https:\/\/biogasworld.com\/fr\/wp-json\/wp\/v2\/product\/25975","targetHints":{"allow":["GET"]}}],"collection":[{"href":"https:\/\/biogasworld.com\/fr\/wp-json\/wp\/v2\/product"}],"about":[{"href":"https:\/\/biogasworld.com\/fr\/wp-json\/wp\/v2\/types\/product"}],"wp:featuredmedia":[{"embeddable":true,"href":"https:\/\/biogasworld.com\/fr\/wp-json\/wp\/v2\/media\/25977"}],"wp:attachment":[{"href":"https:\/\/biogasworld.com\/fr\/wp-json\/wp\/v2\/media?parent=25975"}],"wp:term":[{"taxonomy":"product_brand","embeddable":true,"href":"https:\/\/biogasworld.com\/fr\/wp-json\/wp\/v2\/product_brand?post=25975"},{"taxonomy":"product_cat","embeddable":true,"href":"https:\/\/biogasworld.com\/fr\/wp-json\/wp\/v2\/product_cat?post=25975"},{"taxonomy":"product_tag","embeddable":true,"href":"https:\/\/biogasworld.com\/fr\/wp-json\/wp\/v2\/product_tag?post=25975"}],"curies":[{"name":"wp","href":"https:\/\/api.w.org\/{rel}","templated":true}]}}