{"id":26013,"date":"2018-09-25T20:55:23","date_gmt":"2020-02-25T15:41:08","guid":{"rendered":"https:\/\/www.biogasworld.com\/?post_type=product&#038;p=26013\/"},"modified":"2025-07-31T14:45:58","modified_gmt":"2025-07-31T18:45:58","slug":"analyseur-de-biogaz-optima-7","status":"publish","type":"product","link":"https:\/\/biogasworld.com\/fr\/product\/biomethanisation\/instruments-et-controle\/analyseurs-de-biogaz\/analyseur-de-biogaz-optima-7\/","title":{"rendered":"Analyseur de biogaz OPTIMA 7"},"content":{"rendered":"<h2><span style=\"color: #000daa;\">Analyseur de biogaz OPTIMA 7<\/span><\/h2>\n<p>Si vous avez besoin d&rsquo;un <a href=\"http:\/\/www.mru-instruments.com\/products\">analyseur de biogaz portable puissant<\/a>, MRU-Instruments est l\u00e0 pour vous. Nous avons <a href=\"http:\/\/www.mru-instruments.com\/applications\">une vari\u00e9t\u00e9 d&rsquo;analyseurs portables \u00e0 combustion<\/a> qui sont con\u00e7us pour plusieurs types d&rsquo;utilisations. Nos <a href=\"http:\/\/www.mru-instruments.com\/about-us\">analyseurs de biogaz portables<\/a> sont pr\u00eats \u00e0 \u00eatre utilis\u00e9s, que ce soit pour vos besoins r\u00e9sidentiels ou commerciaux. Gr\u00e2ce \u00e0 ces produits, vous pouvez mesurer une diversit\u00e9 d&rsquo;\u00e9l\u00e9ments, des gaz et autres.<\/p>\n<p>&nbsp;<\/p>\n<h3><span style=\"color: #000daa;\">L&rsquo;analyseur portable le plus puissant<\/span><\/h3>\n<p>L&rsquo;analyseur de biogaz OPTIMA 7 est le plus puissant analyseur portable sur le march\u00e9. Il est adapt\u00e9 \u00e0 des utilisations telles que des sites d&rsquo;enfouissement, des digesteurs et des moteurs d&rsquo;installations d\u00e9chets \u00e0 biogaz. Il est aussi:<\/p>\n<ul>\n<li>Simple d&rsquo;exploitation<\/li>\n<li>Compact et robuste<\/li>\n<li>Permet une gestion de donn\u00e9es faciles<\/li>\n<li>Co\u00fbts faibles de propri\u00e9t\u00e9<\/li>\n<\/ul>\n<h3><\/h3>\n<h3><span style=\"color: #000daa;\">Avantages<\/span><\/h3>\n<p>Le OPTIMA 7 permet de prendre des mesures pour les sites d&rsquo;enfouissement et les digesteurs ana\u00e9robies. Il mesure le m\u00e9thane, le dioxyde de carbone, le sulfure d&rsquo;hydrog\u00e8ne, l&rsquo;oxyg\u00e8ne, la pression, le d\u00e9bit et la temp\u00e9rature. Cet outil peut \u00e9galement \u00eatre param\u00e9tr\u00e9 pour le r\u00e9glage des moteurs WTE, que ce soit pour le biogaz ou le gaz naturel, pour mesurer le monoxyde de carbone et le NOx.<\/p>\n<ul>\n<li>Rapide et simple d&rsquo;utilisation gr\u00e2ce \u00e0 des menus intuitifs et des boutons de fonctionnement<\/li>\n<li>Un grand \u00e9cran d&rsquo;affichage avec couleurs et une fonction ZOOM pour un visionnement en n&rsquo;importe quelle condition<\/li>\n<li>Param\u00e8tres de l&rsquo;\u00e9cran personnalisables<\/li>\n<li>Clavier durable et r\u00e9sistant \u00e0 la salet\u00e9<\/li>\n<li>Batterie Li-Lon \u00e0 haute \u00e9nergie avec une dur\u00e9e d&rsquo;utilisation de 8 heures<\/li>\n<li>M\u00e9moire interne importante de 16 000 mesures<\/li>\n<li>Pr\u00e9paration d&rsquo;\u00e9chantillons de gaz poss\u00e9dant un grand s\u00e9parateur de condensat avec filtre en t\u00e9flon<\/li>\n<li>Mesure de la pression, du d\u00e9bit et des temp\u00e9ratures<\/li>\n<\/ul>\n<h3><\/h3>\n<h3><span style=\"color: #000daa;\">Sp\u00e9cifications techniques<\/span><\/h3>\n<table class=\"product_layout_27\">\n<tbody>\n<tr>\n<th class=\"product_layout_26\"><strong>\u00c9tendue des mesures<\/strong><\/th>\n<\/tr>\n<tr>\n<td valign=\"top\"><strong>O2 \u2013 Oxyg\u00e8ne<\/strong><\/td>\n<td valign=\"top\">0 \u2026 21.0 %<\/td>\n<\/tr>\n<tr>\n<td valign=\"top\"><strong>CO2 \u2013 Dioxyde de carbone<\/strong><\/td>\n<td valign=\"top\">0 \u2026 100 %<\/td>\n<\/tr>\n<tr>\n<td valign=\"top\"><strong>CH4 \u2013 M\u00e9thane<\/strong><\/td>\n<td valign=\"top\">0 \u2026 100 %<\/td>\n<\/tr>\n<tr>\n<td valign=\"top\"><strong>H2S \u2013 Sulfure d\u2019hydrog\u00e8ne<\/strong><\/td>\n<td valign=\"top\">0\u2026\u20262,000 ppm<br \/>\n* surcharge 5,000 ppm<\/td>\n<\/tr>\n<tr>\n<td valign=\"top\"><strong>CO \u2013 Monoxyde de carbone<\/strong><\/td>\n<td valign=\"top\">0 \u2026 4,000 ppm<br \/>\n* surcharge 10,000 ppm (Optionnel)<\/td>\n<\/tr>\n<tr>\n<td valign=\"top\"><strong>NO \u2013 L&rsquo;oxyde nitrique<\/strong><\/td>\n<td valign=\"top\">0 \u2026 1,000 ppm* surcharge 0 \u2026 5,000 ppm (Optionnel)<\/td>\n<\/tr>\n<tr>\n<td valign=\"top\"><strong>NO2 \u2013 Dioxyde d&rsquo;azote<\/strong><\/td>\n<td valign=\"top\">0\u2026\u2026200 ppm<br \/>\n* surcharge 1,000 ppm (Optionnel)<\/td>\n<\/tr>\n<tr>\n<td valign=\"top\"><strong>Diff\u00e9rence de pression<\/strong><\/td>\n<td valign=\"top\">\u00b1 120 en H2O<\/td>\n<\/tr>\n<\/tbody>\n<\/table>\n<p>&nbsp;<\/p>\n<table class=\"product_layout_27\">\n<tbody>\n<tr>\n<th class=\"product_layout_26\">Dimensions et autres donn\u00e9es<\/th>\n<\/tr>\n<tr>\n<td valign=\"top\"><strong>Interface-PC<\/strong><\/td>\n<td valign=\"top\">USB et Bluetooth<\/td>\n<\/tr>\n<tr>\n<td valign=\"top\"><strong>Conditionnement de gaz d&rsquo;\u00e9chantillon <\/strong><\/td>\n<td valign=\"top\">Grand s\u00e9parateur de condensats avec filtre PTFE<\/td>\n<\/tr>\n<tr>\n<td valign=\"top\"><strong>Bo\u00eetier<\/strong><\/td>\n<td valign=\"top\">En fibre de verre renforc\u00e9e<\/td>\n<\/tr>\n<tr>\n<td valign=\"top\"><strong>Dur\u00e9e de vie de la batterie<\/strong><\/td>\n<td valign=\"top\">entre 6 et 8 h de fonctionnement continu<\/td>\n<\/tr>\n<tr>\n<td valign=\"top\"><strong>Poids<\/strong><\/td>\n<td valign=\"top\">2.0 lbs.<\/td>\n<\/tr>\n<\/tbody>\n<\/table>\n<p>&nbsp;<\/p>\n<p style=\"text-align: center;\"><strong>Consultez nos autres produits pour plus d&rsquo;informations <a href=\"http:\/\/www.mru-instruments.com\/products\/\">ICI<\/a>.<\/strong><\/p>\n<p style=\"text-align: center;\"><strong>Lisez la brochures de l&rsquo;analyseur de biogaz OPTIMA 7 <a href=\"http:\/\/www.mru-instruments.com\/wp-content\/uploads\/2018\/10\/Brochure-OPTIMA-7.pdf\">ICI<\/a>.<\/strong><\/p>\n<p>&nbsp;<\/p>\n<p>N&rsquo;h\u00e9sitez pas \u00e0 <a href=\"http:\/\/www.mru-instruments.com\/contact\/\">nous contacter \u00e0 propos de nos analyseurs de biogaz portables<\/a>. Vous pouvez t\u00e9l\u00e9charger un document sur le produit <a href=\"http:\/\/www.mru-instruments.com\/download\/\">sur notre page<\/a>. Peu importe le produit choisi, vous pouvez compter sur MRU-Instruments pour vous offrir de la qualit\u00e9.<\/p>\n","protected":false},"excerpt":{"rendered":"L&rsquo;analyseur de biogaz OPTIMA 7 est le plus puissant analyseur portable sur le march\u00e9. Il est adapt\u00e9 \u00e0 des utilisations telles que des sites d&rsquo;enfouissement, des digesteurs et des moteurs d&rsquo;installations d\u00e9chets \u00e0 biogaz. C&rsquo;est un outil simple \u00e0 utiliser, compact et robuste. Il vous permet de g\u00e9rer vos donn\u00e9es facilement et poss\u00e8de un faible co\u00fbt de propri\u00e9t\u00e9.","protected":false},"featured_media":19841,"template":"","meta":{"_acf_changed":false,"content-type":""},"product_brand":[],"product_cat":[77,119,460],"product_tag":[],"class_list":{"0":"post-26013","1":"product","2":"type-product","3":"status-publish","4":"has-post-thumbnail","6":"product_cat-biomethanisation","7":"product_cat-instruments-et-controle","8":"product_cat-analyseurs-de-biogaz","10":"first","11":"instock","12":"taxable","13":"shipping-taxable","14":"product-type-simple"},"acf":[],"_links":{"self":[{"href":"https:\/\/biogasworld.com\/fr\/wp-json\/wp\/v2\/product\/26013","targetHints":{"allow":["GET"]}}],"collection":[{"href":"https:\/\/biogasworld.com\/fr\/wp-json\/wp\/v2\/product"}],"about":[{"href":"https:\/\/biogasworld.com\/fr\/wp-json\/wp\/v2\/types\/product"}],"wp:featuredmedia":[{"embeddable":true,"href":"https:\/\/biogasworld.com\/fr\/wp-json\/wp\/v2\/media\/19841"}],"wp:attachment":[{"href":"https:\/\/biogasworld.com\/fr\/wp-json\/wp\/v2\/media?parent=26013"}],"wp:term":[{"taxonomy":"product_brand","embeddable":true,"href":"https:\/\/biogasworld.com\/fr\/wp-json\/wp\/v2\/product_brand?post=26013"},{"taxonomy":"product_cat","embeddable":true,"href":"https:\/\/biogasworld.com\/fr\/wp-json\/wp\/v2\/product_cat?post=26013"},{"taxonomy":"product_tag","embeddable":true,"href":"https:\/\/biogasworld.com\/fr\/wp-json\/wp\/v2\/product_tag?post=26013"}],"curies":[{"name":"wp","href":"https:\/\/api.w.org\/{rel}","templated":true}]}}