{"id":26018,"date":"2018-07-09T11:09:19","date_gmt":"2020-02-25T20:09:19","guid":{"rendered":"https:\/\/www.biogasworld.com\/?post_type=product&#038;p=26018\/"},"modified":"2024-08-01T11:12:37","modified_gmt":"2024-08-01T15:12:37","slug":"logiciel-anessa-ad-a","status":"publish","type":"product","link":"https:\/\/biogasworld.com\/fr\/product\/anaerobic-digestion\/process-pilot\/logiciel-anessa-ad-a\/","title":{"rendered":"Logiciel Anessa AD\u2022A"},"content":{"rendered":"<p><span style=\"font-weight: 400;\">Anessa AD \u2022 A est une plate-forme d\u2019analyse intelligente et infonuagique qui permet d\u2019\u00e9valuer les possibilit\u00e9s de digestion ana\u00e9robie. Ce logiciel regroupe toutes les \u00e9tapes d\u2019\u00e9valuation de projet \u00e0 partir d\u2019analyses de mati\u00e8res premi\u00e8res, de mod\u00e8les de processus op\u00e9rationnels, d\u2019analyses financi\u00e8res et d\u2019\u00e9missions de gaz \u00e0 effet de serre. En plus, Anessa contient un module complet d&rsquo;analyse avanc\u00e9e de sensibilit\u00e9 pour l&rsquo;intelligence permettant de d\u00e9terminer les facteurs essentiels permettant d&rsquo;obtenir des r\u00e9sultats d&rsquo;\u00e9valuation optimaux. Il effectue une \u00e9valuation rapide du projet en tenant compte de ses aspects techniques, financiers et environnementaux, ce qui \u00e9limine de nombreuses t\u00e2ches manuelles effectu\u00e9es par des consultants en ing\u00e9nierie et des concepteurs de projet lors de la phase de pr\u00e9conception des projets. Cette solution fournit l&rsquo;analyse d\u00e9taill\u00e9e suivante:\u00a0<\/span><\/p>\n<ul>\n<li style=\"font-weight: 400;\"><span style=\"font-weight: 400;\"> identification et analyse des mati\u00e8res premi\u00e8res de d\u00e9chets<br \/>\n<\/span><\/li>\n<li style=\"font-weight: 400;\"><span style=\"font-weight: 400;\"> \u00e9valuation et s\u00e9lection des technologies de conversion<br \/>\n<\/span><\/li>\n<li style=\"font-weight: 400;\"><span style=\"font-weight: 400;\"> \u00e9valuation des \u00e9missions et \u00e9valuations environnementales<br \/>\n<\/span><\/li>\n<li style=\"font-weight: 400;\"><span style=\"font-weight: 400;\"> analyse des investissements<br \/>\n<\/span><\/li>\n<li style=\"font-weight: 400;\"><span style=\"font-weight: 400;\"> pr\u00e9paration des analyses de rentabilisation<br \/>\n<\/span><\/li>\n<li style=\"font-weight: 400;\"><span style=\"font-weight: 400;\"> \u00e9mission de gaz \u00e0 effet de serre et cr\u00e9dit carbone<br \/>\n<\/span><\/li>\n<li style=\"font-weight: 400;\"><span style=\"font-weight: 400;\"> \u00e9valuation des risques<\/span><\/li>\n<\/ul>\n<p>&nbsp;<\/p>\n<h2><strong>Avantages<\/strong><\/h2>\n<ul>\n<li style=\"font-weight: 400;\"><b>\u00c9valuation: <\/b><span style=\"font-weight: 400;\">Anessa AD \u2022 A<\/span> <span style=\"font- weight: 400;\">automatise l&rsquo;int\u00e9gralit\u00e9 de la proc\u00e9dure d&rsquo;\u00e9valuation en int\u00e9grant toute l&rsquo;analyse requise dans un produit logiciel simple \u00e0 utiliser bas\u00e9 sur le cloud.<\/span><\/li>\n<li style=\"font-weight: 400;\"><b>R\u00e9sultats d\u00e9taill\u00e9s:<\/b><span style=\"font-weight: 400;\"> Anessa AD \u2022 A <span style=\"font -weight: 400;\">g\u00e9n\u00e8re des r\u00e9sultats et des rapports complets \u00e0 l&rsquo;aide de bases de donn\u00e9es interconnect\u00e9es. Le r\u00e9sultat fournit au client des \u00e9valuations de technologies de conversion valid\u00e9es en moins de temps et \u00e0 un co\u00fbt nettement inf\u00e9rieur.<br \/>\n<\/span><\/span><\/li>\n<li style=\"font-weight: 400;\"><b>Informations intelligentes:<\/b><span style=\"font-weight: 400;\">Le logiciel apporte une intelligence avanc\u00e9e \u00e0 l&rsquo;aide de jeux de donn\u00e9es volumineux pour l&rsquo;\u00e9valuation de projets. Il sera utile de prendre une d\u00e9cision informative concernant l\u2019investissement des usines de production de biogaz.<br \/>\n<\/span><\/li>\n<li style=\"font-weight: 400;\"><b>Simulations:<\/b><span style=\"font-weight: 400;\">La solution logicielle permet \u00e0 l&rsquo;utilisateur de simuler un projet de digestion ana\u00e9robie avant d&rsquo;investir dans la construction de l&rsquo;installation ou apr\u00e8s la construction pour une \u00e9ventuelle modernisation de l&rsquo;installation. La simulation fournit des contr\u00f4les pour tous les facteurs \u00e0 prendre en compte et leurs impacts sur l\u2019\u00e9valuation du projet.<br \/>\n<\/span><\/li>\n<li style=\"font-weight: 400;\"><b>Efficacit\u00e9: <\/b><span style=\"font-weight: 400;\">Anessa AD \u2022 A <span style=\"font- weight: 400;\">augmente l&rsquo;efficacit\u00e9 et la rentabilit\u00e9 des projets sans nouvel investissement physique.\u00a0<\/span><\/span><\/li>\n<\/ul>\n","protected":false},"excerpt":{"rendered":"Anessa fournit diff\u00e9rentes solutions logicielles, dont une technologie qui couvre toutes les \u00e9tapes de l&rsquo;\u00e9valuation de projet de digestion ana\u00e9robie. Le logiciel offre une analyse d\u00e9taill\u00e9e pour, entre autres, l&rsquo;analyse de la mati\u00e8re premi\u00e8re de d\u00e9chets, l&rsquo;\u00e9valuation de la technologie de conversion et l&rsquo;\u00e9valuation de l&rsquo;\u00e9mission et de l&rsquo;environnement ainsi qu&rsquo;une analyse de sensibilit\u00e9 compl\u00e8te.","protected":false},"featured_media":42744,"template":"","meta":{"_acf_changed":false,"content-type":""},"product_brand":[],"product_cat":[141,120,154,157],"product_tag":[],"class_list":{"0":"post-26018","1":"product","2":"type-product","3":"status-publish","4":"has-post-thumbnail","6":"product_cat-logiciel-de-simulation","7":"product_cat-pilotage-de-procede","8":"product_cat-process-pilot","9":"product_cat-simulation-software","11":"first","12":"instock","13":"taxable","14":"shipping-taxable","15":"product-type-simple"},"acf":[],"_links":{"self":[{"href":"https:\/\/biogasworld.com\/fr\/wp-json\/wp\/v2\/product\/26018","targetHints":{"allow":["GET"]}}],"collection":[{"href":"https:\/\/biogasworld.com\/fr\/wp-json\/wp\/v2\/product"}],"about":[{"href":"https:\/\/biogasworld.com\/fr\/wp-json\/wp\/v2\/types\/product"}],"wp:featuredmedia":[{"embeddable":true,"href":"https:\/\/biogasworld.com\/fr\/wp-json\/wp\/v2\/media\/42744"}],"wp:attachment":[{"href":"https:\/\/biogasworld.com\/fr\/wp-json\/wp\/v2\/media?parent=26018"}],"wp:term":[{"taxonomy":"product_brand","embeddable":true,"href":"https:\/\/biogasworld.com\/fr\/wp-json\/wp\/v2\/product_brand?post=26018"},{"taxonomy":"product_cat","embeddable":true,"href":"https:\/\/biogasworld.com\/fr\/wp-json\/wp\/v2\/product_cat?post=26018"},{"taxonomy":"product_tag","embeddable":true,"href":"https:\/\/biogasworld.com\/fr\/wp-json\/wp\/v2\/product_tag?post=26018"}],"curies":[{"name":"wp","href":"https:\/\/api.w.org\/{rel}","templated":true}]}}