{"id":26026,"date":"2020-02-25T21:48:50","date_gmt":"2020-02-26T02:48:50","guid":{"rendered":"https:\/\/www.biogasworld.com\/?post_type=product&#038;p=26026\/"},"modified":"2023-02-28T17:11:29","modified_gmt":"2023-02-28T22:11:29","slug":"consultation-pour-projets-biogaz-biomethanisation","status":"publish","type":"product","link":"https:\/\/biogasworld.com\/fr\/product\/valorisation-du-biogaz\/generatrice-et-chp\/consultation-pour-projets-biogaz-biomethanisation\/","title":{"rendered":"Consultation pour projets biogaz\/biom\u00e9thanisation"},"content":{"rendered":"<h2><span style=\"color: #000daa;\">Des experts en consultation pour les projets biogaz\/biom\u00e9thanisation<\/span><\/h2>\n<p>Tetra Tech a acquis au fil des ans une excellente expertise pour d\u00e9velopper des projets durables dans le temps et faciles \u00e0 exploiter. L&rsquo;entreprise offre des services de consultation pour les projets biogaz\/biom\u00e9thanisation et accompagne ses clients, de fa\u00e7on personnalis\u00e9e \u00e0 chaque \u00e9tape de leurs projets, de l&rsquo;id\u00e9e jusqu&rsquo;\u00e0 la compl\u00e8te r\u00e9alisation.<\/p>\n<p>&nbsp;<\/p>\n<h3><span style=\"color: #000daa;\">Exemples de projets de biogaz et de cog\u00e9n\u00e9ration\u00a0<\/span><\/h3>\n<p>Tetra Tech a su asseoir son expertise gr\u00e2ce \u00e0 la r\u00e9alisation de projets novateurs pour ses clients. En voici quelques exemples.<\/p>\n<p>&nbsp;<\/p>\n<h4>Centrale de cog\u00e9n\u00e9ration de 3 MW<\/h4>\n<p><a href=\"https:\/\/biogasworld.com\/wp-content\/uploads\/2020\/02\/exemple-projet-1_cog\u00e9n\u00e9ration-3MW.png\"><img loading=\"lazy\" decoding=\"async\" class=\"alignleft wp-image-26028\" src=\"https:\/\/biogasworld.com\/wp-content\/uploads\/2020\/02\/exemple-projet-1_cog\u00e9n\u00e9ration-3MW.png\" alt=\"Exemples de projet de Tetra Tech - Centrale de cog\u00e9n\u00e9ration de 3 MW - Service de consultation pour projets biogaz\/biom\u00e9thanisation\" width=\"224\" height=\"219\" srcset=\"https:\/\/biogasworld.com\/wp-content\/uploads\/2020\/02\/exemple-projet-1_cog\u00e9n\u00e9ration-3MW.png 310w, https:\/\/biogasworld.com\/wp-content\/uploads\/2020\/02\/exemple-projet-1_cog\u00e9n\u00e9ration-3MW-250x244.png 250w\" sizes=\"auto, (max-width: 224px) 100vw, 224px\" \/><\/a><\/p>\n<p>Installation de 3 MW \u00e9lectrique et 1 MW thermique pour alimenter le r\u00e9seau des \u00e9nergies alternatives de Hydro-Qu\u00e9bec et chauffer les eaux de lixiviation, respectivement.<\/p>\n<p>\u00c9nergie produite \u00e0 partir des gaz d\u2019enfouissement du lieu d\u2019enfouissement sanitaire et technique.<\/p>\n<p>&nbsp;<\/p>\n<p>&nbsp;<\/p>\n<h4>Production d&rsquo;\u00e9lectricit\u00e9 \u00e0 partir de biogaz de site d&rsquo;enfouissement<\/h4>\n<p>Pot<a href=\"https:\/\/biogasworld.com\/wp-content\/uploads\/2020\/02\/Exemple-projet-2_production-d\u00e9lectricit\u00e9-\u00e0-partir-de-biogaz-de-site-dEnfouissement.png\"><img loading=\"lazy\" decoding=\"async\" class=\"alignleft wp-image-26032\" src=\"https:\/\/biogasworld.com\/wp-content\/uploads\/2020\/02\/Exemple-projet-2_production-d\u00e9lectricit\u00e9-\u00e0-partir-de-biogaz-de-site-dEnfouissement.png\" alt=\"Exemple de projets de Tetra Tech - Production d'\u00e9lectricit\u00e9 \u00e0 partir de biogaz de site d'enfouissement - Consultation pour projets biogaz\/biom\u00e9thanisation\" width=\"220\" height=\"216\" srcset=\"https:\/\/biogasworld.com\/wp-content\/uploads\/2020\/02\/Exemple-projet-2_production-d\u00e9lectricit\u00e9-\u00e0-partir-de-biogaz-de-site-dEnfouissement.png 310w, https:\/\/biogasworld.com\/wp-content\/uploads\/2020\/02\/Exemple-projet-2_production-d\u00e9lectricit\u00e9-\u00e0-partir-de-biogaz-de-site-dEnfouissement-250x246.png 250w, https:\/\/biogasworld.com\/wp-content\/uploads\/2020\/02\/Exemple-projet-2_production-d\u00e9lectricit\u00e9-\u00e0-partir-de-biogaz-de-site-dEnfouissement-80x80.png 80w\" sizes=\"auto, (max-width: 220px) 100vw, 220px\" \/><\/a>entiel Gazier et expert du r\u00e9seau et de la centrale de biogaz.<\/p>\n<p>Production d\u2019\u00e9lectricit\u00e9 9,9 MW<\/p>\n<p>Proc\u00e9d\u00e9 complet de l\u2019enl\u00e8vement du H<sub>2<\/sub>S au Siloxanes dont toute la m\u00e9canique de proc\u00e9d\u00e9.<\/p>\n<p>&nbsp;<\/p>\n<p>&nbsp;<\/p>\n<p>&nbsp;<\/p>\n<h4>Syst\u00e8me de destruction des biogaz dans le cadre du SPEDE<\/h4>\n<p><a href=\"https:\/\/biogasworld.com\/wp-content\/uploads\/2020\/02\/exemple-projet-3_syst\u00e8me-de-destruction-des-biogaz-pour-le-SPEDE.png\"><img loading=\"lazy\" decoding=\"async\" class=\"alignleft wp-image-26034\" src=\"https:\/\/biogasworld.com\/wp-content\/uploads\/2020\/02\/exemple-projet-3_syst\u00e8me-de-destruction-des-biogaz-pour-le-SPEDE.png\" alt=\"Exemple de projet Tetra Tech - Syst\u00e8me de destruction des biogaz dans le cadre du SPEDE - Consultation pour projets biogaz\/biom\u00e9thanisation\" width=\"209\" height=\"207\" srcset=\"https:\/\/biogasworld.com\/wp-content\/uploads\/2020\/02\/exemple-projet-3_syst\u00e8me-de-destruction-des-biogaz-pour-le-SPEDE.png 310w, https:\/\/biogasworld.com\/wp-content\/uploads\/2020\/02\/exemple-projet-3_syst\u00e8me-de-destruction-des-biogaz-pour-le-SPEDE-100x100.png 100w, https:\/\/biogasworld.com\/wp-content\/uploads\/2020\/02\/exemple-projet-3_syst\u00e8me-de-destruction-des-biogaz-pour-le-SPEDE-250x248.png 250w, https:\/\/biogasworld.com\/wp-content\/uploads\/2020\/02\/exemple-projet-3_syst\u00e8me-de-destruction-des-biogaz-pour-le-SPEDE-80x80.png 80w\" sizes=\"auto, (max-width: 209px) 100vw, 209px\" \/><\/a><\/p>\n<p>\u00c9tudes de d\u00e9termination du potentiel gazier visant \u00e0 r\u00e9duire les gaz \u00e0 effet de serre<\/p>\n<p>Conception de plans et devis<\/p>\n<p>S\u00e9lection de l\u2019ensemble des \u00e9quipements et mise en place des projets<\/p>\n<p>Suivi et rapport de quantification.<\/p>\n<p>&nbsp;<\/p>\n<p>&nbsp;<\/p>\n<p>&nbsp;<\/p>\n<h3><span style=\"color: #000daa;\">Autres exemples de projets<\/span><\/h3>\n<h4>Centre de biom\u00e9thanisation<\/h4>\n<p><a href=\"https:\/\/biogasworld.com\/wp-content\/uploads\/2020\/02\/Exemple-projet-4_centre-biom\u00e9thanisation.png\"><img loading=\"lazy\" decoding=\"async\" class=\"alignleft wp-image-26036\" src=\"https:\/\/biogasworld.com\/wp-content\/uploads\/2020\/02\/Exemple-projet-4_centre-biom\u00e9thanisation.png\" alt=\"Exemple de projet Tetra Tech - Centre de biom\u00e9thanisation - Consultation pour projets biogaz\/biom\u00e9thanisation\" width=\"250\" height=\"165\" srcset=\"https:\/\/biogasworld.com\/wp-content\/uploads\/2020\/02\/Exemple-projet-4_centre-biom\u00e9thanisation.png 351w, https:\/\/biogasworld.com\/wp-content\/uploads\/2020\/02\/Exemple-projet-4_centre-biom\u00e9thanisation-250x165.png 250w\" sizes=\"auto, (max-width: 250px) 100vw, 250px\" \/><\/a><\/p>\n<p>Alimentation avec de l\u2019organique tri\u00e9\u00a0pour en faire du biogaz et un r\u00e9sidu agricole.<\/p>\n<p>&nbsp;<\/p>\n<p>&nbsp;<\/p>\n<p>&nbsp;<\/p>\n<p>&nbsp;<\/p>\n<h4>Collaboration avec la firme BioCNG<\/h4>\n<p><a href=\"https:\/\/biogasworld.com\/wp-content\/uploads\/2020\/02\/Exemple-projet-5_collaboration-avec-BioCNG.png\"><img loading=\"lazy\" decoding=\"async\" class=\"alignleft wp-image-26038\" src=\"https:\/\/biogasworld.com\/wp-content\/uploads\/2020\/02\/Exemple-projet-5_collaboration-avec-BioCNG.png\" alt=\"Exemple de projet Tetra Tech - Collaboration avec la firme BioCNG - Consultation pour projets biogaz\/biom\u00e9thanisation\" width=\"251\" height=\"131\" srcset=\"https:\/\/biogasworld.com\/wp-content\/uploads\/2020\/02\/Exemple-projet-5_collaboration-avec-BioCNG.png 295w, https:\/\/biogasworld.com\/wp-content\/uploads\/2020\/02\/Exemple-projet-5_collaboration-avec-BioCNG-250x131.png 250w\" sizes=\"auto, (max-width: 251px) 100vw, 251px\" \/><\/a><\/p>\n<p>Station-service de type BioCNG<\/p>\n<p>Carburant \u00e0 base de biogaz pour alimenter les v\u00e9hicules lourds ou l\u00e9gers.<\/p>\n<p>&nbsp;<\/p>\n<p>&nbsp;<\/p>\n<h4>Carburant \u00e0 base de biogaz pour alimenter les v\u00e9hicules<\/h4>\n<p><a href=\"https:\/\/biogasworld.com\/wp-content\/uploads\/2020\/02\/Exemple-projet-6_carburant-\u00e0-base-de-biogaz-pour-v\u00e9hicules.png\"><img loading=\"lazy\" decoding=\"async\" class=\"alignleft wp-image-26040\" src=\"https:\/\/biogasworld.com\/wp-content\/uploads\/2020\/02\/Exemple-projet-6_carburant-\u00e0-base-de-biogaz-pour-v\u00e9hicules.png\" alt=\"Exemple de projet Tetra Tech - Carburant \u00e0 base de biogaz pour alimenter les v\u00e9hicules - Consultation pour projets biogaz\/biom\u00e9thanisation\" width=\"266\" height=\"138\" srcset=\"https:\/\/biogasworld.com\/wp-content\/uploads\/2020\/02\/Exemple-projet-6_carburant-\u00e0-base-de-biogaz-pour-v\u00e9hicules.png 295w, https:\/\/biogasworld.com\/wp-content\/uploads\/2020\/02\/Exemple-projet-6_carburant-\u00e0-base-de-biogaz-pour-v\u00e9hicules-250x130.png 250w\" sizes=\"auto, (max-width: 266px) 100vw, 266px\" \/><\/a><\/p>\n<p>&nbsp;<\/p>\n<p>&nbsp;<\/p>\n<p>&nbsp;<\/p>\n<p>&nbsp;<\/p>\n<p>&nbsp;<\/p>\n<p>&nbsp;<\/p>\n<p>&nbsp;<\/p>\n<p style=\"text-align: center;\"><strong>Pour regarder la liste compl\u00e8te des projets, <a href=\"https:\/\/www.tetratech.com\/cs\/Satellite?c=Page&amp;childpagename=TT%2FPage%2FProjectSearch&amp;cid=1388485313560&amp;pagename=TTWrapper\">jetez un coup d&rsquo;oeil au site Web de Tetra Tech<\/a>!<\/strong><\/p>\n","protected":false},"excerpt":{"rendered":"Tetra Tech est un chef de file mondial dans les domaines des services de consultation, des services de l\u2019ing\u00e9nierie et des services techniques.\r\n\r\nNous sommes une entreprise diversifi\u00e9e dont les membres du personnel poss\u00e8dent une expertise dans les domaines de la science, de la recherche, de l\u2019ing\u00e9nierie, de la construction et de la technologie de l\u2019information.\r\n\r\nProposer des services multidisciplinaires int\u00e9gr\u00e9s, voil\u00e0 notre force! Nous pouvons ainsi mettre en \u0153uvre les solutions optimales pour r\u00e9pondre aux besoins de nos clients.\r\n\r\nGr\u00e2ce aux solutions innovatrices et durables de Tetra Tech, nos clients sont davantage en mesure de composer avec les d\u00e9fis en environnement, en infrastructure, en gestion des ressources, en \u00e9nergie et en d\u00e9veloppement international.\r\n\r\nNous sommes fiers de pouvoir compter sur des sp\u00e9cialistes techniques dans chaque secteur et d\u2019acc\u00e9der facilement \u00e0 cette expertise tout au long du cycle de vie du projet.\r\n\r\nNotre d\u00e9termination \u00e0 assurer la s\u00e9curit\u00e9 est enracin\u00e9e dans notre culture et constitue la pierre angulaire de chaque projet.","protected":false},"featured_media":26042,"template":"","meta":{"_acf_changed":false,"content-type":""},"product_brand":[],"product_cat":[77,98],"product_tag":[],"class_list":{"0":"post-26026","1":"product","2":"type-product","3":"status-publish","4":"has-post-thumbnail","6":"product_cat-biomethanisation","7":"product_cat-generatrice-et-chp","9":"first","10":"instock","11":"taxable","12":"shipping-taxable","13":"product-type-simple"},"acf":[],"_links":{"self":[{"href":"https:\/\/biogasworld.com\/fr\/wp-json\/wp\/v2\/product\/26026","targetHints":{"allow":["GET"]}}],"collection":[{"href":"https:\/\/biogasworld.com\/fr\/wp-json\/wp\/v2\/product"}],"about":[{"href":"https:\/\/biogasworld.com\/fr\/wp-json\/wp\/v2\/types\/product"}],"wp:featuredmedia":[{"embeddable":true,"href":"https:\/\/biogasworld.com\/fr\/wp-json\/wp\/v2\/media\/26042"}],"wp:attachment":[{"href":"https:\/\/biogasworld.com\/fr\/wp-json\/wp\/v2\/media?parent=26026"}],"wp:term":[{"taxonomy":"product_brand","embeddable":true,"href":"https:\/\/biogasworld.com\/fr\/wp-json\/wp\/v2\/product_brand?post=26026"},{"taxonomy":"product_cat","embeddable":true,"href":"https:\/\/biogasworld.com\/fr\/wp-json\/wp\/v2\/product_cat?post=26026"},{"taxonomy":"product_tag","embeddable":true,"href":"https:\/\/biogasworld.com\/fr\/wp-json\/wp\/v2\/product_tag?post=26026"}],"curies":[{"name":"wp","href":"https:\/\/api.w.org\/{rel}","templated":true}]}}