{"id":26127,"date":"2018-09-19T12:32:47","date_gmt":"2020-03-03T02:36:08","guid":{"rendered":"https:\/\/www.biogasworld.com\/?post_type=product&#038;p=26127\/"},"modified":"2025-12-08T16:51:48","modified_gmt":"2025-12-08T21:51:48","slug":"technologies-pretraitement-x-chopper","status":"publish","type":"product","link":"https:\/\/biogasworld.com\/fr\/product\/reception-et-conditionnement\/pretraitement\/technologies-pretraitement-x-chopper\/","title":{"rendered":"Technologies de pr\u00e9traitement X-chopper\u00ae"},"content":{"rendered":"<h2><span style=\"color: #000daa;\">Technologies de pr\u00e9traitement X-chopper\u00ae par Shell Low Carbon Solutions<\/span><\/h2>\n<p><img loading=\"lazy\" decoding=\"async\" class=\"aligncenter wp-image-19580 size-full\" src=\"https:\/\/biogasworld.com\/wp-content\/uploads\/2018\/09\/Xergi-pre-treatment.jpg\" alt=\"Nature Energy - Technologies de pr\u00e9traitement X-chopper\u00ae\" width=\"673\" height=\"137\" srcset=\"https:\/\/biogasworld.com\/wp-content\/uploads\/2018\/09\/Xergi-pre-treatment.jpg 673w, https:\/\/biogasworld.com\/wp-content\/uploads\/2018\/09\/Xergi-pre-treatment-250x51.jpg 250w\" sizes=\"auto, (max-width: 673px) 100vw, 673px\" \/><\/p>\n<p>Shell Low Carbon Solutions\u00a0investit dans le d\u00e9veloppement de nouvelles technologies de pr\u00e9traitement dans le but d&rsquo;augmenter la production d&rsquo;\u00e9nergie de l&rsquo;usine de biogaz et d&rsquo;am\u00e9liorer ses options d&rsquo;intrants. Les technologies de pr\u00e9traitement de Shell Low Carbon Solutions, NiX\u00ae et X-chopper, permettent, \u00e0 l&rsquo;usine de biogaz, d&rsquo;atteindre un rendement en gaz \u00e9lev\u00e9 en utilisant d&rsquo;autres intrants comme du fumier de volaille, de la liti\u00e8re profonde et de la paille.<\/p>\n<p>Shell Low Carbon Solutions peut ainsi aider les usines de biogaz \u00e0 employer de nouveaux types d&rsquo;intrants riches en \u00e9nergie, ce qui peut augmenter le taux de production d&rsquo;\u00e9nergie et la fabrication d&rsquo;engrais riches en nutriments. Les technologies de pr\u00e9traitement peuvent \u00e9galement offrir de nouvelles opportunit\u00e9s aux usines de biogaz, comme le fonctionnement avec un seul type de mati\u00e8re premi\u00e8re.<\/p>\n<p>&nbsp;<\/p>\n<h3><span style=\"color: #000daa;\">De nouvelles opportunit\u00e9s pour les usines de biogaz<\/span><\/h3>\n<p>Shell Low Carbon Solutions a d\u00e9velopp\u00e9 et brevet\u00e9 la technologie X-chopper\u00ae. Celle-ci offre de nouvelles occasions d&rsquo;affaires avec la biomasse gr\u00e2ce \u00e0 l&rsquo;utilisation d&rsquo;un contenu en \u00e9nergie qui n&rsquo;\u00e9tait, auparavant, pas traitable dans une usine de biogaz.<\/p>\n<p>Le X-chopper\u00ae fonctionne avec des intrants comme:<\/p>\n<ul>\n<li>La liti\u00e8re profonde<\/li>\n<li>La paille<\/li>\n<li>Des navets<\/li>\n<\/ul>\n<p>&nbsp;<\/p>\n<h3><span style=\"color: #000daa;\">Les avantages du pr\u00e9traitement de la liti\u00e8re profonde<\/span><\/h3>\n<p>On compte plusieurs avantages \u00e0 l&rsquo;utilisation du X-chopper\u00ae pour le pr\u00e9traitement de la liti\u00e8re profonde:<\/p>\n<ul>\n<li>Ne produit pas de mousse flottante dans le biodigesteur et se m\u00e9lange plus facilement avec la biomasse<\/li>\n<li>Il est plus facile \u00e0 pomper dans les tuyaux de l&rsquo;usine de biogaz<\/li>\n<li>La technologie rend plus facile, pour la bact\u00e9rie form\u00e9e par le m\u00e9thane, d&rsquo;absorber la biomasse, causant un rendement en gaz plus \u00e9lev\u00e9<\/li>\n<\/ul>\n<p>&nbsp;<\/p>\n<h3><span style=\"color: #000daa;\">Une solution fiable<\/span><\/h3>\n<p>X-chopper\u00ae est bas\u00e9 sur une technologie \u00e9prouv\u00e9e qui a \u00e9t\u00e9 utilis\u00e9e dans le cadre de la mise au rebut des produits blancs au cours de la derni\u00e8re d\u00e9cennie. Le X-chopper\u00ae ne s&rsquo;arr\u00eatera pas au contact des contaminants comme le gravat parce qu&rsquo;il n&rsquo;y est pas fragile.<\/p>\n<p>&nbsp;<\/p>\n<h3><span style=\"color: #000daa;\">Ligne de production compl\u00e8te<\/span><\/h3>\n<p>X-chopper\u00ae fait partie d&rsquo;une ligne de production compl\u00e8te, compos\u00e9e du X-hopper\u00ae, qui re\u00e7oit et pr\u00e9-d\u00e9chiqu\u00e8te la biomasse, et X-belt\u00ae, une bande pour transporter la biomasse dans X-chopper\u00ae.<\/p>\n<p>Apprenez-en davantage sur X- chopper\u00ae en regardant la vid\u00e9o.<\/p>\n","protected":false},"excerpt":{"rendered":"Les technologies de pr\u00e9traitement de Shell Low Carbon Solutions, NiX\u00ae et X-chopper, permettent \u00e0 l&rsquo;usine de biogaz d&rsquo;atteindre un rendement en gaz \u00e9lev\u00e9 en utilisant d&rsquo;autres intrants comme du fumier de volaille, de la liti\u00e8re profonde et de la paille. Shell Low Carbon Solutions peut ainsi aider les usines de biogaz \u00e0 employer de nouveaux types d&rsquo;intrants riches en \u00e9nergie, ce qui peut augmenter le taux de production d&rsquo;\u00e9nergie et la fabrication d&rsquo;engrais riches en nutriments.","protected":false},"featured_media":43823,"template":"","meta":{"_acf_changed":false,"content-type":""},"product_brand":[],"product_cat":[116,124],"product_tag":[],"class_list":{"0":"post-26127","1":"product","2":"type-product","3":"status-publish","4":"has-post-thumbnail","6":"product_cat-reception-et-conditionnement","7":"product_cat-pretraitement","9":"first","10":"instock","11":"taxable","12":"shipping-taxable","13":"product-type-simple"},"acf":[],"_links":{"self":[{"href":"https:\/\/biogasworld.com\/fr\/wp-json\/wp\/v2\/product\/26127","targetHints":{"allow":["GET"]}}],"collection":[{"href":"https:\/\/biogasworld.com\/fr\/wp-json\/wp\/v2\/product"}],"about":[{"href":"https:\/\/biogasworld.com\/fr\/wp-json\/wp\/v2\/types\/product"}],"wp:featuredmedia":[{"embeddable":true,"href":"https:\/\/biogasworld.com\/fr\/wp-json\/wp\/v2\/media\/43823"}],"wp:attachment":[{"href":"https:\/\/biogasworld.com\/fr\/wp-json\/wp\/v2\/media?parent=26127"}],"wp:term":[{"taxonomy":"product_brand","embeddable":true,"href":"https:\/\/biogasworld.com\/fr\/wp-json\/wp\/v2\/product_brand?post=26127"},{"taxonomy":"product_cat","embeddable":true,"href":"https:\/\/biogasworld.com\/fr\/wp-json\/wp\/v2\/product_cat?post=26127"},{"taxonomy":"product_tag","embeddable":true,"href":"https:\/\/biogasworld.com\/fr\/wp-json\/wp\/v2\/product_tag?post=26127"}],"curies":[{"name":"wp","href":"https:\/\/api.w.org\/{rel}","templated":true}]}}