{"id":26131,"date":"2018-09-19T11:39:49","date_gmt":"2020-03-05T01:29:54","guid":{"rendered":"https:\/\/www.biogasworld.com\/?post_type=product&#038;p=26131\/"},"modified":"2025-12-08T16:38:44","modified_gmt":"2025-12-08T21:38:44","slug":"digesteur-gasmax","status":"publish","type":"product","link":"https:\/\/biogasworld.com\/fr\/product\/biomethanisation\/agitation\/digesteur-gasmax\/","title":{"rendered":"Digesteur GASMAX\u00ae"},"content":{"rendered":"<h2><span style=\"color: #000daa;\">Digesteur GASMAX\u00ae<\/span><\/h2>\n<p>Le digesteur ana\u00e9robie GASMAX de Shell Low Carbon Solutions est con\u00e7u de fa\u00e7on unique. C&rsquo;est un digesteur \u00e0 haute efficacit\u00e9 de m\u00e9lange. C&rsquo;est un digesteur de biogaz \u00e0 flux continu, c&rsquo;est-\u00e0-dire que le digesteur est continuellement aliment\u00e9 en biomasse. La flore \u00e0 l&rsquo;int\u00e9rieur du digesteur \u00e0 bact\u00e9ries d\u00e9composera les biomasses, puis produira le m\u00e9thane.<\/p>\n<p>Ce type de digesteur \u00e0 m\u00e9thane poss\u00e8de le meilleur rapport qualit\u00e9-prix du march\u00e9, selon le co\u00fbt total d&rsquo;achat pour l&rsquo;usine de digestion ana\u00e9robie. C&rsquo;est ce qui augmentera la production de biogaz, diminuera l&#8217;empreinte environnementale et offrira la capacit\u00e9 de g\u00e9rer plusieurs types de biomasse et un co\u00fbt concurrentiel en mati\u00e8re d&rsquo;usine de digestion ana\u00e9robie.<\/p>\n<p>&nbsp;<\/p>\n<h3><span style=\"color: #000daa;\">L&rsquo;usine de digestion ana\u00e9robie optimis\u00e9e<\/span><\/h3>\n<p>Pour obtenir une haute performance du digesteur ana\u00e9robie, on doit compl\u00e8tement y m\u00e9langer les intrants et y contr\u00f4ler la temp\u00e9rature de fa\u00e7on pr\u00e9cise. C&rsquo;est un moyen d&rsquo;offrir des conditions optimales \u00e0 la production de la bact\u00e9rie dans le m\u00e9thane.<\/p>\n<p>Par ailleurs, la conception optimale d&rsquo;un digesteur est un facteur cl\u00e9 pour une usine de biogaz optimale.<\/p>\n<p>&nbsp;<\/p>\n<h3><span style=\"color: #000daa;\">Les avantages de la conception du digesteur de biogaz GASMAX<\/span><\/h3>\n<p>Les avantages d&rsquo;un digesteur ana\u00e9robie permettant le m\u00e9lange complet sont:<\/p>\n<ul>\n<li>La biomasse fra\u00eechement d\u00e9pos\u00e9e est d\u00e9j\u00e0 compl\u00e8tement m\u00e9lang\u00e9e au digestat dans le proc\u00e9d\u00e9 de digestion ana\u00e9robie<\/li>\n<li>Le fait d&rsquo;assurer une r\u00e9partition \u00e9gale de la temp\u00e9rature, ce qui rend le proc\u00e9d\u00e9 plus homog\u00e8ne dans le digesteur<\/li>\n<li>La pr\u00e9vention de la formation d&rsquo;une couche flottante<\/li>\n<li>La pr\u00e9vention de la s\u00e9dimentation solide<\/li>\n<li>Le fait d&rsquo;enlever le gaz du liquide<\/li>\n<li>La charge organique n&rsquo;est pas excessive<\/li>\n<\/ul>\n<p>Bref, la conception de ce digesteur de biogaz vous permet d&rsquo;assurer un proc\u00e9d\u00e9 stable et une production de biogaz \u00e9lev\u00e9e.<\/p>\n<p>&nbsp;<\/p>\n<h3><span style=\"color: #000daa;\">Une demande en \u00e9nergie basse<\/span><\/h3>\n<p>Le digesteur ana\u00e9robie GASMAX de Shell Low Carbon Solutions est con\u00e7u avec un ratio grandeur\/profondeur de 1:1 et un syst\u00e8me de m\u00e9lange central et suspendu. Une analyse d&rsquo;ing\u00e9nierie et une exp\u00e9rience pratique ont d\u00e9montr\u00e9 que ce type de conception r\u00e9duit l&rsquo;\u00e9nergie consomm\u00e9e pendant le m\u00e9lange \u00e0 un minimum.<\/p>\n<p>Lors de l&rsquo;exploitation d&rsquo;une usine de digestion ana\u00e9robie, une consommation minimale d&rsquo;\u00e9lectricit\u00e9 et un OPEX minimum sont des facteurs cl\u00e9s de l&rsquo;optimisation du co\u00fbt total de l&rsquo;usine de biogaz pendant sa dur\u00e9e de vie.<\/p>\n<p>&nbsp;<\/p>\n<h3><span style=\"color: #000daa;\">Un entretien facile<\/span><\/h3>\n<p>Lorsqu&rsquo;il y a suspension dans le r\u00e9servoir du digesteur, c&rsquo;est signe que des parties essentielles du m\u00e9langeur sont situ\u00e9es en dehors du digesteur, au-dessus du r\u00e9servoir.<\/p>\n<p>Ces caract\u00e9ristiques signifient que l&rsquo;entretien du digesteur peut \u00eatre fait tr\u00e8s facilement. Vous ne devez pas ouvrir et vider le digesteur GASMAX, ce qui m\u00e8ne habituellement \u00e0 une perte \u00e9lev\u00e9e de la production.<\/p>\n<p>En fait, ce syst\u00e8me de m\u00e9lange vous permet d&rsquo;\u00e9viter d&rsquo;arr\u00eater la production lorsque le moteur doit \u00eatre entretenu. Gr\u00e2ce \u00e0 la conception de notre digesteur de biogaz, qui est optimis\u00e9 pour poss\u00e9der un OPEX bas et une haute performance, nous pouvons offrir, \u00e0 nos clients, une usine de digestion ana\u00e9robie plus rentable.<\/p>\n<p>&nbsp;<\/p>\n","protected":false},"excerpt":{"rendered":"Le digesteur GASMAX\u00ae permet de m\u00e9langer avec un haut taux d&rsquo;efficacit\u00e9 et une faible demande d&rsquo;\u00e9nergie gr\u00e2ce \u00e0 un syst\u00e8me central suspendu. Ce syst\u00e8me offre un proc\u00e9d\u00e9 stable et une production de biogaz \u00e9lev\u00e9e.","protected":false},"featured_media":43819,"template":"","meta":{"_acf_changed":false,"content-type":""},"product_brand":[],"product_cat":[77,513],"product_tag":[],"class_list":{"0":"post-26131","1":"product","2":"type-product","3":"status-publish","4":"has-post-thumbnail","6":"product_cat-biomethanisation","7":"product_cat-agitation","9":"first","10":"instock","11":"taxable","12":"shipping-taxable","13":"product-type-simple"},"acf":[],"_links":{"self":[{"href":"https:\/\/biogasworld.com\/fr\/wp-json\/wp\/v2\/product\/26131","targetHints":{"allow":["GET"]}}],"collection":[{"href":"https:\/\/biogasworld.com\/fr\/wp-json\/wp\/v2\/product"}],"about":[{"href":"https:\/\/biogasworld.com\/fr\/wp-json\/wp\/v2\/types\/product"}],"wp:featuredmedia":[{"embeddable":true,"href":"https:\/\/biogasworld.com\/fr\/wp-json\/wp\/v2\/media\/43819"}],"wp:attachment":[{"href":"https:\/\/biogasworld.com\/fr\/wp-json\/wp\/v2\/media?parent=26131"}],"wp:term":[{"taxonomy":"product_brand","embeddable":true,"href":"https:\/\/biogasworld.com\/fr\/wp-json\/wp\/v2\/product_brand?post=26131"},{"taxonomy":"product_cat","embeddable":true,"href":"https:\/\/biogasworld.com\/fr\/wp-json\/wp\/v2\/product_cat?post=26131"},{"taxonomy":"product_tag","embeddable":true,"href":"https:\/\/biogasworld.com\/fr\/wp-json\/wp\/v2\/product_tag?post=26131"}],"curies":[{"name":"wp","href":"https:\/\/api.w.org\/{rel}","templated":true}]}}