{"id":26135,"date":"2018-09-18T23:59:32","date_gmt":"2020-03-05T16:34:52","guid":{"rendered":"https:\/\/www.biogasworld.com\/?post_type=product&#038;p=26135\/"},"modified":"2025-12-08T18:34:55","modified_gmt":"2025-12-08T23:34:55","slug":"flexfeed-systeme-alimentation","status":"publish","type":"product","link":"https:\/\/biogasworld.com\/fr\/product\/biomethanisation\/pompes-haute-densite\/flexfeed-systeme-alimentation\/","title":{"rendered":"FLEXFEED\u00ae"},"content":{"rendered":"<h2><span style=\"color: #000daa;\">Le syst\u00e8me d&rsquo;alimentation FLEXFEED\u00ae<\/span><\/h2>\n<p>Le syst\u00e8me d&rsquo;alimentation indirecte FLEXFEED\u00ae est une technologie unique offerte dans les usines de biogaz de Shell Low Carbon Solutions. Il se compose d&rsquo;un module qui combine l&rsquo;alimentation, le chauffage et le m\u00e9lange.<\/p>\n<p>Cette technologie offre de nombreux avantages en comparaison avec le syst\u00e8me traditionnel d&rsquo;alimentation en biomasse.<\/p>\n<p>&nbsp;<\/p>\n<h3><span style=\"color: #000daa;\">Adaptabilit\u00e9<\/span><\/h3>\n<p>Le march\u00e9 des intrants est changeant. Pour cette raison, pour conserver des profits d&rsquo;exploitation, c&rsquo;est important d&rsquo;avoir en place un syst\u00e8me d&rsquo;alimentation facile \u00e0 adapter.<\/p>\n<p>Le syst\u00e8me d&rsquo;alimentation FLEXFEED\u00ae vous assure pr\u00e9cis\u00e9ment cette adaptabilit\u00e9. Gr\u00e2ce \u00e0 une alimentation pr\u00e9cise de la biomasse individuelle, l&rsquo;\u00e9quilibre biologique dans le digesteur restera \u00e0 son niveau le plus efficace, m\u00eame lorsqu&rsquo;il y a de grandes variations en mati\u00e8re d&rsquo;intrants.<\/p>\n<p>C&rsquo;est une adaptabilit\u00e9 qui constitue une base solide pour un investissement dans une usine de biogaz.<\/p>\n<p>Par ailleurs, ce module permet \u00e9galement la pasteurisation de la biomasse, ce qui vous aide \u00e0 traiter des sous-produits de cat\u00e9gorie 3.<\/p>\n<p>&nbsp;<\/p>\n<h3><span style=\"color: #000daa;\">R\u00e9partition plus efficace<\/span><\/h3>\n<p>Ce syst\u00e8me vous permet d&rsquo;obtenir une consistance plus homog\u00e8ne parce que la biomasse est chauff\u00e9e, s\u00e9par\u00e9e et m\u00e9lang\u00e9e avant son entr\u00e9e dans le digesteur. C&rsquo;est une fa\u00e7on d&rsquo;offrir une r\u00e9partition plus efficace durant le proc\u00e9d\u00e9 et une production de gaz plus \u00e9lev\u00e9e.<\/p>\n<p>&nbsp;<\/p>\n<h3><span style=\"color: #000daa;\">Contr\u00f4le du proc\u00e9d\u00e9<\/span><\/h3>\n<p>Ce syst\u00e8me d&rsquo;alimentation vous permet de peser la biomasse avec une tr\u00e8s grande pr\u00e9cision. De cette fa\u00e7on, c&rsquo;est plus facile d&rsquo;obtenir l&rsquo;alimentation correcte de biomasse malgr\u00e9 la variation du contenu en \u00e9nergie, et ce, sans freiner le proc\u00e9d\u00e9 biologique.<\/p>\n<p>&nbsp;<\/p>\n<h3><span style=\"color: #000daa;\">Syst\u00e8me de chauffage facile d&rsquo;acc\u00e8s<\/span><\/h3>\n<p>Le chauffage du digesteur n&rsquo;est pas n\u00e9cessaire, parce que la biomasse est chauff\u00e9e dans le syst\u00e8me d&rsquo;alimentation. Ce proc\u00e9d\u00e9 vous permet d&rsquo;\u00e9viter d&rsquo;avoir \u00e0 vider le digesteur lorsque le syst\u00e8me de chauffage doit \u00eatre r\u00e9par\u00e9 ou entretenu, ce qui r\u00e9duit le risque de perte de production.<\/p>\n<p>&nbsp;<\/p>\n<h3><span style=\"color: #000daa;\">Pr\u00e9vention de la formation de mousse dans le digesteur<\/span><\/h3>\n<p>Le risque de production de mousse, qui peut causer des probl\u00e8mes, est fortement r\u00e9duit lorsque la biomasse est m\u00e9lang\u00e9e, homog\u00e9n\u00e9is\u00e9e et pr\u00e9chauff\u00e9e dans le syst\u00e8me d&rsquo;alimentation avant son entr\u00e9e dans le digesteur. La production de mousse tend \u00e0 r\u00e9duire la productivit\u00e9 et \u00e0 augmenter les co\u00fbts de nettoyage.<\/p>\n<p>&nbsp;<\/p>\n<h3><span style=\"color: #000daa;\">Digesteur herm\u00e9tique<\/span><\/h3>\n<p>Le syst\u00e8me d&rsquo;alimentation indirecte de Shell Low Carbon Solutions permet \u00e9galement de pr\u00e9venir l&rsquo;entr\u00e9e de d\u00e9bits d&rsquo;air nuisibles dans le digesteur.<\/p>\n<p>&nbsp;<\/p>\n<p>&nbsp;<\/p>\n","protected":false},"excerpt":{"rendered":"FLEXFEED\u00ae est le syst\u00e8me unique d&rsquo;alimentation indirecte pour les usines de biogaz de Shell Low Carbon Solutions. Il combine l&rsquo;alimentation, le chauffage et le m\u00e9lange.","protected":false},"featured_media":43817,"template":"","meta":{"_acf_changed":false,"content-type":""},"product_brand":[],"product_cat":[77,306],"product_tag":[],"class_list":{"0":"post-26135","1":"product","2":"type-product","3":"status-publish","4":"has-post-thumbnail","6":"product_cat-biomethanisation","7":"product_cat-pompes-haute-densite","9":"first","10":"instock","11":"taxable","12":"shipping-taxable","13":"product-type-simple"},"acf":[],"_links":{"self":[{"href":"https:\/\/biogasworld.com\/fr\/wp-json\/wp\/v2\/product\/26135","targetHints":{"allow":["GET"]}}],"collection":[{"href":"https:\/\/biogasworld.com\/fr\/wp-json\/wp\/v2\/product"}],"about":[{"href":"https:\/\/biogasworld.com\/fr\/wp-json\/wp\/v2\/types\/product"}],"wp:featuredmedia":[{"embeddable":true,"href":"https:\/\/biogasworld.com\/fr\/wp-json\/wp\/v2\/media\/43817"}],"wp:attachment":[{"href":"https:\/\/biogasworld.com\/fr\/wp-json\/wp\/v2\/media?parent=26135"}],"wp:term":[{"taxonomy":"product_brand","embeddable":true,"href":"https:\/\/biogasworld.com\/fr\/wp-json\/wp\/v2\/product_brand?post=26135"},{"taxonomy":"product_cat","embeddable":true,"href":"https:\/\/biogasworld.com\/fr\/wp-json\/wp\/v2\/product_cat?post=26135"},{"taxonomy":"product_tag","embeddable":true,"href":"https:\/\/biogasworld.com\/fr\/wp-json\/wp\/v2\/product_tag?post=26135"}],"curies":[{"name":"wp","href":"https:\/\/api.w.org\/{rel}","templated":true}]}}