{"id":26136,"date":"2018-09-18T23:49:29","date_gmt":"2020-03-05T17:05:20","guid":{"rendered":"https:\/\/www.biogasworld.com\/?post_type=product&#038;p=26136\/"},"modified":"2025-12-08T16:52:06","modified_gmt":"2025-12-08T21:52:06","slug":"shell-usine-biogaz","status":"publish","type":"product","link":"https:\/\/biogasworld.com\/fr\/product\/biomethanisation\/systeme-de-digestion-humide\/shell-usine-biogaz\/","title":{"rendered":"Usine de biogaz"},"content":{"rendered":"<h2><span style=\"color: #000daa;\">Usine de biogaz de Shell Low Carbon Solutions<\/span><\/h2>\n<p>Une usine de biogaz aide ses propri\u00e9taires \u00e0 optimiser l&rsquo;utilisation de fumier, de d\u00e9chets et d&rsquo;autres mati\u00e8res organiques en transformant les biomasses en \u00e9nergie et en fertilisant pr\u00e9cieux. Gr\u00e2ce \u00e0 ses plus de 30 ans d&rsquo;exp\u00e9rience, Shell Low Carbon Solutions a con\u00e7u une usine de biogaz qui assure un niveau d&rsquo;adaptabilit\u00e9 \u00e9lev\u00e9, un niveau \u00e9lev\u00e9 de production de biogaz et une exploitation stable, sans entretien co\u00fbteux.<\/p>\n<p>Shell Low Carbon Solutions offre \u00e0 ses clients des usines de biogaz industrielles qui sont con\u00e7ues pour produire un \u00e9lev\u00e9 quantit\u00e9 de biogaz. Nos projets d&rsquo;usines de biogaz offrent une conception modulaire unique qui permet un proc\u00e9d\u00e9 rapide et avec un bon rapport co\u00fbt-efficacit\u00e9.<\/p>\n<p>Nous offrons des solutions pour une grande vari\u00e9t\u00e9 de biomasses:<\/p>\n<ul>\n<li>D\u00e9chets alimentaires<\/li>\n<li>Fumier<\/li>\n<li>Liti\u00e8re profonde<\/li>\n<li>D\u00e9chets verts<\/li>\n<li>D\u00e9chets provenant de mati\u00e8res organiques industrielles<\/li>\n<\/ul>\n<p>Shell Low Carbon Solutions optimise toujours ses usines de biogaz pour offrir le meilleur retour sur investissement possible. Nous nous concentrons sur l&rsquo;offre d&rsquo;une haute production de biogaz, des co\u00fbts d&rsquo;exploitation et de maintenance bas et une haute adaptabilit\u00e9 en ce qui concerne les biomasses pouvant \u00eatre utilis\u00e9es dans les usines de biogaz. Le march\u00e9 des intrants est changeant, ce qui oblige les usines de biogaz \u00e0 s&rsquo;adapter \u00e0 l&rsquo;utilisation de diff\u00e9rents intrants.<\/p>\n<p>Pour relever ces d\u00e9fis, les usines de biogaz doivent s&rsquo;adapter facilement aux changements. Shell Low Carbon Solutions a ainsi con\u00e7u diff\u00e9rents modules pour le syst\u00e8me d&rsquo;alimentation de fa\u00e7on \u00e0 les aider \u00e0 s&rsquo;adapter \u00e0 diff\u00e9rents changements de biomasse.<\/p>\n<p><img loading=\"lazy\" decoding=\"async\" class=\"alignnone\" src=\"https:\/\/biogasworld.com\/wp-content\/uploads\/2018\/09\/xergi-biogasplant.jpg\" alt=\"Nature Energy: Usine de biogaz\" width=\"733\" height=\"362\" \/><\/p>\n<p>&nbsp;<\/p>\n<h3><span style=\"color: #000daa;\">Nouveaux modules faciles \u00e0 ajouter<\/span><\/h3>\n<p>Lorsque l&rsquo;usine ne peut pas traiter un certain type d&rsquo;intrants, c&rsquo;est facile d&rsquo;ajouter un nouveau module pour s&rsquo;assurer de leur pr\u00e9traitement efficace. De la m\u00eame fa\u00e7on, c&rsquo;est possible d&rsquo;ajuster l&rsquo;entr\u00e9e en \u00e9nergie et en digestat de l&rsquo;usine de biogaz s&rsquo;il y a des changements.<\/p>\n<p>&nbsp;<\/p>\n<h3><span style=\"color: #000daa;\">Grandes exigences de qualit\u00e9<\/span><\/h3>\n<p>Shell Low Carbon Solutions construit ses usines en utilisant des \u00e9l\u00e9ments produits industriellement. Notre conception est bas\u00e9e sur des contr\u00f4les automatiques et une surveillance de tous les proc\u00e9d\u00e9s.<\/p>\n<p>Nous avons de grandes exigences de qualit\u00e9 pour nos fournisseurs. Tous les modules sont test\u00e9s pour assurer la qualit\u00e9 et la performance et les documenter.<\/p>\n<p>&nbsp;<\/p>\n<h3><span style=\"color: #000daa;\">\u00a0De l&rsquo;id\u00e9e \u00e0 l&rsquo;usine\u00a0<\/span><\/h3>\n<p><img loading=\"lazy\" decoding=\"async\" class=\"alignleft\" src=\"https:\/\/biogasworld.com\/wp-content\/uploads\/2018\/09\/xergi-projectmodel.jpg\" alt=\"Nature Energy: le proc\u00e9d\u00e9 de d\u00e9veloppement d'une usine biogaz\" width=\"223\" height=\"229\" \/>Shell Low Carbon Solutions vous aide \u00e0 chaque \u00e9tape de votre projet biogaz:<\/p>\n<ul>\n<li><strong>Analyse: <\/strong>Par exemple, la quantit\u00e9 et les types d&rsquo;intrants disponibles, le potentiel de marketing, la grandeur de l&rsquo;usine et le choix de la technologie, le besoin d&rsquo;approbations des autorit\u00e9s pertinentes, etc.<\/li>\n<li><strong>Conception:<\/strong> Conception de base et principale<\/li>\n<li><strong>Construction:<\/strong> Entrepreneur cl\u00e9s en main pour votre projet biogaz<\/li>\n<li><strong>Mise en service:<\/strong> Respect des normes de l&rsquo;industrie et des m\u00e9thodes pour le testage froid, chaud, fonctionnel et plus, planification des intrants, etc.<\/li>\n<li><strong>Exploitation et maintenance: <\/strong>Par exemple, les ensembles de soutien des proc\u00e9d\u00e9s biologiques, des ensembles de pi\u00e8ces suppl\u00e9mentaires et de services, des services de moteurs, une entente O\/M taill\u00e9e sur mesure.<\/li>\n<\/ul>\n<p>&nbsp;<\/p>\n<p>&nbsp;<\/p>\n<h3><span style=\"color: #000daa;\">Shell Low Carbon Solutions: une partenaire pour le d\u00e9veloppement d&rsquo;usines biogaz rentables<\/span><\/h3>\n<p>Gr\u00e2ce \u00e0 notre exp\u00e9rience, nous avons beaucoup de connaissances sur ce qui rend votre usine de biogaz rentable.<\/p>\n<p>Nous serons votre partenaire pour le d\u00e9veloppement d&rsquo;une usine de biogaz la plus rentable possible. Comme premi\u00e8re \u00e9tape, nous estimerons le potentiel \u00e9nerg\u00e9tique des biomasses afin de vous aider \u00e0 choisir les meilleurs intrants pour votre usine. Nous estimerons \u00e9galement les co\u00fbts de l&rsquo;usine de biogaz et optimiserons la conception de l&rsquo;usine pour votre projet.<\/p>\n","protected":false},"excerpt":{"rendered":"Shell Low Carbon Solutions offre \u00e0 ses clients des usines de biogaz industrielles qui sont con\u00e7ues pour produire un \u00e9lev\u00e9 quantit\u00e9 de biogaz. Gr\u00e2ce \u00e0 ses plus de 30 ans d&rsquo;exp\u00e9rience, Shell Low Carbon Solutions a con\u00e7u une usine de biogaz qui assure un niveau \u00e9lev\u00e9 d&rsquo;adaptabilit\u00e9, une production \u00e9lev\u00e9e de biogaz et une exploitation stable, sans entretien co\u00fbteux.\r\n\r\n&nbsp;","protected":false},"featured_media":43815,"template":"","meta":{"_acf_changed":false,"content-type":""},"product_brand":[],"product_cat":[77,131],"product_tag":[],"class_list":{"0":"post-26136","1":"product","2":"type-product","3":"status-publish","4":"has-post-thumbnail","6":"product_cat-biomethanisation","7":"product_cat-systeme-de-digestion-humide","9":"first","10":"instock","11":"taxable","12":"shipping-taxable","13":"product-type-simple"},"acf":[],"_links":{"self":[{"href":"https:\/\/biogasworld.com\/fr\/wp-json\/wp\/v2\/product\/26136","targetHints":{"allow":["GET"]}}],"collection":[{"href":"https:\/\/biogasworld.com\/fr\/wp-json\/wp\/v2\/product"}],"about":[{"href":"https:\/\/biogasworld.com\/fr\/wp-json\/wp\/v2\/types\/product"}],"wp:featuredmedia":[{"embeddable":true,"href":"https:\/\/biogasworld.com\/fr\/wp-json\/wp\/v2\/media\/43815"}],"wp:attachment":[{"href":"https:\/\/biogasworld.com\/fr\/wp-json\/wp\/v2\/media?parent=26136"}],"wp:term":[{"taxonomy":"product_brand","embeddable":true,"href":"https:\/\/biogasworld.com\/fr\/wp-json\/wp\/v2\/product_brand?post=26136"},{"taxonomy":"product_cat","embeddable":true,"href":"https:\/\/biogasworld.com\/fr\/wp-json\/wp\/v2\/product_cat?post=26136"},{"taxonomy":"product_tag","embeddable":true,"href":"https:\/\/biogasworld.com\/fr\/wp-json\/wp\/v2\/product_tag?post=26136"}],"curies":[{"name":"wp","href":"https:\/\/api.w.org\/{rel}","templated":true}]}}