{"id":26144,"date":"2018-07-09T11:55:44","date_gmt":"2020-03-06T23:19:34","guid":{"rendered":"https:\/\/www.biogasworld.com\/?post_type=product&#038;p=26144\/"},"modified":"2024-02-21T14:07:09","modified_gmt":"2024-02-21T19:07:09","slug":"prix-fixes-pour-le-gaz-naturel","status":"publish","type":"product","link":"https:\/\/biogasworld.com\/fr\/product\/uncategorized\/prix-fixes-pour-le-gaz-naturel\/","title":{"rendered":"Prix fixes pour le gaz naturel"},"content":{"rendered":"<h2><span style=\"color: #000daa;\">Une strat\u00e9gie sans surprise<\/span><\/h2>\n<h3><span style=\"color: #000daa;\">Obtenez un prix fixe concurrentiel pour votre gaz naturel<\/span><\/h3>\n<p>Gr\u00e2ce \u00e0 notre solution de prix fixe, vous pourrez pr\u00e9voir plus facilement votre budget mensuel et annuel et minimiser les risques de hausse des prix. En effet, lorsque vous faites appel \u00e0 cette solution, vous obtiendrez un prix fixe concurrentiel par dekatherm (Dth) pour toute la p\u00e9riode couverte par votre contrat. Cela vous permettra de planifier avec confiance votre consommation de gaz naturel et votre budget.<\/p>\n<p>&nbsp;<\/p>\n<h3><span style=\"color: #000daa;\">Pourquoi nos clients choisissent-ils une strat\u00e9gie de prix fixe?<\/span><\/h3>\n<ul>\n<li><strong>Ayez plus de contr\u00f4le sur votre budget:<\/strong><\/li>\n<\/ul>\n<p>La march\u00e9 du gaz naturel \u00e9volue comme n&rsquo;importe quel autre. Gr\u00e2ce \u00e0 une contrat comprenant un prix fixe, vous pourrez minimiser le risque de volatilit\u00e9 des prix. Vous serez assur\u00e9 d&rsquo;obtenir un m\u00eame prix d&rsquo;approvisionnement en \u00e9nergie pour toute la dur\u00e9e de votre contrat.<\/p>\n<ul>\n<li><strong>Stabilit\u00e9 \u00e0 long-terme:<\/strong><\/li>\n<\/ul>\n<p>Direct Energy Affaires peut vous offrir un contrat pouvant aller jusqu&rsquo;\u00e0 3 ans, ce qui vous permet d&rsquo;obtenir un budget pr\u00e9visible pour le future de votre entreprise.<\/p>\n<ul>\n<li><strong>Prix concurrentiels:<\/strong><\/li>\n<\/ul>\n<p>Direct Energy Affaires vous donne acc\u00e8s \u00e0 certains des prix les plus concurrentiels offerts sur le march\u00e9. Nous pouvons vous aider \u00e0 acheter votre gaz naturel gr\u00e2ce \u00e0 des cycles de prix qui atteignent vos objectifs.<\/p>\n","protected":false},"excerpt":{"rendered":"Gr\u00e2ce \u00e0 une solution de prix fixes pour le gaz naturel, propos\u00e9e par Direct Energy, vous pourrez pr\u00e9voir plus facilement votre budget mensuel et annuel. Vous minimiserez ainsi le risque de hausse des prix. Cette solution vous offre un prix concurrentiel fixe par dekatherm (dth) pour toute la dur\u00e9e de votre contrat, ce qui vous permettra de planifier votre consommation d&rsquo;\u00e9nergie et votre budget avec confiance.","protected":false},"featured_media":18281,"template":"","meta":{"_acf_changed":false,"content-type":""},"product_brand":[],"product_cat":[484],"product_tag":[],"class_list":{"0":"post-26144","1":"product","2":"type-product","3":"status-publish","4":"has-post-thumbnail","6":"product_cat-uncategorized","8":"first","9":"instock","10":"taxable","11":"shipping-taxable","12":"product-type-simple"},"acf":[],"_links":{"self":[{"href":"https:\/\/biogasworld.com\/fr\/wp-json\/wp\/v2\/product\/26144","targetHints":{"allow":["GET"]}}],"collection":[{"href":"https:\/\/biogasworld.com\/fr\/wp-json\/wp\/v2\/product"}],"about":[{"href":"https:\/\/biogasworld.com\/fr\/wp-json\/wp\/v2\/types\/product"}],"wp:featuredmedia":[{"embeddable":true,"href":"https:\/\/biogasworld.com\/fr\/wp-json\/wp\/v2\/media\/18281"}],"wp:attachment":[{"href":"https:\/\/biogasworld.com\/fr\/wp-json\/wp\/v2\/media?parent=26144"}],"wp:term":[{"taxonomy":"product_brand","embeddable":true,"href":"https:\/\/biogasworld.com\/fr\/wp-json\/wp\/v2\/product_brand?post=26144"},{"taxonomy":"product_cat","embeddable":true,"href":"https:\/\/biogasworld.com\/fr\/wp-json\/wp\/v2\/product_cat?post=26144"},{"taxonomy":"product_tag","embeddable":true,"href":"https:\/\/biogasworld.com\/fr\/wp-json\/wp\/v2\/product_tag?post=26144"}],"curies":[{"name":"wp","href":"https:\/\/api.w.org\/{rel}","templated":true}]}}