{"id":26147,"date":"2018-07-09T11:54:23","date_gmt":"2020-03-09T20:39:54","guid":{"rendered":"https:\/\/www.biogasworld.com\/?post_type=product&#038;p=26147\/"},"modified":"2024-02-21T14:07:14","modified_gmt":"2024-02-21T19:07:14","slug":"direct-energy-protection-du-prix-pour-le-gaz-naturel","status":"publish","type":"product","link":"https:\/\/biogasworld.com\/fr\/product\/transport-au-gaz-naturel\/direct-energy-protection-du-prix-pour-le-gaz-naturel\/","title":{"rendered":"Protection du prix pour le gaz naturel"},"content":{"rendered":"<h2><span style=\"color: #000daa;\">Obtenez le meilleur des deux mondes pour l&rsquo;achat de gaz naturel<\/span><\/h2>\n<h3><span style=\"color: #000daa;\">Maximisez l&rsquo;opportunit\u00e9 d&rsquo;affaires et minimisez les risques gr\u00e2ce \u00e0 la protection du prix<\/span><\/h3>\n<p>C&rsquo;est une solution qui vous offre le meilleur des deux mondes. La protection du prix pour le gaz naturel vous permet de ne jamais payer plus cher que votre prix maximum tout en tirant profits de la diminution possible des prix. En effet, vous pouvez contr\u00f4ler la somme que vous souhaitez payer tout en ne la d\u00e9passant jamais gr\u00e2ce \u00e0 la s\u00e9lection d&rsquo;un plafond sur l&rsquo;index NYMEX. Mieux encore: vous pouvez payer un prix plus bas et le bloquer \u00e0 ce niveau lorsque le march\u00e9 tombe jusqu&rsquo;\u00e0 atteindre votre prix d\u00e9sir\u00e9.<\/p>\n<p>&nbsp;<\/p>\n<h3><span style=\"color: #000daa;\">Pourquoi choisir la protection du prix pour le gaz naturel?<\/span><\/h3>\n<ul>\n<li>\n<h4><strong>L&rsquo;adaptabilit\u00e9 avec un filet de s\u00e9curit\u00e9:\u00a0<\/strong><\/h4>\n<\/li>\n<\/ul>\n<p>Nous pouvons vous aider la g\u00e9rer votre budget en \u00e9nergie lorsqu&rsquo;il est fixe gr\u00e2ce au service de protection du prix.<\/p>\n<ul>\n<li>\n<h4>D\u00e9terminez votre prix et oubliez-le:<\/h4>\n<\/li>\n<\/ul>\n<p>Soyez assur\u00e9s que votre prix d&rsquo;approvisionnement ne sera pas plus \u00e9lev\u00e9 qu&rsquo;attendu. Gr\u00e2ce au plafond sur le prix du gaz naturel, vous pourrez relaxer, car vous savez que, d\u00e9sormais, votre budget est \u00e0 l&rsquo;abri des variations brusques. Vous pourriez m\u00eame payer un prix moins \u00e9lev\u00e9 lorsque le march\u00e9 descend, le tout sans action de votre part.<\/p>\n<ul>\n<li>\n<h4>Obtention facile d&rsquo;un contrat \u00e0 prix fixe:<\/h4>\n<\/li>\n<\/ul>\n<p>Gr\u00e2ce \u00e0 nos experts, c&rsquo;est simple pour vous d&rsquo;obtenir un contrat \u00e0 prix fixe lorsque le march\u00e9 atteint un niveau avantageux. Lorsque le march\u00e9 atteint un prix souhait\u00e9, la protection du prix pour le gaz naturel vous permet de bloquer ce prix pour tout le reste de votre contrat.<\/p>\n<p>&nbsp;<\/p>\n<p>&nbsp;<\/p>\n<p>&nbsp;<\/p>\n","protected":false},"excerpt":{"rendered":"La protection du prix pour le gaz naturel vous permet de ne jamais payer plus cher que votre prix maximum tout en tirant profits de la diminution possible des prix. En effet, vous pouvez contr\u00f4ler la somme que vous souhaitez payer tout en ne la d\u00e9passant jamais gr\u00e2ce \u00e0 la s\u00e9lection d&rsquo;un plafond sur l&rsquo;index NYMEX.","protected":false},"featured_media":18278,"template":"","meta":{"_acf_changed":false,"content-type":""},"product_brand":[],"product_cat":[78],"product_tag":[],"class_list":{"0":"post-26147","1":"product","2":"type-product","3":"status-publish","4":"has-post-thumbnail","6":"product_cat-transport-au-gaz-naturel","8":"first","9":"instock","10":"taxable","11":"shipping-taxable","12":"product-type-simple"},"acf":[],"_links":{"self":[{"href":"https:\/\/biogasworld.com\/fr\/wp-json\/wp\/v2\/product\/26147","targetHints":{"allow":["GET"]}}],"collection":[{"href":"https:\/\/biogasworld.com\/fr\/wp-json\/wp\/v2\/product"}],"about":[{"href":"https:\/\/biogasworld.com\/fr\/wp-json\/wp\/v2\/types\/product"}],"wp:featuredmedia":[{"embeddable":true,"href":"https:\/\/biogasworld.com\/fr\/wp-json\/wp\/v2\/media\/18278"}],"wp:attachment":[{"href":"https:\/\/biogasworld.com\/fr\/wp-json\/wp\/v2\/media?parent=26147"}],"wp:term":[{"taxonomy":"product_brand","embeddable":true,"href":"https:\/\/biogasworld.com\/fr\/wp-json\/wp\/v2\/product_brand?post=26147"},{"taxonomy":"product_cat","embeddable":true,"href":"https:\/\/biogasworld.com\/fr\/wp-json\/wp\/v2\/product_cat?post=26147"},{"taxonomy":"product_tag","embeddable":true,"href":"https:\/\/biogasworld.com\/fr\/wp-json\/wp\/v2\/product_tag?post=26147"}],"curies":[{"name":"wp","href":"https:\/\/api.w.org\/{rel}","templated":true}]}}