{"id":26149,"date":"2018-07-09T11:52:28","date_gmt":"2020-03-09T21:23:00","guid":{"rendered":"https:\/\/www.biogasworld.com\/?post_type=product&#038;p=26149\/"},"modified":"2024-02-21T14:06:01","modified_gmt":"2024-02-21T19:06:01","slug":"direct-energy-service-gasportfolio","status":"publish","type":"product","link":"https:\/\/biogasworld.com\/fr\/product\/transport-au-gaz-naturel\/direct-energy-service-gasportfolio\/","title":{"rendered":"Service GasPortfolio"},"content":{"rendered":"<h2><span style=\"color: #000daa;\">Vos d\u00e9penses en gaz naturel sont \u00e9lev\u00e9es. Comme votre occasion d&rsquo;affaires.<\/span><\/h2>\n<h3><span style=\"color: #000daa;\">Acquisition personnalis\u00e9e de gaz naturel et consultation individuelle<\/span><\/h3>\n<p>Vous garder \u00e0 jour sur les occasions d&rsquo;affaires qu&rsquo;offre le march\u00e9 du gaz naturel et vous prot\u00e9ger des variations de celui-ci prend du temps et peut \u00eatre difficile. Gr\u00e2ce au service GasPortfolio de Direct Energy, votre acquisition de gaz naturel devient plus qu&rsquo;un achat. C&rsquo;est aussi une strat\u00e9gie compl\u00e8te en \u00e9nergie.<\/p>\n<p>&nbsp;<\/p>\n<h4>Service recommand\u00e9 pour les entreprises qui ont:<\/h4>\n<ul>\n<li>Des exigences de volumes \u00e9lev\u00e9es, soit de 50 000 Dth ou plus haut<\/li>\n<li>Plusieurs sites et locations (des comptes nationaux)<\/li>\n<li>Une gestion en \u00e9nergie dans l&rsquo;entreprise (une \u00e9quipe ou un individu)<\/li>\n<li>La volont\u00e9 de g\u00e9rer activement une strat\u00e9gie en \u00e9nergie<\/li>\n<li>Le besoin de rationaliser l&rsquo;information commerciale et la cr\u00e9ation de rapports<\/li>\n<\/ul>\n<p>&nbsp;<\/p>\n<h4>Pourquoi devriez-vous choisir le service GasPortfolio pour votre strat\u00e9gie en \u00e9nergie?<\/h4>\n<ul>\n<li>Pour recevoir un soutien personnalis\u00e9 adapt\u00e9 aux caract\u00e9ristiques de votre entreprise<\/li>\n<li>Pour profiter d&rsquo;un service de veille active du march\u00e9 et de votre compte pour vous aider \u00e0 effectuer des d\u00e9cisions critiques et vous notifier quand vous devez r\u00e9aliser une action<\/li>\n<li>Pour avoir l&rsquo;occasion d&rsquo;optimiser vos d\u00e9penses en \u00e9nergie gr\u00e2ce \u00e0 des statistiques proactives, personnalis\u00e9es et des rapports<\/li>\n<li>Pour avoir une \u00e9quipe de professionnels en \u00e9nergie pour travailler avec vers vos objectifs<\/li>\n<\/ul>\n<p>&nbsp;<\/p>\n","protected":false},"excerpt":{"rendered":"Vous garder \u00e0 jour sur les occasions d&rsquo;affaires qu&rsquo;offre le march\u00e9 du gaz naturel et vous prot\u00e9ger des variations de celui-ci prend du temps et peut \u00eatre difficile. Gr\u00e2ce au service GasPortfolio de Direct Energy, votre acquisition de gaz naturel devient plus qu&rsquo;un achat. C&rsquo;est aussi une strat\u00e9gie compl\u00e8te en \u00e9nergie.","protected":false},"featured_media":18275,"template":"","meta":{"_acf_changed":false,"content-type":""},"product_brand":[],"product_cat":[78],"product_tag":[],"class_list":{"0":"post-26149","1":"product","2":"type-product","3":"status-publish","4":"has-post-thumbnail","6":"product_cat-transport-au-gaz-naturel","8":"first","9":"instock","10":"taxable","11":"shipping-taxable","12":"product-type-simple"},"acf":[],"_links":{"self":[{"href":"https:\/\/biogasworld.com\/fr\/wp-json\/wp\/v2\/product\/26149","targetHints":{"allow":["GET"]}}],"collection":[{"href":"https:\/\/biogasworld.com\/fr\/wp-json\/wp\/v2\/product"}],"about":[{"href":"https:\/\/biogasworld.com\/fr\/wp-json\/wp\/v2\/types\/product"}],"wp:featuredmedia":[{"embeddable":true,"href":"https:\/\/biogasworld.com\/fr\/wp-json\/wp\/v2\/media\/18275"}],"wp:attachment":[{"href":"https:\/\/biogasworld.com\/fr\/wp-json\/wp\/v2\/media?parent=26149"}],"wp:term":[{"taxonomy":"product_brand","embeddable":true,"href":"https:\/\/biogasworld.com\/fr\/wp-json\/wp\/v2\/product_brand?post=26149"},{"taxonomy":"product_cat","embeddable":true,"href":"https:\/\/biogasworld.com\/fr\/wp-json\/wp\/v2\/product_cat?post=26149"},{"taxonomy":"product_tag","embeddable":true,"href":"https:\/\/biogasworld.com\/fr\/wp-json\/wp\/v2\/product_tag?post=26149"}],"curies":[{"name":"wp","href":"https:\/\/api.w.org\/{rel}","templated":true}]}}