{"id":26150,"date":"2018-07-09T11:49:49","date_gmt":"2020-03-09T21:44:15","guid":{"rendered":"https:\/\/www.biogasworld.com\/?post_type=product&#038;p=26150\/"},"modified":"2024-02-21T14:06:08","modified_gmt":"2024-02-21T19:06:08","slug":"direct-energy-prix-de-lindice-du-gaz-naturel","status":"publish","type":"product","link":"https:\/\/biogasworld.com\/fr\/product\/uncategorized\/direct-energy-prix-de-lindice-du-gaz-naturel\/","title":{"rendered":"Prix de l&rsquo;Indice du gaz naturel"},"content":{"rendered":"<h2><span style=\"color: #000daa;\">Maximisez vos occasions d&rsquo;affaires sur le march\u00e9<\/span><\/h2>\n<h3><span style=\"color: #000daa;\">Obtenez un prix concurrentiel et capitalisez sur la valeur sur le march\u00e9<\/span><\/h3>\n<p>Le march\u00e9 du gaz naturel varie, comme tous les autres march\u00e9s. C&rsquo;est l&rsquo;occasion d&rsquo;obtenir des prix avantageux. Notre Prix de l&rsquo;Indice du gaz naturel vous offre une marge de manoeuvre pour obtenir des prix concurrentiels et capitaliser sur les occasions d&rsquo;affaires offertes sur le march\u00e9.<\/p>\n<p>Le service de Prix de l&rsquo;Indice du gaz naturel vous permet de tirer profit des chutes de prix. Vous pouvez surfer sur les prix du march\u00e9 qui correspondent \u00e0 un Prix de l&rsquo;Indice du gaz naturel transparent et publi\u00e9 lorsque vous surveillez le march\u00e9 \u00e0 la recherche d&rsquo;un occasion d&rsquo;acheter quand les prix sont bas.<\/p>\n<p>&nbsp;<\/p>\n<h3><span style=\"color: #000daa;\">Pourquoi devriez-vous choisir un Prix de l&rsquo;Indice du gaz naturel?<\/span><\/h3>\n<p>Les variations du march\u00e9 du gaz naturel peut offrir des occasions d&rsquo;affaires int\u00e9ressantes lorsque les prix descendent et deviennent avantageux. Vous pouvez surfer sur les taux du march\u00e9 lorsque vous surveillez le march\u00e9 \u00e0 la recherche d&rsquo;une occasion d&rsquo;affaires lorsque les prix sont au niveau souhait\u00e9.<\/p>\n","protected":false},"excerpt":{"rendered":"C&rsquo;est l&rsquo;occasion d&rsquo;obtenir des prix avantageux. Notre Prix de l&rsquo;Indice du gaz naturel vous offre une marge de manoeuvre pour obtenir des prix concurrentiels et capitaliser sur les occasions d&rsquo;affaires offertes sur le march\u00e9. Le service de Prix de l&rsquo;Indice du gaz naturel vous permet de tirer profit des chutes de prix. Vous pouvez surfer sur les prix du march\u00e9 qui correspondent \u00e0 un Prix de l&rsquo;Indice du gaz naturel transparent et publi\u00e9 lorsque vous surveillez le march\u00e9 \u00e0 la recherche d&rsquo;un occasion d&rsquo;acheter quand les prix sont bas.","protected":false},"featured_media":18271,"template":"","meta":{"_acf_changed":false,"content-type":""},"product_brand":[],"product_cat":[484],"product_tag":[],"class_list":{"0":"post-26150","1":"product","2":"type-product","3":"status-publish","4":"has-post-thumbnail","6":"product_cat-uncategorized","8":"first","9":"instock","10":"taxable","11":"shipping-taxable","12":"product-type-simple"},"acf":[],"_links":{"self":[{"href":"https:\/\/biogasworld.com\/fr\/wp-json\/wp\/v2\/product\/26150","targetHints":{"allow":["GET"]}}],"collection":[{"href":"https:\/\/biogasworld.com\/fr\/wp-json\/wp\/v2\/product"}],"about":[{"href":"https:\/\/biogasworld.com\/fr\/wp-json\/wp\/v2\/types\/product"}],"wp:featuredmedia":[{"embeddable":true,"href":"https:\/\/biogasworld.com\/fr\/wp-json\/wp\/v2\/media\/18271"}],"wp:attachment":[{"href":"https:\/\/biogasworld.com\/fr\/wp-json\/wp\/v2\/media?parent=26150"}],"wp:term":[{"taxonomy":"product_brand","embeddable":true,"href":"https:\/\/biogasworld.com\/fr\/wp-json\/wp\/v2\/product_brand?post=26150"},{"taxonomy":"product_cat","embeddable":true,"href":"https:\/\/biogasworld.com\/fr\/wp-json\/wp\/v2\/product_cat?post=26150"},{"taxonomy":"product_tag","embeddable":true,"href":"https:\/\/biogasworld.com\/fr\/wp-json\/wp\/v2\/product_tag?post=26150"}],"curies":[{"name":"wp","href":"https:\/\/api.w.org\/{rel}","templated":true}]}}