{"id":26241,"date":"2017-08-25T14:51:48","date_gmt":"2020-03-17T15:34:24","guid":{"rendered":"https:\/\/www.biogasworld.com\/?post_type=product&#038;p=26241\/"},"modified":"2025-01-07T17:54:58","modified_gmt":"2025-01-07T22:54:58","slug":"technologie-de-raffinage-du-biogaz","status":"publish","type":"product","link":"https:\/\/biogasworld.com\/fr\/product\/valorisation-du-biogaz\/raffinage\/technologie-de-raffinage-du-biogaz\/","title":{"rendered":"Valorisation du biogaz et r\u00e9cup\u00e9ration du CO2"},"content":{"rendered":"<h2><span style=\"color: #000daa;\">Technologie de raffinage du biogaz \u00e0 membranes<\/span><\/h2>\n<p>Une s\u00e9paration efficace du CO2 et du CH4 n\u00e9cessite d&rsquo;abord le retrait des impuret\u00e9s, ce qui est r\u00e9alis\u00e9 gr\u00e2ce au charbon actif. C&rsquo;est l&rsquo;utilisation de membranes qui permet la s\u00e9paration du CH4 et du CO2. Le biogaz \u00e0 haute pression est ins\u00e9r\u00e9 dans la membrane. Par la suite, le CO2 passe \u00e0 travers la surface de la membrane pour atteindre le perm\u00e9at, soit le c\u00f4t\u00e9 de la membrane avec la pression la plus faible, plus rapidement que le CH4. La pression dans les membranes s&rsquo;ajuste, donc une pression plus \u00e9lev\u00e9e poussera davantage de CO2 \u00e0 travers la surface de la membrane.<\/p>\n<p>La d\u00e9charge de la membrane (la r\u00e9tentat) contient principalement du CH4 lorsque le CO2 est pouss\u00e9 \u00e0 travers la surface de la membrane. Le gaz riche en CO2 sort de la membrane du c\u00f4t\u00e9 o\u00f9 la pression est plus faible (perm\u00e9at).<\/p>\n<p><img loading=\"lazy\" decoding=\"async\" class=\"alignnone\" src=\"https:\/\/biogasworld.com\/wp-content\/uploads\/2017\/08\/Capture-de%CC%81cran-2017-08-25-14.55.11.png\" alt=\"Pentair - Technologie de raffinage du biogaz \" width=\"588\" height=\"233\" \/><\/p>\n<p>&nbsp;<\/p>\n<h3><span style=\"color: #000daa;\">Technologie cryog\u00e9nique pour les usines de biogaz<\/span><\/h3>\n<p>La technologie de Pentair va un pas plus loin. En effet, elle r\u00e9cup\u00e8re le CO2 apr\u00e8s la s\u00e9paration par la membrane. Cette technologie r\u00e9cup\u00e8re, en effet, 100% du CH4 en produisant du CO2 100% pur et en envoyant toutes les impuret\u00e9s, dont le CH4, vers le syst\u00e8me de membranes plut\u00f4t que de r\u00e9duire les \u00e9missions de CH4 en br\u00fblant le flux riche en CO2 qui provient de celui-ci. Pentair r\u00e9cup\u00e8re les glissements de CH4 provenant de l&rsquo;unit\u00e9 de membrane et offre la possibilit\u00e9 de produire un second produit, soit le CO2 vert, \u00e0 partir du biogaz naturel. Les co\u00fbts du syst\u00e8me de r\u00e9cup\u00e9ration de CO2 s\u00e9pare efficacement le CO2 du flux de gaz, ce qui permet de r\u00e9cup\u00e9rer 100% du CH4 et de la production de CO2 vert.<\/p>\n<p>Cette technologie comprime, purifie, d\u00e9shumidifie et liqu\u00e9fie le CO2. Lorsque le CO2 sous forme de gaz est rejet\u00e9 dans l&rsquo;atmosph\u00e8re, le CO2 sous forme liquide est r\u00e9utilis\u00e9 dans le syst\u00e8me pour \u00e9conomiser de l&rsquo;\u00e9nergie. Cela permet d&rsquo;effectuer une s\u00e9paration du CH4 et CO2 avec un bon rapport co\u00fbt\/efficacit\u00e9. La vente de CO2 \u00e0 l&rsquo;\u00e9tat liquide n\u00e9cessite une unit\u00e9 de refroidissement suppl\u00e9mentaire et un r\u00e9servoir de stockage. Ces syst\u00e8mes suppl\u00e9mentaires fait augmenter la consommation en \u00e9lectricit\u00e9, mais permet le gain d&rsquo;un second produit qui couvre ces co\u00fbts.<\/p>\n<p>&nbsp;<\/p>\n<h3><span style=\"color: #000daa;\">Solutions et applications<\/span><\/h3>\n<p>Pentair propose des solutions innovatrices pour le raffinage du biogaz et la r\u00e9cup\u00e9ration du CO2 dans une usine de biogaz. Ces solutions utilisent les membranes et les technologies cryog\u00e9niques.\u00a0 Consultez le tableau suivant pour obtenir un aper\u00e7u de notre portfolio de produits.<\/p>\n<p><img loading=\"lazy\" decoding=\"async\" class=\"alignnone\" src=\"https:\/\/biogasworld.com\/wp-content\/uploads\/2017\/08\/Capture-de%CC%81cran-2017-08-25-14.57.45.png\" alt=\"Pentair - Technologie de raffinage du biogaz - Solutions et applications\" width=\"614\" height=\"238\" \/><\/p>\n<p>&nbsp;<\/p>\n<h4><span style=\"color: #000000;\">Notre technologie de raffinage du biogaz<\/span><\/h4>\n<ul>\n<li><strong>Syst\u00e8me standard<\/strong><\/li>\n<\/ul>\n<p>Le syst\u00e8me standard utilise la technologie de membranes pour raffiner le biogaz et le transformer en biom\u00e9thane, et ce, sans possibilit\u00e9 de r\u00e9cup\u00e9rer le CO2.<\/p>\n<ul>\n<li><strong>Syst\u00e8me avanc\u00e9<\/strong><\/li>\n<\/ul>\n<p>Ce syst\u00e8me utilise les technologies de membranes et de cryog\u00e9nies pour permettre, aux clients, de produire du biom\u00e9thane sans glissement de m\u00e9thane. Le CO2 produit est utilis\u00e9 pour r\u00e9duire la consommation d&rsquo;\u00e9nergie durant le proc\u00e9d\u00e9 de raffinage.<\/p>\n<ul>\n<li><strong>Syst\u00e8me avanc\u00e9 plus<\/strong><\/li>\n<\/ul>\n<p>Le syst\u00e8me avanc\u00e9 plus utilise les technologies de membranes et de cryog\u00e9nie pour \u00e9liminer tout glissement de membranes. Le sous-produit de CO2 est r\u00e9cup\u00e9r\u00e9 et liqu\u00e9fi\u00e9 pour de multiples autres utilisations.<\/p>\n<p>&nbsp;<\/p>\n<h4>Une solution audacieuse pour la r\u00e9cup\u00e9ration du CO2 pour les usines de raffinage du biogaz existantes<\/h4>\n<p>Ce syst\u00e8me compact et ferm\u00e9 pour la r\u00e9cup\u00e9ration du CO2 peut \u00eatre raccord\u00e9 \u00e0 n&rsquo;importe quelle usine biogaz existante pour minimiser l&#8217;empreinte CO2 de l&rsquo;usine et il permet, \u00e0 son propri\u00e9taire, de choisir parmi un plus grand nombre d&rsquo;intrants. Le CO2 r\u00e9cup\u00e9r\u00e9 a une vari\u00e9t\u00e9 d&rsquo;applications possibles, dont le fertilisant ou la production de glace s\u00e8che. Le CO2 liqu\u00e9fi\u00e9 peut \u00eatre vendu \u00e0 des partis tiers parce qu&rsquo;il r\u00e9pond aux sp\u00e9cifications EIGA.<\/p>\n<p>&nbsp;<\/p>\n<h3><span style=\"color: #000daa;\">Avantages<\/span><\/h3>\n<h4>Avantages de la technologie de raffinage du biogaz<\/h4>\n<ul>\n<li>Rendement CH4 maximum<\/li>\n<li>Aucun glissement de CH4<\/li>\n<li>Aucune utilisation chimique<\/li>\n<li>CO2 vert comme produit rentable<\/li>\n<li>Plusieurs configurations des syst\u00e8mes<\/li>\n<li>Solutions compactes<\/li>\n<li>Entente pour un service complet<\/li>\n<\/ul>\n<h4><\/h4>\n<h4>Avantages de la technologie de membranes<\/h4>\n<ul>\n<li>Aucun produit chimique ou m\u00e9dia suppl\u00e9mentaires<\/li>\n<li>S\u00e9paration efficace \u00e9nerg\u00e9tiquement du CH4 du CO2<\/li>\n<li>S\u00e9paration \u00e0 temp\u00e9ratures ambiantes<\/li>\n<li>Proc\u00e9d\u00e9 de s\u00e9paration en continu<\/li>\n<li>Aucune chaleur requise<\/li>\n<li>Conception modulaire compacte, adaptable et extensible<\/li>\n<li>Bon rapport co\u00fbts\/efficacit\u00e9 pour des capacit\u00e9s plus petites<\/li>\n<li>Bon rapport co\u00fbts\/efficacit\u00e9 du retrait de CO2<\/li>\n<\/ul>\n","protected":false},"excerpt":{"rendered":"<strong>Usine de valorisation du biogaz :<\/strong> Valorise le biogaz de mani\u00e8re \u00e9conome en \u00e9nergie et capture le CO2 des sous-produits avec la technologie de r\u00e9cup\u00e9ration du CO2 de Pentair.\r\n\r\n<strong>R\u00e9cup\u00e9ration du CO2\u00a0:<\/strong> R\u00e9cup\u00e9rez le CO2 des sous-produits lors de la valorisation de votre biogaz.\r\n\r\n<strong>Contr\u00f4le de la qualit\u00e9\u00a0:<\/strong> G\u00e9rez les niveaux de contamination des compos\u00e9s organiques volatiles (COV) de votre biogaz.","protected":false},"featured_media":31305,"template":"","meta":{"_acf_changed":false,"content-type":""},"product_brand":[],"product_cat":[610,79,97],"product_tag":[],"class_list":{"0":"post-26241","1":"product","2":"type-product","3":"status-publish","4":"has-post-thumbnail","6":"product_cat-captage-et-valorisation-du-c02","7":"product_cat-valorisation-du-biogaz","8":"product_cat-raffinage","10":"first","11":"instock","12":"taxable","13":"shipping-taxable","14":"product-type-simple"},"acf":[],"_links":{"self":[{"href":"https:\/\/biogasworld.com\/fr\/wp-json\/wp\/v2\/product\/26241","targetHints":{"allow":["GET"]}}],"collection":[{"href":"https:\/\/biogasworld.com\/fr\/wp-json\/wp\/v2\/product"}],"about":[{"href":"https:\/\/biogasworld.com\/fr\/wp-json\/wp\/v2\/types\/product"}],"wp:featuredmedia":[{"embeddable":true,"href":"https:\/\/biogasworld.com\/fr\/wp-json\/wp\/v2\/media\/31305"}],"wp:attachment":[{"href":"https:\/\/biogasworld.com\/fr\/wp-json\/wp\/v2\/media?parent=26241"}],"wp:term":[{"taxonomy":"product_brand","embeddable":true,"href":"https:\/\/biogasworld.com\/fr\/wp-json\/wp\/v2\/product_brand?post=26241"},{"taxonomy":"product_cat","embeddable":true,"href":"https:\/\/biogasworld.com\/fr\/wp-json\/wp\/v2\/product_cat?post=26241"},{"taxonomy":"product_tag","embeddable":true,"href":"https:\/\/biogasworld.com\/fr\/wp-json\/wp\/v2\/product_tag?post=26241"}],"curies":[{"name":"wp","href":"https:\/\/api.w.org\/{rel}","templated":true}]}}