{"id":26269,"date":"2019-06-07T15:48:14","date_gmt":"2020-03-21T23:02:59","guid":{"rendered":"https:\/\/www.biogasworld.com\/?post_type=product&#038;p=26269\/"},"modified":"2023-02-28T17:33:14","modified_gmt":"2023-02-28T22:33:14","slug":"usines-de-transformation-de-dechets-en-biogaz","status":"publish","type":"product","link":"https:\/\/biogasworld.com\/fr\/product\/biomethanisation\/usines-de-transformation-de-dechets-en-biogaz\/","title":{"rendered":"Usines de transformation de d\u00e9chets en biogaz"},"content":{"rendered":"<h2><span style=\"color: #000daa;\">IES Biogas transforme les d\u00e9chets en \u00e9nergie renouvelable\u00a0<\/span><\/h2>\n<p>IES Biogas cr\u00e9\u00e9e des plateformes int\u00e9gr\u00e9es innovantes pour la gestion des d\u00e9chets solides urbains qui permettent d&rsquo;extraire des ressources et de l&rsquo;\u00e9nergie de ceux-ci. IES D\u00e9chets est la filiale qui se sp\u00e9cialise dans toutes les \u00e9tapes du cycle de la gestion des d\u00e9chets et du recyclage. L&rsquo;offre de services comprend la s\u00e9lection et la s\u00e9paration des d\u00e9chets, l&rsquo;application de divers traitements pour recycler les composants principaux (le papier, le carton, le plastique, l&rsquo;aluminium, le verre), la production d&rsquo;\u00e9nergie \u00e0 partir des mati\u00e8res organiques et le post-traitement des d\u00e9chets qui ne conviennent pas \u00e0 la digestion ana\u00e9robie.<\/p>\n<p>IES Biogas, gr\u00e2ce \u00e0 son d\u00e9partement de recherches et d\u00e9veloppement et \u00e0 son expertise, est capable d&rsquo;utiliser toutes les technologies disponibles sur le march\u00e9. L&rsquo;entreprise tient compte des caract\u00e9ristiques \u00e9conomiques, sociales, techniques et r\u00e9glementaires de chaque client, et ce, dans chaque partie du monde. IES Biogas garantit une exploitation cl\u00e9s en main, des \u00e9tudes pr\u00e9liminaires de faisabilit\u00e9 au soutien pendant tout le cycle de dur\u00e9e de l&rsquo;usine.<\/p>\n<p>&nbsp;<\/p>\n<h3><span style=\"color: #000daa;\">Pr\u00e9traitement: Fraction organique des d\u00e9chets solides municipaux<\/span><\/h3>\n<p>La fraction organique des d\u00e9chets solides municipaux s\u00e9par\u00e9s et collect\u00e9s a une grande valeur. Avant que la fraction organique des d\u00e9chets solides municipaux ne soit envoy\u00e9e en digestion ana\u00e9robie, elle doit \u00eatre d\u00e9chiquet\u00e9e, puis soumise \u00e0 un proc\u00e9d\u00e9 qui permet d&rsquo;enlever le plastique et autres d\u00e9chets non souhait\u00e9s. Ce traitement peut \u00eatre plus ou moins pouss\u00e9 selon la technologie utilis\u00e9e en aval du pr\u00e9traitement.<\/p>\n<p>&nbsp;<\/p>\n<p><a href=\"https:\/\/biogasworld.com\/wp-content\/uploads\/2019\/06\/IES-Usines-de-transformation-de-d\u00e9chets-en-biogaz.png\"><img loading=\"lazy\" decoding=\"async\" class=\"aligncenter wp-image-26272\" src=\"https:\/\/biogasworld.com\/wp-content\/uploads\/2019\/06\/IES-Usines-de-transformation-de-d\u00e9chets-en-biogaz.png\" alt=\"IES Biogas - Usines de transformation de d\u00e9chets en biogaz - Pr\u00e9traitement: Fraction organique des d\u00e9chets solides municipaux\" width=\"620\" height=\"439\" srcset=\"https:\/\/biogasworld.com\/wp-content\/uploads\/2019\/06\/IES-Usines-de-transformation-de-d\u00e9chets-en-biogaz.png 845w, https:\/\/biogasworld.com\/wp-content\/uploads\/2019\/06\/IES-Usines-de-transformation-de-d\u00e9chets-en-biogaz-250x177.png 250w\" sizes=\"auto, (max-width: 620px) 100vw, 620px\" \/><\/a><\/p>\n<p>&nbsp;<\/p>\n<p>&nbsp;<\/p>\n<h3><span style=\"color: #000daa;\">Pr\u00e9traitement: D\u00e9chets solides municipaux<\/span><\/h3>\n<p>Les d\u00e9chets solides municipaux, c&rsquo;est les d\u00e9chets qui ont \u00e9t\u00e9 collet\u00e9s avant d&rsquo;\u00eatre s\u00e9par\u00e9s. Dans ce cas, les d\u00e9chets sont soumis \u00e0 une longue s\u00e9rie de proc\u00e9d\u00e9s m\u00e9caniques pour:<\/p>\n<ul>\n<li>s\u00e9parer la fraction s\u00e8che, dont:\n<ul>\n<li>les mati\u00e8res recyclages dont le papier, le verre, le plastique et les m\u00e9taux;<\/li>\n<li>d&rsquo;autres mati\u00e8res \u00e0 haute valeur calorifique adapt\u00e9es \u00e0 la production de combustible d\u00e9riv\u00e9 des d\u00e9chets.<\/li>\n<\/ul>\n<\/li>\n<li>pr\u00e9parer la fraction organique des d\u00e9chets \u00e0 \u00eatre envoy\u00e9e au traitement par digestion ana\u00e9robie et au compostage ult\u00e9rieur.<\/li>\n<\/ul>\n<p><a href=\"https:\/\/biogasworld.com\/wp-content\/uploads\/2019\/06\/IES-biogas-Usines-de-transformation-de-d\u00e9chets-en-biogaz-D\u00e9chets-solides-municipaux.jpg\"><img loading=\"lazy\" decoding=\"async\" class=\"aligncenter wp-image-26274\" src=\"https:\/\/biogasworld.com\/wp-content\/uploads\/2019\/06\/IES-biogas-Usines-de-transformation-de-d\u00e9chets-en-biogaz-D\u00e9chets-solides-municipaux.jpg\" alt=\"IES-biogas-Usines de transformation de d\u00e9chets en biogaz-D\u00e9chets solides municipaux - Pr\u00e9traitement: D\u00e9chets solides municipaux\" width=\"590\" height=\"410\" srcset=\"https:\/\/biogasworld.com\/wp-content\/uploads\/2019\/06\/IES-biogas-Usines-de-transformation-de-d\u00e9chets-en-biogaz-D\u00e9chets-solides-municipaux.jpg 882w, https:\/\/biogasworld.com\/wp-content\/uploads\/2019\/06\/IES-biogas-Usines-de-transformation-de-d\u00e9chets-en-biogaz-D\u00e9chets-solides-municipaux-250x173.jpg 250w\" sizes=\"auto, (max-width: 590px) 100vw, 590px\" \/><\/a><\/p>\n<p>&nbsp;<\/p>\n<p>&nbsp;<\/p>\n<p>&nbsp;<\/p>\n<h3><span style=\"color: #000daa;\">Digestion ana\u00e9robie<\/span><\/h3>\n<h4>Proc\u00e9d\u00e9 par voie humide<\/h4>\n<p>Dans les proc\u00e9d\u00e9s par voie humide, la digestion ana\u00e9robie se produit dans le r\u00e9acteur continu agit\u00e9, des cuves de m\u00e9lange cylindriques chauff\u00e9es, dans un milieu caract\u00e9ris\u00e9 par la pr\u00e9sence de 10% ou moins de mati\u00e8res s\u00e8ches. Ce proc\u00e9d\u00e9 peut se produire dans des conditions thermophiles ou m\u00e9sophiles avec un temps de r\u00e9tention variant de 15 \u00e0 30 jours.<\/p>\n<p><a href=\"https:\/\/biogasworld.com\/wp-content\/uploads\/2019\/06\/IES-Biogas-.Usines-de-transformation-de-d\u00e9chets-en-biogaz-fraction-organique.png\"><img loading=\"lazy\" decoding=\"async\" class=\"aligncenter wp-image-26276\" src=\"https:\/\/biogasworld.com\/wp-content\/uploads\/2019\/06\/IES-Biogas-.Usines-de-transformation-de-d\u00e9chets-en-biogaz-fraction-organique.png\" alt=\"IES Biogas- Usines de transformation de d\u00e9chets en biogaz- Proc\u00e9d\u00e9 par voie humide\" width=\"598\" height=\"505\" srcset=\"https:\/\/biogasworld.com\/wp-content\/uploads\/2019\/06\/IES-Biogas-.Usines-de-transformation-de-d\u00e9chets-en-biogaz-fraction-organique.png 891w, https:\/\/biogasworld.com\/wp-content\/uploads\/2019\/06\/IES-Biogas-.Usines-de-transformation-de-d\u00e9chets-en-biogaz-fraction-organique-250x211.png 250w\" sizes=\"auto, (max-width: 598px) 100vw, 598px\" \/><\/a><\/p>\n<p>&nbsp;<\/p>\n<h4>Proc\u00e9d\u00e9 semi-sec<\/h4>\n<p>Les proc\u00e9d\u00e9s par voie semi-s\u00e8che consistent en une digestion ana\u00e9robie qui prend place dans un milieu avec un contenu en mati\u00e8res s\u00e8ches d&rsquo;entre 20 et 40%, et se produit dans des conditions thermophiles. Dans ce cas, le temps de r\u00e9tention se situe entre 15 et 20 jours.\u00a0Ce type de syst\u00e8mes est connu sous le nom de digesteurs plug-flow parce que la biomasse n&rsquo;avance que gr\u00e2ce \u00e0 l&rsquo;entr\u00e9e de biomasse fra\u00eeche et \u00e0 l&rsquo;extraction de digestat d\u00e9j\u00e0 utilis\u00e9.<\/p>\n<p>Contrairement \u00e0 l&rsquo;opinion populaire, ces digesteurs ne sont pas mixes. Toutefois, ils sont \u00e9quip\u00e9s d&rsquo;un syst\u00e8me pour le mouvement du digestat qui vous permet de chauffer la biomasse et de faire lever le biogaz.<\/p>\n<p><a href=\"https:\/\/biogasworld.com\/wp-content\/uploads\/2019\/06\/IES-biogas-Usines-de-transformation-de-d\u00e9chets-en-biogaz_Proc\u00e9d\u00e9-semi-s\u00e8che.png\"><img loading=\"lazy\" decoding=\"async\" class=\"aligncenter wp-image-26278\" src=\"https:\/\/biogasworld.com\/wp-content\/uploads\/2019\/06\/IES-biogas-Usines-de-transformation-de-d\u00e9chets-en-biogaz_Proc\u00e9d\u00e9-semi-s\u00e8che.png\" alt=\"IES biogas-Usines de transformation de d\u00e9chets en biogaz - Proc\u00e9d\u00e9 semi-s\u00e8che\" width=\"560\" height=\"401\" srcset=\"https:\/\/biogasworld.com\/wp-content\/uploads\/2019\/06\/IES-biogas-Usines-de-transformation-de-d\u00e9chets-en-biogaz_Proc\u00e9d\u00e9-semi-s\u00e8che.png 949w, https:\/\/biogasworld.com\/wp-content\/uploads\/2019\/06\/IES-biogas-Usines-de-transformation-de-d\u00e9chets-en-biogaz_Proc\u00e9d\u00e9-semi-s\u00e8che-250x179.png 250w\" sizes=\"auto, (max-width: 560px) 100vw, 560px\" \/><\/a><\/p>\n<p>&nbsp;<\/p>\n<p>&nbsp;<\/p>\n<h3><span style=\"color: #000daa;\">Recyclage d&rsquo;\u00e9nergie<\/span><\/h3>\n<p>Selon les circonstances, le biogaz produit par une usine de digestion ana\u00e9robie peut \u00eatre transform\u00e9 en \u00e9nergie \u00e9lectrique ou thermique, ou \u00eatre raffin\u00e9 puis trait\u00e9 pour la production de biom\u00e9thane. Peu importe l&rsquo;utilisation souhait\u00e9e, le biogaz doit passer par des traitements de d\u00e9sulfuration et de d\u00e9shumidification pour atteindre les exigences n\u00e9cessaires au proc\u00e9d\u00e9s de recyclage.<\/p>\n<p>&nbsp;<\/p>\n<h3><span style=\"color: #000daa;\">Post-traitement<\/span><\/h3>\n<p>Le digestat obtenu comme r\u00e9sultat du proc\u00e9d\u00e9 d&rsquo;une usine de digestion ana\u00e9robie doit passer par d&rsquo;autres traitements ana\u00e9robies pour obtenir une mati\u00e8re stable, min\u00e9ralis\u00e9e, d\u00e9sinfect\u00e9e et verte. Selon la technologie de digestion ana\u00e9robie utilis\u00e9e et les matrices disponibles, le digestat comme tel, ou sous forme semi-solide, est m\u00e9lang\u00e9 \u00e0 du mat\u00e9riel lignocellulosique (structurant), puis envoy\u00e9 au compostage. Selon les co\u00fbts d&rsquo;exploitation, toute fraction liquide est soit envoy\u00e9e pour le proc\u00e9d\u00e9 externe ou trait\u00e9 in situ dans une usine de raffinage du biogaz.<\/p>\n<p>&nbsp;<\/p>\n<h3 style=\"text-align: center;\"><a href=\"http:\/\/www.iesbiogas.it\/en\"><strong>Lisez plus sur le site Web de IES Biogas<\/strong><\/a><\/h3>\n<p>&nbsp;<\/p>\n<p>&nbsp;<\/p>\n","protected":false},"excerpt":{"rendered":"<strong>IES BIOGAS<\/strong>\u00a0est sp\u00e9cialis\u00e9e dans la conception, la fourniture, la construction, la gestion et la maintenance de centrales \u00e9lectriques \u00e0 \u00e9nergie renouvelable et de centres de valorisation \u00e9nerg\u00e9tique des d\u00e9chets.","protected":false},"featured_media":23666,"template":"","meta":{"_acf_changed":false,"content-type":""},"product_brand":[],"product_cat":[145,77],"product_tag":[],"class_list":{"0":"post-26269","1":"product","2":"type-product","3":"status-publish","4":"has-post-thumbnail","6":"product_cat-anaerobic-digestion","7":"product_cat-biomethanisation","9":"first","10":"instock","11":"taxable","12":"shipping-taxable","13":"product-type-simple"},"acf":[],"_links":{"self":[{"href":"https:\/\/biogasworld.com\/fr\/wp-json\/wp\/v2\/product\/26269","targetHints":{"allow":["GET"]}}],"collection":[{"href":"https:\/\/biogasworld.com\/fr\/wp-json\/wp\/v2\/product"}],"about":[{"href":"https:\/\/biogasworld.com\/fr\/wp-json\/wp\/v2\/types\/product"}],"wp:featuredmedia":[{"embeddable":true,"href":"https:\/\/biogasworld.com\/fr\/wp-json\/wp\/v2\/media\/23666"}],"wp:attachment":[{"href":"https:\/\/biogasworld.com\/fr\/wp-json\/wp\/v2\/media?parent=26269"}],"wp:term":[{"taxonomy":"product_brand","embeddable":true,"href":"https:\/\/biogasworld.com\/fr\/wp-json\/wp\/v2\/product_brand?post=26269"},{"taxonomy":"product_cat","embeddable":true,"href":"https:\/\/biogasworld.com\/fr\/wp-json\/wp\/v2\/product_cat?post=26269"},{"taxonomy":"product_tag","embeddable":true,"href":"https:\/\/biogasworld.com\/fr\/wp-json\/wp\/v2\/product_tag?post=26269"}],"curies":[{"name":"wp","href":"https:\/\/api.w.org\/{rel}","templated":true}]}}