{"id":26280,"date":"2019-06-07T14:36:02","date_gmt":"2020-03-22T21:08:47","guid":{"rendered":"https:\/\/www.biogasworld.com\/?post_type=product&#038;p=26280\/"},"modified":"2023-03-01T15:41:19","modified_gmt":"2023-03-01T20:41:19","slug":"usines-de-biogaz-agriculture-et-agro-industriel","status":"publish","type":"product","link":"https:\/\/biogasworld.com\/fr\/product\/biomethanisation\/usines-de-biogaz-agriculture-et-agro-industriel\/","title":{"rendered":"Usines de biogaz &#8211; Agriculture et agro-industriel"},"content":{"rendered":"<h2><span style=\"color: #000daa;\">Robuste, r\u00e9active et adaptable: l&rsquo;entreprise leader en usines de biogaz et biom\u00e9thane<\/span><\/h2>\n<p>IES pour l&rsquo;industrie agroalimentaire et industrielle est une filiale sp\u00e9cialis\u00e9e dans la conception, la construction, la gestion et le soutien d&rsquo;usines de biogaz\/biom\u00e9thane pour les secteurs agricoles et agro-industriels. Cette filiale peut offrir une gamme de solutions compl\u00e8tes et innovantes pour de multiples applications. La technologie IES Biogas, modulaire et adaptable, est un compl\u00e9ment naturel pour une compagnie moderne en agro-zootechnique.<\/p>\n<p>Le biogaz est l&rsquo;une des sources de production d&rsquo;\u00e9nergie renouvelable les plus utilis\u00e9es. Cette \u00e9nergie est obtenue par la d\u00e9gradation de plusieurs substances organiques dans un milieu sans oxyg\u00e8ne (digestion ana\u00e9robie), ce qui est possible gr\u00e2ce \u00e0 l&rsquo;action de plusieurs agents bact\u00e9riologiques. Le r\u00e9sidu ferment\u00e9 est connu sous le nom de digestat, une mati\u00e8re liquide et sans odeur qui a une grande valeur \u00e9conomique et plusieurs caract\u00e9ristiques sup\u00e9rieures \u00e0 la mati\u00e8re initiale. Le biogaz poss\u00e8de une chaleur de combustion \u00e9lev\u00e9e et il peut \u00eatre converti en \u00e9lectricit\u00e9, puis utilis\u00e9 pour le chauffage r\u00e9sidentiel.<\/p>\n<p>IES Biogas est un chef de file technologie qui a install\u00e9 plus de 220 syst\u00e8mes partout au monde. L&rsquo;entreprise peut adopter toutes les technologies disponibles sur le march\u00e9 en tenant compte des caract\u00e9ristiques \u00e9conomiques, sociales, techniques et r\u00e9glementaires de chaque client, dans chaque partie du monde. IES Biogas garantie \u00e0 ses clients une implantation cl\u00e9s en main, de l&rsquo;\u00e9tape des \u00e9tudes pr\u00e9liminaires de faisabilit\u00e9 au soutien, et ce, pendant toute la dur\u00e9e du cycle de l&rsquo;usine.<\/p>\n<h3><\/h3>\n<h3><span style=\"color: #000daa;\">Biogaz, une nouvelle source de revenus pour votre compagnie\u00a0<\/span><\/h3>\n<p>L&rsquo;agriculture et les \u00e9leveurs ont, depuis toujours, int\u00e9gr\u00e9s des sous-produits agricoles dans leur cycle de production, surtout sous la forme de fertilisant. Aujourd&rsquo;hui, gr\u00e2ce \u00e0 l&rsquo;une de nos usines 100% efficaces, vous pouvez produire biogaz \u00e0 partir de sous-produits agricoles, d&rsquo;\u00e9levage ou des d\u00e9chets de production agroindustriels. C&rsquo;est une source d&rsquo;\u00e9nergie qui r\u00e9duit les co\u00fbts d&rsquo;approvisionnement en \u00e9nergie de votre compagnie et g\u00e9n\u00e8re une nouvelle source de revenus. L&rsquo;implantation d&rsquo;une usine biogaz ou biom\u00e9thane stimule \u00e9galement l&rsquo;innovation et rend votre compagnie moderne et efficace.<\/p>\n<p>&nbsp;<\/p>\n<p><img loading=\"lazy\" decoding=\"async\" class=\"aligncenter wp-image-23649\" src=\"https:\/\/biogasworld.com\/wp-content\/uploads\/2019\/06\/ies-biogas-Biogas-Plants-Agricultural-Agro-Industrial.jpg\" alt=\"IES Biogas - Agricultural and agro industrial biogas plants\" width=\"686\" height=\"418\" srcset=\"https:\/\/biogasworld.com\/wp-content\/uploads\/2019\/06\/ies-biogas-Biogas-Plants-Agricultural-Agro-Industrial.jpg 1284w, https:\/\/biogasworld.com\/wp-content\/uploads\/2019\/06\/ies-biogas-Biogas-Plants-Agricultural-Agro-Industrial-250x152.jpg 250w\" sizes=\"auto, (max-width: 686px) 100vw, 686px\" \/><\/p>\n<h3><span style=\"color: #000daa;\">Applications<\/span><\/h3>\n<ul>\n<li>100% fumier \/ lisier provenant de bovins de boucherie, de vaches laiti\u00e8res et de porcs<\/li>\n<li>Les boues d&rsquo;\u00e9puration<\/li>\n<li>Fumier de volaille et de poules pondeuses<\/li>\n<li>Boues de fabrique de p\u00e2tes et papiers<\/li>\n<li>D\u00e9chets des abattoirs et des industries de la viande<\/li>\n<li>D\u00e9chets de l&rsquo;industrie alimentaire et des boissons<\/li>\n<li>Pailles de riz, ma\u00efs et bl\u00e9<\/li>\n<\/ul>\n<p><a href=\"https:\/\/biogasworld.com\/wp-content\/uploads\/2019\/06\/IES-Biogas-Use-of-Biogas-Agricultural-and-agro-industrial.jpg\"><img loading=\"lazy\" decoding=\"async\" class=\"aligncenter wp-image-23651\" src=\"https:\/\/biogasworld.com\/wp-content\/uploads\/2019\/06\/IES-Biogas-Use-of-Biogas-Agricultural-and-agro-industrial.jpg\" alt=\"IES Biogas - Use of Biogas - Agricultural and agro industrial\" width=\"788\" height=\"307\" srcset=\"https:\/\/biogasworld.com\/wp-content\/uploads\/2019\/06\/IES-Biogas-Use-of-Biogas-Agricultural-and-agro-industrial.jpg 1740w, https:\/\/biogasworld.com\/wp-content\/uploads\/2019\/06\/IES-Biogas-Use-of-Biogas-Agricultural-and-agro-industrial-250x97.jpg 250w, https:\/\/biogasworld.com\/wp-content\/uploads\/2019\/06\/IES-Biogas-Use-of-Biogas-Agricultural-and-agro-industrial-1600x623.jpg 1600w\" sizes=\"auto, (max-width: 788px) 100vw, 788px\" \/><\/a><\/p>\n<p>&nbsp;<\/p>\n<h3 style=\"text-align: center;\"><a href=\"http:\/\/www.iesbiogas.it\/en\">Lisez plus sur le site Web de IES Biogas!<\/a><\/h3>\n<p>&nbsp;<\/p>\n<p>&nbsp;<\/p>\n","protected":false},"excerpt":{"rendered":"<strong>IES BIOGAS<\/strong>\u00a0est sp\u00e9cialis\u00e9e dans la conception, la fourniture, la construction, la gestion et la maintenance de centrales \u00e9lectriques \u00e0 \u00e9nergie renouvelable et de centres de valorisation \u00e9nerg\u00e9tique des d\u00e9chets.","protected":false},"featured_media":23655,"template":"","meta":{"_acf_changed":false,"content-type":""},"product_brand":[],"product_cat":[77,77],"product_tag":[],"class_list":{"0":"post-26280","1":"product","2":"type-product","3":"status-publish","4":"has-post-thumbnail","6":"product_cat-biomethanisation","9":"first","10":"instock","11":"taxable","12":"shipping-taxable","13":"product-type-simple"},"acf":[],"_links":{"self":[{"href":"https:\/\/biogasworld.com\/fr\/wp-json\/wp\/v2\/product\/26280","targetHints":{"allow":["GET"]}}],"collection":[{"href":"https:\/\/biogasworld.com\/fr\/wp-json\/wp\/v2\/product"}],"about":[{"href":"https:\/\/biogasworld.com\/fr\/wp-json\/wp\/v2\/types\/product"}],"wp:featuredmedia":[{"embeddable":true,"href":"https:\/\/biogasworld.com\/fr\/wp-json\/wp\/v2\/media\/23655"}],"wp:attachment":[{"href":"https:\/\/biogasworld.com\/fr\/wp-json\/wp\/v2\/media?parent=26280"}],"wp:term":[{"taxonomy":"product_brand","embeddable":true,"href":"https:\/\/biogasworld.com\/fr\/wp-json\/wp\/v2\/product_brand?post=26280"},{"taxonomy":"product_cat","embeddable":true,"href":"https:\/\/biogasworld.com\/fr\/wp-json\/wp\/v2\/product_cat?post=26280"},{"taxonomy":"product_tag","embeddable":true,"href":"https:\/\/biogasworld.com\/fr\/wp-json\/wp\/v2\/product_tag?post=26280"}],"curies":[{"name":"wp","href":"https:\/\/api.w.org\/{rel}","templated":true}]}}