{"id":26702,"date":"2019-01-18T23:24:16","date_gmt":"2020-06-10T19:00:41","guid":{"rendered":"https:\/\/www.biogasworld.com\/?post_type=product&#038;p=26702\/"},"modified":"2023-06-05T11:39:05","modified_gmt":"2023-06-05T15:39:05","slug":"envifarm-usine-biogaz-agricole","status":"publish","type":"product","link":"https:\/\/biogasworld.com\/fr\/product\/biomethanisation\/envifarm-usine-biogaz-agricole\/","title":{"rendered":"EnviFarm &#8211; Usine biogaz pour le secteur agricole"},"content":{"rendered":"<h2><span style=\"color: #000daa;\">Usine biogaz EnviFarm &#8211;\u00a0 Notre solution pour le secteur agricole<\/span><\/h2>\n<p>Nos usines biogaz EnviFarm, test\u00e9e sur le terrain, vous offre une polyvalence en mati\u00e8res d&rsquo;intrants. Elles sont adapt\u00e9es \u00e0 votre entreprise et \u00e0 vos exigences. En plus d&rsquo;avoir la possibilit\u00e9 d&rsquo;utiliser seulement du lisier dans votre usine, vous pouvez aussi choisir de la biomasse ou tout autre type de mati\u00e8res organiques. La EnviFarm vient avec un b\u00e2timent stable et spacieux, ce qui vous permet d&rsquo;optimiser le contr\u00f4le de la temp\u00e9rature. C&rsquo;est aussi possible gr\u00e2ce \u00e0 une technologie innovatrice pour la ventilation et des installations d&rsquo;exploitation et d&rsquo;entreposage \u00e0 l&rsquo;abri des intemp\u00e9ries.<\/p>\n<p>La EnviFarm est autant impressionnante dans sa version compacte (capacit\u00e9 d&rsquo;usine \u00e0 partir de 75 kWel). La structure modulaire, qui ressemble \u00e0 celle des conteneurs, permet, \u00e0 la EnviFarm, d&rsquo;\u00eatre install\u00e9e comme une usine compacte qui optimise tout l&rsquo;espace disponible. Bref, peu importe le mod\u00e8le choisi, toutes nos usines biogaz ont une chose en commun: une efficacit\u00e9 impressionnante et une profitabilit\u00e9 maximale.<\/p>\n<p>En recherche de la bonne usine biogaz pour votre entreprise agricole? Nous avons la EnviFarm qu&rsquo;il vous faut:<\/p>\n<p><img loading=\"lazy\" decoding=\"async\" class=\"alignnone\" src=\"https:\/\/www.envitec-biogas.com\/fileadmin\/media\/images\/subpage_biogas\/envitec-biogas-EnviFarm-process-schematic-setup-EN.jpg\" alt=\"EnviFarm - Usine biogaz pour le secteur agricole - choix de mod\u00e8le\" width=\"682\" height=\"600\" \/><\/p>\n<h3><span style=\"color: #000daa;\">Coup d&rsquo;oeil sur les avantages:<\/span><\/h3>\n<ul>\n<li>Parfaitement s\u00e9curitaire et de la qualit\u00e9 EnviTec fiable<\/li>\n<li>Un match sur-mesure pour votre entreprise<\/li>\n<li>Haute efficacit\u00e9 (production de gaz atteignant jusqu&rsquo;\u00e0 9% gr\u00e2ce au dissolveur brevet\u00e9 Kreis Biogas)<\/li>\n<li>Marquage CE pour la livraison de EnviTec<\/li>\n<li><a href=\"https:\/\/www.envitec-biogas.com\/service\/\">Service \u00e0 la client\u00e8le technique et service biologique<\/a> \u00e0 partir d&rsquo;un seul endroit<\/li>\n<\/ul>\n<p>Pouss\u00e9 par notre sens des tendances technologiques et l&rsquo;atteinte des standards de qualit\u00e9 les plus \u00e9lev\u00e9s, nous sommes sans cesse \u00e0 la recherche de technologies suppl\u00e9mentaires capables d&rsquo;optimiser l&rsquo;usine de biogaz d\u00e8s ses d\u00e9buts. Et ce travail acharn\u00e9 donne des r\u00e9sultats. <a href=\"https:\/\/www.envitec-biogas.com\/fileadmin\/media\/pdf_downloads\/subpage_infocenter\/brochures\/Kreis-Biogas-Dissolver_EN.pdf\">Notre Dissolveur Kreis<\/a>, un syst\u00e8me de m\u00e9lange, vous offre de grandes \u00e9conomies en ce qui concerne le substrats et une plus grande production de gaz, par exemple. Notre technologie d&rsquo;approvisionnement EnviTec Feedcontrol maximise la capacit\u00e9 d&rsquo;utilisation de votre usine biogaz et vous permet de faire des \u00e9conomies sur les intrants.<\/p>\n<p>&nbsp;<\/p>\n<h3><span style=\"color: #000daa;\">Exemples de projets<\/span><\/h3>\n<p>Les projets suivants sont des preuves que nous pouvons nous baser sur divers sc\u00e9narios de d\u00e9part pour construire un seul mod\u00e8le qui conna\u00eet du succ\u00e8s.<\/p>\n<p><img loading=\"lazy\" decoding=\"async\" class=\"alignleft\" src=\"https:\/\/www.envitec-biogas.com\/fileadmin\/media\/images\/subpage_references\/envitec-references-Woebbelin.jpg\" alt=\"EnviTec- EnviFarm - Usine biogaz pour le secteur agricole - Exemple de projet 1\" width=\"337\" height=\"222\" \/><\/p>\n<h4><strong><a href=\"https:\/\/www.envitec-biogas.com\/fileadmin\/media\/pdf_downloads\/subpage_references\/fact_sheets\/fact_sheet_W%C3%B6bbelin_EN.pdf\">Usine \u00e0 grande efficacit\u00e9 et concurrentielle gr\u00e2ce \u00e0 une chaleur r\u00e9siduelle gratuite<\/a><\/strong><\/h4>\n<ul>\n<li><strong>Lieux:<\/strong> W\u00f6bbelin (Allemagne)<\/li>\n<li><strong>Capacit\u00e9:<\/strong> 2 x 526 kWel<\/li>\n<li><strong>Intrants:<\/strong> Fumier, ressources renouvelables<\/li>\n<li><strong>Caract\u00e9ristiques:<\/strong> Toute la chaleur produite sur l&rsquo;usine biogaz est r\u00e9utilis\u00e9e pour chauffer la serre de la ferme et les b\u00e2timents.<\/li>\n<\/ul>\n<p>&nbsp;<\/p>\n<h4><img loading=\"lazy\" decoding=\"async\" class=\"alignleft\" src=\"https:\/\/www.envitec-biogas.com\/fileadmin\/media\/images\/subpage_references\/envitec-references-Stowell.jpg\" alt=\"EnviTec- EnviFarm - Usine biogaz pour le secteur agricole - Projet 2\" width=\"337\" height=\"222\" \/><\/h4>\n<h4><a href=\"https:\/\/www.envitec-biogas.com\/fileadmin\/media\/pdf_downloads\/subpage_references\/fact_sheets\/fact_sheet_Wiltshire_EN.pdf\">Int\u00e9gration de l&rsquo;environnement &#8211; Projet phare pour toute la r\u00e9gion<\/a><\/h4>\n<ul>\n<li><strong>Lieux:<\/strong> Les Fermes Stowell, Wiltshire (Angleterre)<\/li>\n<li><strong>Capacit\u00e9:<\/strong> 499 kWel<\/li>\n<li><strong>Intrants:<\/strong> Fumier, herbe, ensilage de ma\u00efs, restes d&rsquo;aliments<\/li>\n<li><strong>Caract\u00e9ristiques:<\/strong> Traite les lisiers de 500 troupeaux de b\u00e9tail pour les transformer en engrais de haute qualit\u00e9<\/li>\n<\/ul>\n<p>&nbsp;<\/p>\n<p><img loading=\"lazy\" decoding=\"async\" class=\"alignleft\" src=\"https:\/\/www.envitec-biogas.com\/fileadmin\/media\/images\/subpage_references\/envitec-references-Casaletto-Ceredano.jpg\" alt=\"EnviTec - EnviFarm - Usine biogaz pour le secteur agricole - Projet 3\" width=\"337\" height=\"222\" \/><\/p>\n<h4><a href=\"https:\/\/www.envitec-biogas.com\/fileadmin\/media\/pdf_downloads\/subpage_references\/fact_sheets\/fact_sheet_Casaletto_Ceredano_EN.pdf\">Petite usine de lisier en Italie &#8211; Environnementalement utile et profitable<\/a><\/h4>\n<ul>\n<li><strong>Lieux:<\/strong> Casaletto Ceredano, Lombardie\/Italie<\/li>\n<li><strong>Capacit\u00e9:<\/strong> 249 kWel<\/li>\n<li><strong>Intrants:<\/strong> Lisier de cochon, ensilage de ma\u00efs<\/li>\n<li><strong>Caract\u00e9ristiques:<\/strong> L&rsquo;\u00e9nergie est inject\u00e9e dans le r\u00e9seau de gaz. La chaleur produite est utilis\u00e9e pour alimenter le fermenteur.<\/li>\n<\/ul>\n<p>&nbsp;<\/p>\n<p>&nbsp;<\/p>\n<h4>Regardez leur <a href=\"http:\/\/www.envitec-biogas.com\/microsite_envitec\/#en\">animation interactive<\/a> sur leur <a href=\"https:\/\/www.envitec-biogas.com\/biogas\/agricultural-biogas-plants\/our-solution\/\">site Web<\/a> pour en apprendre davantage!<\/h4>\n<p>&nbsp;<\/p>\n<p>&nbsp;<\/p>\n","protected":false},"excerpt":{"rendered":"EnviFarm est une usine biogaz pour le secteur agricole. Elle vous permet une grande polyvalence au niveau des intrants choisis et s&rsquo;adapte \u00e0 vos besoins. C&rsquo;est une alternative int\u00e9ressante \u00e0 la construction d&rsquo;une usine qui utilise seulement le lisier comme intrant. En effet, elle peut utiliser des intrants comme la biomasse ou autres mati\u00e8res organiques. La EnviFarm vient avec un b\u00e2timent stable et spacieux, ce qui vous permet d&rsquo;optimiser le contr\u00f4le de la temp\u00e9rature. C&rsquo;est aussi possible gr\u00e2ce \u00e0 une technologie innovatrice pour la ventilation et des installations d&rsquo;exploitation et d&rsquo;entreposage \u00e0 l&rsquo;abri des intemp\u00e9ries.","protected":false},"featured_media":21344,"template":"","meta":{"_acf_changed":false,"content-type":""},"product_brand":[],"product_cat":[145,77],"product_tag":[],"class_list":{"0":"post-26702","1":"product","2":"type-product","3":"status-publish","4":"has-post-thumbnail","6":"product_cat-anaerobic-digestion","7":"product_cat-biomethanisation","9":"first","10":"instock","11":"taxable","12":"shipping-taxable","13":"product-type-simple"},"acf":[],"_links":{"self":[{"href":"https:\/\/biogasworld.com\/fr\/wp-json\/wp\/v2\/product\/26702","targetHints":{"allow":["GET"]}}],"collection":[{"href":"https:\/\/biogasworld.com\/fr\/wp-json\/wp\/v2\/product"}],"about":[{"href":"https:\/\/biogasworld.com\/fr\/wp-json\/wp\/v2\/types\/product"}],"wp:featuredmedia":[{"embeddable":true,"href":"https:\/\/biogasworld.com\/fr\/wp-json\/wp\/v2\/media\/21344"}],"wp:attachment":[{"href":"https:\/\/biogasworld.com\/fr\/wp-json\/wp\/v2\/media?parent=26702"}],"wp:term":[{"taxonomy":"product_brand","embeddable":true,"href":"https:\/\/biogasworld.com\/fr\/wp-json\/wp\/v2\/product_brand?post=26702"},{"taxonomy":"product_cat","embeddable":true,"href":"https:\/\/biogasworld.com\/fr\/wp-json\/wp\/v2\/product_cat?post=26702"},{"taxonomy":"product_tag","embeddable":true,"href":"https:\/\/biogasworld.com\/fr\/wp-json\/wp\/v2\/product_tag?post=26702"}],"curies":[{"name":"wp","href":"https:\/\/api.w.org\/{rel}","templated":true}]}}