{"id":26703,"date":"2019-08-19T16:09:28","date_gmt":"2020-06-10T19:37:19","guid":{"rendered":"https:\/\/www.biogasworld.com\/?post_type=product&#038;p=26703\/"},"modified":"2024-12-04T12:31:34","modified_gmt":"2024-12-04T17:31:34","slug":"reservoirs-plastique-renforce-fibre-verre-kgo-group","status":"publish","type":"product","link":"https:\/\/biogasworld.com\/fr\/product\/biomethanisation\/reservoir-pour-digesteur\/reservoirs-plastique-renforce-fibre-verre-kgo-group\/","title":{"rendered":"R\u00e9servoirs en plastique renforc\u00e9 de fibre de verre"},"content":{"rendered":"<h2><span style=\"color: #000daa;\">\u00c0 propos des r\u00e9servoirs en plastique renforc\u00e9 de fibre de verre<\/span><\/h2>\n<p>Apprenez-en davantage sur les caract\u00e9ristiques et les avantages des r\u00e9servoirs en plastique renforc\u00e9 de fibre de verre!<\/p>\n<p>&nbsp;<\/p>\n<h3><span style=\"color: #000daa;\">Capacit\u00e9s de fabrication<\/span><\/h3>\n<ul>\n<li>Choisissez une conception et une fabrication de r\u00e9servoirs entre 15\u2032-6\u201d de diam\u00e8tre<\/li>\n<li>Choisissez une construction et un r\u00e9servoir assembl\u00e9 de terrain d&rsquo;un diam\u00e8tre allant jusqu&rsquo;\u00e0 35\u2032<\/li>\n<li>Champ de conception personnalis\u00e9 \u00e9rig\u00e9 &#8211; illimit\u00e9<\/li>\n<\/ul>\n<p>&nbsp;<\/p>\n<h3><span style=\"color: #000daa;\">Caract\u00e9ristiques et avantages des r\u00e9servoirs de plastique par rapport aux concurrents<\/span><\/h3>\n<ul>\n<li>Fond int\u00e9gral \/ conception monolithique<\/li>\n<li>C\u00f4telette intersperse avec enroulement filamentaire<\/li>\n<li>Syst\u00e8me de r\u00e9tention de chaleur efficace Plasa-Therm\u00ae<\/li>\n<li>Garantie plus longue que celle g\u00e9n\u00e9ralement offerte par l&rsquo;industrie<\/li>\n<li>Certification ISO-9001<\/li>\n<li>Sp\u00e9cifications de l&rsquo;industrie les plus r\u00e9centes: ASTM 4097-01, 3299-00, RTP-1b-2002, &amp; ASME Section X 2002<\/li>\n<li>Adaptable, \u00e9quipe ax\u00e9e sur l&rsquo;ing\u00e9nierie, groupe de ventes et d&rsquo;exploitation<\/li>\n<li>Cycle de vie sup\u00e9rieur par rapport \u00e0 l&rsquo;acier<\/li>\n<\/ul>\n<p>&nbsp;<\/p>\n<h3><span style=\"color: #000daa;\">Capacit\u00e9s de conception sismique<\/span><\/h3>\n<p>Les industries Plas-Tanks con\u00e7oit votre vaisseau selon la r\u00e9gion sismique dans laquelle il sera situ\u00e9. Vous pouvez \u00eatre certain que votre vaisseau r\u00e9pondra aux pr\u00e9occupations en rapport avec la s\u00e9curit\u00e9.<\/p>\n<p>&nbsp;<\/p>\n<h3><span style=\"color: #000daa;\">Capacit\u00e9s d&rsquo;enroulement de filament<\/span><\/h3>\n<p>Les enrouleurs que nous utilisons ont \u00e9t\u00e9 con\u00e7us et fabriqu\u00e9s par le personnel de Plas-Tanks et ne sont pas disponibles dans les commerces pour les entreprises concurrentes. Nous utilisons notre expertise technique et de conception pour le filament \u00e9olien. Le processus d&rsquo;enroulement filamentaire vous offre un placement direct de la fibre, ce qui vous permet d&rsquo;obtenir un produit plus r\u00e9sistant \u00e0 un co\u00fbt r\u00e9duit. C&rsquo;est quelque chose que nous travailler \u00e0 atteindre par l&rsquo;entremise de notre talent de fabrication.<\/p>\n<p>&nbsp;<\/p>\n<h3><span style=\"color: #000daa;\">Experts en corrosion<\/span><\/h3>\n<p>Le Plas-Tanks applique une couche de cire \u00e0 toutes les couches secondaires internes, comme le rev\u00eatement int\u00e9rieur d&rsquo;une buse particuli\u00e8re. Si cela n&rsquo;est pas fait, le stratifi\u00e9 devient plus fragile \u00e0 la corrosion.<\/p>\n<p>&nbsp;<\/p>\n<h3><span style=\"color: #000daa;\">Fabrication de buses de pose manuelle<\/span><\/h3>\n<p>Plas-Tanks fabrique ses propres buses, en utilisant la m\u00e9thode de pose manuelle. Toutes les buses sont fabriqu\u00e9es avec la bride de buse et la tige de tuyau faisant partie int\u00e9grante. En revanche, les brides moul\u00e9es par compression ont moins d&rsquo;uniformit\u00e9 de la teneur en verre \u00e0 travers le stratifi\u00e9. Plus important encore, la zone ciment\u00e9e a consid\u00e9rablement r\u00e9duit les propri\u00e9t\u00e9s physiques par rapport \u00e0 la m\u00eame zone de buses de pose manuelle. Cette r\u00e9duction de la r\u00e9sistance peut devenir \u00e9vidente tr\u00e8s rapidement si l&rsquo;utilisateur installe un joint de durom\u00e8tre incorrect ou sur-serre les fixations filet\u00e9es.<\/p>\n<p><img loading=\"lazy\" decoding=\"async\" class=\"alignnone\" src=\"https:\/\/biogasworld.com\/wp-content\/uploads\/2019\/08\/KGO-Group-Fiberglass-Reinforced-Plastic-Tanks.jpg\" alt=\"KGO Group- R\u00e9servoirs en plastique renforc\u00e9 de fibre de verre - Table de dimensionnement\" width=\"845\" height=\"494\" \/><\/p>\n","protected":false},"excerpt":{"rendered":"Nous concevons, construisons et soutenons des \u00e9quipements d&rsquo;alimentation chimiques int\u00e9gr\u00e9s, des pompes et autres syst\u00e8mes. KGO Group collabore avec nos clients pour vous offrir la plus haute qualit\u00e9 de syst\u00e8mes d&rsquo;alimentation chimiques, de solides, de liquides et de lisiers, des pompes, des syst\u00e8mes de m\u00e9lange et de mesure. Tous les produits sont soutenus par un personnel technique exp\u00e9riment\u00e9 qui peut r\u00e9soudre m\u00eame les d\u00e9fis les plus uniques et difficiles.","protected":false},"featured_media":24478,"template":"","meta":{"_acf_changed":false,"content-type":""},"product_brand":[],"product_cat":[77,303],"product_tag":[],"class_list":{"0":"post-26703","1":"product","2":"type-product","3":"status-publish","4":"has-post-thumbnail","6":"product_cat-biomethanisation","7":"product_cat-reservoir-pour-digesteur","9":"first","10":"instock","11":"taxable","12":"shipping-taxable","13":"product-type-simple"},"acf":[],"_links":{"self":[{"href":"https:\/\/biogasworld.com\/fr\/wp-json\/wp\/v2\/product\/26703","targetHints":{"allow":["GET"]}}],"collection":[{"href":"https:\/\/biogasworld.com\/fr\/wp-json\/wp\/v2\/product"}],"about":[{"href":"https:\/\/biogasworld.com\/fr\/wp-json\/wp\/v2\/types\/product"}],"wp:featuredmedia":[{"embeddable":true,"href":"https:\/\/biogasworld.com\/fr\/wp-json\/wp\/v2\/media\/24478"}],"wp:attachment":[{"href":"https:\/\/biogasworld.com\/fr\/wp-json\/wp\/v2\/media?parent=26703"}],"wp:term":[{"taxonomy":"product_brand","embeddable":true,"href":"https:\/\/biogasworld.com\/fr\/wp-json\/wp\/v2\/product_brand?post=26703"},{"taxonomy":"product_cat","embeddable":true,"href":"https:\/\/biogasworld.com\/fr\/wp-json\/wp\/v2\/product_cat?post=26703"},{"taxonomy":"product_tag","embeddable":true,"href":"https:\/\/biogasworld.com\/fr\/wp-json\/wp\/v2\/product_tag?post=26703"}],"curies":[{"name":"wp","href":"https:\/\/api.w.org\/{rel}","templated":true}]}}