{"id":26823,"date":"2019-05-14T16:24:59","date_gmt":"2020-06-22T21:13:11","guid":{"rendered":"https:\/\/www.biogasworld.com\/?post_type=product&#038;p=26823\/"},"modified":"2024-12-04T12:31:52","modified_gmt":"2024-12-04T17:31:52","slug":"technologie-pour-lagriculture","status":"publish","type":"product","link":"https:\/\/biogasworld.com\/fr\/product\/biomethanisation\/pompes-haute-densite\/technologie-pour-lagriculture\/","title":{"rendered":"Technologie pour l&rsquo;agriculture"},"content":{"rendered":"<h2><span style=\"color: #000daa;\">\u00c0 propos du Groupe KGO et de la technhologie pour l&rsquo;agriculture<\/span><\/h2>\n<h3><span style=\"color: #000daa;\">Syst\u00e8me pour le fumier liquide<\/span><\/h3>\n<p><img loading=\"lazy\" decoding=\"async\" class=\"alignnone\" src=\"https:\/\/biogasworld.com\/wp-content\/uploads\/2019\/05\/KGO-Group-Agriculture-technology-Liquid-manure-system.png\" alt=\"Groupe KGO - Technologie pour l'agriculture - Syst\u00e8me pour le fumier liquide\" width=\"359\" height=\"156\" \/><\/p>\n<p>Les pompes WANGEN BIO-MIX sont int\u00e9gr\u00e9s depuis plusieurs ann\u00e9es au proc\u00e9d\u00e9 de production de l&rsquo;\u00e9nergie. Au fil des ann\u00e9es, cette technologie a continu\u00e9 \u00e0 \u00eatre d\u00e9velopp\u00e9e et optimis\u00e9e. Ces pompes conviennent au transport de l&rsquo;ensilage de ma\u00efs et d&rsquo;herbe, le GPS, le fumier solide, le fumier de volaille, les d\u00e9chets et les coferments. Ces derniers sont m\u00e9lang\u00e9s avec le liquide dans la pompe. Aussi offert avec les pompes WANGEN, est le X-LIFT, d\u00e9velopp\u00e9 et brevet\u00e9 pour le changement rapide.<\/p>\n<p>&nbsp;<\/p>\n<h3><span style=\"color: #000daa;\">Syst\u00e8mes d&rsquo;alimentation pour les liquides<\/span><\/h3>\n<p><img loading=\"lazy\" decoding=\"async\" class=\"alignnone\" src=\"https:\/\/biogasworld.com\/wp-content\/uploads\/2019\/05\/KGO-Group-Agriculture-technology-Liquid-Feeding-System.png\" alt=\"Groupe KGO - Technologie pour l'agriculture - Syst\u00e8mes d'alimentation pour les liquides\" width=\"356\" height=\"154\" \/><\/p>\n<p>Combin\u00e9e \u00e0 un ordinateur d&rsquo;alimentation, les pompes WANGEN, gr\u00e2ce \u00e0 leur performance de pompage constante et uniforme, vous assure que tous les animaux dans leur stalle re\u00e7oivent la bonne quantit\u00e9 de pulpe m\u00e9lang\u00e9e, quelle que soit la distance de leurs auges. L&rsquo;utilisation de stators et de rotors sans usure, ainsi que des syst\u00e8mes d&rsquo;\u00e9tanch\u00e9it\u00e9 optimis\u00e9s garantie une longue dur\u00e9e de vie \u00e0 cette technologie. Les pompes d&rsquo;alimentation en liquide sont \u00e9galement offertes en versions antirouille en acier de haute qualit\u00e9.<\/p>\n<p>&nbsp;<\/p>\n<h4>Pour obtenir plus d&rsquo;informations, lisez les brochures sur la <a href=\"https:\/\/biogasworld.com\/wp-content\/uploads\/2019\/08\/Agricultural-Technology_compressed.pdf\">technologie pour l&rsquo;agriculture<\/a> et le <a href=\"https:\/\/biogasworld.com\/wp-content\/uploads\/2019\/08\/brochure_A_GL-F_GL-S_US-letter_EN_web.pdf\">PTO pour le fumier<\/a>.<\/h4>\n<p>&nbsp;<\/p>\n","protected":false},"excerpt":{"rendered":"Nous concevons, construisons et offrons un soutien pour l\u2019\u00e9quipement d\u2019alimentation chimique int\u00e9gr\u00e9, les pompes et les syst\u00e8mes. Le groupe KGO collabore avec nos clients pour offrir des syst\u00e8mes d\u2019alimentation chimiques pour les solides et les liquides, le fumier, ainsi que des pompes, des syst\u00e8mes de m\u00e9lange et de mesure de la plus haute qualit\u00e9. Nos clients sont soutenus par une \u00e9quipe technique exp\u00e9riment\u00e9e et qualifi\u00e9e qui peut r\u00e9soudre m\u00eame les d\u00e9fis de proc\u00e9d\u00e9s les plus uniques et difficiles.","protected":false},"featured_media":24450,"template":"","meta":{"_acf_changed":false,"content-type":""},"product_brand":[],"product_cat":[77,306],"product_tag":[],"class_list":{"0":"post-26823","1":"product","2":"type-product","3":"status-publish","4":"has-post-thumbnail","6":"product_cat-biomethanisation","7":"product_cat-pompes-haute-densite","9":"first","10":"instock","11":"taxable","12":"shipping-taxable","13":"product-type-simple"},"acf":[],"_links":{"self":[{"href":"https:\/\/biogasworld.com\/fr\/wp-json\/wp\/v2\/product\/26823","targetHints":{"allow":["GET"]}}],"collection":[{"href":"https:\/\/biogasworld.com\/fr\/wp-json\/wp\/v2\/product"}],"about":[{"href":"https:\/\/biogasworld.com\/fr\/wp-json\/wp\/v2\/types\/product"}],"wp:featuredmedia":[{"embeddable":true,"href":"https:\/\/biogasworld.com\/fr\/wp-json\/wp\/v2\/media\/24450"}],"wp:attachment":[{"href":"https:\/\/biogasworld.com\/fr\/wp-json\/wp\/v2\/media?parent=26823"}],"wp:term":[{"taxonomy":"product_brand","embeddable":true,"href":"https:\/\/biogasworld.com\/fr\/wp-json\/wp\/v2\/product_brand?post=26823"},{"taxonomy":"product_cat","embeddable":true,"href":"https:\/\/biogasworld.com\/fr\/wp-json\/wp\/v2\/product_cat?post=26823"},{"taxonomy":"product_tag","embeddable":true,"href":"https:\/\/biogasworld.com\/fr\/wp-json\/wp\/v2\/product_tag?post=26823"}],"curies":[{"name":"wp","href":"https:\/\/api.w.org\/{rel}","templated":true}]}}