{"id":26824,"date":"2019-05-14T16:08:33","date_gmt":"2020-06-22T21:35:44","guid":{"rendered":"https:\/\/www.biogasworld.com\/?post_type=product&#038;p=26824\/"},"modified":"2024-12-04T12:30:03","modified_gmt":"2024-12-04T17:30:03","slug":"technologie-biogas","status":"publish","type":"product","link":"https:\/\/biogasworld.com\/fr\/product\/biomethanisation\/pompes-haute-densite\/technologie-biogas\/","title":{"rendered":"Technologie BioGas"},"content":{"rendered":"<h2><span style=\"color: #000daa;\">\u00c0 propos de la technologie BioGas<\/span><\/h2>\n<h3><span style=\"color: #000daa;\">Pompes pour le transport de substrat<\/span><\/h3>\n<p>Les pompes WANGEN sont parfaites pour les usines de production du biogaz, gr\u00e2ce \u00e0 la long\u00e9vit\u00e9 et la sophistication qu&rsquo;elles offrent. Elles conviennent au transport de divers types de mat\u00e9riaux de biomasse, comme le fumier liquide provenant de l&rsquo;\u00e9levage, les restes de l\u00e9gumes et les d\u00e9chets alimentaires ainsi que les mati\u00e8res premi\u00e8res renouvelables comme l&rsquo;ensilage de ma\u00efs, de gras et de r\u00e9colte enti\u00e8re. Dans chaque cas, elles sont m\u00e9lang\u00e9es \u00e0 du fumier liquide ou recycl\u00e9s.<\/p>\n<p>&nbsp;<\/p>\n<h3><span style=\"color: #000daa;\">Pompes pour le chargement des s\u00e9parateurs<\/span><\/h3>\n<p>Les pompes WANGEN performent dans des t\u00e2ches pr\u00e9cises r\u00e9alis\u00e9es dans des usines de biogaz comme le chargement des s\u00e9parateurs lors des phases de s\u00e9paration des liquides et des solides. Le transport des substrats et de leur contenu en grande majorit\u00e9 tr\u00e8s sec, n\u00e9cessite une technologie de pompes sophistiqu\u00e9e. Le carter d&rsquo;aspiration \u00e0 d\u00e9bit optimis\u00e9 et un diam\u00e8tre de joint constant emp\u00eachant le tressage des fibres longues garantissent des r\u00e9sultats de pompage optimaux.<\/p>\n<p>&nbsp;<\/p>\n<h3><span style=\"color: #000daa;\">Pompes pour l&rsquo;alimentation en mat\u00e9riaux solides<\/span><\/h3>\n<p>Gr\u00e2ce aux pompes WANGEN BIO-MIX, les mat\u00e9riaux solides sont transport\u00e9s dans la pompe par l&rsquo;entremise de la tr\u00e9mie \u00e0 m\u00e2choires. Par la suite, ils sont m\u00e9lang\u00e9s \u00e0 cet endroit avec du liquide provenant des fermenteurs, des apr\u00e8s-fermenteurs ou des r\u00e9servoirs de fumier liquide. C&rsquo;est seulement \u00e0 ce moment que ce m\u00e9lange est transf\u00e9r\u00e9 dans le fermenteur.<\/p>\n<p>Les avantages de l&rsquo;alimentation en liquide effectu\u00e9e avec des pompes WANGEN BIO-MIX comprennent:<\/p>\n<ul>\n<li>Un bon m\u00e9lange des mati\u00e8res solides (moins de m\u00e9lange requise dans le fermenteur)<\/li>\n<li>Transport sans probl\u00e8me sur de longues distances et m\u00eame quand il y a de bonnes diff\u00e9rences de grandeur (par exemple, lors de l&rsquo;agrandissement d&rsquo;usines biogaz)<\/li>\n<li>Plusieurs fermenteurs peuvent \u00eatre charg\u00e9s avec un seul syst\u00e8me d&rsquo;alimentation<\/li>\n<li>M\u00e9lange optimal de mat\u00e9riaux solides difficiles \u00e0 traiter, comme l&rsquo;ensilage d&rsquo;herbes et de fumier solide<\/li>\n<\/ul>\n<p>Les pompes WANGEN BIO-MIX sont la preuve que nous pouvons combiner l&rsquo;exp\u00e9rience et la volont\u00e9 de cr\u00e9er des innovations pr\u00e9cises associ\u00e9es aux applications. Notre but est de vous aider \u00e0 exploiter sans probl\u00e8me votre usine biogaz.<\/p>\n<p>&nbsp;<\/p>\n<h4>Pour obtenir plus d&rsquo;informations, lisez les <a href=\"https:\/\/biogasworld.com\/wp-content\/uploads\/2019\/08\/branch_Biogas_US-letter_EN_web.pdf\">brochures sur le transport en digestion ana\u00e9robie<\/a> et sur le <a href=\"https:\/\/biogasworld.com\/wp-content\/uploads\/2019\/08\/brochure_BIO-FEED_US-letter_EN_web.pdf\">Bio-feed X-lift<\/a>!<\/h4>\n<p><img loading=\"lazy\" decoding=\"async\" class=\"alignnone\" src=\"https:\/\/biogasworld.com\/wp-content\/uploads\/2019\/05\/KGO-Group-BioGas-Technology-in-your-biogas-plant.png\" alt=\"Groupe KGO- Technologie BioGas pour votre usine biogaz\" width=\"818\" height=\"460\" \/><\/p>\n<p>&nbsp;<\/p>\n<p>&nbsp;<\/p>\n<p>&nbsp;<\/p>\n<p>&nbsp;<\/p>\n","protected":false},"excerpt":{"rendered":"Nous concevons, construisons et offrons un soutien pour l\u2019\u00e9quipement d\u2019alimentation chimique int\u00e9gr\u00e9, les pompes et les syst\u00e8mes. Le groupe KGO collabore avec nos clients pour offrir des syst\u00e8mes d\u2019alimentation chimiques pour les solides et les liquides, le fumier, ainsi que des pompes, des syst\u00e8mes de m\u00e9lange et de mesure de la plus haute qualit\u00e9. Nos clients sont soutenus par une \u00e9quipe technique exp\u00e9riment\u00e9e et qualifi\u00e9e qui peut r\u00e9soudre m\u00eame les d\u00e9fis de proc\u00e9d\u00e9s les plus uniques et difficiles.","protected":false},"featured_media":24457,"template":"","meta":{"_acf_changed":false,"content-type":""},"product_brand":[],"product_cat":[77,306],"product_tag":[],"class_list":{"0":"post-26824","1":"product","2":"type-product","3":"status-publish","4":"has-post-thumbnail","6":"product_cat-biomethanisation","7":"product_cat-pompes-haute-densite","9":"first","10":"instock","11":"taxable","12":"shipping-taxable","13":"product-type-simple"},"acf":[],"_links":{"self":[{"href":"https:\/\/biogasworld.com\/fr\/wp-json\/wp\/v2\/product\/26824","targetHints":{"allow":["GET"]}}],"collection":[{"href":"https:\/\/biogasworld.com\/fr\/wp-json\/wp\/v2\/product"}],"about":[{"href":"https:\/\/biogasworld.com\/fr\/wp-json\/wp\/v2\/types\/product"}],"wp:featuredmedia":[{"embeddable":true,"href":"https:\/\/biogasworld.com\/fr\/wp-json\/wp\/v2\/media\/24457"}],"wp:attachment":[{"href":"https:\/\/biogasworld.com\/fr\/wp-json\/wp\/v2\/media?parent=26824"}],"wp:term":[{"taxonomy":"product_brand","embeddable":true,"href":"https:\/\/biogasworld.com\/fr\/wp-json\/wp\/v2\/product_brand?post=26824"},{"taxonomy":"product_cat","embeddable":true,"href":"https:\/\/biogasworld.com\/fr\/wp-json\/wp\/v2\/product_cat?post=26824"},{"taxonomy":"product_tag","embeddable":true,"href":"https:\/\/biogasworld.com\/fr\/wp-json\/wp\/v2\/product_tag?post=26824"}],"curies":[{"name":"wp","href":"https:\/\/api.w.org\/{rel}","templated":true}]}}