{"id":26825,"date":"2019-05-14T15:46:50","date_gmt":"2020-06-22T22:04:36","guid":{"rendered":"https:\/\/www.biogasworld.com\/?post_type=product&#038;p=26825\/"},"modified":"2024-12-04T12:31:02","modified_gmt":"2024-12-04T17:31:02","slug":"pompes","status":"publish","type":"product","link":"https:\/\/biogasworld.com\/fr\/product\/biomethanisation\/pompes-haute-densite\/pompes\/","title":{"rendered":"Pompes"},"content":{"rendered":"<h2><span style=\"color: #000daa;\">Les pompes par le Groupe KGO<\/span><\/h2>\n<h3><span style=\"color: #000daa;\">OBL<\/span><\/h3>\n<p>OBL poss\u00e8de le portfolio le plus important sur le march\u00e9 de pompes doseuses \u00e0 moteur. Depuis la sortie de notre conception r\u00e9volutionnaire en 1975, les pompes doseuses sont devenues nos vies, notre passions. Nos pompes sont utilis\u00e9es pour l&rsquo;injection chimique dans les domaines d&rsquo;application suivants:<\/p>\n<ul>\n<li>Huile et gaz (tous deux onshore offshore)<\/li>\n<li>Chimie et p\u00e9trochimie<\/li>\n<li>Production de biodiesels<\/li>\n<li>Centrales \u00e9lectriques (chaudi\u00e8res et tours de refroidissement)<\/li>\n<li>P\u00e2tes et papiers (emballages et mouchoirs)<\/li>\n<li>Production plastique<\/li>\n<li>Usines de dessalement<\/li>\n<li>Industrie alimentaire<\/li>\n<li>Stations de traitement des eaux us\u00e9es (municipales et industrielles)<\/li>\n<li>Usines d&rsquo;eau potable<\/li>\n<li>Confiserie<\/li>\n<li>Filtration des vins, bi\u00e8res, jus de fruits et boissons<\/li>\n<li>Blanchisseries industrielles<\/li>\n<\/ul>\n<h4>Lisez la <a href=\"https:\/\/biogasworld.com\/wp-content\/uploads\/2019\/08\/D_XL_XLA_XLB_XLC_0515-min.pdf\">brochure de OBL ICI<\/a>.<\/h4>\n<p>&nbsp;<\/p>\n<h3><span style=\"color: #000daa;\">Pompes \u00e0 cavit\u00e9 progressive WANGEN<\/span><\/h3>\n<p><em>\u00a0\u00bb Une haute qualit\u00e9 et polyvalence convaincante: la gamme de pompes compl\u00e8te.\u00a0\u00bb<\/em><\/p>\n<p>Nos pompes sont fabriqu\u00e9es en Allemagne et utilis\u00e9es partout au monde, et nos clients font confiance en la qualit\u00e9, l&rsquo;innovation et le soutien technique que nous offrons. Nous sommes un fournisseur de solutions. Notre \u00e9quipe de sp\u00e9cialistes adoptent une approche consultative pour s&rsquo;assurer que notre \u00e9quipement r\u00e9pond aux demandes et aux exigences de chaque utilisation et proc\u00e9d\u00e9s. Nous avons fait cet engagement \u00e0 plus de 10 000 clients dans plus de 53 pays.<\/p>\n<p>WANGEN est la pompe de choix lorsque vous traitez des mati\u00e8res solides, des boues ou des mati\u00e8res visqueuses. Que ce soit pour des utilisations dans des stations d&rsquo;\u00e9puration, des usines de biogaz, du traitement des eaux us\u00e9es industrielles ou associ\u00e9e \u00e0 la nourriture ainsi qu&rsquo;en digestion ana\u00e9robie, et ce, partout en Am\u00e9rique du Nord, WANGEN est la pompe qu&rsquo;il vous faut. \u00ab\u00a0<strong>Vous pouvez compter sur WANGEN pour faire le travail\u00a0\u00bb.<\/strong><\/p>\n<p>De la puissance \u00e0 l&rsquo;\u00e9tat pur: un co\u00fbt bas gr\u00e2ce \u00e0 l&rsquo;utilisation du joint Cardan dans nos pompes \u00e0 cavit\u00e9 progressive. C&rsquo;est un avantage cl\u00e9 de notre philosophie qui est clair. Les pompes WANGEN vous garantissent un besoin de maintenance peu \u00e9lev\u00e9 qui est pratiquement sans faute. Pour cette raison, nous utilisons seulement des composantes de qualit\u00e9 \u00e9lev\u00e9e et robuste. La conception et l&rsquo;innovation sont au coeur de nos pr\u00e9occupations.<\/p>\n<p>Les pompes WANGEN couvrent un large \u00e9ventail de viscosit\u00e9 pouvant aller jusqu&rsquo;\u00e0 10 000 000 centipoises, de d\u00e9bit pouvant aller jusqu&rsquo;\u00e0 300 m\u1d9f \/ h et des pressions pouvant aller jusqu&rsquo;\u00e0 48 bar (700+ psi).<\/p>\n<p>&nbsp;<\/p>\n<h4><a href=\"https:\/\/biogasworld.com\/wp-content\/uploads\/2019\/08\/brochure_Product-overview_US-letter_EN_web-min.pdf\">Lisez la brochure pour en apprendre davantage sur les produits WANGEN<\/a>!<\/h4>\n","protected":false},"excerpt":{"rendered":"Nous concevons, construisons et offrons un soutien pour l\u2019\u00e9quipement d\u2019alimentation chimique int\u00e9gr\u00e9, les pompes et les syst\u00e8mes. Le groupe KGO collabore avec nos clients pour offrir des syst\u00e8mes d\u2019alimentation chimiques pour les solides et les liquides, le fumier, ainsi que des pompes, des syst\u00e8mes de m\u00e9lange et de mesure de la plus haute qualit\u00e9. Nos clients sont soutenus par une \u00e9quipe technique exp\u00e9riment\u00e9e et qualifi\u00e9e qui peut r\u00e9soudre m\u00eame les d\u00e9fis de proc\u00e9d\u00e9s les plus uniques et difficiles.","protected":false},"featured_media":24469,"template":"","meta":{"_acf_changed":false,"content-type":""},"product_brand":[],"product_cat":[77,306],"product_tag":[],"class_list":{"0":"post-26825","1":"product","2":"type-product","3":"status-publish","4":"has-post-thumbnail","6":"product_cat-biomethanisation","7":"product_cat-pompes-haute-densite","9":"first","10":"instock","11":"taxable","12":"shipping-taxable","13":"product-type-simple"},"acf":[],"_links":{"self":[{"href":"https:\/\/biogasworld.com\/fr\/wp-json\/wp\/v2\/product\/26825","targetHints":{"allow":["GET"]}}],"collection":[{"href":"https:\/\/biogasworld.com\/fr\/wp-json\/wp\/v2\/product"}],"about":[{"href":"https:\/\/biogasworld.com\/fr\/wp-json\/wp\/v2\/types\/product"}],"wp:featuredmedia":[{"embeddable":true,"href":"https:\/\/biogasworld.com\/fr\/wp-json\/wp\/v2\/media\/24469"}],"wp:attachment":[{"href":"https:\/\/biogasworld.com\/fr\/wp-json\/wp\/v2\/media?parent=26825"}],"wp:term":[{"taxonomy":"product_brand","embeddable":true,"href":"https:\/\/biogasworld.com\/fr\/wp-json\/wp\/v2\/product_brand?post=26825"},{"taxonomy":"product_cat","embeddable":true,"href":"https:\/\/biogasworld.com\/fr\/wp-json\/wp\/v2\/product_cat?post=26825"},{"taxonomy":"product_tag","embeddable":true,"href":"https:\/\/biogasworld.com\/fr\/wp-json\/wp\/v2\/product_tag?post=26825"}],"curies":[{"name":"wp","href":"https:\/\/api.w.org\/{rel}","templated":true}]}}