{"id":26882,"date":"2019-11-18T18:31:10","date_gmt":"2020-06-30T19:16:33","guid":{"rendered":"https:\/\/www.biogasworld.com\/?post_type=product&#038;p=26882\/"},"modified":"2025-11-17T10:47:32","modified_gmt":"2025-11-17T15:47:32","slug":"anaero-test-potentiel-du-biomethane","status":"publish","type":"product","link":"https:\/\/biogasworld.com\/fr\/product\/biomethanisation\/pilotage-de-procede\/digesteur-echelle-laboratoire\/anaero-test-potentiel-du-biomethane\/","title":{"rendered":"Kits de test de potentiel du biom\u00e9thane"},"content":{"rendered":"<h2><span style=\"color: #000daa;\">Que sont les kits de test de potentiel du biom\u00e9thane?\u00a0<\/span><\/h2>\n<p>Le test de potentiel du biom\u00e9thane est un test biologique qui permet d&rsquo;\u00e9valuer le volume potentiel de m\u00e9thane ou de biogaz qui est produit \u00e0 partir d&rsquo;une substance (substrat). Le test comprend deux \u00e9l\u00e9ments: a) l&rsquo;inoculum et b) l&rsquo;\u00e9chantillon. L&rsquo;inoculum (semence) est nourri d&rsquo;une certaine quantit\u00e9 d&rsquo;\u00e9chantillons sur la base d&rsquo;un ratio VS (F\/M), puis le rendement en gaz est mesur\u00e9 de fa\u00e7on continuelle, en temps r\u00e9el. Le gaz est mesur\u00e9 et converti en unit\u00e9s de ml\/gram par rapport au substrant, selon les conditions standards de temp\u00e9rature et de pression (STP).<\/p>\n<p>L&rsquo;\u00e9quipement pour les tests de potentiel du biom\u00e9thane a \u00e9t\u00e9 cr\u00e9\u00e9 par Anaero Technology pour permettre une \u00e9valuation coh\u00e9rente des intrants pour le biogaz et du potentiel potentiel d&rsquo;inhibition. Les diff\u00e9rents mod\u00e8les de tests offerts par Anaero Technology sont expliqu\u00e9s ci-dessous.<\/p>\n<p>&nbsp;<\/p>\n<h3><span style=\"color: #000daa;\">Les diff\u00e9rents mod\u00e8le de tests de potentiel du biom\u00e9thane<\/span><\/h3>\n<h4 class=\"font_2\">Le mod\u00e8le Nautilus<\/h4>\n<p>Le mod\u00e8le Nautilus est un test de base pour \u00e9valuer le potentiel de volume du biogaz. Il peut \u00eatre utilis\u00e9 pour jusqu&rsquo;\u00e0 15 diff\u00e9rents r\u00e9acteurs. Cet \u00e9quipement permet une gestion de l&rsquo;\u00e9chantillonnage simple gr\u00e2ce \u00e0 des agitateurs robustes en acier inoxydable. Ses bouteilles pour r\u00e9acteur HDPE sont larges et permettent une gestion simple des \u00e9chantillons comme un risque minimum de dommage si elles sont \u00e9chapp\u00e9es. Le bio\u00e9racteur \u00e0 hauts volumes (1 litre) vous permet de g\u00e9rer des volumes plus importants d&rsquo;\u00e9chantillons et d&rsquo;inoculum. Cela comprend le d\u00e9bitm\u00e8tre \u00e0 gaz.<\/p>\n<p><img loading=\"lazy\" decoding=\"async\" class=\"aligncenter wp-image-25355\" src=\"https:\/\/biogasworld.com\/wp-content\/uploads\/2019\/11\/anaero-Nautilus-model-biomethane-potential-test-sets.png\" alt=\"Anaero Technology - Kits de test de potentiel du biom\u00e9thane - Le mod\u00e8le Nautilus\" width=\"486\" height=\"243\" srcset=\"https:\/\/biogasworld.com\/wp-content\/uploads\/2019\/11\/anaero-Nautilus-model-biomethane-potential-test-sets.png 600w, https:\/\/biogasworld.com\/wp-content\/uploads\/2019\/11\/anaero-Nautilus-model-biomethane-potential-test-sets-250x125.png 250w\" sizes=\"auto, (max-width: 486px) 100vw, 486px\" \/><\/p>\n<p>&nbsp;<\/p>\n<h4 class=\"font_2\">Le mod\u00e8le Pegasus<\/h4>\n<p>Le mod\u00e8le Pegasus est aussi un test de potentiel du biom\u00e9thane qui permet d&rsquo;\u00e9valuer le volume potentiel de biogaz. Ce mod\u00e8le fonctionne avec jusqu&rsquo;\u00e0 3 r\u00e9acteurs mais supporte un volume plus grand que le mod\u00e8le Nautilus (5l). L&rsquo;\u00e9quipement permet une gestion facile des \u00e9chantillons et vient avec des agitateurs robustes en acier inoxydable. Le mat\u00e9riel de ce digesteur ou ce r\u00e9servoir pour r\u00e9acteur est l&rsquo;acier inoxydable 316. C&rsquo;est aussi possible, avec ce mod\u00e8le, d&rsquo;entreposer le digestat dans un deuxi\u00e8me r\u00e9servoir rattach\u00e9 aux r\u00e9acteurs. Ce r\u00e9acteur \u00e0 haut volume (3 litres) permet de g\u00e9rer de plus grands \u00e9chantillons. Cela comprend le d\u00e9bitm\u00e8tre \u00e0 gaz.<\/p>\n<p>&nbsp;<\/p>\n<p><img loading=\"lazy\" decoding=\"async\" class=\"aligncenter wp-image-25357\" src=\"https:\/\/biogasworld.com\/wp-content\/uploads\/2019\/11\/anaero-Pegasus-model-biomethane-potential-test-sets.png\" alt=\"Anaero Technology -Mod\u00e8le Pegasus - Kits de test de potentiel du biom\u00e9thane\" width=\"484\" height=\"242\" srcset=\"https:\/\/biogasworld.com\/wp-content\/uploads\/2019\/11\/anaero-Pegasus-model-biomethane-potential-test-sets.png 600w, https:\/\/biogasworld.com\/wp-content\/uploads\/2019\/11\/anaero-Pegasus-model-biomethane-potential-test-sets-250x125.png 250w\" sizes=\"auto, (max-width: 484px) 100vw, 484px\" \/><\/p>\n<p>&nbsp;<\/p>\n<h4 class=\"font_2\">Mod\u00e8le Phoenix pour les tests de potentiel du biom\u00e9thane<\/h4>\n<p>Le mod\u00e8le Phoenix pour les tests de potentiel du biom\u00e9thane vous permet d&rsquo;\u00e9valuer le potentiel de volume de biogaz. Ce mod\u00e8le fonctionne avec jusqu&rsquo;\u00e0 6 r\u00e9acteurs qui ont un large volume de 2l. Cet \u00e9quipement permet \u00e9galement une gestion simple des \u00e9chantillons et vient avec des agitateurs en agitateurs robustes en acier inoxydable. Le mat\u00e9riel de ce digesteur ou ce r\u00e9servoir pour r\u00e9acteur est l&rsquo;acier inoxydable 316. C&rsquo;est aussi possible, avec ce mod\u00e8le, d&rsquo;entreposer le digestat dans un deuxi\u00e8me r\u00e9servoir rattach\u00e9 aux r\u00e9acteurs. Ce r\u00e9acteur \u00e0 haut volume (2 litres) permet de g\u00e9rer de plus grands \u00e9chantillons. Cela comprend le d\u00e9bitm\u00e8tre \u00e0 gaz.<\/p>\n<p><img loading=\"lazy\" decoding=\"async\" class=\"aligncenter wp-image-25359\" src=\"https:\/\/biogasworld.com\/wp-content\/uploads\/2019\/11\/anaero-Phoenix-model-Biomethane-potential-test-sets.png\" alt=\"Anaero Technology-Mod\u00e8le Phoenix -Kits de test de potentiel du biom\u00e9thane\" width=\"456\" height=\"228\" srcset=\"https:\/\/biogasworld.com\/wp-content\/uploads\/2019\/11\/anaero-Phoenix-model-Biomethane-potential-test-sets.png 600w, https:\/\/biogasworld.com\/wp-content\/uploads\/2019\/11\/anaero-Phoenix-model-Biomethane-potential-test-sets-250x125.png 250w\" sizes=\"auto, (max-width: 456px) 100vw, 456px\" \/><\/p>\n<h4 style=\"text-align: center;\"><\/h4>\n<p>&nbsp;<\/p>\n<p>&nbsp;<\/p>\n<p>&nbsp;<\/p>\n","protected":false},"excerpt":{"rendered":"Anaero Technology a \u00e9t\u00e9 fond\u00e9e \u00e0 cause de notre besoin d\u2019obtenir de l\u2019\u00e9quipement capable d\u2019\u00e9valuer le potentiel inhibiteur des aliments transform\u00e9s dans les usines de DA \u00e0 grande \u00e9chelle ou le biogaz. Anaero Technology a cr\u00e9\u00e9 et brevet\u00e9 de l\u2019\u00e9quipement qui est facile d\u2019utilisation, robuste, coh\u00e9rente et capable d\u2019utiliser le m\u00eame inoculum et la m\u00eame alimentation que des usines \u00e0 grande \u00e9chelle.","protected":false},"featured_media":25362,"template":"","meta":{"_acf_changed":false,"content-type":""},"product_brand":[],"product_cat":[77,120,139],"product_tag":[],"class_list":{"0":"post-26882","1":"product","2":"type-product","3":"status-publish","4":"has-post-thumbnail","6":"product_cat-biomethanisation","7":"product_cat-pilotage-de-procede","8":"product_cat-digesteur-echelle-laboratoire","10":"first","11":"instock","12":"taxable","13":"shipping-taxable","14":"product-type-simple"},"acf":[],"_links":{"self":[{"href":"https:\/\/biogasworld.com\/fr\/wp-json\/wp\/v2\/product\/26882","targetHints":{"allow":["GET"]}}],"collection":[{"href":"https:\/\/biogasworld.com\/fr\/wp-json\/wp\/v2\/product"}],"about":[{"href":"https:\/\/biogasworld.com\/fr\/wp-json\/wp\/v2\/types\/product"}],"wp:featuredmedia":[{"embeddable":true,"href":"https:\/\/biogasworld.com\/fr\/wp-json\/wp\/v2\/media\/25362"}],"wp:attachment":[{"href":"https:\/\/biogasworld.com\/fr\/wp-json\/wp\/v2\/media?parent=26882"}],"wp:term":[{"taxonomy":"product_brand","embeddable":true,"href":"https:\/\/biogasworld.com\/fr\/wp-json\/wp\/v2\/product_brand?post=26882"},{"taxonomy":"product_cat","embeddable":true,"href":"https:\/\/biogasworld.com\/fr\/wp-json\/wp\/v2\/product_cat?post=26882"},{"taxonomy":"product_tag","embeddable":true,"href":"https:\/\/biogasworld.com\/fr\/wp-json\/wp\/v2\/product_tag?post=26882"}],"curies":[{"name":"wp","href":"https:\/\/api.w.org\/{rel}","templated":true}]}}