{"id":26903,"date":"2020-07-03T14:09:58","date_gmt":"2020-07-03T18:09:58","guid":{"rendered":"https:\/\/www.biogasworld.com\/?post_type=product&#038;p=26903\/"},"modified":"2023-02-28T16:51:26","modified_gmt":"2023-02-28T21:51:26","slug":"reacteur-biologique-cultures-fixees-mbbr","status":"publish","type":"product","link":"https:\/\/biogasworld.com\/fr\/product\/traitement-des-eaux\/traitement-biologique\/reacteur-biologique-cultures-fixees-mbbr\/","title":{"rendered":"R\u00e9acteur biologique \u00e0 cultures fix\u00e9es (MBBR)"},"content":{"rendered":"<h2><span style=\"color: #000daa;\">R\u00e9acteur biologique \u00e0 cultures fix\u00e9es (MBBR): Traitement biologique pour des conditions de fortes charges ou de charges variables<\/span><\/h2>\n<p>Mabarex fabrique sa propre technologie de traitement biologique pour le traitement des eaux us\u00e9es, soit le r\u00e9acteur biologique \u00e0 cultures fix\u00e9es (MBBR) ou le SMBR<sup>MD<\/sup>.<\/p>\n<p>Cette technologie est particuli\u00e8rement bien adapt\u00e9e aux conditions de fortes charges ou de charges variables, par exemple dans les effluents des industries agroalimentaires et des sites d\u2019enfouissement technique. En plus de traiter les eaux us\u00e9es, ce proc\u00e9d\u00e9 vous permet d\u2019augmenter la capacit\u00e9 de syst\u00e8mes existants et d&rsquo;atteindre les normes en DBO<sub>5<\/sub>\u00a0et en azote ammoniacal.<\/p>\n<p>&nbsp;<\/p>\n<h3><span style=\"color: #000daa;\">Caract\u00e9ristiques sp\u00e9cifiques au r\u00e9acteur biologique \u00e0 cultures fix\u00e9es<\/span><\/h3>\n<p>Cette technologie poss\u00e8de les caract\u00e9ristiques suivantes.<\/p>\n<p>Le m\u00e9dia PEENOX<sup>MD<\/sup> offre une grande surface disponible pour la croissance d\u2019une biomasse fix\u00e9e.\u00a0 Cette biomasse fix\u00e9e permet de traiter des charges de pollution bien sup\u00e9rieures aux technologies conventionnelles dans un volume \u00e9quivalent.<\/p>\n<p>Cette technologie peut \u00eatre install\u00e9e pendant la construction de nouvelles installations de traitement et la mise \u00e0 niveau de stations de traitement biologiques existantes.\u00a0 Dans ce dernier cas, vous pouvez directement incorporer le m\u00e9dia PEENOX<sup>MD <\/sup>dans les bassins existants.<\/p>\n<p>En plus de permettre d&rsquo;enlever la DBO<sub>5<\/sub>, la technologie peut \u00eatre utilis\u00e9e pour\u00a0 enlever l&rsquo;azote. Il est donc possible d\u2019appliquer un traitement en plusieurs \u00e9tapes selon les objectifs de traitement recherch\u00e9s.<\/p>\n<p>Lors de la mise \u00e0 niveau d\u2019une installation de boues activ\u00e9es, l\u2019augmentation de la concentration de la biomasse dans le bior\u00e9acteur ne provoque pas d\u2019augmentation des mati\u00e8res solides en suspension et, donc, ne surcharge pas le d\u00e9canteur existant.\u00a0 Au contraire, la concentration en MES diminue consid\u00e9rablement (Exemple : de 3000 mg\/l en boues activ\u00e9es \u00e0 300 mg\/l ou moins en SMBR<sup>MD<\/sup>).<\/p>\n<p>&nbsp;<\/p>\n<h3><span style=\"color: #000daa;\">Avantages du r\u00e9acteur biologique \u00e0 cultures fix\u00e9es (MBBR)<\/span><\/h3>\n<p>Le r\u00e9acteur biologique \u00e0 cultures fix\u00e9es poss\u00e8de plusieurs les avantages dont:<\/p>\n<ul>\n<li>La conception compacte sup\u00e9rieure aux technologies conventionnelles de traitement biologique vous permet de doubler, ou plus encore, la capacit\u00e9 \u00e9puratoire pour des ouvrages de volumes comparables<\/li>\n<li>Des parois internes sur les m\u00e9dias permettent de prot\u00e9ger la biomasse des ph\u00e9nom\u00e8nes d\u2019attrition sur les parois externes<\/li>\n<li>Le red\u00e9marrage du proc\u00e9d\u00e9 est tr\u00e8s rapide<\/li>\n<li>Forte capacit\u00e9 \u00e0 s&rsquo;adapter aux substances normalement r\u00e9fractaires aux traitements biologiques conventionnels<\/li>\n<li>La s\u00e9paration du proc\u00e9d\u00e9 en plusieurs \u00e9tapes, ce qui permet des rendements \u00e9puratoires sup\u00e9rieurs<\/li>\n<li>Le proc\u00e9d\u00e9 est adapt\u00e9 aux conditions des eaux froides<\/li>\n<li>L&rsquo;\u00e9limination des contr\u00f4les de l\u2019\u00e2ge des boues, du ratio F\/M et du maintien d\u2019un voile de boues<\/li>\n<\/ul>\n<p>&nbsp;<\/p>\n<h4>Pour obtenir davantage d&rsquo;informations, consultez <a href=\"https:\/\/www.mabarex.com\/wp-content\/uploads\/2016\/12\/smbr-4p-f-hr.pdf\">la brochure<\/a> ou <a href=\"https:\/\/www.mabarex.com\/wp-content\/uploads\/2016\/12\/smbr-fiche-tech.pdf\">la fiche technique<\/a> du r\u00e9acteur biologique \u00e0 cultures fix\u00e9es (MBBR) de Mabarex!<\/h4>\n","protected":false},"excerpt":{"rendered":"Depuis 1983, nos clients peuvent compter sur un leader, MABAREX. Nous exer\u00e7ons notre savoir-faire partout au Canada, \u00e9tant reconnus comme r\u00e9f\u00e9rence en traitement de l\u2019eau. Nous concevons et r\u00e9alisons des syst\u00e8mes cl\u00e9s en main dot\u00e9s d\u2019une grande polyvalence pour r\u00e9pondre \u00e0 l\u2019\u00e9volution des besoins de nos clients, pr\u00e9server leur investissement et les ressources. De la phase d\u2019\u00e9tude pr\u00e9liminaire \u00e0 la phase d\u2019exploitation, nous proposons une gamme compl\u00e8te de solutions de traitement des eaux, des boues et des mati\u00e8res r\u00e9siduelles, avec la garantie d\u2019atteindre la performance vis\u00e9e.","protected":false},"featured_media":26922,"template":"","meta":{"_acf_changed":false,"content-type":""},"product_brand":[],"product_cat":[80,90],"product_tag":[],"class_list":{"0":"post-26903","1":"product","2":"type-product","3":"status-publish","4":"has-post-thumbnail","6":"product_cat-traitement-des-eaux","7":"product_cat-traitement-biologique","9":"first","10":"instock","11":"taxable","12":"shipping-taxable","13":"product-type-simple"},"acf":[],"_links":{"self":[{"href":"https:\/\/biogasworld.com\/fr\/wp-json\/wp\/v2\/product\/26903","targetHints":{"allow":["GET"]}}],"collection":[{"href":"https:\/\/biogasworld.com\/fr\/wp-json\/wp\/v2\/product"}],"about":[{"href":"https:\/\/biogasworld.com\/fr\/wp-json\/wp\/v2\/types\/product"}],"wp:featuredmedia":[{"embeddable":true,"href":"https:\/\/biogasworld.com\/fr\/wp-json\/wp\/v2\/media\/26922"}],"wp:attachment":[{"href":"https:\/\/biogasworld.com\/fr\/wp-json\/wp\/v2\/media?parent=26903"}],"wp:term":[{"taxonomy":"product_brand","embeddable":true,"href":"https:\/\/biogasworld.com\/fr\/wp-json\/wp\/v2\/product_brand?post=26903"},{"taxonomy":"product_cat","embeddable":true,"href":"https:\/\/biogasworld.com\/fr\/wp-json\/wp\/v2\/product_cat?post=26903"},{"taxonomy":"product_tag","embeddable":true,"href":"https:\/\/biogasworld.com\/fr\/wp-json\/wp\/v2\/product_tag?post=26903"}],"curies":[{"name":"wp","href":"https:\/\/api.w.org\/{rel}","templated":true}]}}