{"id":26914,"date":"2020-07-03T14:25:15","date_gmt":"2020-07-03T18:25:15","guid":{"rendered":"https:\/\/www.biogasworld.com\/?post_type=product&#038;p=26914\/"},"modified":"2023-02-28T16:51:32","modified_gmt":"2023-02-28T21:51:32","slug":"traitement-des-eaux-decentralise-mbr","status":"publish","type":"product","link":"https:\/\/biogasworld.com\/fr\/product\/traitement-des-eaux\/traitement-membranaire\/traitement-des-eaux-decentralise-mbr\/","title":{"rendered":"Traitement des eaux d\u00e9centralis\u00e9 (MBR)"},"content":{"rendered":"<h2><span style=\"color: #000daa;\">Traitement des eaux d\u00e9centralis\u00e9 (MBR)\u00a0ULTIMO<\/span><\/h2>\n<p>ULTIMO est une micro station d\u2019\u00e9puration standardis\u00e9e qui est pr\u00e9fabriqu\u00e9e pour s&rsquo;assurer d&rsquo;offrir, aux utilisateurs, un produit de tr\u00e8s haute qualit\u00e9 au meilleur co\u00fbt. L\u2019ULTIMO consiste en un r\u00e9acteur biologique membranaire (commun\u00e9ment appel\u00e9 MBR), une technologie inscrite dans le guide des technologies conventionnelles du MDDELCC qui combine un traitement biologique par boues activ\u00e9es et une s\u00e9paration solide-liquide effectu\u00e9e par un syst\u00e8me d\u2019ultrafiltration.<\/p>\n<p>L\u2019effluent produit par l\u2019ULTIMO rencontre les normes les plus contraignantes du MDDELCC, ce qui lui permet de rejeter ses r\u00e9sidus directement dans l\u2019environnement. L&rsquo;ULTIMO est un syst\u00e8me de traitement d&rsquo;eau d\u00e9centralis\u00e9 qui est id\u00e9al pour les municipalit\u00e9s et les utilisateurs non desservis par un r\u00e9seau d\u2019assainissement conforme, comme :<\/p>\n<ul>\n<li>Les domaines immobiliers isol\u00e9s<\/li>\n<li>Des parcs de maisons mobiles<\/li>\n<li>Des propri\u00e9t\u00e9s riveraines<\/li>\n<li>Les campings et les camps de vacances<\/li>\n<li>Les centres r\u00e9cr\u00e9otouristiques<\/li>\n<li>Les camps de travailleurs<\/li>\n<li>Les \u00eelots commerciaux<\/li>\n<li>Les complexes h\u00f4teliers<\/li>\n<li>Les industries<\/li>\n<li>Les haltes routi\u00e8res<\/li>\n<li>Les nouveaux projets immobiliers<\/li>\n<\/ul>\n<p>&nbsp;<\/p>\n<h3><span style=\"color: #000daa;\">Avantages du syst\u00e8me de traitement des eaux d\u00e9centralis\u00e9 (MBR)<\/span><\/h3>\n<p>Le syst\u00e8me de traitement des eaux d\u00e9centralis\u00e9 est le seul \u00e0 poss\u00e9der les avantages suivants:<\/p>\n<ul>\n<li>Tr\u00e8s grande qualit\u00e9 des effluents produits<\/li>\n<li>Programme d\u2019accompagnement\u00a0<strong>Ultimax<\/strong>\u00a0<strong>&#8211; Acc\u00e8s \u00e0 la garantie prolong\u00e9e de 10 ans<\/strong>\u00a0sur les membranes<\/li>\n<li>Permet le traitement des eaux us\u00e9es d\u2019usagers situ\u00e9s sur des lots dont le sol ne poss\u00e8de pas de caract\u00e9ristiques ad\u00e9quates : terrain trop restreint, zones inondables, mauvaise perm\u00e9abilit\u00e9 du sol<\/li>\n<li>Concept modulaire pr\u00e9fabriqu\u00e9 en usine<\/li>\n<li>Composantes de qualit\u00e9 industrielle<\/li>\n<li>Membranes Fibracast<\/li>\n<li>R\u00e9servoirs membranaires en acier inoxydable<\/li>\n<\/ul>\n<p>&nbsp;<\/p>\n<h4>Pour en apprendre davantage, consultez la <a href=\"https:\/\/www.mabarex.com\/wp-content\/uploads\/2016\/12\/ultimo-ft.pdf\">brochure du traitement des eaux d\u00e9centralis\u00e9 (MBR) ULTIMO<\/a>, ainsi qu&rsquo;<a href=\"https:\/\/www.mabarex.com\/wp-content\/uploads\/2018\/02\/iga.pdf\">une \u00e9tude de cas<\/a>!<\/h4>\n","protected":false},"excerpt":{"rendered":"Depuis 1983, nos clients peuvent compter sur un leader, MABAREX. Nous exer\u00e7ons notre savoir-faire partout au Canada, \u00e9tant reconnus comme r\u00e9f\u00e9rence en traitement de l\u2019eau. Nous concevons et r\u00e9alisons des syst\u00e8mes cl\u00e9s en main dot\u00e9s d\u2019une grande polyvalence pour r\u00e9pondre \u00e0 l\u2019\u00e9volution des besoins de nos clients, pr\u00e9server leur investissement et les ressources. De la phase d\u2019\u00e9tude pr\u00e9liminaire \u00e0 la phase d\u2019exploitation, nous proposons une gamme compl\u00e8te de solutions de traitement des eaux, des boues et des mati\u00e8res r\u00e9siduelles, avec la garantie d\u2019atteindre la performance vis\u00e9e.","protected":false},"featured_media":26918,"template":"","meta":{"_acf_changed":false,"content-type":""},"product_brand":[],"product_cat":[80,464],"product_tag":[],"class_list":{"0":"post-26914","1":"product","2":"type-product","3":"status-publish","4":"has-post-thumbnail","6":"product_cat-traitement-des-eaux","7":"product_cat-traitement-membranaire","9":"first","10":"instock","11":"taxable","12":"shipping-taxable","13":"product-type-simple"},"acf":[],"_links":{"self":[{"href":"https:\/\/biogasworld.com\/fr\/wp-json\/wp\/v2\/product\/26914","targetHints":{"allow":["GET"]}}],"collection":[{"href":"https:\/\/biogasworld.com\/fr\/wp-json\/wp\/v2\/product"}],"about":[{"href":"https:\/\/biogasworld.com\/fr\/wp-json\/wp\/v2\/types\/product"}],"wp:featuredmedia":[{"embeddable":true,"href":"https:\/\/biogasworld.com\/fr\/wp-json\/wp\/v2\/media\/26918"}],"wp:attachment":[{"href":"https:\/\/biogasworld.com\/fr\/wp-json\/wp\/v2\/media?parent=26914"}],"wp:term":[{"taxonomy":"product_brand","embeddable":true,"href":"https:\/\/biogasworld.com\/fr\/wp-json\/wp\/v2\/product_brand?post=26914"},{"taxonomy":"product_cat","embeddable":true,"href":"https:\/\/biogasworld.com\/fr\/wp-json\/wp\/v2\/product_cat?post=26914"},{"taxonomy":"product_tag","embeddable":true,"href":"https:\/\/biogasworld.com\/fr\/wp-json\/wp\/v2\/product_tag?post=26914"}],"curies":[{"name":"wp","href":"https:\/\/api.w.org\/{rel}","templated":true}]}}