{"id":26931,"date":"2020-07-03T21:06:32","date_gmt":"2020-07-04T01:06:32","guid":{"rendered":"https:\/\/www.biogasworld.com\/?post_type=product&#038;p=26931\/"},"modified":"2023-02-28T16:51:45","modified_gmt":"2023-02-28T21:51:45","slug":"mabarex-broyeur","status":"publish","type":"product","link":"https:\/\/biogasworld.com\/fr\/product\/traitement-des-eaux\/pompes\/mabarex-broyeur\/","title":{"rendered":"Mabarex Broyeur"},"content":{"rendered":"<h2><span style=\"color: #000daa;\"><span class=\"il\">Mabarex<\/span> Broyeur: Pour le traitement des eaux us\u00e9es fiable<\/span><\/h2>\n<p>Les broyeurs Muffin Monster<sup>MD<\/sup> , Channel Monster<sup>MD<\/sup>\u00a0et autres \u00e9quipements de traitement des eaux us\u00e9es de JWC Environmental sont reconnus pour leur qualit\u00e9 et leur fiabilit\u00e9.<u><\/u><u><\/u><\/p>\n<p>Ces broyeurs sont utilis\u00e9s dans les stations de pompage, pour les boues des syst\u00e8mes de pr\u00e9traitement et le broyage de r\u00e9sidus alimentaires. Ces \u00e9quipements se composent de broyeurs robustes qui d\u00e9chiquettent toute la mati\u00e8re susceptible d&rsquo;entraver le bon fonctionnement de votre syst\u00e8me. C&rsquo;est une alternative efficace au d\u00e9grillage dans les stations de pompage.<\/p>\n<p>&nbsp;<\/p>\n<h3><span style=\"color: #000daa;\">Les avantages du Mabarex broyeur<\/span><\/h3>\n<p>Le Mabarex Broyeur poss\u00e8de les avantages suivants:<\/p>\n<ul>\n<li>Broyeur muni d&rsquo;un arbre double &#8211; Permet de broyer une plus grande vari\u00e9t\u00e9 de solides.<\/li>\n<li>Garniture m\u00e9canique en cartouche \u2013 Convient \u00e0 des conduites jusqu&rsquo;\u00e0 des pressions de 6 bars (90 psi).<\/li>\n<li>Guides lat\u00e9raux \u00e0 haut d\u00e9bit &#8211; Augmentent le d\u00e9bit et diminuent les pertes de charge.<\/li>\n<li>Installation facile et flexible &#8211; S&rsquo;adapte \u00e0 une tuyauterie existante ou \u00e0 un canal avec peu ou aucune modification.<\/li>\n<li>Conception compacte et efficace &#8211; La conception des couteaux et du r\u00e9ducteur permet l&rsquo;utilisation de 2,2 \u00e0 7,5 kW \u00e0 10 HP.<\/li>\n<\/ul>\n<p>&nbsp;<\/p>\n<h4>Consultez la brochure du <a href=\"https:\/\/www.mabarex.com\/wp-content\/uploads\/2016\/12\/muffin_monster_francais.pdf\">broyeur Mabarex ici<\/a>.<\/h4>\n","protected":false},"excerpt":{"rendered":"Depuis 1983, nos clients peuvent compter sur un leader, MABAREX. Nous exer\u00e7ons notre savoir-faire partout au Canada, \u00e9tant reconnus comme r\u00e9f\u00e9rence en traitement de l\u2019eau. Nous concevons et r\u00e9alisons des syst\u00e8mes cl\u00e9s en main dot\u00e9s d\u2019une grande polyvalence pour r\u00e9pondre \u00e0 l\u2019\u00e9volution des besoins de nos clients, pr\u00e9server leur investissement et les ressources. De la phase d\u2019\u00e9tude pr\u00e9liminaire \u00e0 la phase d\u2019exploitation, nous proposons une gamme compl\u00e8te de solutions de traitement des eaux, des boues et des mati\u00e8res r\u00e9siduelles, avec la garantie d\u2019atteindre la performance vis\u00e9e.","protected":false},"featured_media":26955,"template":"","meta":{"_acf_changed":false,"content-type":""},"product_brand":[],"product_cat":[80,520],"product_tag":[],"class_list":{"0":"post-26931","1":"product","2":"type-product","3":"status-publish","4":"has-post-thumbnail","6":"product_cat-traitement-des-eaux","7":"product_cat-pompes","9":"first","10":"instock","11":"taxable","12":"shipping-taxable","13":"product-type-simple"},"acf":[],"_links":{"self":[{"href":"https:\/\/biogasworld.com\/fr\/wp-json\/wp\/v2\/product\/26931","targetHints":{"allow":["GET"]}}],"collection":[{"href":"https:\/\/biogasworld.com\/fr\/wp-json\/wp\/v2\/product"}],"about":[{"href":"https:\/\/biogasworld.com\/fr\/wp-json\/wp\/v2\/types\/product"}],"wp:featuredmedia":[{"embeddable":true,"href":"https:\/\/biogasworld.com\/fr\/wp-json\/wp\/v2\/media\/26955"}],"wp:attachment":[{"href":"https:\/\/biogasworld.com\/fr\/wp-json\/wp\/v2\/media?parent=26931"}],"wp:term":[{"taxonomy":"product_brand","embeddable":true,"href":"https:\/\/biogasworld.com\/fr\/wp-json\/wp\/v2\/product_brand?post=26931"},{"taxonomy":"product_cat","embeddable":true,"href":"https:\/\/biogasworld.com\/fr\/wp-json\/wp\/v2\/product_cat?post=26931"},{"taxonomy":"product_tag","embeddable":true,"href":"https:\/\/biogasworld.com\/fr\/wp-json\/wp\/v2\/product_tag?post=26931"}],"curies":[{"name":"wp","href":"https:\/\/api.w.org\/{rel}","templated":true}]}}