{"id":27078,"date":"2020-07-11T18:16:38","date_gmt":"2020-07-11T22:24:28","guid":{"rendered":"https:\/\/www.biogasworld.com\/?post_type=product&#038;p=27078\/"},"modified":"2023-02-28T16:51:57","modified_gmt":"2023-02-28T21:51:57","slug":"strabag-technologie-de-digestion-par-voie-seche","status":"publish","type":"product","link":"https:\/\/biogasworld.com\/fr\/product\/biomethanisation\/digestion-seche\/strabag-technologie-de-digestion-par-voie-seche\/","title":{"rendered":"La technologie de digestion par voie s\u00e8che de STRABAG"},"content":{"rendered":"","protected":false},"excerpt":{"rendered":"La technologie de digestion par voie s\u00e8che brevet\u00e9e de STRABAG est utilis\u00e9e avec succ\u00e8s depuis plus de 30 ans pour le traitement ana\u00e9robie continu, thermophile ou m\u00e9sophile de substrats richement structur\u00e9s qui poss\u00e8dent un haut taux de contenu en mati\u00e8res s\u00e8ches comme les d\u00e9chets biologiques ou municipaux. Le digesteur est \u00e9quip\u00e9 d&rsquo;agitateurs qui traversent le d\u00e9bit de fa\u00e7on transversale. Cela permet de pr\u00e9venir une s\u00e9dimentation incontr\u00f4lable ou la formation de couches flottantes.\u00a0 La disposition superpos\u00e9e des agitateurs garantit un m\u00e9lange local cibl\u00e9 du substrat, la lib\u00e9ration optimale des bulles de gaz et le transport fiable des s\u00e9diments vers la d\u00e9charge du digesteur. L&rsquo;agitateur fonctionne pas intermittence et, ainsi, ne consomme que peu d&rsquo;\u00e9nergie.","protected":false},"featured_media":27077,"template":"","meta":{"_acf_changed":false,"content-type":""},"product_brand":[],"product_cat":[77,77,130,130],"product_tag":[],"class_list":{"0":"post-27078","1":"product","2":"type-product","3":"status-publish","4":"has-post-thumbnail","6":"product_cat-biomethanisation","8":"product_cat-digestion-seche","11":"first","12":"instock","13":"taxable","14":"shipping-taxable","15":"product-type-simple"},"acf":[],"_links":{"self":[{"href":"https:\/\/biogasworld.com\/fr\/wp-json\/wp\/v2\/product\/27078","targetHints":{"allow":["GET"]}}],"collection":[{"href":"https:\/\/biogasworld.com\/fr\/wp-json\/wp\/v2\/product"}],"about":[{"href":"https:\/\/biogasworld.com\/fr\/wp-json\/wp\/v2\/types\/product"}],"wp:featuredmedia":[{"embeddable":true,"href":"https:\/\/biogasworld.com\/fr\/wp-json\/wp\/v2\/media\/27077"}],"wp:attachment":[{"href":"https:\/\/biogasworld.com\/fr\/wp-json\/wp\/v2\/media?parent=27078"}],"wp:term":[{"taxonomy":"product_brand","embeddable":true,"href":"https:\/\/biogasworld.com\/fr\/wp-json\/wp\/v2\/product_brand?post=27078"},{"taxonomy":"product_cat","embeddable":true,"href":"https:\/\/biogasworld.com\/fr\/wp-json\/wp\/v2\/product_cat?post=27078"},{"taxonomy":"product_tag","embeddable":true,"href":"https:\/\/biogasworld.com\/fr\/wp-json\/wp\/v2\/product_tag?post=27078"}],"curies":[{"name":"wp","href":"https:\/\/api.w.org\/{rel}","templated":true}]}}