{"id":27198,"date":"2018-02-28T13:35:51","date_gmt":"2020-07-28T18:56:19","guid":{"rendered":"https:\/\/www.biogasworld.com\/?post_type=product&#038;p=27198\/"},"modified":"2025-05-14T12:40:25","modified_gmt":"2025-05-14T16:40:25","slug":"presse-orex-pour-lextrusion-de-matieres-organiques","status":"publish","type":"product","link":"https:\/\/biogasworld.com\/fr\/product\/reception-et-conditionnement\/pretraitement\/presse-orex-pour-lextrusion-de-matieres-organiques\/","title":{"rendered":"Presse OREX pour l&rsquo;extrusion de mati\u00e8res organiques"},"content":{"rendered":"<h2><span style=\"color: #000daa;\">Presse OREX pour l&rsquo;extrusion de mati\u00e8res organiques: r\u00e9cup\u00e9ration des d\u00e9chets solides<\/span><\/h2>\n<h3><span style=\"color: #000daa;\">Aper\u00e7u de la technologie<\/span><\/h3>\n<p>La presse OREX pour l&rsquo;extrusion de mati\u00e8res organiques s\u00e9pare, de fa\u00e7on fiable et efficace, les mati\u00e8res organiques humides des mati\u00e8res organiques s\u00e8ches, et ce, pour une vari\u00e9t\u00e9 de flux de d\u00e9chets. Cela vous permet d&rsquo;obtenir une plus grande valeur de la r\u00e9cup\u00e9ration des d\u00e9chets et de leur d\u00e9tournement des sites d&rsquo;enfouissement.<\/p>\n<p>&nbsp;<\/p>\n<h3><span style=\"color: #000daa;\">Proc\u00e9d\u00e9<\/span><\/h3>\n<p>Une cha\u00eene de traitement OREX est un \u00e9l\u00e9ment cl\u00e9 d&rsquo;un programme int\u00e9gr\u00e9 pour la gestion des d\u00e9chets solides. La presse OREX s\u00e9pare physiquement la fraction humide des d\u00e9chets solides m\u00e9lang\u00e9s de la fraction s\u00e8che. Contrairement \u00e0 la technologie traditionnelles, la presse OREX peut r\u00e9cup\u00e9rer jusqu&rsquo;\u00e0 95% des d\u00e9chets alimentaires provenant des flux de d\u00e9chets solides municipaux, et ce, avec moins de 1% de contamination.<\/p>\n<p>Par la suite, les d\u00e9chets se retrouvent dans une chambre perfor\u00e9e, o\u00f9 ils sont comprim\u00e9s sous haute pression (4,000 psi). La fraction humide des d\u00e9chets est press\u00e9e \u00e0 travers les trous perc\u00e9s dans la chambre, ce qui vous permet de les utiliser pour la digestion ana\u00e9robie. La fraction s\u00e8che des mati\u00e8res organiques peut ensuite \u00eatre transport\u00e9e dans la fosse de transfert ou valoris\u00e9e sous la forme d&rsquo;un carburant solide. La fraction s\u00e8che des mati\u00e8res organiques est moins humide que l&rsquo;autre. Elle poss\u00e8de donc une densit\u00e9 plus grande que celle des d\u00e9chets solides entrants et, ainsi, une valeur \u00e9nerg\u00e9tique accrue.<\/p>\n<p><img loading=\"lazy\" decoding=\"async\" class=\"alignnone\" src=\"https:\/\/biogasworld.com\/wp-content\/uploads\/2018\/02\/ANAERGIA-%E2%80%93-Process-of-Organics-Extrusion-Press-OREX.png\" alt=\"ANAERGIA \u2013 Le proc\u00e9d\u00e9 de la presse OREX pour l'extrusion de mati\u00e8res organiques\" width=\"1302\" height=\"288\" \/><\/p>\n<p>&nbsp;<\/p>\n<h3><span style=\"color: #000daa;\">R\u00e9cup\u00e9ration des d\u00e9chets solides municipaux<\/span><\/h3>\n<p><img loading=\"lazy\" decoding=\"async\" class=\"alignleft\" src=\"https:\/\/biogasworld.com\/wp-content\/uploads\/2018\/02\/ANAERGIA-%E2%80%93-How-Organics-Extrusion-Press-OREX-maximizes-organic-waste-recovery.png\" alt=\"ANAERGIA \u2013 Comment la presse OREX pour l'extrusion de mati\u00e8res organiques maximise-t-elle la r\u00e9cup\u00e9ration des mati\u00e8res organiques?\" width=\"231\" height=\"283\" \/><\/p>\n<p>&nbsp;<\/p>\n<p>R\u00e9sidences d&rsquo;une seule famille: \u00a030-35%<\/p>\n<p>R\u00e9sidences \u00e0 plusieurs familles: 35-50%<br \/>\nD\u00e9chets commerciaux humides: 50-70%<br \/>\nMati\u00e8res organiques tri\u00e9es \u00e0 la source: 70-95%<\/p>\n<p>&nbsp;<\/p>\n<p>&nbsp;<\/p>\n<p>&nbsp;<\/p>\n<p>&nbsp;<\/p>\n<h3><span style=\"color: #000daa;\">Avantages de la presse OREX pour l&rsquo;extrusion de mati\u00e8res organiques<\/span><\/h3>\n<ul>\n<li>Repose moins sur les changements de comportements du client parce qu&rsquo;il se base sur des programmes de collecte existants<\/li>\n<li>Ne demande aucune s\u00e9paration \u00e0 la source. Les flux de d\u00e9chets m\u00e9lang\u00e9s sont facilement trait\u00e9s par la OREX<\/li>\n<li>Une vari\u00e9t\u00e9 de flux de d\u00e9chets peuvent \u00eatre trait\u00e9s (d\u00e9chets solides municipaux, d\u00e9chets commerciaux, mati\u00e8res organiques tri\u00e9es \u00e0 la source)<\/li>\n<\/ul>\n<p><img loading=\"lazy\" decoding=\"async\" class=\"alignnone\" src=\"https:\/\/biogasworld.com\/wp-content\/uploads\/2018\/02\/ANAERGIA-%E2%80%93-Organics-Extrusion-Press-OREX-process-variety-of-stream.png\" alt=\"ANAERGIA \u2013 La Presse OREX pour l'extrusion de mati\u00e8res organiques peut traiter une vari\u00e9t\u00e9 de flux de d\u00e9chets\" width=\"1404\" height=\"458\" \/><\/p>\n<p>&nbsp;<\/p>\n<p>&nbsp;<\/p>\n<p>&nbsp;<\/p>\n","protected":false},"excerpt":{"rendered":"La presse OREX pour l&rsquo;extrusion de mati\u00e8res organiques s\u00e9pare, de fa\u00e7on fiable et efficace, les mati\u00e8res organiques humides des mati\u00e8res organiques s\u00e8ches, et ce, pour une vari\u00e9t\u00e9 de flux de d\u00e9chets. Cela vous permet d&rsquo;obtenir une plus grande valeur de la r\u00e9cup\u00e9ration des d\u00e9chets et de leur d\u00e9tournement des sites d&rsquo;enfouissement.","protected":false},"featured_media":22786,"template":"","meta":{"_acf_changed":false,"content-type":""},"product_brand":[],"product_cat":[116,124],"product_tag":[],"class_list":{"0":"post-27198","1":"product","2":"type-product","3":"status-publish","4":"has-post-thumbnail","6":"product_cat-reception-et-conditionnement","7":"product_cat-pretraitement","9":"first","10":"instock","11":"taxable","12":"shipping-taxable","13":"product-type-simple"},"acf":[],"_links":{"self":[{"href":"https:\/\/biogasworld.com\/fr\/wp-json\/wp\/v2\/product\/27198","targetHints":{"allow":["GET"]}}],"collection":[{"href":"https:\/\/biogasworld.com\/fr\/wp-json\/wp\/v2\/product"}],"about":[{"href":"https:\/\/biogasworld.com\/fr\/wp-json\/wp\/v2\/types\/product"}],"wp:featuredmedia":[{"embeddable":true,"href":"https:\/\/biogasworld.com\/fr\/wp-json\/wp\/v2\/media\/22786"}],"wp:attachment":[{"href":"https:\/\/biogasworld.com\/fr\/wp-json\/wp\/v2\/media?parent=27198"}],"wp:term":[{"taxonomy":"product_brand","embeddable":true,"href":"https:\/\/biogasworld.com\/fr\/wp-json\/wp\/v2\/product_brand?post=27198"},{"taxonomy":"product_cat","embeddable":true,"href":"https:\/\/biogasworld.com\/fr\/wp-json\/wp\/v2\/product_cat?post=27198"},{"taxonomy":"product_tag","embeddable":true,"href":"https:\/\/biogasworld.com\/fr\/wp-json\/wp\/v2\/product_tag?post=27198"}],"curies":[{"name":"wp","href":"https:\/\/api.w.org\/{rel}","templated":true}]}}