{"id":27199,"date":"2018-02-28T08:17:56","date_gmt":"2020-07-28T19:45:12","guid":{"rendered":"https:\/\/www.biogasworld.com\/?post_type=product&#038;p=27199\/"},"modified":"2025-05-14T12:40:18","modified_gmt":"2025-05-14T16:40:18","slug":"agitateurs-pour-matieres-solides-avec-boite-de-service","status":"publish","type":"product","link":"https:\/\/biogasworld.com\/fr\/product\/biomethanisation\/agitation\/agitateurs-pour-matieres-solides-avec-boite-de-service\/","title":{"rendered":"Agitateurs pour mati\u00e8res solides avec bo\u00eete de service"},"content":{"rendered":"<h2><span style=\"color: #000daa;\">Agitateurs pour mati\u00e8res solides avec bo\u00eete de service haut de gamme<\/span><\/h2>\n<h3>Le moins d&rsquo;\u00e9nergie consomm\u00e9e. La plus haute performance. Une flexibilit\u00e9 maximale.<\/h3>\n<p>Les agitateurs puissants et ultra-efficaces d&rsquo;Anaergia ont \u00e9t\u00e9 test\u00e9s sur plus de 2000 applications de digesteurs qui sont parmi les plus difficiles. Les agitateurs rendent l&rsquo;installation, l&rsquo;exploitation et la maintenance plus faciles. Ils vous aident \u00e0 \u00e9conomiser de l&rsquo;\u00e9nergie, \u00e0 augmenter la flexibilit\u00e9 de votre \u00e9quipement et am\u00e9liorent la capacit\u00e9 des digesteurs \u00e0 m\u00e9langer n&rsquo;importe quel type d&rsquo;intrants.<\/p>\n<p>&nbsp;<\/p>\n<h3><span style=\"color: #000daa;\">Comment les agitateurs pour mati\u00e8res solides avec bo\u00eete de service fonctionnent-ils?<\/span><\/h3>\n<h4>Agitateurs<\/h4>\n<p><img loading=\"lazy\" decoding=\"async\" class=\"alignleft wp-image-27200 size-full\" src=\"https:\/\/biogasworld.com\/wp-content\/uploads\/2020\/07\/ANAERGIA-\u2013-How-does-High-Solids-Mixers-with-Service-Boxes-work.png\" alt=\"Anaergia - Comment les Agitateurs pour mati\u00e8res solides avec bo\u00eete de service fonctionnent-ils?\" width=\"244\" height=\"323\" srcset=\"https:\/\/biogasworld.com\/wp-content\/uploads\/2020\/07\/ANAERGIA-\u2013-How-does-High-Solids-Mixers-with-Service-Boxes-work.png 244w, https:\/\/biogasworld.com\/wp-content\/uploads\/2020\/07\/ANAERGIA-\u2013-How-does-High-Solids-Mixers-with-Service-Boxes-work-189x250.png 189w\" sizes=\"auto, (max-width: 244px) 100vw, 244px\" \/><\/p>\n<p>&nbsp;<\/p>\n<p>Ces agitateurs ultra-efficaces poss\u00e8dent des contr\u00f4les intelligents en temps r\u00e9el pour adapter leur vitesse et, ainsi, \u00e9conomiser de l&rsquo;\u00e9nergie et \u00e9viter la cavitation.<\/p>\n<p>Les agitateurs peuvent \u00eatre ajust\u00e9s, ce qui augmente la redondance et l&rsquo;\u00e9nergie de m\u00e9lange dans le r\u00e9servoir tout en maximisant son roulement. Cela permet d&rsquo;augmenter la production de biogaz.<\/p>\n<p>Les agitateurs sont d&rsquo;une conception robuste et \u00e9prouv\u00e9e qui comprend plusieurs \u00e9l\u00e9ments en acier inoxydable.<\/p>\n<p>Ils poss\u00e8dent \u00e9galement un aimant permanent puissant \u00e0 entra\u00eenement direct.<\/p>\n<p class=\"p1\">Le moteur synchrone de l&rsquo;agitateur vous offre le couple n\u00e9cessaire pour effectuer des applications de viscosit\u00e9 plus avanc\u00e9es, dont les d\u00e9chets alimentaires et la production d&rsquo;\u00e9nergie \u00e0 partir des r\u00e9sidus agricoles.<\/p>\n<h4>Bo\u00eete de services<\/h4>\n<p><img loading=\"lazy\" decoding=\"async\" class=\"aligncenter\" src=\"https:\/\/biogasworld.com\/wp-content\/uploads\/2018\/02\/ANAERGIA-%E2%80%93-Service-boxes-of-High-Solids-Mixers-with-Service-Boxes.png\" alt=\"ANAERGIA \u2013 Exemple de bo\u00eete de service des agitateurs pour mati\u00e8res solides avec bo\u00eete de service\" width=\"269\" height=\"208\" \/><\/p>\n<p>Les agitateurs offrent une grande flexibilit\u00e9 \u00e0 l&rsquo;op\u00e9rateur. Il peut ajuster la hauteur de l&rsquo;agitateur et son angle \u00e0 partir de l&rsquo;ext\u00e9rieur du r\u00e9servoir.<\/p>\n<p>Ils sont \u00e9galement faciles d&rsquo;acc\u00e8s pour l&rsquo;inspection et la maintenance. Le digesteur peut m\u00eame rester en service.\u00a0 Par ailleurs, vous n&rsquo;aurez plus besoin de tuyaux ou de vannes externes complexes pour les boues d&rsquo;\u00e9puration.<\/p>\n<p>&nbsp;<\/p>\n<h3><span style=\"color: #000daa;\">Une polyvalence et une performance sans compromis<\/span><\/h3>\n<h4>Un faible co\u00fbt et une faible consommation d&rsquo;\u00e9nergie<\/h4>\n<p>La consommation en \u00e9nergie des agitateurs est r\u00e9duite au minimum alors que les performances de m\u00e9lange du digesteur sont optimis\u00e9es. L&rsquo;installation est simple et vous permet d&rsquo;enlever tous les tuyaux et les vannes externes.<\/p>\n<p>&nbsp;<\/p>\n<h4>Une polyvalence pour m\u00e9langer les solides<\/h4>\n<p>Les agitateurs couples uniques ont \u00e9t\u00e9 sans cesse am\u00e9lior\u00e9s pour pouvoir tout m\u00e9langer, que ce soit les boues d&rsquo;\u00e9puration ou les d\u00e9chets alimentaires et agricoles. La possibilit\u00e9 d&rsquo;ajuster les agitateurs et la bo\u00eete de service vous offre une polyvalence sans pr\u00e9c\u00e9dent pour m\u00e9langer les O &amp; M. Cela facilite les cycles de nettoyage p\u00e9riodiques du digesteur pour le sable.<\/p>\n<p>&nbsp;<\/p>\n<h4>Construction robuste et fiable<\/h4>\n<p>Les mat\u00e9riaux robustes et de haute qualit\u00e9 ainsi que les lames r\u00e9sistantes au colmatage \u00e0 d\u00e9placement lent ont fonctionn\u00e9 de fa\u00e7on fiable dans plus de 2000 installations. Ils vous aide \u00e0 minimiser les O &amp; M.<\/p>\n<p><img loading=\"lazy\" decoding=\"async\" class=\"alignnone\" src=\"https:\/\/biogasworld.com\/wp-content\/uploads\/2018\/02\/ANAERGIA-%E2%80%93-High-Solids-Mixers-with-Service-Boxes-picture.png\" alt=\"ANAERGIA \u2013 Photo des Agitateurs pour mati\u00e8res solides avec bo\u00eete de service\" width=\"497\" height=\"228\" \/><\/p>\n<p>&nbsp;<\/p>\n<p>&nbsp;<\/p>\n","protected":false},"excerpt":{"rendered":"Agitateurs hydrauliques brevet\u00e9s qui sont pr\u00e9cis\u00e9ment con\u00e7us pour les milieux avec des solides. Ils \u00e9liminent les sources d&rsquo;inflammation dans le digesteur.","protected":false},"featured_media":22802,"template":"","meta":{"_acf_changed":false,"content-type":""},"product_brand":[],"product_cat":[77,513],"product_tag":[],"class_list":{"0":"post-27199","1":"product","2":"type-product","3":"status-publish","4":"has-post-thumbnail","6":"product_cat-biomethanisation","7":"product_cat-agitation","9":"first","10":"instock","11":"taxable","12":"shipping-taxable","13":"product-type-simple"},"acf":[],"_links":{"self":[{"href":"https:\/\/biogasworld.com\/fr\/wp-json\/wp\/v2\/product\/27199","targetHints":{"allow":["GET"]}}],"collection":[{"href":"https:\/\/biogasworld.com\/fr\/wp-json\/wp\/v2\/product"}],"about":[{"href":"https:\/\/biogasworld.com\/fr\/wp-json\/wp\/v2\/types\/product"}],"wp:featuredmedia":[{"embeddable":true,"href":"https:\/\/biogasworld.com\/fr\/wp-json\/wp\/v2\/media\/22802"}],"wp:attachment":[{"href":"https:\/\/biogasworld.com\/fr\/wp-json\/wp\/v2\/media?parent=27199"}],"wp:term":[{"taxonomy":"product_brand","embeddable":true,"href":"https:\/\/biogasworld.com\/fr\/wp-json\/wp\/v2\/product_brand?post=27199"},{"taxonomy":"product_cat","embeddable":true,"href":"https:\/\/biogasworld.com\/fr\/wp-json\/wp\/v2\/product_cat?post=27199"},{"taxonomy":"product_tag","embeddable":true,"href":"https:\/\/biogasworld.com\/fr\/wp-json\/wp\/v2\/product_tag?post=27199"}],"curies":[{"name":"wp","href":"https:\/\/api.w.org\/{rel}","templated":true}]}}