{"id":27257,"date":"2018-01-12T11:34:26","date_gmt":"2020-08-13T01:33:15","guid":{"rendered":"https:\/\/www.biogasworld.com\/?post_type=product&#038;p=27257\/"},"modified":"2025-05-14T12:40:10","modified_gmt":"2025-05-14T16:40:10","slug":"membranes-ultrafiltration-pour-traitement-eaux-usees","status":"publish","type":"product","link":"https:\/\/biogasworld.com\/fr\/product\/traitement-des-eaux\/traitement-membranaire\/membranes-ultrafiltration-pour-traitement-eaux-usees\/","title":{"rendered":"Membranes d&rsquo;ultrafiltration pour le traitement des eaux us\u00e9es"},"content":{"rendered":"<h2><span style=\"color: #000daa;\">Membranes d&rsquo;ultrafiltration pour le traitement de l&rsquo;eau et des eaux us\u00e9es<\/span><\/h2>\n<p>Fibracast, un membre du groupe de compagnies d&rsquo;Anaergia, a fait une perc\u00e9e majeure en mati\u00e8re de technologies de membranes d&rsquo;ultrafiltration pour le traitement des eaux us\u00e9es. FibrePlate\u2122 est une membrane hybride de prochaine g\u00e9n\u00e9ration qui combine la force des technologies de membranes \u00e0 fibres creuses et de celles \u00e0 plaques plates sans leurs faiblesses respectives.<\/p>\n<p>FibrePlate\u2122 est une solution qui a un bon rapport co\u00fbt\/efficacit\u00e9 tout en offrant une conception de produit simplifi\u00e9e et des installations ayant une empreinte plus petite. La membrane FibrePlate\u2122 poss\u00e8de une force exceptionnelle qui vous permet de diminuer les co\u00fbts associ\u00e9s \u00e0 la dur\u00e9e de vie. Ce sera fait gr\u00e2ce \u00e0 la durabilit\u00e9 et la dur\u00e9e de vie exceptionnelles de la membrane.<\/p>\n<p>Ces membranes sont parfaitement adapt\u00e9es au traitement des eaux us\u00e9es, parce que:<\/p>\n<ul>\n<li>Flux hautement durables avec de faibles co\u00fbts d&rsquo;exploitation<\/li>\n<li>D\u00e9bit plus \u00e9lev\u00e9 par unit\u00e9 de volume<\/li>\n<li>Membranes robustes faciles \u00e0 utiliser<\/li>\n<li>Potentiel de boue minimis\u00e9<\/li>\n<\/ul>\n<p>&nbsp;<\/p>\n<p>Pour obtenir plus d&rsquo;informations, <a href=\"https:\/\/www.anaergia.com\/what-we-do\/wastewater-resource-recovery\">consultez le site d&rsquo;Anaergia<\/a>.<\/p>\n","protected":false},"excerpt":{"rendered":"Anaergia vous propose des solutions pour augmenter l&rsquo;efficacit\u00e9 des installations. Cette technologie peut transformer vos installations de traitement des eaux us\u00e9es en atouts pour la production d&rsquo;\u00e9lectricit\u00e9.","protected":false},"featured_media":22810,"template":"","meta":{"_acf_changed":false,"content-type":""},"product_brand":[],"product_cat":[80,464],"product_tag":[],"class_list":{"0":"post-27257","1":"product","2":"type-product","3":"status-publish","4":"has-post-thumbnail","6":"product_cat-traitement-des-eaux","7":"product_cat-traitement-membranaire","9":"first","10":"instock","11":"taxable","12":"shipping-taxable","13":"product-type-simple"},"acf":[],"_links":{"self":[{"href":"https:\/\/biogasworld.com\/fr\/wp-json\/wp\/v2\/product\/27257","targetHints":{"allow":["GET"]}}],"collection":[{"href":"https:\/\/biogasworld.com\/fr\/wp-json\/wp\/v2\/product"}],"about":[{"href":"https:\/\/biogasworld.com\/fr\/wp-json\/wp\/v2\/types\/product"}],"wp:featuredmedia":[{"embeddable":true,"href":"https:\/\/biogasworld.com\/fr\/wp-json\/wp\/v2\/media\/22810"}],"wp:attachment":[{"href":"https:\/\/biogasworld.com\/fr\/wp-json\/wp\/v2\/media?parent=27257"}],"wp:term":[{"taxonomy":"product_brand","embeddable":true,"href":"https:\/\/biogasworld.com\/fr\/wp-json\/wp\/v2\/product_brand?post=27257"},{"taxonomy":"product_cat","embeddable":true,"href":"https:\/\/biogasworld.com\/fr\/wp-json\/wp\/v2\/product_cat?post=27257"},{"taxonomy":"product_tag","embeddable":true,"href":"https:\/\/biogasworld.com\/fr\/wp-json\/wp\/v2\/product_tag?post=27257"}],"curies":[{"name":"wp","href":"https:\/\/api.w.org\/{rel}","templated":true}]}}