{"id":27258,"date":"2018-01-12T11:25:22","date_gmt":"2020-08-13T02:21:42","guid":{"rendered":"https:\/\/www.biogasworld.com\/?post_type=product&#038;p=27258\/"},"modified":"2025-05-14T12:40:32","modified_gmt":"2025-05-14T16:40:32","slug":"anaerogia-mises-a-niveaux-digesteur-anaerobie","status":"publish","type":"product","link":"https:\/\/biogasworld.com\/fr\/product\/biomethanisation\/amelioration-sur-digesteurs\/anaerogia-mises-a-niveaux-digesteur-anaerobie\/","title":{"rendered":"Omnivore: mises \u00e0 niveau du digesteur ana\u00e9robie"},"content":{"rendered":"<h2><span style=\"color: #000daa;\">Mises \u00e0 niveau du digesteur ana\u00e9robie: Augmentez la capacit\u00e9 du digesteur en le modernisant<\/span><\/h2>\n<h3>Aper\u00e7u<\/h3>\n<p>Le traitement des eaux us\u00e9es municipales est un proc\u00e9d\u00e9 qui demande beaucoup d&rsquo;\u00e9nergie. La portion solide des eaux us\u00e9es municipales (boues d&rsquo;\u00e9puration) poss\u00e8de une valeur \u00e9nerg\u00e9tique \u00e9lev\u00e9e. Elle peut donc servir \u00e0 la production d&rsquo;\u00e9nergie par l&rsquo;entremise de la digestion ana\u00e9robie.<\/p>\n<p>L&rsquo;ensemble de modernisation Omnivore vous propose des installations de traitement d&rsquo;eaux us\u00e9es qui vous permettront de convertir des digesteurs existants en digesteurs Omnivore pouvant traiter des mati\u00e8res \u00e0 haute teneur en solides. Gr\u00e2ce \u00e0 ces digesteurs, vous pourrez augmenter la production de biogaz tout en vous assurant d&rsquo;une grande efficacit\u00e9 en mati\u00e8re de traitement en continu des eaux us\u00e9es.<\/p>\n<p>L&rsquo;ensemble de modernisation Omnivore vous permet \u00e9galement d&rsquo;augmenter la capacit\u00e9 de traitement des solides de votre digesteur et la production de biogaz. Cela est possible gr\u00e2ce \u00e0 un \u00e9paississement r\u00e9cup\u00e9rateur, un m\u00e9lange \u00e0 haute teneur en solides et la digestion externe de la mati\u00e8re premi\u00e8re.<\/p>\n<p>&nbsp;<\/p>\n<h3>Applications des mises \u00e0 niveau du digesteur ana\u00e9robie<\/h3>\n<p><img loading=\"lazy\" decoding=\"async\" class=\"alignleft\" src=\"https:\/\/biogasworld.com\/wp-content\/uploads\/2018\/01\/ANAERGIA-%E2%80%93-Advantages-of-Omnivore-Anaerobic-Digester-Upgrades.png\" alt=\"ANAERGIA \u2013 Les avantages des mises \u00e0 niveau du digesteur ana\u00e9robie Omnivore\" width=\"273\" height=\"244\" \/><\/p>\n<p>&nbsp;<\/p>\n<ul>\n<li>Convertir des installations de traitement des eaux us\u00e9es dans une unit\u00e9 de production d&rsquo;\u00e9nergies renouvelables<\/li>\n<li>Augmenter la capacit\u00e9 des digesteurs existants de jusqu&rsquo;\u00e0 3 fois<\/li>\n<li>Permet la collecte et la co-digestion de d\u00e9chets \u00e0 haute r\u00e9sistance comme les gras, les huiles, la graisse ou la fraction organique des d\u00e9chets municipaux. C&rsquo;est une fa\u00e7on d&rsquo;augmenter la production de biogaz et d&rsquo;obtenir des revenus suppl\u00e9mentaires gr\u00e2ce aux redevances de d\u00e9versement.<\/li>\n<li>R\u00e9duire la production de mousse gr\u00e2ce \u00e0 une technique de m\u00e9lange m\u00e9lange m\u00e9canique \u00e0 couple \u00e9lev\u00e9.<\/li>\n<\/ul>\n<p>&nbsp;<\/p>\n<h3>Les avantages des mises \u00e0 niveau du digesteur ana\u00e9robie<\/h3>\n<ul>\n<li>Elles permettent d&rsquo;augmenter la capacit\u00e9 du digesteur sans de co\u00fbts suppl\u00e9mentaires<\/li>\n<li>Elles cr\u00e9ent des usines de traitement des eaux us\u00e9es neutres en \u00e9nergie<\/li>\n<li>Elles triplent la production de gaz tout en produisant plus d&rsquo;\u00e9lectricit\u00e9 et de chaleur<\/li>\n<li>Elles utilisent la co-digestion pour optimiser l&rsquo;espace des digesteurs existants.<\/li>\n<\/ul>\n<p>&nbsp;<\/p>\n<h2><span style=\"color: #000daa;\">Les parties de l&rsquo;ensemble de mises \u00e0 niveau du digesteur ana\u00e9robie<\/span><\/h2>\n<p>Les ensembles Omnivore sont con\u00e7us pour atteindre les buts uniques des milieux et des installations. Les diff\u00e9rentes parties peuvent \u00eatre utilis\u00e9es de fa\u00e7on individuelle pour r\u00e9pondre \u00e0 un besoin pr\u00e9cis ou elles peuvent \u00eatre combin\u00e9es.<\/p>\n<p>&nbsp;<\/p>\n<h3>R\u00e9ception du substrat<\/h3>\n<p>La mati\u00e8re premi\u00e8re liquide est trait\u00e9e par un pi\u00e8ge \u00e0 roches et un broyeur. Ensuite, elle est entrepos\u00e9e et envoy\u00e9e au digesteur Omnivore. L&rsquo;\u00e9tape de r\u00e9ception permet la co-digestion, ce qui vous aide \u00e0 produire plus de biogaz. Gr\u00e2ce \u00e0 cet avantage, vous obtenez une usine plus neutre en \u00e9nergie.<\/p>\n<p>&nbsp;<\/p>\n<h3>M\u00e9lange des mati\u00e8res \u00e0 haute teneur en solide et des bo\u00eetes de service<\/h3>\n<p>Les agitateurs hydrauliques et \u00e9lectriques uniques d\u2019Anaergia traitent des liquides avec haute viscosit\u00e9 et une haute teneur en solides. La bo\u00eete de service brevet\u00e9e vous permet d&rsquo;acc\u00e9der facilement \u00e0 l&rsquo;agitateur pour effectuer une maintenance s\u00e9curitaire pendant que le digesteur est toujours en activit\u00e9<\/p>\n<p>&nbsp;<\/p>\n<h3>Entreposage de gaz<\/h3>\n<p>Une couverture pour digesteur \u00e0 double membrane est install\u00e9e pour une alimentation constante en gaz pour la production d&rsquo;\u00e9lectricit\u00e9. L&rsquo;installation r\u00e9siste \u00e0 de plus grandes charges externes tout en offrant une capacit\u00e9 d&rsquo;entreposage suppl\u00e9mentaire au digesteur existant.<\/p>\n<p>&nbsp;<\/p>\n<h3>\u00c9paississement r\u00e9cup\u00e9rateur<\/h3>\n<p>L&rsquo;\u00e9paississeur r\u00e9cup\u00e9rateur unique d&rsquo;Anaergia est la cl\u00e9 pour augmenter la capacit\u00e9 de mati\u00e8res solides dans le digesteur. Il s\u00e9pare le digestat en deux parties: le filtrat (aux ouvrages de t\u00eate) et les solides (retourn\u00e9s au digesteur).<\/p>\n<h3><img loading=\"lazy\" decoding=\"async\" class=\"alignnone\" src=\"https:\/\/biogasworld.com\/wp-content\/uploads\/2018\/01\/Anaergia-biogas-process.png\" alt=\"Anaergia - le proc\u00e9d\u00e9 de biogaz du Omnivore: mises \u00e0 niveau du digesteur ana\u00e9robie\" width=\"614\" height=\"280\" \/><\/h3>\n<p><a href=\"https:\/\/www.anaergia.com\/what-we-do\/wastewater-resource-recovery\/omnivore-high-solids-digestion\">Consultez le site Web d&rsquo;Anaergia pour obtenir plus d&rsquo;informations<\/a>!<\/p>\n<p>&nbsp;<\/p>\n","protected":false},"excerpt":{"rendered":"Anaergia est un leader mondial dans la production d\u2019\u00e9nergie propre, d\u2019engrais et d\u2019eau recycl\u00e9e \u00e0 partir de flux de d\u00e9chets organiques. L\u2019entreprise offre la plus large gamme de technologies de digestion ana\u00e9robie pour les march\u00e9s municipaux, industriels, commerciaux et agricoles. Bas\u00e9 en Am\u00e9rique du Nord, en Europe et en Asie, Anaergia fournit des solutions \u00e0 l\u2019\u00e9chelle mondiale.","protected":false},"featured_media":22812,"template":"","meta":{"_acf_changed":false,"content-type":""},"product_brand":[],"product_cat":[77,494],"product_tag":[],"class_list":{"0":"post-27258","1":"product","2":"type-product","3":"status-publish","4":"has-post-thumbnail","6":"product_cat-biomethanisation","7":"product_cat-amelioration-sur-digesteurs","9":"first","10":"instock","11":"taxable","12":"shipping-taxable","13":"product-type-simple"},"acf":[],"_links":{"self":[{"href":"https:\/\/biogasworld.com\/fr\/wp-json\/wp\/v2\/product\/27258","targetHints":{"allow":["GET"]}}],"collection":[{"href":"https:\/\/biogasworld.com\/fr\/wp-json\/wp\/v2\/product"}],"about":[{"href":"https:\/\/biogasworld.com\/fr\/wp-json\/wp\/v2\/types\/product"}],"wp:featuredmedia":[{"embeddable":true,"href":"https:\/\/biogasworld.com\/fr\/wp-json\/wp\/v2\/media\/22812"}],"wp:attachment":[{"href":"https:\/\/biogasworld.com\/fr\/wp-json\/wp\/v2\/media?parent=27258"}],"wp:term":[{"taxonomy":"product_brand","embeddable":true,"href":"https:\/\/biogasworld.com\/fr\/wp-json\/wp\/v2\/product_brand?post=27258"},{"taxonomy":"product_cat","embeddable":true,"href":"https:\/\/biogasworld.com\/fr\/wp-json\/wp\/v2\/product_cat?post=27258"},{"taxonomy":"product_tag","embeddable":true,"href":"https:\/\/biogasworld.com\/fr\/wp-json\/wp\/v2\/product_tag?post=27258"}],"curies":[{"name":"wp","href":"https:\/\/api.w.org\/{rel}","templated":true}]}}