{"id":27610,"date":"2020-10-01T14:16:35","date_gmt":"2020-10-01T18:16:35","guid":{"rendered":"https:\/\/www.biogasworld.com\/?post_type=product&#038;p=27610\/"},"modified":"2023-03-01T15:29:02","modified_gmt":"2023-03-01T20:29:02","slug":"aircom-compresseurs-a-palettes","status":"publish","type":"product","link":"https:\/\/biogasworld.com\/fr\/product\/valorisation-du-biogaz\/compresseurs-biogaz\/aircom-compresseurs-a-palettes\/","title":{"rendered":"Compresseurs \u00e0 palettes"},"content":{"rendered":"<h2><span style=\"color: #000daa;\"><strong>Compresseurs \u00e0 palettes de RoFlo<\/strong><\/span><\/h2>\n<p>Les compresseurs d\u2019air \u00e0 palettes pour biogaz Ro-Flo, sont particuli\u00e8rement appropri\u00e9s pour la compression de gaz contamin\u00e9s tel que les gaz de sites d\u2019enfouissement et de digesteurs. Leur incomparable fiabilit\u00e9 et durabilit\u00e9 sont dues \u00e0 la conception de ce compresseur \u00e0 palettes lubrifi\u00e9es \u00e0 l\u2019huile. Les compresseurs\u00a0d\u2019air \u00e0 palettes Ro-Flo fonctionneront pendant plusieurs ann\u00e9e sans perte de d\u00e9bit ou de pression m\u00eame dans les applications les plus s\u00e9v\u00e8res.<\/p>\n<p>Puisque les seules pi\u00e8ces qui s\u2019usent sont les roulements, les palettes et les \u00e9tanch\u00e9it\u00e9s les co\u00fbts d\u2019entretiens sont minimes. Lorsque l\u2019entretien r\u00e9gulier est requis, la simplicit\u00e9 de la conception est tel que celle-ci peut \u00eatre effectu\u00e9e sur place sans avoir \u00e0 enlever le compresseur de son emplacement. Toutes les composantes sont de construction tr\u00e8s robuste afin de maximiser la r\u00e9sistance, la durabilit\u00e9 et la valeur \u00e0 long terme.<\/p>\n<p>Plus de 20 mod\u00e8les sont disponibles en configuration basse ou haute pression pour une multitude d\u2019applications et d\u2019industries.<\/p>\n<p>&nbsp;<\/p>\n<h3><span style=\"color: #000daa;\">Conception<\/span><\/h3>\n<ul>\n<li>Les palettes sont construites d\u2019un tissu lamin\u00e9 impr\u00e9gn\u00e9 d\u2019une r\u00e9sine ph\u00e9nolique et sont trait\u00e9es \u00e0 la chaleur pour minimiser l\u2019usure \u00e0 haute temp\u00e9rature.<\/li>\n<li>Des palettes qui coulissent radialement s\u2019ajustent automatiquement pour maintenir une pression et un d\u00e9bit constant.<\/li>\n<\/ul>\n<p>&nbsp;<\/p>\n<h3><span style=\"color: #000daa;\">Aper\u00e7u des performances<\/span><\/h3>\n<ul>\n<li>D\u00e9bit d\u2019aspiration jusqu\u2019\u00e0 6271 cfm<\/li>\n<li>Pression de refoulement jusqu\u2019\u00e0 130 psia<\/li>\n<\/ul>\n<p>&nbsp;<\/p>\n<h3><span style=\"color: #000daa;\">Groupes pr\u00e9-assembl\u00e9s<\/span><\/h3>\n<ul>\n<li>Simple stage (jusqu\u2019\u00e0 75 psia) ou deux stages (jusqu\u2019\u00e0 130 psia)<\/li>\n<li>Moteur TEFC ou TEXP<\/li>\n<li>Entra\u00eenement par accouplement direct ou poulies et courroies<\/li>\n<li>Tuyauterie de proc\u00e9d\u00e9<\/li>\n<li>Syst\u00e8me de refroidissement<\/li>\n<li>Syst\u00e8me de lubrification forc\u00e9e<\/li>\n<li>S\u00e9parateur de particules<\/li>\n<li>Refroidisseur inter-stage ou aval<\/li>\n<li>Instrumentation<\/li>\n<li>Panneau de contr\u00f4le<\/li>\n<\/ul>\n<p>&nbsp;<\/p>\n<h4><a href=\"https:\/\/www.aircom.ca\/fra\/produits\/produits-pour-biogaz\/compresseurs-a-palettes_ro-flo\/\">Apprenez-en davantage sur les compresseurs \u00e0 palettes en consultant le site Web d&rsquo;Aircom ICI.\u00a0<\/a><\/h4>\n","protected":false},"excerpt":{"rendered":"AIRCOM Technologies travaille, depuis 1998, dans le domaine des biogaz et des gaz de lieux d\u2019enfouissement sanitaire (L.E.S.). Notre large gamme de produits nous permet d\u2019offrir le choix optimum d\u2019\u00e9quipements pour r\u00e9pondre aux besoins \u00e0 court et \u00e0 long terme. Notre \u00e9quipe, compos\u00e9e de sp\u00e9cialistes d\u2019application et d\u2019ing\u00e9nieurs de projets, sont \u00e0 votre service pour vous aider dans vos r\u00e9alisations.","protected":false},"featured_media":27689,"template":"","meta":{"_acf_changed":false,"content-type":""},"product_brand":[],"product_cat":[79,523],"product_tag":[],"class_list":{"0":"post-27610","1":"product","2":"type-product","3":"status-publish","4":"has-post-thumbnail","6":"product_cat-valorisation-du-biogaz","7":"product_cat-compresseurs-biogaz","9":"first","10":"instock","11":"taxable","12":"shipping-taxable","13":"product-type-simple"},"acf":[],"_links":{"self":[{"href":"https:\/\/biogasworld.com\/fr\/wp-json\/wp\/v2\/product\/27610","targetHints":{"allow":["GET"]}}],"collection":[{"href":"https:\/\/biogasworld.com\/fr\/wp-json\/wp\/v2\/product"}],"about":[{"href":"https:\/\/biogasworld.com\/fr\/wp-json\/wp\/v2\/types\/product"}],"wp:featuredmedia":[{"embeddable":true,"href":"https:\/\/biogasworld.com\/fr\/wp-json\/wp\/v2\/media\/27689"}],"wp:attachment":[{"href":"https:\/\/biogasworld.com\/fr\/wp-json\/wp\/v2\/media?parent=27610"}],"wp:term":[{"taxonomy":"product_brand","embeddable":true,"href":"https:\/\/biogasworld.com\/fr\/wp-json\/wp\/v2\/product_brand?post=27610"},{"taxonomy":"product_cat","embeddable":true,"href":"https:\/\/biogasworld.com\/fr\/wp-json\/wp\/v2\/product_cat?post=27610"},{"taxonomy":"product_tag","embeddable":true,"href":"https:\/\/biogasworld.com\/fr\/wp-json\/wp\/v2\/product_tag?post=27610"}],"curies":[{"name":"wp","href":"https:\/\/api.w.org\/{rel}","templated":true}]}}