{"id":27696,"date":"2020-10-09T17:17:59","date_gmt":"2020-10-09T21:17:59","guid":{"rendered":"https:\/\/www.biogasworld.com\/?post_type=product&#038;p=27696\/"},"modified":"2023-03-01T15:25:49","modified_gmt":"2023-03-01T20:25:49","slug":"aircom-soufflantes-centrifuges","status":"publish","type":"product","link":"https:\/\/biogasworld.com\/fr\/product\/valorisation-du-biogaz\/soufflantes-pour-biogaz\/aircom-soufflantes-centrifuges\/","title":{"rendered":"Soufflantes centrifuges"},"content":{"rendered":"<h2><span style=\"color: #000daa;\">Soufflantes centrifuges: Lamson &amp; Hoffman <\/span><\/h2>\n<p>Durables, fiables et efficaces, les soufflantes centrifuges multi-\u00e9tag\u00e9s d\u2019Hoffman et Lamson sont con\u00e7ues avec les meilleurs mat\u00e9riaux et les outils d\u2019usinage \u00e0 la fine pointe de la technologie.<\/p>\n<p>Vous pouvez \u00eatre assur\u00e9 que les soufflantes centrifuges multi-\u00e9tag\u00e9s d\u2019Hoffman et Lamson sont les meilleures de l\u2019industrie gr\u00e2ce \u00e0 notre d\u00e9vouement \u00e0 une conception de qualit\u00e9.<\/p>\n<ul>\n<li>Plus grande gamme de produits sur le march\u00e9 (22 mod\u00e8les)<\/li>\n<li>Con\u00e7us pour l\u2019excellence<\/li>\n<li>Durabilit\u00e9 sans \u00e9gal<\/li>\n<li>Plus de 100,000 machines en service<\/li>\n<li>Plus de 100 ans d\u2019exp\u00e9rience<\/li>\n<li>Qualit\u00e9, fiabilit\u00e9 et efficacit\u00e9 exceptionnelles<\/li>\n<\/ul>\n<p>&nbsp;<\/p>\n<h3><span style=\"color: #000daa;\">Aper\u00e7u des performances<\/span><\/h3>\n<ul>\n<li>Id\u00e9aux pour des applications \u00e0 d\u00e9bit variable<\/li>\n<li>Plage de d\u00e9bit: 90 \u00e0 41,000 cfm (150 to 70,000 m3\/h)<\/li>\n<li>Pression jusqu\u2019\u00e0 22 psig (1.52 bar)<\/li>\n<li>Vides jusqu\u2019\u00e0 17.6 \u201cHg (600 mbar)<\/li>\n<li>D\u00e9bit variable via le contr\u00f4le d\u2019une vanne papillon<\/li>\n<li>Bas niveau sonore<\/li>\n<li>D\u00e9bit sans pulsation<\/li>\n<li>Des diffuseurs sur certains mod\u00e8les augmentent le rendement<\/li>\n<li>\u00c9tanch\u00e9it\u00e9s m\u00e9caniques disponibles<\/li>\n<li>Peuvent \u00eatre utilis\u00e9s pour des gaz autres que l\u2019air<\/li>\n<\/ul>\n<p>&nbsp;<\/p>\n<h4><a href=\"https:\/\/www.aircom.ca\/fra\/produits\/produits-pour-biogaz\/soufflantes-centrifuges-hoffman-lamson\/\">Pour en apprendre plus sur les soufflantes centrifuges, consultez le site Web d&rsquo;Aircom ICI<\/a>.<\/h4>\n<h3 style=\"text-align: center;\"><\/h3>\n","protected":false},"excerpt":{"rendered":"AIRCOM Technologies travaille, depuis 1998, dans le domaine des biogaz et des gaz de lieux d\u2019enfouissement sanitaire (L.E.S.). Notre large gamme de produits nous permet d\u2019offrir le choix optimum d\u2019\u00e9quipements pour r\u00e9pondre aux besoins \u00e0 court et \u00e0 long terme. Notre \u00e9quipe, compos\u00e9e de sp\u00e9cialistes d\u2019application et d\u2019ing\u00e9nieurs de projets sont \u00e0 votre service pour vous aider dans vos r\u00e9alisations.","protected":false},"featured_media":27697,"template":"","meta":{"_acf_changed":false,"content-type":""},"product_brand":[],"product_cat":[79,412],"product_tag":[],"class_list":{"0":"post-27696","1":"product","2":"type-product","3":"status-publish","4":"has-post-thumbnail","6":"product_cat-valorisation-du-biogaz","7":"product_cat-soufflantes-pour-biogaz","9":"first","10":"instock","11":"taxable","12":"shipping-taxable","13":"product-type-simple"},"acf":[],"_links":{"self":[{"href":"https:\/\/biogasworld.com\/fr\/wp-json\/wp\/v2\/product\/27696","targetHints":{"allow":["GET"]}}],"collection":[{"href":"https:\/\/biogasworld.com\/fr\/wp-json\/wp\/v2\/product"}],"about":[{"href":"https:\/\/biogasworld.com\/fr\/wp-json\/wp\/v2\/types\/product"}],"wp:featuredmedia":[{"embeddable":true,"href":"https:\/\/biogasworld.com\/fr\/wp-json\/wp\/v2\/media\/27697"}],"wp:attachment":[{"href":"https:\/\/biogasworld.com\/fr\/wp-json\/wp\/v2\/media?parent=27696"}],"wp:term":[{"taxonomy":"product_brand","embeddable":true,"href":"https:\/\/biogasworld.com\/fr\/wp-json\/wp\/v2\/product_brand?post=27696"},{"taxonomy":"product_cat","embeddable":true,"href":"https:\/\/biogasworld.com\/fr\/wp-json\/wp\/v2\/product_cat?post=27696"},{"taxonomy":"product_tag","embeddable":true,"href":"https:\/\/biogasworld.com\/fr\/wp-json\/wp\/v2\/product_tag?post=27696"}],"curies":[{"name":"wp","href":"https:\/\/api.w.org\/{rel}","templated":true}]}}