{"id":27876,"date":"2020-05-26T16:45:06","date_gmt":"2020-11-04T19:49:52","guid":{"rendered":"https:\/\/www.biogasworld.com\/?post_type=product&#038;p=27876\/"},"modified":"2023-02-28T16:50:06","modified_gmt":"2023-02-28T21:50:06","slug":"couvertures-collecte-entreposage-gaz","status":"publish","type":"product","link":"https:\/\/biogasworld.com\/fr\/product\/biogas-management\/gas-holder\/couvertures-collecte-entreposage-gaz\/","title":{"rendered":"Couvertures pour la collecte et l&rsquo;entreposage du gaz"},"content":{"rendered":"<h2><span style=\"color: #000daa;\">Couvertures pour la collecte et l&rsquo;entreposage du gaz<\/span><\/h2>\n<p>IEC a cr\u00e9\u00e9 des couvertures pour la collecte et l&rsquo;entreposage du gaz qui sont personnalis\u00e9es et r\u00e9pondent \u00e0 vos sp\u00e9cifications pr\u00e9cises pour assurer le succ\u00e8s de vos projets.<\/p>\n<p>&nbsp;<\/p>\n<h3><span style=\"color: #000daa;\">Couvertures pour la collecte de gaz industriel<\/span><\/h3>\n<p>Les couvertures flottantes pour la collecte de gaz sont sp\u00e9cialement con\u00e7ues pour chaque client. Gr\u00e2ce \u00e0 l&rsquo;exp\u00e9rience de IEC dans la conception personnalis\u00e9e et la fabrication sur le terrain, vous vous assurerez de la r\u00e9ussite de votre projet. Les techniciens certifi\u00e9s de IEC ont install\u00e9 l&rsquo;\u00e9quivalent de plus de 10 million de pieds carr\u00e9s de couvertures, et ce, dans certaines des conditions industrielles et environnementales les plus difficiles.<\/p>\n<p>Les couvertures pour la collecte de gaz de IEC offrent les avantages et les options suivants:<\/p>\n<ul>\n<li>Peuvent \u00eatre install\u00e9es avec peu ou pas du tout d&rsquo;interruption d&rsquo;exploitation<\/li>\n<li>Peuvent \u00eatre install\u00e9es sur des r\u00e9servoirs, des \u00e9tangs et des lagunes de diff\u00e9rentes formes et tailles<\/li>\n<li>\u00c9liminent les probl\u00e8mes d&rsquo;accumulation d&rsquo;eau de pluie<\/li>\n<li>\u00c9liminent les ballonnements de gaz<\/li>\n<li>Fournit une flottabilit\u00e9 et une rigidit\u00e9 \u00e9lev\u00e9es<\/li>\n<li>Les trappes permettent d&rsquo;acc\u00e9der \u00e0 l&rsquo;\u00e9quipement interne<\/li>\n<li>Les panneaux pr\u00e9fabriqu\u00e9s am\u00e9liorent la qualit\u00e9, donc n\u00e9cessitent moins de soudures sur site<\/li>\n<\/ul>\n<p>&nbsp;<\/p>\n<h3><span style=\"color: #000daa;\">Couvertures pour la collecte de gaz agricole<\/span><\/h3>\n<p>Chaque couverture pour la collecte de biogaz de IEC sont con\u00e7ues avec un p\u00e9rim\u00e8tre d&rsquo;\u00e9tanch\u00e9it\u00e9 au gaz. Ainsi, les gaz peuvent \u00eatre capt\u00e9s en continu, puis envoy\u00e9s dans les tuyaux dans le p\u00e9rim\u00e8tre. Ensuite, le gaz sort du bassin pour \u00eatre br\u00fbl\u00e9 ou utilis\u00e9 comme carburant.<\/p>\n<p>Les couvertures pour la collecte de gaz de IEC sont con\u00e7ues pour minimiser le gonflage de la g\u00e9omembrane pour r\u00e9duire la vibration et les dommages caus\u00e9s par le vent. Cela peut, en effet, r\u00e9duire, de fa\u00e7on significative, la dur\u00e9e de vie d&rsquo;une couverture. Les couvertures flottantes pour la collecte de gaz de IEC utilisent des flotteurs lat\u00e9raux, ce qui permet \u00e0 la couverture en entier de demeurer \u00e0 la surface du liquide. Cela \u00e9limine les risques de gonflage de la couverture et l&rsquo;exposition aux dommages caus\u00e9s par le vent.<\/p>\n<p>Les tranch\u00e9es d&rsquo;eau de pluie sont \u00e9galement cr\u00e9\u00e9es en pla\u00e7ant strat\u00e9giquement un poids de ballast de taille et de poids pr\u00e9d\u00e9termin\u00e9s dans une position qui permet \u00e0 l&rsquo;eau de pluie de migrer vers une enceinte de puisard, o\u00f9 elle est pomp\u00e9e du couvercle ou renvoy\u00e9e dans le bassin.<\/p>\n<p>La conception des couvertures pour la collecte de biogaz figure parmi les meilleures de l&rsquo;industrie. Elles peuvent \u00eatre adapt\u00e9es aux besoins de chaque client.<\/p>\n<p>Les couvertures pour la collecte de gaz pour le secteur agricole:<\/p>\n<ul>\n<li>Solution efficace qui demande peu de maintenance et couvre les bassins de fumier<\/li>\n<li>Collecte efficacement le biogaz pour le br\u00fbler ou son utilisation (cog\u00e9n\u00e9ration, GNR, chaudi\u00e8re)<\/li>\n<li>Efficace pour les digesteurs ana\u00e9robies \u00e0 faible d\u00e9bit<\/li>\n<li>Permet de produire du fertilisant dans une forme que les cultures assimilent facilement<\/li>\n<\/ul>\n<p>&nbsp;<\/p>\n<h3><span style=\"color: #000daa;\">Couvertures pour l&rsquo;entreposage du gaz<\/span><\/h3>\n<p>IEC propose la meilleure solution, peu importe le type d&rsquo;entreposage du gaz. Le besoin d&rsquo;entreposage pour le gaz d\u00e9pend du projet, ainsi que de la production et de l&rsquo;espace disponible. Nos vaisseaux peuvent tenir par eux-m\u00eames ou \u00eatre install\u00e9s sur les r\u00e9servoirs, les conteneurs ou les \u00e9difices.<\/p>\n<p>Les couvertures pour l&rsquo;entreposage du gaz vous offrent les avantages et les options suivants:<\/p>\n<ul>\n<li>Con\u00e7ues par des ing\u00e9nieurs qui poss\u00e8dent plus de 25 ans d&rsquo;exp\u00e9rience dans la conception de couvertures<\/li>\n<li>Couverture pour le m\u00e9thane (CH4)<\/li>\n<li>Couverture pour le gaz renouvelable<\/li>\n<li>Couverture pour la collecte du gaz<\/li>\n<li>Couverture pour la digestion ana\u00e9robie<\/li>\n<li>Couverture pour les digesteurs<\/li>\n<li>Couverture pour l&rsquo;entreposage du gaz<\/li>\n<li>Pression d&rsquo;exploitation 5-70MB<\/li>\n<li>Installation cl\u00e9s en main pour la soufflante, le PRV et senseur<\/li>\n<li>D\u00e9lais courts et installation<\/li>\n<li>Entreposage entre 50 et 5000 m\u00e8tres cubes<\/li>\n<li>Jauge de hauteur \u00e0 ultrasons<\/li>\n<li>Capteur pour la pression du gaz<\/li>\n<\/ul>\n<p>&nbsp;<\/p>\n<h4 style=\"text-align: center;\"><a href=\"https:\/\/www.ieccovers.com\/industrial-cover-systems\/\">Apprenez-en davantage sur les couvertures pour la collecte et l&rsquo;entreposage du gaz!<\/a><\/h4>\n<p><img loading=\"lazy\" decoding=\"async\" class=\"aligncenter\" src=\"https:\/\/biogasworld.com\/wp-content\/uploads\/2020\/05\/BW-pic06-Gas-Collection-Gas-Storage-Covers.jpg\" alt=\"IEC- Couvertures pour la collecte et l'entreposage du gaz\" width=\"447\" height=\"298\" \/><\/p>\n","protected":false},"excerpt":{"rendered":"Industrial &amp; Environmental Concepts Inc. a \u00e9t\u00e9 fond\u00e9e en 1993 et est reconnue mondialement comme un chef de file dans la conception, la fabrication et l\u2019installation de couverture g\u00e9omembranes et de syst\u00e8mes de rev\u00eatements pour les r\u00e9servoirs, les \u00e9tangs et les lagunes.","protected":false},"featured_media":26423,"template":"","meta":{"_acf_changed":false,"content-type":""},"product_brand":[],"product_cat":[208,165,79,127],"product_tag":[],"class_list":{"0":"post-27876","1":"product","2":"type-product","3":"status-publish","4":"has-post-thumbnail","6":"product_cat-biogas-management","7":"product_cat-gas-holder","8":"product_cat-valorisation-du-biogaz","9":"product_cat-reservoir-de-biogaz","11":"first","12":"instock","13":"taxable","14":"shipping-taxable","15":"product-type-simple"},"acf":[],"_links":{"self":[{"href":"https:\/\/biogasworld.com\/fr\/wp-json\/wp\/v2\/product\/27876","targetHints":{"allow":["GET"]}}],"collection":[{"href":"https:\/\/biogasworld.com\/fr\/wp-json\/wp\/v2\/product"}],"about":[{"href":"https:\/\/biogasworld.com\/fr\/wp-json\/wp\/v2\/types\/product"}],"wp:featuredmedia":[{"embeddable":true,"href":"https:\/\/biogasworld.com\/fr\/wp-json\/wp\/v2\/media\/26423"}],"wp:attachment":[{"href":"https:\/\/biogasworld.com\/fr\/wp-json\/wp\/v2\/media?parent=27876"}],"wp:term":[{"taxonomy":"product_brand","embeddable":true,"href":"https:\/\/biogasworld.com\/fr\/wp-json\/wp\/v2\/product_brand?post=27876"},{"taxonomy":"product_cat","embeddable":true,"href":"https:\/\/biogasworld.com\/fr\/wp-json\/wp\/v2\/product_cat?post=27876"},{"taxonomy":"product_tag","embeddable":true,"href":"https:\/\/biogasworld.com\/fr\/wp-json\/wp\/v2\/product_tag?post=27876"}],"curies":[{"name":"wp","href":"https:\/\/api.w.org\/{rel}","templated":true}]}}