{"id":27880,"date":"2020-05-26T16:30:23","date_gmt":"2020-11-04T22:43:49","guid":{"rendered":"https:\/\/www.biogasworld.com\/?post_type=product&#038;p=27880\/"},"modified":"2023-02-28T17:21:22","modified_gmt":"2023-02-28T22:21:22","slug":"couvertures-clarificateurs-reservoirs","status":"publish","type":"product","link":"https:\/\/biogasworld.com\/fr\/product\/biogas-management\/gas-holder\/couvertures-clarificateurs-reservoirs\/","title":{"rendered":"Couvertures pour clarificateurs et r\u00e9servoirs"},"content":{"rendered":"<h2><span style=\"color: #000daa;\">Couvertures pour clarificateurs et r\u00e9servoirs<\/span><\/h2>\n<p>Les couvertures pour clarificateurs et r\u00e9servoirs sont adapt\u00e9es \u00e0 vos besoins pr\u00e9cis. Que vous cherchiez une couverture pour clarificateur, pour les r\u00e9servoirs d&rsquo;entreposage, pour l&rsquo;eau de proc\u00e9d\u00e9s, pour les filtres \u00e0 ruissellement ou pour les r\u00e9servoirs de boues d&rsquo;\u00e9puration, nous pouvons concevoir le syst\u00e8me parfait pour vos r\u00e9servoirs en m\u00e9tal ou en b\u00e9ton. Les experts de IEC s&rsquo;int\u00e9ressent \u00e0 votre projet et savent comment se servir de ces informations pour produire le r\u00e9servoir personnalis\u00e9 et parfait pour vous.<\/p>\n<p>&nbsp;<\/p>\n<h3><span style=\"color: #000daa;\">Couvertures pour clarificateurs<\/span><\/h3>\n<p>Les couvertures pour clarificateurs de IEC sont polyvalentes et peuvent \u00eatre utilis\u00e9es sur des clarificateurs et des r\u00e9servoirs de toutes les tailles. Chaque couverture est fabriqu\u00e9e \u00e0 partir de g\u00e9omembrane de qualit\u00e9 industrielle qui est prot\u00e9g\u00e9e contre les rayons UV et poss\u00e8dent une dur\u00e9e de vie planifi\u00e9e de 15 \u00e0 20 ans. Chaque couverture est adapt\u00e9e aux conditions de vent et de neige locales. Un syst\u00e8me de tension en acier inoxydable r\u00e9partit la charge uniform\u00e9ment sur toute la circonf\u00e9rence du r\u00e9servoir. Si vous avez besoin d&rsquo;installer ou d&rsquo;enlever de l&rsquo;\u00e9quipement massif, vous pouvez d\u00e9monter et retirer la couverture en environ une demi-journ\u00e9e.<\/p>\n<p>Cette couverture polyvalente est id\u00e9ale pour les ing\u00e9nieurs et les op\u00e9rateurs qui recherchent une option abordable et \u00e0 long terme.<\/p>\n<p>Les couvertures pour clarificateurs de IEC:<\/p>\n<ul>\n<li>A une fraction du poids des couvertures de d\u00f4me dur conventionnelles<\/li>\n<li>Sont polyvalentes et offrent aux op\u00e9rateurs l&rsquo;option d&rsquo;ajouter des fen\u00eatres, des tuyaux et la ventilation<\/li>\n<li>Sont adapt\u00e9es aux besoins de chaque projet gr\u00e2ce aux multiples options disponibles, dont des fen\u00eatres, ports d&rsquo;\u00e9chantillonnage, acc\u00e8s \u00e0 la plage d&rsquo;\u00e9cume et une multitude de conceptions d&rsquo;acc\u00e8s d&rsquo;entr\u00e9e.<\/li>\n<li>Sont ancr\u00e9es \u00e0 des cliquets en acier inoxydable de qualit\u00e9 industrielle en acier inoxydable qui sont simples et efficaces.<\/li>\n<\/ul>\n<p>&nbsp;<\/p>\n<h3><span style=\"color: #000daa;\">Couvertures flottantes pour les r\u00e9servoirs<\/span><\/h3>\n<p>Les couvertures de IEC sont une option abordable et \u00e0 long terme par rapport aux d\u00f4mes en aluminium, en acier et en fibre de verre. Elles conviennent pour toutes les utilisations associ\u00e9es aux secteurs municipal, agricole et industriel.<\/p>\n<p>Les couvertures de IEC sont con\u00e7ues pour s&rsquo;adapter aux niveaux variables de l&rsquo;eau. Elles peuvent \u00eatre install\u00e9es facilement et rapidement.<\/p>\n<p>Nos couvertures flottantes pour les r\u00e9servoirs offrent les avantages suivants:<\/p>\n<ul>\n<li>Demandent peu de maintenance<\/li>\n<li>Peuvent \u00eatre install\u00e9es avec peu d&rsquo;interruptions au fonctionnement du projet<\/li>\n<li>Options pour l&rsquo;acc\u00e8s et l&rsquo;\u00e9chantillonnage offertes<\/li>\n<li>Sont con\u00e7ues pour s&rsquo;adapter aux tuyaux et \u00e0 la m\u00e9canique interne<\/li>\n<\/ul>\n<p>&nbsp;<\/p>\n<h3><span style=\"color: #000daa;\">Couvertures pour les r\u00e9servoirs de boues d&rsquo;\u00e9puration<\/span><\/h3>\n<p>Les couvertures pour les r\u00e9servoirs de boue d&rsquo;\u00e9puration offrent un contr\u00f4le des odeurs efficaces pour les r\u00e9servoirs de biosolides ou n&rsquo;importe quel autre bassin o\u00f9 le sulfure d&rsquo;hydrog\u00e8ne (H2S) est un probl\u00e8me.<\/p>\n<p>Cette couverture est offerte avec l&rsquo;option \u00e9tanches au gaz ou semi-\u00e9tanches. Dans les deux cas, la conception comprend une membrane imperm\u00e9able et flexible qui contient les odeurs.<\/p>\n<p>Les couvertures pour les r\u00e9servoirs de boue d&rsquo;\u00e9puration sont:<\/p>\n<ul>\n<li>Sont con\u00e7ues pour permettre, \u00e0 l&rsquo;op\u00e9rateur, de mener des activit\u00e9s O &amp; M de routine comme l&rsquo;\u00e9chantillonnage de boues d&rsquo;\u00e9puration et la mesure de la profondeur de la couverture<\/li>\n<li>Sont construites en acier inoxydable et avec une g\u00e9omembrane r\u00e9sistante aux rayons UV. Cela vous permet d&rsquo;obtenir de bonnes performances \u00e0 long terme et un excellent ROI.<\/li>\n<li>Parfait pour les r\u00e9servoirs en m\u00e9tal ou en b\u00e9ton, circulaires ou rectangulaires<\/li>\n<li>S&rsquo;adaptent \u00e0 la plupart des \u00e9quipements internes du r\u00e9servoir<\/li>\n<li>Demandent peu de maintenance, sont abordables et durent longtemps<\/li>\n<\/ul>\n<h4><\/h4>\n<p>&nbsp;<\/p>\n<h4><a href=\"https:\/\/www.ieccovers.com\/clarifier-tank-covers\/\">Apprenez-en plus sur les couvertures pour clarificateurs et r\u00e9servoirs de IEC<\/a>.<\/h4>\n<p><img loading=\"lazy\" decoding=\"async\" class=\"alignleft\" src=\"https:\/\/www.ieccovers.com\/wp-content\/uploads\/2017\/12\/Single_green_top.jpg\" alt=\"IEC - Couvertures pour clarificateurs et r\u00e9servoirs photo\" width=\"360\" height=\"233\" \/> <img loading=\"lazy\" decoding=\"async\" class=\"alignright\" src=\"https:\/\/biogasworld.com\/wp-content\/uploads\/2020\/05\/BW-pic05-clarifier-tank-covers.jpg\" alt=\"IEC - Couvertures pour clarificateurs et r\u00e9servoirs photo\" width=\"310\" height=\"233\" \/><\/p>\n","protected":false},"excerpt":{"rendered":"Industrial &amp; Environmental Concepts Inc. a \u00e9t\u00e9 fond\u00e9e en 1993 et est reconnue mondialement comme un chef de file dans la conception, la fabrication et l\u2019installation de couverture g\u00e9omembranes et de syst\u00e8mes de rev\u00eatements pour les r\u00e9servoirs, les \u00e9tangs et les lagunes.","protected":false},"featured_media":26474,"template":"","meta":{"_acf_changed":false,"content-type":""},"product_brand":[],"product_cat":[145,77,524,525,165,127],"product_tag":[],"class_list":{"0":"post-27880","1":"product","2":"type-product","3":"status-publish","4":"has-post-thumbnail","6":"product_cat-anaerobic-digestion","7":"product_cat-biomethanisation","8":"product_cat-digester-covers","9":"product_cat-toits-de-digesteur","10":"product_cat-gas-holder","11":"product_cat-reservoir-de-biogaz","13":"first","14":"instock","15":"taxable","16":"shipping-taxable","17":"product-type-simple"},"acf":[],"_links":{"self":[{"href":"https:\/\/biogasworld.com\/fr\/wp-json\/wp\/v2\/product\/27880","targetHints":{"allow":["GET"]}}],"collection":[{"href":"https:\/\/biogasworld.com\/fr\/wp-json\/wp\/v2\/product"}],"about":[{"href":"https:\/\/biogasworld.com\/fr\/wp-json\/wp\/v2\/types\/product"}],"wp:featuredmedia":[{"embeddable":true,"href":"https:\/\/biogasworld.com\/fr\/wp-json\/wp\/v2\/media\/26474"}],"wp:attachment":[{"href":"https:\/\/biogasworld.com\/fr\/wp-json\/wp\/v2\/media?parent=27880"}],"wp:term":[{"taxonomy":"product_brand","embeddable":true,"href":"https:\/\/biogasworld.com\/fr\/wp-json\/wp\/v2\/product_brand?post=27880"},{"taxonomy":"product_cat","embeddable":true,"href":"https:\/\/biogasworld.com\/fr\/wp-json\/wp\/v2\/product_cat?post=27880"},{"taxonomy":"product_tag","embeddable":true,"href":"https:\/\/biogasworld.com\/fr\/wp-json\/wp\/v2\/product_tag?post=27880"}],"curies":[{"name":"wp","href":"https:\/\/api.w.org\/{rel}","templated":true}]}}