{"id":2812,"date":"2015-08-27T10:08:25","date_gmt":"2015-08-27T14:08:25","guid":{"rendered":"https:\/\/www.biogasworld.com\/?post_type=product&#038;p=2812"},"modified":"2024-05-02T17:05:31","modified_gmt":"2024-05-02T21:05:31","slug":"bekon-mini","status":"publish","type":"product","link":"https:\/\/biogasworld.com\/fr\/product\/biomethanisation\/digesteurs-petite-echelle\/bekon-mini\/","title":{"rendered":"BEKON MINI"},"content":{"rendered":"<h2><span style=\"color: #000daa;\"><strong>BEKON MINI : l\u2019investissement pertinent pour la production d&rsquo;\u00e9nergie renouvelable \u00e0 partir des r\u00e9sidus fermentescibles<\/strong><\/span><\/h2>\n<p>BEKON pr\u00e9sente le nouveau syst\u00e8me de m\u00e9thanisation par voie s\u00e8che BEKON MINI. Il permet d&rsquo;offrir la technologie \u00e9prouv\u00e9e BEKON \u00e0 de nouveaux march\u00e9s et \u00e0 des installations de nouvelles tailles.<\/p>\n<p>Les avantages de BEKON MINI :<\/p>\n<ul>\n<li>Une m\u00e9thanisation par voie s\u00e8che dans les plus petits emplacements<\/li>\n<li>\u00c9conomique tant pour l\u2019investissement que pour l\u2019exploitation<\/li>\n<li>Mise en \u0153uvre possible pour de petits gisements<\/li>\n<li>Une production d\u00e9centralis\u00e9e d\u2019\u00e9lectricit\u00e9 et de chaleur (ou de biom\u00e9thane)<\/li>\n<\/ul>\n<p>&nbsp;<\/p>\n<h2><span style=\"color: #000daa;\">La technologie du BEKON MINI<\/span><\/h2>\n<p><img loading=\"lazy\" decoding=\"async\" class=\"aligncenter wp-image-15922\" src=\"https:\/\/biogasworld.com\/wp-content\/uploads\/2015\/08\/Capture-de\u0301cran-2018-01-17-16.10.00.png\" alt=\"BEKON MINI\" width=\"818\" height=\"412\" srcset=\"https:\/\/biogasworld.com\/wp-content\/uploads\/2015\/08\/Capture-de\u0301cran-2018-01-17-16.10.00.png 1466w, https:\/\/biogasworld.com\/wp-content\/uploads\/2015\/08\/Capture-de\u0301cran-2018-01-17-16.10.00-250x126.png 250w\" sizes=\"auto, (max-width: 818px) 100vw, 818px\" \/><\/p>\n<p>&nbsp;<\/p>\n<h2><span style=\"color: #000daa;\">Des composants \u00e0 l\u2019assemblage de l\u2019installation cl\u00e9 en main<\/span><\/h2>\n<ul>\n<li>Technologie du proc\u00e9d\u00e9 en modules pr\u00e9assembl\u00e9s<\/li>\n<li>\u00c9tanch\u00e9it\u00e9 et fonctionnement v\u00e9rifi\u00e9s par une r\u00e9ception en usine<\/li>\n<li>Plan de conception et de r\u00e9alisation<\/li>\n<li>Plans et documentation technique d\u2019exploitation<\/li>\n<\/ul>\n<p style=\"text-align: justify;\">\n","protected":false},"excerpt":{"rendered":"<p style=\"text-align: justify;\">La sup\u00e9riorit\u00e9 de la technologie BEKON\u00a0r\u00e9side d\u2019abord dans le grand choix de\u00a0substrats utilisables. Des biomasses \u00e0\u00a0forte teneur en mati\u00e8re s\u00e8che peuvent\u00a0\u00eatre m\u00e9thanis\u00e9es telles quelles, sans subir\u00a0de pr\u00e9traitements importants.\u00a0Le principe est simple : en l\u2019absence d\u2019air,\u00a0les d\u00e9chets organiques commencent \u00e0\u00a0fermenter apr\u00e8s inoculation par des digestats\u00a0(mati\u00e8res d\u00e9j\u00e0 ferment\u00e9es), ce qui\u00a0produit un biogaz de qualit\u00e9 sup\u00e9rieure.\u00a0Le proc\u00e9d\u00e9 BEKON est une m\u00e9thanisation\u00a0en voie s\u00e8che discontinue (par Batch)\u00a0avec une fermentation en une \u00e9tape. \u00ab En\u00a0une \u00e9tape \u00bb signifie ici que les diff\u00e9rentes\u00a0r\u00e9actions de d\u00e9composition (hydrolyse,\u00a0acidogen\u00e8se, ac\u00e9togen\u00e8se, m\u00e9thanogen\u00e8se)\u00a0se d\u00e9roulent toutes dans le m\u00eame\u00a0digesteur.<\/p>","protected":false},"featured_media":27266,"template":"","meta":{"_acf_changed":false,"content-type":""},"product_brand":[],"product_cat":[77,140,79],"product_tag":[],"class_list":{"0":"post-2812","1":"product","2":"type-product","3":"status-publish","4":"has-post-thumbnail","6":"product_cat-biomethanisation","7":"product_cat-digesteurs-petite-echelle","8":"product_cat-valorisation-du-biogaz","10":"first","11":"instock","12":"taxable","13":"shipping-taxable","14":"product-type-simple"},"acf":[],"_links":{"self":[{"href":"https:\/\/biogasworld.com\/fr\/wp-json\/wp\/v2\/product\/2812","targetHints":{"allow":["GET"]}}],"collection":[{"href":"https:\/\/biogasworld.com\/fr\/wp-json\/wp\/v2\/product"}],"about":[{"href":"https:\/\/biogasworld.com\/fr\/wp-json\/wp\/v2\/types\/product"}],"wp:featuredmedia":[{"embeddable":true,"href":"https:\/\/biogasworld.com\/fr\/wp-json\/wp\/v2\/media\/27266"}],"wp:attachment":[{"href":"https:\/\/biogasworld.com\/fr\/wp-json\/wp\/v2\/media?parent=2812"}],"wp:term":[{"taxonomy":"product_brand","embeddable":true,"href":"https:\/\/biogasworld.com\/fr\/wp-json\/wp\/v2\/product_brand?post=2812"},{"taxonomy":"product_cat","embeddable":true,"href":"https:\/\/biogasworld.com\/fr\/wp-json\/wp\/v2\/product_cat?post=2812"},{"taxonomy":"product_tag","embeddable":true,"href":"https:\/\/biogasworld.com\/fr\/wp-json\/wp\/v2\/product_tag?post=2812"}],"curies":[{"name":"wp","href":"https:\/\/api.w.org\/{rel}","templated":true}]}}