{"id":2828,"date":"2015-08-27T14:06:51","date_gmt":"2015-08-27T18:06:51","guid":{"rendered":"https:\/\/www.biogasworld.com\/?post_type=product&#038;p=2828"},"modified":"2023-03-01T16:42:33","modified_gmt":"2023-03-01T21:42:33","slug":"digestion-seche-par-ows","status":"publish","type":"product","link":"https:\/\/biogasworld.com\/fr\/product\/biomethanisation\/digestion-seche\/digestion-seche-par-ows\/","title":{"rendered":"DRANCO"},"content":{"rendered":"<h3 style=\"text-align: justify;\">Digestion s\u00e8che par OWS<\/h3>\n<div class=\"row-fluid\" style=\"text-align: justify;\">\n<div class=\"span12\">\n<header>\n<h3>DRANCO<\/h3>\n<\/header>\n<\/div>\n<\/div>\n<div class=\"row-fluid\">\n<div class=\"span8\">\n<div class=\"item entry\">\n<p style=\"text-align: justify;\">Le proc\u00e9d\u00e9 DRANCO est un proc\u00e9d\u00e9 biotechnologique avanc\u00e9 destin\u00e9 au traitement \u00e9cologique et \u00e9conomique des d\u00e9chets organiques d\u00e9riv\u00e9s des d\u00e9chets m\u00e9nagers. Fort d\u2019une longue exp\u00e9rience et de nombreuses r\u00e9f\u00e9rences, le proc\u00e9d\u00e9 DRANCO est une technologie de digestion ana\u00e9robie fiable et reconnue. La technologie DRANCO est commercialis\u00e9e dans le monde entier par OWS ou par le biais de son r\u00e9seau de partenaires exclusifs sous licence.<\/p>\n<h2 style=\"text-align: justify;\">Technologie<\/h2>\n<p style=\"text-align: justify;\">Le proc\u00e9d\u00e9 brevet\u00e9 DRANCO est unique. Il se distingue par sa conception verticale, une concentration \u00e9lev\u00e9e de solides et l\u2019absence de m\u00e9lange dans le digesteur. Combin\u00e9s \u00e0 plus de 25 ans d\u2019exp\u00e9rience, ces trois principes font du proc\u00e9d\u00e9 DRANCO la mani\u00e8re la plus efficace de traiter les mati\u00e8res premi\u00e8res solides ou semi-solides.<\/p>\n<p style=\"text-align: justify;\"><img loading=\"lazy\" decoding=\"async\" class=\" size-large wp-image-6219 aligncenter\" src=\"http:\/\/ows.be\/wp-content\/uploads\/2015\/01\/DRANCO-FR-Website-497x280.jpg\" alt=\"DRANCO FR Website\" width=\"497\" height=\"280\" \/><\/p>\n<p style=\"text-align: justify;\">De par ses origines, la technologie de digestion DRANCO a souvent \u00e9t\u00e9 appliqu\u00e9e au traitement de d\u00e9chets mixtes ou de d\u00e9chets m\u00e9nagers r\u00e9siduels qui \u00e9taient g\u00e9n\u00e9ralement mis en d\u00e9charge. Ces sites op\u00e8rent avec un contenu en mati\u00e8re s\u00e8che dans le digesteur jusqu\u2019\u00e0 40\u00a0%. DRANCO est, cependant, une technologie applicable au traitement d\u2019autres types ou flux de d\u00e9chets. Dans d\u2019autres unit\u00e9s DRANCO, des d\u00e9chets organiques tri\u00e9s \u00e0 la source et des d\u00e9chets alimentaires et v\u00e9g\u00e9taux sont trait\u00e9s \u00e0 un contenu en mati\u00e8re s\u00e8che de 18 \u00e0 32\u00a0%.<\/p>\n<p style=\"text-align: justify;\">En savoir plus de la technologie DRANCO \u00e0 cette vid\u00e9o.<\/p>\n<p style=\"text-align: justify;\">Le biogaz peut \u00eatre utilis\u00e9 pour la production d\u2019\u00e9lectricit\u00e9 et\/ou de chaleur ou, apr\u00e8s valorisation, comme biocarburant.<\/p>\n<p style=\"text-align: justify;\">Caract\u00e9ristiques du proc\u00e9d\u00e9 DRANCO<\/p>\n<ul style=\"text-align: justify;\">\n<li>digesteur vertical:\u00a0alimentation par le haut et extraction par une sortie conique en bas<\/li>\n<li>digestion monophasique avec recyclage intensif du digestat<\/li>\n<li>fonctionnement thermophile ou m\u00e9sophile<\/li>\n<li>digesteurs compacts bien isol\u00e9s avec un minimum de besoin en chauffage<\/li>\n<li>digestion \u00e0 un taux de mati\u00e8re s\u00e8che \u00e9lev\u00e9e (taux de charge tr\u00e8s \u00e9lev\u00e9 et productivit\u00e9 de biogaz \u00e9lev\u00e9e)<\/li>\n<\/ul>\n<p style=\"text-align: justify;\"><a href=\"http:\/\/www.ows.be\/wp-content\/uploads\/2013\/02\/Conical-outlet-DRANCO.jpg\"><img loading=\"lazy\" decoding=\"async\" class=\" aligncenter\" src=\"http:\/\/www.ows.be\/wp-content\/uploads\/2013\/02\/Conical-outlet-DRANCO-300x200.jpg\" alt=\"Conical outlet DRANCO\" width=\"300\" height=\"200\" \/><\/a><\/p>\n<h2 style=\"text-align: justify;\">Avantages<\/h2>\n<p style=\"text-align: justify;\">Le proc\u00e9d\u00e9 DRANCO pr\u00e9sente des avantages significatifs par rapport \u00e0 d\u2019autres technologies de digestion conventionnelles\u00a0:<\/p>\n<ul>\n<li style=\"text-align: justify;\">digestion ana\u00e9robie \u201cen voie s\u00e8che\u201d\n<ul>\n<li>digestion \u00e0 mati\u00e8re s\u00e8che \u00e9lev\u00e9e<\/li>\n<li>taux de charge \u00e9lev\u00e9, productivit\u00e9 de biogaz \u00e9lev\u00e9e<\/li>\n<li>digesteurs compacts<\/li>\n<li>pas de formation de cro\u00fbtes, ni de s\u00e9dimentation<\/li>\n<\/ul>\n<\/li>\n<li style=\"text-align: justify;\">digesteur vertical \u00e0 fond conique\n<ul>\n<li>extraction au point le plus bas<\/li>\n<li>pas d\u2019accumulation dans le digesteur<\/li>\n<li>encombrement au sol r\u00e9duit<\/li>\n<\/ul>\n<\/li>\n<li style=\"text-align: justify;\">digestion monophasique\n<ul>\n<li>moindre complexit\u00e9<\/li>\n<\/ul>\n<\/li>\n<li style=\"text-align: justify;\">pas de m\u00e9lange, de malaxage, ni d\u2019injection de gaz dans le digesteur\n<ul>\n<li>pas d\u2019entretien, ni de risque de panne m\u00e9canique dans le digesteur<\/li>\n<\/ul>\n<\/li>\n<li style=\"text-align: justify;\">recirculation intensive\n<ul>\n<li>inoculation externe bien ma\u00eetris\u00e9e<\/li>\n<li>m\u00e9lange optimal de la mati\u00e8re fra\u00eeche avec le digestat<\/li>\n<\/ul>\n<\/li>\n<li style=\"text-align: justify;\">temperature thermophile (48-55\u00b0C) possible avec un minimum de chaleur\n<ul>\n<li>production plus \u00e9lev\u00e9e de biogaz<\/li>\n<li>proc\u00e9d\u00e9 plus efficace<\/li>\n<li>\u00e9limination des agents pathog\u00e8nes et des semences<\/li>\n<\/ul>\n<\/li>\n<li style=\"text-align: justify;\">processus \u00e0 commande automatis\u00e9e\n<ul>\n<li>grande s\u00e9curit\u00e9 op\u00e9rationelle<\/li>\n<\/ul>\n<\/li>\n<li style=\"text-align: justify;\">syst\u00e8me robuste, de qualit\u00e9 industrielle\n<ul>\n<li>grande fiabilit\u00e9<\/li>\n<\/ul>\n<\/li>\n<li style=\"text-align: justify;\">digesteurs uniques avec capacit\u00e9 jusqu\u2019\u00e0 60.000 tonnes de d\u00e9chets par an<\/li>\n<\/ul>\n<hr \/>\n<\/div>\n<\/div>\n<\/div>\n<p>R\u00e9f\u00e9rences : ICI<\/p>\n<div class=\"row-fluid\">\n<div class=\"span8\">\n<div class=\"item entry\">\n<hr \/>\n<\/div>\n<\/div>\n<\/div>\n","protected":false},"excerpt":{"rendered":"<p style=\"text-align: justify;\">Le proc\u00e9d\u00e9 DRANCO est un proc\u00e9d\u00e9 biotechnologique avanc\u00e9 destin\u00e9 au traitement \u00e9cologique et \u00e9conomique des d\u00e9chets organiques d\u00e9riv\u00e9s des d\u00e9chets m\u00e9nagers. Fort d\u2019une longue exp\u00e9rience et de nombreuses r\u00e9f\u00e9rences, le proc\u00e9d\u00e9 DRANCO est une technologie de digestion ana\u00e9robie fiable et reconnue. La technologie DRANCO est commercialis\u00e9e dans le monde entier par OWS ou par le biais de son r\u00e9seau de partenaires exclusifs sous licence.]<\/p>","protected":false},"featured_media":5395,"template":"","meta":{"_acf_changed":false,"content-type":""},"product_brand":[],"product_cat":[77,130],"product_tag":[],"class_list":{"0":"post-2828","1":"product","2":"type-product","3":"status-publish","4":"has-post-thumbnail","6":"product_cat-biomethanisation","7":"product_cat-digestion-seche","9":"first","10":"instock","11":"taxable","12":"shipping-taxable","13":"product-type-simple"},"acf":[],"_links":{"self":[{"href":"https:\/\/biogasworld.com\/fr\/wp-json\/wp\/v2\/product\/2828","targetHints":{"allow":["GET"]}}],"collection":[{"href":"https:\/\/biogasworld.com\/fr\/wp-json\/wp\/v2\/product"}],"about":[{"href":"https:\/\/biogasworld.com\/fr\/wp-json\/wp\/v2\/types\/product"}],"wp:featuredmedia":[{"embeddable":true,"href":"https:\/\/biogasworld.com\/fr\/wp-json\/wp\/v2\/media\/5395"}],"wp:attachment":[{"href":"https:\/\/biogasworld.com\/fr\/wp-json\/wp\/v2\/media?parent=2828"}],"wp:term":[{"taxonomy":"product_brand","embeddable":true,"href":"https:\/\/biogasworld.com\/fr\/wp-json\/wp\/v2\/product_brand?post=2828"},{"taxonomy":"product_cat","embeddable":true,"href":"https:\/\/biogasworld.com\/fr\/wp-json\/wp\/v2\/product_cat?post=2828"},{"taxonomy":"product_tag","embeddable":true,"href":"https:\/\/biogasworld.com\/fr\/wp-json\/wp\/v2\/product_tag?post=2828"}],"curies":[{"name":"wp","href":"https:\/\/api.w.org\/{rel}","templated":true}]}}