{"id":2835,"date":"2015-08-27T14:25:34","date_gmt":"2015-08-27T18:25:34","guid":{"rendered":"https:\/\/www.biogasworld.com\/?post_type=product&#038;p=2835"},"modified":"2023-03-01T16:42:13","modified_gmt":"2023-03-01T21:42:13","slug":"reservoir-par-dc-international","status":"publish","type":"product","link":"https:\/\/biogasworld.com\/fr\/product\/biomethanisation\/reservoir-pour-digesteur\/beton\/reservoir-par-dc-international\/","title":{"rendered":"R\u00e9servoir pour la biom\u00e9thanisation"},"content":{"rendered":"<h3 style=\"text-align: justify;\">UTILISATIONS<\/h3>\n<div class=\"box-content\" style=\"text-align: justify;\">\n<ul class=\"check\">\n<li>Biom\u00e9thanisation<\/li>\n<li>Bassins pour l\u2019aquaculture<\/li>\n<li>R\u00e9servoirs de ferme<\/li>\n<li>R\u00e9servoirs d\u2019eau potable<\/li>\n<li>Usines de traitement des eaux us\u00e9es<\/li>\n<\/ul>\n<p>&nbsp;<\/p>\n<\/div>\n<div class=\"box-content\" style=\"text-align: justify;\">\n<h3 class=\"custom-title\">AVANTAGES<\/h3>\n<ul class=\"check\">\n<li>R\u00e9servoirs rectangulaires, octogonaux, carr\u00e9s ou circulaires<\/li>\n<li>Recouvrement de PVC prot\u00e9geant le b\u00e9ton d\u2019un environnement corrosif<\/li>\n<li>Installation facile (par une main-d\u2019\u0153uvre non sp\u00e9cialis\u00e9e)<\/li>\n<li>Co\u00fbts de construction r\u00e9duits<\/li>\n<li>Temps de construction r\u00e9duit<\/li>\n<li>Aucun entretien requis<\/li>\n<li>Peinture ou membrane non requise<\/li>\n<li>Composantes transportables \u00e0 main d\u2019homme (aucun \u00e9quipement de levage requis)<\/li>\n<li>Pas de fissures dans le b\u00e9ton<\/li>\n<\/ul>\n<p>&nbsp;<\/p>\n<\/div>\n<div class=\"box-content\">\n<h3 class=\"custom-title\" style=\"text-align: justify;\">SP\u00c9CIFICATIONS TECHNIQUES<\/h3>\n<ul>\n<li style=\"text-align: justify;\">Murs offerts de 10 cm (4 po), 20 cm (8po) et 30 cm (10 po) d\u2019\u00e9paisseur jusqu\u2019\u00e0 5 m\u00e8tres de hauteur (16 pi)<\/li>\n<li style=\"text-align: justify;\">PVC respectant les normes sanitaires pour l\u2019eau potable<\/li>\n<li style=\"text-align: justify;\">Composantes l\u00e9g\u00e8res et empilables afin de r\u00e9duire les co\u00fbts de transport<\/li>\n<li style=\"text-align: justify;\">Possibilit\u00e9 d\u2019ajouter de l\u2019isolation \u00e0 l\u2019int\u00e9rieur des murs pour ainsi \u00e9conomiser de l\u2019\u00e9nergie<\/li>\n<li style=\"text-align: justify;\">Meilleure cure car le PVC emp\u00eache le b\u00e9ton de s\u00e9cher trop rapidement<\/li>\n<li style=\"text-align: justify;\">Finitions int\u00e9rieures et ext\u00e9rieures lisses<\/li>\n<li style=\"text-align: justify;\">Parois \u00e9tanches<\/li>\n<\/ul>\n<p>&nbsp;<\/p>\n<\/div>\n<h3>\u00c9TAPES DE CONSTRUCTION<\/h3>\n<ul>\n<li>Poser la plaque de seuil sur la dalle de b\u00e9ton<\/li>\n<li>Installer les \u00e9chafaudages pour fournir un soutien temporaire du mur<\/li>\n<li>Installer les composants de la paroi<\/li>\n<li>Verser du b\u00e9ton dans des composants de paroi<\/li>\n<li>Installer des \u00e9l\u00e9ments de toiture<\/li>\n<li>Verser du b\u00e9ton dans les composants de toiture<\/li>\n<li>Nettoyer facilement tout b\u00e9ton \u00e9clabouss\u00e9 sur le PVC visible avant qu&rsquo;il ne durcisse<\/li>\n<li>Installer les portes et fen\u00eatres<\/li>\n<li>Effectuer des travaux de finition optionnels (peinture, stuc, carreaux) selon la conception du client ou le style architectural local<\/li>\n<\/ul>\n","protected":false},"excerpt":{"rendered":"<p style=\"text-align: justify;\">Les r\u00e9servoirs DC International sont id\u00e9aux pour la biom\u00e9thanisation ou comme r\u00e9servoirs d&rsquo;aquaculture, de cuves \u00e0 lisier, de granges agricoles, des usines de traitement d&rsquo;eau potable, des usines de traitement de d\u00e9chets solides et des b\u00e2timents agricoles.<\/p>\r\n<p style=\"text-align: justify;\">Les parois des r\u00e9servoirs DC International peuvent \u00eatre \u00e9rig\u00e9es rapidement et simplement. Les murs sont constitu\u00e9s de deux composantes principales (une composante structurelle et un rev\u00eatement mural plat). Pour les assembler, il faut les faire glisser l&rsquo;un dans l&rsquo;autre verticalement.<\/p>\r\n<p style=\"text-align: justify;\">Une bande d&rsquo;\u00e9tanch\u00e9it\u00e9 souple int\u00e9gr\u00e9e fait partie des caract\u00e9ristiques des r\u00e9servoirs afin de rendre les murs \u00e9tanches. Cette bande est faite de thermoplastique antifongique flexible (brevet en instance).<\/p>","protected":false},"featured_media":2838,"template":"","meta":{"_acf_changed":false,"content-type":""},"product_brand":[],"product_cat":[77,303,304],"product_tag":[380,378,379],"class_list":{"0":"post-2835","1":"product","2":"type-product","3":"status-publish","4":"has-post-thumbnail","6":"product_cat-biomethanisation","7":"product_cat-reservoir-pour-digesteur","8":"product_cat-beton","9":"product_tag-beton","10":"product_tag-biomethanisation","11":"product_tag-reservoir","13":"first","14":"instock","15":"taxable","16":"shipping-taxable","17":"product-type-simple"},"acf":[],"_links":{"self":[{"href":"https:\/\/biogasworld.com\/fr\/wp-json\/wp\/v2\/product\/2835","targetHints":{"allow":["GET"]}}],"collection":[{"href":"https:\/\/biogasworld.com\/fr\/wp-json\/wp\/v2\/product"}],"about":[{"href":"https:\/\/biogasworld.com\/fr\/wp-json\/wp\/v2\/types\/product"}],"wp:featuredmedia":[{"embeddable":true,"href":"https:\/\/biogasworld.com\/fr\/wp-json\/wp\/v2\/media\/2838"}],"wp:attachment":[{"href":"https:\/\/biogasworld.com\/fr\/wp-json\/wp\/v2\/media?parent=2835"}],"wp:term":[{"taxonomy":"product_brand","embeddable":true,"href":"https:\/\/biogasworld.com\/fr\/wp-json\/wp\/v2\/product_brand?post=2835"},{"taxonomy":"product_cat","embeddable":true,"href":"https:\/\/biogasworld.com\/fr\/wp-json\/wp\/v2\/product_cat?post=2835"},{"taxonomy":"product_tag","embeddable":true,"href":"https:\/\/biogasworld.com\/fr\/wp-json\/wp\/v2\/product_tag?post=2835"}],"curies":[{"name":"wp","href":"https:\/\/api.w.org\/{rel}","templated":true}]}}