{"id":2841,"date":"2015-08-27T14:56:24","date_gmt":"2015-08-27T18:56:24","guid":{"rendered":"https:\/\/www.biogasworld.com\/?post_type=product&#038;p=2841"},"modified":"2020-07-02T14:29:30","modified_gmt":"2020-07-02T18:29:30","slug":"reservoir-par-h2flow","status":"publish","type":"product","link":"https:\/\/biogasworld.com\/fr\/product\/biomethanisation\/reservoir-pour-digesteur\/acier-revetu\/reservoir-par-h2flow\/","title":{"rendered":"R\u00e9servoir H2Flow"},"content":{"rendered":"<h1 style=\"text-align: justify;\">R\u00e9servoir Permastore par H2Flow<\/h1>\n<p style=\"text-align: justify;\">Permastore a plus de 40 ann\u00e9es d\u2019exp\u00e9rience en mati\u00e8re de\u00a0cuves de digestion ana\u00e9robie, exp\u00e9rience qui s\u2019est\u00a0consid\u00e9rablement renforc\u00e9e et \u00e9tendue au cours des\u00a0derni\u00e8res d\u00e9cennies. Les cuves en acier vitrifi\u00e9 sont utilis\u00e9es\u00a0pour les digesteurs m\u00e9sophile, thermophile, de\u00a0pasteurisation, d\u2019hydrolyse enzymatique avanc\u00e9e ainsi que\u00a0pour d\u2019autres processus et applications.<\/p>\n<p style=\"text-align: justify;\">La conception modulaire offre de la flexibilit\u00e9 permettant\u00a0d\u2019accommoder divers rapports de forme, pressions et\u00a0temp\u00e9ratures de traitement pour satisfaire les besoins d\u2019une\u00a0vari\u00e9t\u00e9 de traitements de digestion ana\u00e9robie, de designs et\u00a0d\u2019applications.<\/p>\n<p style=\"text-align: justify;\">L\u2019acier vitrifi\u00e9 n\u2019est pas uniquement utilis\u00e9 pour les parois des\u00a0cuves mais aussi pour les toits de certaines cuves comme par\u00a0exemple pour les digesteurs. Ainsi, un niveau \u00e9lev\u00e9 de\u00a0protection est fourni gr\u00e2ce \u00e0 l\u2019acier vitrifi\u00e9 pr\u00e9sent partout\u00a0dans le digesteur et en particulier dans les zones gazeuses\u00a0dangereuses.<\/p>\n<p style=\"text-align: justify;\">La conception structurelle de ces toits permet un chargement\u00a0environnemental local et peut \u00e9galement prendre en charge\u00a0des syst\u00e8mes m\u00e9langeurs mont\u00e9s centralement.\u00a0De plus, les cuves en acier vitrifi\u00e9 peuvent \u00eatre utilis\u00e9es pour\u00a0le stockage du biogaz gr\u00e2ce \u00e0 l\u2019incorporation d\u2019\u00e9l\u00e9ments\u00a0de recouvrement \u00e0 double membrane.\u00a0Les finitions en acier vitrifi\u00e9 inerte de\u00a0Permastore ainsi que la solidit\u00e9\u00a0de l\u2019acier alli\u00e9e \u00e0 la flexibilit\u00e9\u00a0de la construction modulaire donnent des avantages certains\u00a0\u00e0 ses structures par rapport \u00e0 d\u2019autres types de structures.<\/p>\n<div class=\"csRow\">\n<div class=\"csColumnGap\" style=\"margin: 0px; padding: 0px; float: left; width: 1.56%;\"><img decoding=\"async\" style=\"border: none;\" src=\"https:\/\/biogasworld.com\/wp-content\/plugins\/advanced-wp-columns\/assets\/js\/plugins\/views\/img\/1x1-pixel.png\" alt=\"\" \/><\/div>\n<div class=\"csColumn\" style=\"margin: 0px; padding: 0px; float: left; width: 47.7%;\" data-csstartpoint=\"15.005683064460754\" data-csendpoint=\"472.49145424366\" data-cswidth=\"47.7%\" data-csid=\"a8fbb902-b98c-8ce9-b1ef-34f821ef19c8\">\n<p><strong>Caract\u00e9ristique\u00a0<\/strong><\/p>\n<ol>\n<li style=\"text-align: justify;\">Longue dur\u00e9e de vie<\/li>\n<li style=\"text-align: justify;\">Construction de cuve\u00a0boulonn\u00e9e modulaire<\/li>\n<li style=\"text-align: justify;\">Flexibilit\u00e9 pour remodeler et\u00a0relocaliser<\/li>\n<li style=\"text-align: justify;\">R\u00e9sistance optimale \u00e0 la\u00a0corrosion gr\u00e2ce \u00e0 l\u2019acier vitrifi\u00e9<\/li>\n<li style=\"text-align: justify;\">Gamme compl\u00e8te de\u00a0diam\u00e8tres et de hauteurs avec\u00a0des capacit\u00e9s de stockage<br \/>\npouvant d\u00e9passer 50 000 m\u00b3 (13 200 000 gallons am\u00e9ricains)<\/li>\n<\/ol>\n<\/div>\n<div class=\"csColumnGap\" style=\"margin: 0px; padding: 0px; float: left; width: 1.56%;\"><img decoding=\"async\" style=\"border: none;\" src=\"https:\/\/biogasworld.com\/wp-content\/plugins\/advanced-wp-columns\/assets\/js\/plugins\/views\/img\/1x1-pixel.png\" alt=\"\" \/><\/div>\n<div class=\"csColumn\" style=\"margin: 0px; padding: 0px; float: left; width: 47.7%;\" data-csstartpoint=\"487.5056449174881\" data-csendpoint=\"944.9914237260818\" data-cswidth=\"47.7%\" data-csid=\"61c6594f-b178-53ac-b3de-7d6f02e8f2db\">\n<p><strong>Avantages<\/strong><\/p>\n<ol>\n<li style=\"text-align: justify;\">Co\u00fbts de remplacement\u00a0r\u00e9duits et meilleur retour sur\u00a0investissement<\/li>\n<li style=\"text-align: justify;\">Installation sur site rapide avec\u00a0un bon rapport co\u00fbt\/efficacit\u00e9\u00a0d\u2019o\u00f9 la r\u00e9duction des d\u00e9lais, des co\u00fbts et des\u00a0besoins d\u2019\u00e9quipement sur site<\/li>\n<li style=\"text-align: justify;\">Les cuves peuvent \u00eatre\u00a0agrandies, d\u00e9mont\u00e9es et\u00a0d\u00e9plac\u00e9es vers d\u2019autres sites\u00a0valorisant ainsi les actifs sur le\u00a0long terme<\/li>\n<li style=\"text-align: justify;\">Stockage s\u00fbr et s\u00e9curis\u00e9 avec\u00a0des co\u00fbts de maintenance\u00a0minimaux<\/li>\n<li>Solution la plus efficace\u00a0permettant de satisfaire les\u00a0besoins des clients<\/li>\n<\/ol>\n<\/div>\n<\/div>\n<hr \/>\n<p style=\"text-align: justify;\">R\u00e9f\u00e9rences : <a href=\"http:\/\/www.permastore.com\/applications\/anaerobic-digestion-biogas\/\" target=\"_blank\" rel=\"noopener noreferrer\">ICI<\/a><\/p>\n","protected":false},"excerpt":{"rendered":"H2FLOW Equipment Inc. est une entreprise canadienne sp\u00e9cialis\u00e9e exclusivement dans la vente d\u2019usines de traitement d\u2019eau et d\u2019eaux us\u00e9es municipales et industrielles, ainsi que les services qui y sont associ\u00e9s.\r\nFond\u00e9e en janvier 1992, H2FLOW fournit des solutions de traitement de l\u2019eau, un service apr\u00e8s vente exceptionnel et l\u2019\u00e9tablissement de relations durables avec les clients depuis 27 ans. Notre \u00e9quipe est compos\u00e9e d\u2019ing\u00e9nieurs qualifi\u00e9s, de techniciens et d\u2019un personnel de soutien orient\u00e9s client.\r\n\r\nNous avons r\u00e9alis\u00e9 des centaines de projets, grands et petits, et notre objectif a toujours \u00e9t\u00e9 de satisfaire nos clients. Nous sommes certifi\u00e9s ISO 9001: 2015 et respectons ces normes de qualit\u00e9. Nous nous engageons \u00e0 travailler avec nos clients et \u00e0 leur fournir un syst\u00e8me sup\u00e9rieur, \u00e0 prix comp\u00e9titif, bien construit et r\u00e9pondant \u00e0 vos besoins en mati\u00e8re de traitement.","protected":false},"featured_media":2844,"template":"","meta":{"_acf_changed":false,"content-type":""},"product_brand":[],"product_cat":[77,303,307],"product_tag":[],"class_list":{"0":"post-2841","1":"product","2":"type-product","3":"status-publish","4":"has-post-thumbnail","6":"product_cat-biomethanisation","7":"product_cat-reservoir-pour-digesteur","8":"product_cat-acier-revetu","10":"first","11":"instock","12":"taxable","13":"shipping-taxable","14":"product-type-simple"},"acf":[],"_links":{"self":[{"href":"https:\/\/biogasworld.com\/fr\/wp-json\/wp\/v2\/product\/2841","targetHints":{"allow":["GET"]}}],"collection":[{"href":"https:\/\/biogasworld.com\/fr\/wp-json\/wp\/v2\/product"}],"about":[{"href":"https:\/\/biogasworld.com\/fr\/wp-json\/wp\/v2\/types\/product"}],"wp:featuredmedia":[{"embeddable":true,"href":"https:\/\/biogasworld.com\/fr\/wp-json\/wp\/v2\/media\/2844"}],"wp:attachment":[{"href":"https:\/\/biogasworld.com\/fr\/wp-json\/wp\/v2\/media?parent=2841"}],"wp:term":[{"taxonomy":"product_brand","embeddable":true,"href":"https:\/\/biogasworld.com\/fr\/wp-json\/wp\/v2\/product_brand?post=2841"},{"taxonomy":"product_cat","embeddable":true,"href":"https:\/\/biogasworld.com\/fr\/wp-json\/wp\/v2\/product_cat?post=2841"},{"taxonomy":"product_tag","embeddable":true,"href":"https:\/\/biogasworld.com\/fr\/wp-json\/wp\/v2\/product_tag?post=2841"}],"curies":[{"name":"wp","href":"https:\/\/api.w.org\/{rel}","templated":true}]}}