{"id":29465,"date":"2021-02-04T11:55:02","date_gmt":"2021-02-04T16:55:02","guid":{"rendered":"https:\/\/www.biogasworld.com\/product\/uncategorized\/pre-wave-box\/"},"modified":"2023-02-28T16:44:22","modified_gmt":"2023-02-28T21:44:22","slug":"pre-wave-box","status":"publish","type":"product","link":"https:\/\/biogasworld.com\/fr\/product\/anaerobic-digestion\/digester-upgrades\/pre-wave-box\/","title":{"rendered":"PRE-Wave-Box"},"content":{"rendered":"","protected":false},"excerpt":{"rendered":"La Wave-Box est un nouveau d\u00e9veloppement PRE pour la digestion \u00e0 haute puissance de substrats fibreux. En utilisant une pompe r\u00e9versible, le substrat ou digestat du digesteur est amen\u00e9 en continu et de mani\u00e8re optimale \u00e0 travers un syst\u00e8me de tuyaux intelligemment con\u00e7u dans la plage efficace des \u00absonotrodes\u00bb \u00e9mettant des ultrasons. L&rsquo;unit\u00e9 de commande permet \u00e0 l&rsquo;utilisateur d&rsquo;ajuster le d\u00e9bit, la pression, les cycles de rin\u00e7age, etc.\r\n\r\nLe composant principal est le nouveau syst\u00e8me \u00e0 ultrasons haute puissance. Les autres composants comprennent un d\u00e9bitm\u00e8tre volum\u00e9trique, des pompes \u00e0 pression et de volume contr\u00f4l\u00e9s, des capteurs, des tuyaux de rin\u00e7age ainsi qu&rsquo;une unit\u00e9 de contr\u00f4le auto-optimis\u00e9e et auto-surveill\u00e9e.","protected":false},"featured_media":29265,"template":"","meta":{"_acf_changed":false,"content-type":""},"product_brand":[],"product_cat":[145,77,494,469],"product_tag":[],"class_list":{"0":"post-29465","1":"product","2":"type-product","3":"status-publish","4":"has-post-thumbnail","6":"product_cat-anaerobic-digestion","7":"product_cat-biomethanisation","8":"product_cat-amelioration-sur-digesteurs","9":"product_cat-digester-upgrades","11":"first","12":"instock","13":"taxable","14":"shipping-taxable","15":"product-type-simple"},"acf":[],"_links":{"self":[{"href":"https:\/\/biogasworld.com\/fr\/wp-json\/wp\/v2\/product\/29465","targetHints":{"allow":["GET"]}}],"collection":[{"href":"https:\/\/biogasworld.com\/fr\/wp-json\/wp\/v2\/product"}],"about":[{"href":"https:\/\/biogasworld.com\/fr\/wp-json\/wp\/v2\/types\/product"}],"wp:featuredmedia":[{"embeddable":true,"href":"https:\/\/biogasworld.com\/fr\/wp-json\/wp\/v2\/media\/29265"}],"wp:attachment":[{"href":"https:\/\/biogasworld.com\/fr\/wp-json\/wp\/v2\/media?parent=29465"}],"wp:term":[{"taxonomy":"product_brand","embeddable":true,"href":"https:\/\/biogasworld.com\/fr\/wp-json\/wp\/v2\/product_brand?post=29465"},{"taxonomy":"product_cat","embeddable":true,"href":"https:\/\/biogasworld.com\/fr\/wp-json\/wp\/v2\/product_cat?post=29465"},{"taxonomy":"product_tag","embeddable":true,"href":"https:\/\/biogasworld.com\/fr\/wp-json\/wp\/v2\/product_tag?post=29465"}],"curies":[{"name":"wp","href":"https:\/\/api.w.org\/{rel}","templated":true}]}}