{"id":2949,"date":"2015-09-30T09:07:52","date_gmt":"2015-09-30T13:07:52","guid":{"rendered":"https:\/\/www.biogasworld.com\/?post_type=product&#038;p=2949&#038;lang=fr"},"modified":"2023-03-01T15:19:21","modified_gmt":"2023-03-01T20:19:21","slug":"hydrolyse-thermique-par-cambi","status":"publish","type":"product","link":"https:\/\/biogasworld.com\/fr\/product\/reception-et-conditionnement\/pretraitement\/hydrolyse-thermique-par-cambi\/","title":{"rendered":"Hydrolyse Thermique Cambi"},"content":{"rendered":"<h1 style=\"text-align: justify;\">Hydrolyse Thermique par Cambi<\/h1>\n<p style=\"text-align: justify;\">Le proc\u00e9d\u00e9 brevet\u00e9 d&rsquo;hydrolyse thermique (THP) permet le pr\u00e9traitement des mati\u00e8res organiques pr\u00e9alablement \u00e0 la biom\u00e9thanisation. Le syst\u00e8me THP est install\u00e9 dans plus de 25 usines.<\/p>\n<h3 style=\"text-align: justify;\">Avantages<img loading=\"lazy\" decoding=\"async\" class=\" wp-image-2950 alignright\" src=\"https:\/\/biogasworld.com\/wp-content\/uploads\/2015\/09\/CambiTHP_large.png\" alt=\"CambiTHP_large\" width=\"215\" height=\"161\" srcset=\"https:\/\/biogasworld.com\/wp-content\/uploads\/2015\/09\/CambiTHP_large.png 400w, https:\/\/biogasworld.com\/wp-content\/uploads\/2015\/09\/CambiTHP_large-250x188.png 250w\" sizes=\"auto, (max-width: 215px) 100vw, 215px\" \/><\/h3>\n<ul style=\"text-align: justify;\">\n<li>Accroissement de la production de biogaz<\/li>\n<li>R\u00e9duction des syst\u00e8mes de biom\u00e9thanisation<\/li>\n<li>Destruction des pathog\u00e8nes (pasteurisation)<\/li>\n<li>R\u00e9duction des boues finales<\/li>\n<\/ul>\n<h3 style=\"text-align: justify;\">Mod\u00e8les<\/h3>\n<p style=\"text-align: justify;\"><strong>B2 : <\/strong>1 500 \u00e0 6 000 ton MS\/an<\/p>\n<p style=\"text-align: justify;\"><strong>B6<\/strong> : 6 000 \u00e0 22 000 ton MS\/an<\/p>\n<p style=\"text-align: justify;\"><strong>B12<\/strong>\u00a0: 22 000 \u00e0 32\u00a0000 ton MS\/an<\/p>\n<p><a href=\"https:\/\/biogasworld.com\/wp-content\/uploads\/2015\/09\/model.png\"><img loading=\"lazy\" decoding=\"async\" class=\"aligncenter size-full wp-image-2954\" src=\"https:\/\/biogasworld.com\/wp-content\/uploads\/2015\/09\/model.png\" alt=\"model\" width=\"1298\" height=\"647\" srcset=\"https:\/\/biogasworld.com\/wp-content\/uploads\/2015\/09\/model.png 1298w, https:\/\/biogasworld.com\/wp-content\/uploads\/2015\/09\/model-250x125.png 250w\" sizes=\"auto, (max-width: 1298px) 100vw, 1298px\" \/><\/a><\/p>\n<hr \/>\n","protected":false},"excerpt":{"rendered":"<p style=\"text-align: justify;\">Le proc\u00e9d\u00e9 brevet\u00e9 d&rsquo;hydrolyse thermique (THP) permet le pr\u00e9traitement des mati\u00e8res organiques pr\u00e9alablement \u00e0 la biom\u00e9thanisation. Le syst\u00e8me THP est install\u00e9 dans plus de 25 usines.<\/p>","protected":false},"featured_media":2956,"template":"","meta":{"_acf_changed":false,"content-type":""},"product_brand":[],"product_cat":[77,116,124],"product_tag":[],"class_list":{"0":"post-2949","1":"product","2":"type-product","3":"status-publish","4":"has-post-thumbnail","6":"product_cat-biomethanisation","7":"product_cat-reception-et-conditionnement","8":"product_cat-pretraitement","10":"first","11":"instock","12":"taxable","13":"shipping-taxable","14":"product-type-simple"},"acf":[],"_links":{"self":[{"href":"https:\/\/biogasworld.com\/fr\/wp-json\/wp\/v2\/product\/2949","targetHints":{"allow":["GET"]}}],"collection":[{"href":"https:\/\/biogasworld.com\/fr\/wp-json\/wp\/v2\/product"}],"about":[{"href":"https:\/\/biogasworld.com\/fr\/wp-json\/wp\/v2\/types\/product"}],"wp:featuredmedia":[{"embeddable":true,"href":"https:\/\/biogasworld.com\/fr\/wp-json\/wp\/v2\/media\/2956"}],"wp:attachment":[{"href":"https:\/\/biogasworld.com\/fr\/wp-json\/wp\/v2\/media?parent=2949"}],"wp:term":[{"taxonomy":"product_brand","embeddable":true,"href":"https:\/\/biogasworld.com\/fr\/wp-json\/wp\/v2\/product_brand?post=2949"},{"taxonomy":"product_cat","embeddable":true,"href":"https:\/\/biogasworld.com\/fr\/wp-json\/wp\/v2\/product_cat?post=2949"},{"taxonomy":"product_tag","embeddable":true,"href":"https:\/\/biogasworld.com\/fr\/wp-json\/wp\/v2\/product_tag?post=2949"}],"curies":[{"name":"wp","href":"https:\/\/api.w.org\/{rel}","templated":true}]}}