{"id":29615,"date":"2021-02-25T09:49:25","date_gmt":"2021-02-25T14:49:25","guid":{"rendered":"https:\/\/www.biogasworld.com\/product\/uncategorized\/greatarios-bioenergy-storage-solutions\/"},"modified":"2025-01-07T10:51:25","modified_gmt":"2025-01-07T15:51:25","slug":"solutions-dentreposage-bioenergetiques-de-greatario","status":"publish","type":"product","link":"https:\/\/biogasworld.com\/fr\/product\/valorisation-du-biogaz\/reservoir-de-biogaz\/solutions-dentreposage-bioenergetiques-de-greatario\/","title":{"rendered":"Solutions de stockage bio\u00e9nerg\u00e9tiques de Greatario"},"content":{"rendered":"","protected":false},"excerpt":{"rendered":"Les r\u00e9servoirs \u00e0 rev\u00eatement \u00e9poxy Aquastore Glass-Fused-to-Steel et Hydrotec sont utilis\u00e9s dans les syst\u00e8mes de bio\u00e9nergie depuis plus de 30 ans. La conception unique de ces r\u00e9servoirs boulonn\u00e9s s&rsquo;adapte \u00e9galement facilement aux conceptions hybrides qui peuvent inclure de l&rsquo;acier galvanis\u00e9 ou non rev\u00eatu. Cela permet d&rsquo;utiliser la force du syst\u00e8me de rev\u00eatement qui convient au travail.\r\n\r\n<strong>Les applications incluent<\/strong>:\r\n\r\n<strong>Biogaz<\/strong> &#8211; Digesteurs, Liquides chauds, Eau, Eaux us\u00e9es et autres\r\n\r\n<strong>\u00c9thanol<\/strong> &#8211; Fermenteurs, Beerwells, Levure, Stillage, Sirop, Terminal \u00e9thanol, Eau, Eaux us\u00e9es et autres\r\n\r\n<strong>Biodiesel<\/strong> &#8211; Huiles v\u00e9g\u00e9tales, Huiles animales, Glyc\u00e9rine, Graisse, Biodiesel, Eau.","protected":false},"featured_media":29612,"template":"","meta":{"_acf_changed":false,"content-type":""},"product_brand":[],"product_cat":[79,127],"product_tag":[],"class_list":{"0":"post-29615","1":"product","2":"type-product","3":"status-publish","4":"has-post-thumbnail","6":"product_cat-valorisation-du-biogaz","7":"product_cat-reservoir-de-biogaz","9":"first","10":"instock","11":"taxable","12":"shipping-taxable","13":"product-type-simple"},"acf":[],"_links":{"self":[{"href":"https:\/\/biogasworld.com\/fr\/wp-json\/wp\/v2\/product\/29615","targetHints":{"allow":["GET"]}}],"collection":[{"href":"https:\/\/biogasworld.com\/fr\/wp-json\/wp\/v2\/product"}],"about":[{"href":"https:\/\/biogasworld.com\/fr\/wp-json\/wp\/v2\/types\/product"}],"wp:featuredmedia":[{"embeddable":true,"href":"https:\/\/biogasworld.com\/fr\/wp-json\/wp\/v2\/media\/29612"}],"wp:attachment":[{"href":"https:\/\/biogasworld.com\/fr\/wp-json\/wp\/v2\/media?parent=29615"}],"wp:term":[{"taxonomy":"product_brand","embeddable":true,"href":"https:\/\/biogasworld.com\/fr\/wp-json\/wp\/v2\/product_brand?post=29615"},{"taxonomy":"product_cat","embeddable":true,"href":"https:\/\/biogasworld.com\/fr\/wp-json\/wp\/v2\/product_cat?post=29615"},{"taxonomy":"product_tag","embeddable":true,"href":"https:\/\/biogasworld.com\/fr\/wp-json\/wp\/v2\/product_tag?post=29615"}],"curies":[{"name":"wp","href":"https:\/\/api.w.org\/{rel}","templated":true}]}}