{"id":30389,"date":"2021-04-06T14:40:12","date_gmt":"2021-04-05T19:23:12","guid":{"rendered":"https:\/\/www.biogasworld.com\/product\/uncategorized\/fitec-pasteurizing-system\/"},"modified":"2023-03-03T13:58:53","modified_gmt":"2023-03-03T18:58:53","slug":"fitec-pasteurizing-system","status":"publish","type":"product","link":"https:\/\/biogasworld.com\/fr\/product\/gestion-du-digestat\/pasteurisation\/fitec-pasteurizing-system\/","title":{"rendered":"Syst\u00e8me de Pasteurisation Fitec"},"content":{"rendered":"<h2><span style=\"color: #000daa;\">Syst\u00e8me de Pasteurisation Fitec<\/span><\/h2>\n<h3><span style=\"color: #00d37d;\">CHAUFFAGE, R\u00c9TENTION ET TRANSFERT DE BIOPULP ENTI\u00c8REMENT AUTOMATIS\u00c9<\/span><\/h3>\n<p>Modulaire et adaptable aux projets de n&rsquo;importe quelle grandeur, le syst\u00e8me de pasteurisation est enti\u00e8rement automatis\u00e9 et int\u00e9gr\u00e9 au syst\u00e8me de chauffage du digesteur. Cette efficacit\u00e9 unique r\u00e9duit consid\u00e9rablement les co\u00fbts d&rsquo;exploitation:<\/p>\n<ul>\n<li>Con\u00e7u pour traiter les mat\u00e9riaux hautement abrasifs avec des teneurs \u00e9lev\u00e9es en solides \u00e0 des temp\u00e9ratures \u00e9lev\u00e9es<\/li>\n<li>La biopulpe est chauff\u00e9e \u00e0 un minimum de 70\u00baC et maintenue \u00e0 cette temp\u00e9rature pendant une heure pour r\u00e9pondre \u00e0 la r\u00e9glementation avant d&rsquo;\u00eatre envoy\u00e9e dans le digesteur<\/li>\n<\/ul>\n<p>&nbsp;<\/p>\n<h3><span style=\"color: #000daa;\">Sp\u00e9cifications techniques<\/span><\/h3>\n<ul>\n<li>L&rsquo;absence de mouvement m\u00e9canique dans le syst\u00e8me \u00e9vite l&rsquo;encrassement des \u00e9quipements et r\u00e9duit les co\u00fbts de maintenance<\/li>\n<li>Chaque composant de la pasteurisation est mod\u00e9lis\u00e9 et dimensionn\u00e9 en fonction de chaque projet.<\/li>\n<li>Une boucle de refroidissement r\u00e9gule la temp\u00e9rature du biopulpe avant son entr\u00e9e dans le r\u00e9servoir du digesteur pour assurer une digestion optimale<\/li>\n<\/ul>\n","protected":false},"excerpt":{"rendered":"Le Syst\u00e8me de Pasteurisation Fitec est sp\u00e9cialement con\u00e7u pour pasteuriser les produits organiques hautement abrasifs avec des teneurs \u00e9lev\u00e9es en solides \u00e0 des temp\u00e9ratures \u00e9lev\u00e9es, sans probl\u00e8mes de temps d&rsquo;arr\u00eat.","protected":false},"featured_media":30436,"template":"","meta":{"_acf_changed":false,"content-type":""},"product_brand":[],"product_cat":[514,516,505,509],"product_tag":[],"class_list":{"0":"post-30389","1":"product","2":"type-product","3":"status-publish","4":"has-post-thumbnail","6":"product_cat-gestion-du-digestat","7":"product_cat-pasteurisation","8":"product_cat-digestate-management","9":"product_cat-pasteurization","11":"first","12":"instock","13":"taxable","14":"shipping-taxable","15":"product-type-simple"},"acf":[],"_links":{"self":[{"href":"https:\/\/biogasworld.com\/fr\/wp-json\/wp\/v2\/product\/30389","targetHints":{"allow":["GET"]}}],"collection":[{"href":"https:\/\/biogasworld.com\/fr\/wp-json\/wp\/v2\/product"}],"about":[{"href":"https:\/\/biogasworld.com\/fr\/wp-json\/wp\/v2\/types\/product"}],"wp:featuredmedia":[{"embeddable":true,"href":"https:\/\/biogasworld.com\/fr\/wp-json\/wp\/v2\/media\/30436"}],"wp:attachment":[{"href":"https:\/\/biogasworld.com\/fr\/wp-json\/wp\/v2\/media?parent=30389"}],"wp:term":[{"taxonomy":"product_brand","embeddable":true,"href":"https:\/\/biogasworld.com\/fr\/wp-json\/wp\/v2\/product_brand?post=30389"},{"taxonomy":"product_cat","embeddable":true,"href":"https:\/\/biogasworld.com\/fr\/wp-json\/wp\/v2\/product_cat?post=30389"},{"taxonomy":"product_tag","embeddable":true,"href":"https:\/\/biogasworld.com\/fr\/wp-json\/wp\/v2\/product_tag?post=30389"}],"curies":[{"name":"wp","href":"https:\/\/api.w.org\/{rel}","templated":true}]}}