{"id":30400,"date":"2021-04-06T14:10:57","date_gmt":"2018-07-09T17:52:57","guid":{"rendered":"https:\/\/www.biogasworld.com\/product\/uncategorized\/fitec-bicarbonate-analyzer\/"},"modified":"2025-01-07T10:51:11","modified_gmt":"2025-01-07T15:51:11","slug":"analyseur-de-bicarbonate-automatise-de-fitec","status":"publish","type":"product","link":"https:\/\/biogasworld.com\/fr\/product\/biomethanisation\/instruments-et-controle\/analyseurs-de-biogaz\/analyseur-de-bicarbonate-automatise-de-fitec\/","title":{"rendered":"Analyseur de Bicarbonate Automatis\u00e9 de Fitec"},"content":{"rendered":"<h2><span style=\"color: #000daa;\">Analyseur de Bicarbonate Automatis\u00e9 de Fitec<\/span><\/h2>\n<p>Dans les digesteurs ana\u00e9robiques, les bact\u00e9ries ont besoin d\u2019un environnement avec un pH entre 6,5 et 8 pour produire le biogaz de fa\u00e7on efficace. La stabilisation du pH est principalement obtenue par la lib\u00e9ration de grandes quantit\u00e9s de bicarbonate lors de la d\u00e9composition ana\u00e9robie des d\u00e9chets organiques.<\/p>\n<p>Les interruptions de processus telles que la suralimentation entra\u00eenent souvent une augmentation des concentrations d&rsquo;acides gras volatils (AGV) et une diminution des quantit\u00e9s de bicarbonate, car ces acides consomment le bicarbonate et, dans des cas extr\u00eames, peuvent m\u00eame conduire \u00e0 un effondrement biologique et \u00e0 une d\u00e9faillance de l&rsquo;usine.<\/p>\n<p>La surveillance des valeurs de bicarbonate dans le digesteur est un outil fiable et pr\u00e9cis pour d\u00e9terminer les taux d&rsquo;alimentation.<\/p>\n<p>&nbsp;<\/p>\n<h3><strong><span style=\"color: #000daa;\">Avantages d&rsquo;un analyseur de bicarbonate automatis\u00e9 pour le contr\u00f4le du processus<\/span><\/strong><\/h3>\n<ul>\n<li>La surveillance enti\u00e8rement automatique des niveaux de bicarbonate d&rsquo;une usine de biogaz<\/li>\n<li>Permet de d\u00e9tecter les changements plus t\u00f4t que les autres outils disponibles<\/li>\n<li>Des r\u00e9sultats rapides donnent \u00e0 l&rsquo;op\u00e9rateur le temps n\u00e9cessaire pour \u00e9viter les pertes \u00e9conomiques<\/li>\n<li>La grande quantit\u00e9 de donn\u00e9es g\u00e9n\u00e9r\u00e9es par la surveillance enti\u00e8rement automatique permet d&rsquo;\u00e9tablir une relation \u00e9troite avec les conditions de fonctionnement existantes \u00e0 l&rsquo;int\u00e9rieur d&rsquo;un digesteur. Il devient beaucoup plus facile de d\u00e9terminer les causes des baisses de production de biogaz<\/li>\n<li>La fonction de mesure automatique permet de surveiller \u00e0 distance le syst\u00e8me biologique 24 heures sur 24 et 7 jours sur 7<\/li>\n<li>Augmente la disponibilit\u00e9 des installations de biogaz et donc leur succ\u00e8s financier<\/li>\n<li>Les donn\u00e9es sont faciles \u00e0 comprendre<\/li>\n<li>Aucun \u00e9talonnage n\u00e9cessaire<\/li>\n<li>Pas de pr\u00e9l\u00e8vement fastidieux<\/li>\n<\/ul>\n","protected":false},"excerpt":{"rendered":"Un outil automatis\u00e9 qui permet aux op\u00e9rateurs de maximiser la production de biogaz et de r\u00e9duire les incidents de suralimentation et d&rsquo;effondrement du syst\u00e8me.","protected":false},"featured_media":23158,"template":"","meta":{"_acf_changed":false,"content-type":""},"product_brand":[],"product_cat":[460,77,119],"product_tag":[],"class_list":{"0":"post-30400","1":"product","2":"type-product","3":"status-publish","4":"has-post-thumbnail","6":"product_cat-analyseurs-de-biogaz","7":"product_cat-biomethanisation","8":"product_cat-instruments-et-controle","10":"first","11":"instock","12":"taxable","13":"shipping-taxable","14":"product-type-simple"},"acf":[],"_links":{"self":[{"href":"https:\/\/biogasworld.com\/fr\/wp-json\/wp\/v2\/product\/30400","targetHints":{"allow":["GET"]}}],"collection":[{"href":"https:\/\/biogasworld.com\/fr\/wp-json\/wp\/v2\/product"}],"about":[{"href":"https:\/\/biogasworld.com\/fr\/wp-json\/wp\/v2\/types\/product"}],"wp:featuredmedia":[{"embeddable":true,"href":"https:\/\/biogasworld.com\/fr\/wp-json\/wp\/v2\/media\/23158"}],"wp:attachment":[{"href":"https:\/\/biogasworld.com\/fr\/wp-json\/wp\/v2\/media?parent=30400"}],"wp:term":[{"taxonomy":"product_brand","embeddable":true,"href":"https:\/\/biogasworld.com\/fr\/wp-json\/wp\/v2\/product_brand?post=30400"},{"taxonomy":"product_cat","embeddable":true,"href":"https:\/\/biogasworld.com\/fr\/wp-json\/wp\/v2\/product_cat?post=30400"},{"taxonomy":"product_tag","embeddable":true,"href":"https:\/\/biogasworld.com\/fr\/wp-json\/wp\/v2\/product_tag?post=30400"}],"curies":[{"name":"wp","href":"https:\/\/api.w.org\/{rel}","templated":true}]}}