{"id":30402,"date":"2021-04-06T11:14:38","date_gmt":"2021-04-06T15:14:38","guid":{"rendered":"https:\/\/www.biogasworld.com\/?post_type=product&#038;p=30402\/"},"modified":"2023-03-03T13:57:48","modified_gmt":"2023-03-03T18:57:48","slug":"systeme-decumage-et-delimination-des-plastiques-de-fitec","status":"publish","type":"product","link":"https:\/\/biogasworld.com\/fr\/product\/biomethanisation\/amelioration-sur-digesteurs\/systeme-decumage-et-delimination-des-plastiques-de-fitec\/","title":{"rendered":"Syst\u00e8me d&rsquo;\u00e9cumage et d&rsquo;\u00e9limination des plastiques de Fitec"},"content":{"rendered":"<h2><span style=\"color: #000daa;\"><strong>Syst\u00e8me d&rsquo;\u00e9cumage et d&rsquo;\u00e9limination des plastiques de Fitec<\/strong><\/span><\/h2>\n<p><img loading=\"lazy\" decoding=\"async\" width=\"1257\" height=\"1018\" class=\"alignnone size-full wp-image-30403\" src=\"https:\/\/biogasworld.com\/wp-content\/uploads\/2021\/04\/digester-labeled.jpg\" alt=\"\" srcset=\"https:\/\/biogasworld.com\/wp-content\/uploads\/2021\/04\/digester-labeled.jpg 1257w, https:\/\/biogasworld.com\/wp-content\/uploads\/2021\/04\/digester-labeled-250x202.jpg 250w\" sizes=\"auto, (max-width: 1257px) 100vw, 1257px\" \/><br \/>\n<strong><span style=\"color: #00d37d;\">01: Agitateurs<\/span><\/strong><br \/>\n<strong><span style=\"color: #00d37d;\">02: Syst\u00e8me d&rsquo;\u00e9limination des s\u00e9diments<\/span><\/strong><br \/>\n<strong><span style=\"color: #00d37d;\">03: Pompe d&rsquo;\u00e9cumage<\/span><\/strong><\/p>\n<p>Peut \u00eatre install\u00e9 ult\u00e9rieurement dans des digesteurs mesurant jusqu&rsquo;\u00e0 18 m (60 ft) de diam\u00e8tre et 20 m (65 ft) de hauteur s&rsquo;il n&rsquo;y a pas de colonne centrale pr\u00e9existante. La fraction l\u00e9g\u00e8re des contaminants (comme les plastiques) flotte \u00e0 la surface du digesteur, o\u00f9 elle est \u00e9cum\u00e9e, pomp\u00e9e dans une presse \u00e0 vis, puis filtr\u00e9e pour \u00eatre \u00e9limin\u00e9e.<\/p>\n<h3><strong><span style=\"color: #000daa;\">Sp\u00e9cifications pour le syst\u00e8me d&rsquo;\u00e9cumage LS01 \u2013 montage sup\u00e9rieur <\/span><\/strong><\/h3>\n<ul>\n<li>Dimensions &#8211; 1100 x 1200 mm<\/li>\n<li>Poids (vide) &#8211; 170 kg<\/li>\n<li>Raccord de pression DN 100 \/ PN 16<\/li>\n<li>Puissance d&rsquo;entr\u00e9e \u00e9l. &#8211; 7 kW, 50 Hz ; 380-420 V<\/li>\n<li>Zone de protection Ex &#8211; II2G EEx d ib IIB T4<\/li>\n<\/ul>\n<p>&nbsp;<\/p>\n<h3><strong><span style=\"color: #000daa;\">Sp\u00e9cifications pour le syst\u00e8me d&rsquo;\u00e9cumage LS02 \u2013 montage lat\u00e9ral<\/span><\/strong><\/h3>\n<ul>\n<li>Dimensions &#8211; 370 x 530 mm<\/li>\n<li>Poids (vide) &#8211; 360 kg<\/li>\n<li>Raccord de pression DN 100 \/ PN 16<\/li>\n<li>Puissance d&rsquo;entr\u00e9e \u00e9l. &#8211; 7 kW, 50 Hz ; 380-420 V<\/li>\n<li>Zone de protection Ex &#8211; II2G EEx d ib IIB T4<\/li>\n<\/ul>\n","protected":false},"excerpt":{"rendered":"Le syst\u00e8me d&rsquo;\u00e9cumage et d&rsquo;\u00e9limination des plastiques FITEC \u00e9limine en continu les contaminants flottants, tels que les plastiques, de la surface du digesteur \u00e0 l&rsquo;aide d&rsquo;une pompe \u00e9cumoire. Une presse \u00e0 vis s\u00e9pare ensuite les contaminants du digestat.","protected":false},"featured_media":30410,"template":"","meta":{"_acf_changed":false,"content-type":""},"product_brand":[],"product_cat":[77,494],"product_tag":[],"class_list":{"0":"post-30402","1":"product","2":"type-product","3":"status-publish","4":"has-post-thumbnail","6":"product_cat-biomethanisation","7":"product_cat-amelioration-sur-digesteurs","9":"first","10":"instock","11":"taxable","12":"shipping-taxable","13":"product-type-simple"},"acf":[],"_links":{"self":[{"href":"https:\/\/biogasworld.com\/fr\/wp-json\/wp\/v2\/product\/30402","targetHints":{"allow":["GET"]}}],"collection":[{"href":"https:\/\/biogasworld.com\/fr\/wp-json\/wp\/v2\/product"}],"about":[{"href":"https:\/\/biogasworld.com\/fr\/wp-json\/wp\/v2\/types\/product"}],"wp:featuredmedia":[{"embeddable":true,"href":"https:\/\/biogasworld.com\/fr\/wp-json\/wp\/v2\/media\/30410"}],"wp:attachment":[{"href":"https:\/\/biogasworld.com\/fr\/wp-json\/wp\/v2\/media?parent=30402"}],"wp:term":[{"taxonomy":"product_brand","embeddable":true,"href":"https:\/\/biogasworld.com\/fr\/wp-json\/wp\/v2\/product_brand?post=30402"},{"taxonomy":"product_cat","embeddable":true,"href":"https:\/\/biogasworld.com\/fr\/wp-json\/wp\/v2\/product_cat?post=30402"},{"taxonomy":"product_tag","embeddable":true,"href":"https:\/\/biogasworld.com\/fr\/wp-json\/wp\/v2\/product_tag?post=30402"}],"curies":[{"name":"wp","href":"https:\/\/api.w.org\/{rel}","templated":true}]}}