{"id":30570,"date":"2021-03-11T11:15:52","date_gmt":"2021-03-11T16:15:52","guid":{"rendered":"https:\/\/www.biogasworld.com\/product\/uncategorized\/industrial-biogas-plant\/"},"modified":"2024-02-12T10:59:36","modified_gmt":"2024-02-12T15:59:36","slug":"industrial-biogas-plant","status":"publish","type":"product","link":"https:\/\/biogasworld.com\/fr\/product\/anaerobic-digestion\/liquid-digestion-system\/industrial-biogas-plant\/","title":{"rendered":"Usine Industrielle de Biogaz"},"content":{"rendered":"<h2><span style=\"color: #000daa;\">Krieg &amp; Fischer Ingenieure GmbH : votre partenaire de confiance pour les installations industrielles de biogaz<\/span><\/h2>\n<p>Les installations de biogaz industriel dans divers secteurs industriels offrent la possibilit\u00e9 de se passer des combustibles fossiles, de r\u00e9duire la production d&rsquo;\u00e9missions de carbone et d&rsquo;augmenter la rentabilit\u00e9.<\/p>\n<p>Si votre entreprise est engag\u00e9e dans l&rsquo;\u00e9nergie verte, la d\u00e9carbonisation, la durabilit\u00e9 et l&rsquo;\u00e9conomie circulaire, l&rsquo;usine de biogaz peut contribuer \u00e0 atteindre ces objectifs. Gr\u00e2ce \u00e0 diff\u00e9rents syst\u00e8mes d&rsquo;\u00e9nergie verte, l&rsquo;installation de biogaz garantit \u00e9galement un march\u00e9 stable pour les sous-produits et cr\u00e9e de la valeur \u00e0 partir d&rsquo;autres flux de d\u00e9chets dans la cha\u00eene de production.<\/p>\n<p>La conception et la planification d&rsquo;installations de biogaz pour la fermentation de r\u00e9sidus industriels organiques constituent la comp\u00e9tence cl\u00e9 de Krieg &amp;amp ; Fischer Ingenieure GmbH. Pour atteindre cet objectif, le syst\u00e8me doit fonctionner jour et nuit, les co\u00fbts d&rsquo;investissement pouvant s&rsquo;\u00e9lever \u00e0 plusieurs millions d&rsquo;euros. En fonction du mat\u00e9riau d&rsquo;entr\u00e9e, la m\u00e9thode de pr\u00e9traitement doit \u00e9galement \u00eatre planifi\u00e9e par les ing\u00e9nieurs. En outre, le temps de r\u00e9tention varie en fonction du type de mat\u00e9riau d&rsquo;entr\u00e9e et du pr\u00e9traitement. Cette dur\u00e9e a \u00e0 son tour un impact direct sur le volume du digesteur.<\/p>\n<p>En principe, la planification ou la construction de ce type d&rsquo;installation de biogaz industriel n\u00e9cessite l&rsquo;aide d&rsquo;une \u00e9quipe d&rsquo;experts exp\u00e9riment\u00e9s. Krieg &amp;amp ; Fischer Ingenieure peut vous offrir une longue exp\u00e9rience dans la planification et la construction de telles installations.<\/p>\n<p>&nbsp;<\/p>\n<h4><span style=\"color: #000daa;\">Substrats<\/span><\/h4>\n<p>Dans les installations de biogaz industriel, les r\u00e9sidus industriels sont utilis\u00e9s comme source d&rsquo;\u00e9nergie. Notre exp\u00e9rience comprend le traitement de diff\u00e9rents substrats tels que les r\u00e9sidus de l&rsquo;industrie alimentaire, les d\u00e9chets d&rsquo;abattoir, les graisses, la glyc\u00e9rine, les d\u00e9chets de march\u00e9, les r\u00e9sidus de culture, la pulpe de pomme de terre, les r\u00e9sidus de bi\u00e8re et de vigne, les d\u00e9chets de l&rsquo;industrie du sucre et de l&rsquo;\u00e9thanol.<\/p>\n<p>Les revenus tir\u00e9s de l&rsquo;exploitation d&rsquo;une usine peuvent \u00eatre augment\u00e9s de deux mani\u00e8res : d&rsquo;une part, en prenant ces substrats \u00e0 ceux qui cherchent \u00e0 s&rsquo;en d\u00e9barrasser et, d&rsquo;autre part, gr\u00e2ce \u00e0 une production accrue de biogaz. Dans la mesure du possible, le fumier liquide est ajout\u00e9 comme substrat de base. Les installations li\u00e9es \u00e0 une exploitation industrielle sont souvent con\u00e7ues pour utiliser exclusivement les substrats g\u00e9n\u00e9r\u00e9s.<\/p>\n<p>&nbsp;<\/p>\n<h4><span style=\"color: #000daa;\">Biogaz<\/span><\/h4>\n<p>Le <strong>biogaz<\/strong> produit est collect\u00e9 dans des d\u00e9tenteurs de gaz. Ceux-ci sont g\u00e9n\u00e9ralement construits sous la forme d&rsquo;un toit de d\u00e9tenteur de gaz \u00e0 double membrane sur le digesteur secondairedigesteur et les r\u00e9servoirs de stockage du digestat. Un grand volume de stockage du biogaz permet une plus grande flexibilit\u00e9 dans la consommation de gaz. Le biogaz produit est normalement utilis\u00e9 dans un moteur \u00e0 gaz pour produire de l&rsquo;\u00e9lectricit\u00e9 et de la chaleur en cog\u00e9n\u00e9ration. Si le ou les moteurs ne fonctionnent pas mais que du biogaz est quand m\u00eame produit, les installations sont \u00e9quip\u00e9es d&rsquo;une torch\u00e8re de secours, qui peut \u00eatre utilis\u00e9e pour br\u00fbler l&rsquo;exc\u00e9dent de biogaz. Le syst\u00e8me de l&rsquo;installation de biogaz industriel comprend un refroidisseur, un puits de condensation, un syst\u00e8me de d\u00e9sulfuration et d&rsquo;autres composants. La composition appropri\u00e9e du biogaz est contr\u00f4l\u00e9e par un dispositif de mesure des gaz. Bien entendu, le biogaz g\u00e9n\u00e9r\u00e9 peut \u00e9galement \u00eatre utilis\u00e9 de mani\u00e8re thermique (vapeur, chaleur) ou trait\u00e9 pour r\u00e9pondre aux sp\u00e9cifications du gaz naturel.<\/p>\n<p>&nbsp;<\/p>\n<h4><span style=\"color: #000daa;\">Digestat<\/span><\/h4>\n<p>Le <strong>digestat<\/strong> est pomp\u00e9 dans des r\u00e9servoirs de stockage, qui sont g\u00e9n\u00e9ralement \u00e9quip\u00e9s d&rsquo;un toit porte-gaz. Ce toit r\u00e9duit les \u00e9missions et augmente la capacit\u00e9 de stockage du biogaz. Bien que la production de gaz dans le r\u00e9servoir de stockage ne soit pas particuli\u00e8rement \u00e9lev\u00e9e, en termes d&rsquo;\u00e9nergie et de protection de l&rsquo;environnement, il est judicieux de la capter et de l&rsquo;utiliser.<\/p>\n<p>&nbsp;<\/p>\n<h4><span style=\"color: #000daa;\">Syst\u00e8me de contr\u00f4le<\/span><\/h4>\n<p>Chaque grande installation industrielle de biogaz est surveill\u00e9e par un <strong>syst\u00e8me de contr\u00f4le<\/strong> automatis\u00e9 complet, comprenant une vari\u00e9t\u00e9 de dispositifs de mesure et de contr\u00f4le. Cependant, de temps en temps, il est essentiel que l&rsquo;op\u00e9rateur soit sur place, par exemple pour des tourn\u00e9es d&rsquo;inspection, pour recevoir les substrats ou pour l&rsquo;entretien ou les r\u00e9parations.<\/p>\n<p><b>Si vous \u00eates int\u00e9ress\u00e9, nous pouvons vous fournir un calcul \u00e9nerg\u00e9tique et une \u00e9valuation des co\u00fbts pour votre installation de biogaz individuelle et sur mesure <span style=\"color: #000daa;\">gratuitement<\/span>. Contactez-nous directement \u00e0 <a href=\"mailto:contact@kriegfischer.de\" target=\"_blank\" rel=\"noopener noreferrer\">contact@kriegfischer.de<\/a><\/b><\/p>\n<p>&nbsp;<\/p>\n<h2><span style=\"color: #000daa;\">Projets de r\u00e9f\u00e9rence<\/span><\/h2>\n<p><strong>Usine de biogaz Vierverlaten <\/strong><\/p>\n<div class=\"container\">\n<div class=\"row\">\n<div class=\"col-lg-6 col-md-6 col-sm-12 col-xs-12\">\n<ul>\n<li>Lieu : Groningen, Pays-Bas.<\/li>\n<li>Input : Pulpe de betterave \u00e0 sucre, fragments de betterave \u00e0 sucre, d\u00e9chets de pommes de terre.<\/li>\n<li>Fermenteur : Cuve en acier de 4 x 4 600 m3.<\/li>\n<li>Utilisation du gaz : Syst\u00e8me de valorisation du biogaz, injection dans le r\u00e9seau gazier.<\/li>\n<li>Particularit\u00e9s : Quatre digesteurs, un digesteur secondaire avec d\u00e9tenteur de gaz, traitement des digestats , syst\u00e8me de refroidissement des gaz, fonctionnement m\u00e9sophile, syst\u00e8me de valorisation du biogaz et injection dans le r\u00e9seau.<\/li>\n<li><a href=\"https:\/\/www.kriegfischer.de\/en\/biogas-plants\/references\/europe\/the-netherlands\/vierverlaten-biogas-plant\" target=\"_blank\" rel=\"noopener noreferrer\">Pour plus d&rsquo;informations<\/a>.<\/li>\n<\/ul>\n<\/div>\n<div class=\"col-lg-6 col-md-6 col-sm-12 col-xs-12\"><img loading=\"lazy\" decoding=\"async\" width=\"1024\" height=\"768\" class=\"size-full wp-image-29889 alignnone\" src=\"https:\/\/biogasworld.com\/wp-content\/uploads\/2021\/03\/Sans-titre-6.png\" alt=\"\" srcset=\"https:\/\/biogasworld.com\/wp-content\/uploads\/2021\/03\/Sans-titre-6.png 1024w, https:\/\/biogasworld.com\/wp-content\/uploads\/2021\/03\/Sans-titre-6-250x188.png 250w\" sizes=\"auto, (max-width: 1024px) 100vw, 1024px\" \/><\/div>\n<\/div>\n<\/div>\n<p>&nbsp;<\/p>\n<p><strong>Usine de biogaz de Belgorod<\/strong><\/p>\n<div class=\"container\">\n<div class=\"row\">\n<div class=\"col-lg-6 col-md-6 col-sm-12 col-xs-12\">\n<ul>\n<li>Localisation : Belgorod, Russie.<\/li>\n<li>Input : Ensilage de ma\u00efs, boues d&rsquo;\u00e9puration, boues d&rsquo;abattoir (entrailles, restes de peau et de poils, particules de viande), fumier de porc.<\/li>\n<li>Fermenteur : Cuves en acier rev\u00eatues de verre, 2 x 3 000 m3.<\/li>\n<li>Utilisation du gaz : Moteur \u00e0 gaz 2 x 1,2 MWel.<\/li>\n<li>Particularit\u00e9s : Deux digesteurs, deux digesteurs secondaires avec toit porte-gaz, fonctionnement m\u00e9sophile, utilisation externe de la chaleur.<\/li>\n<li><a href=\"https:\/\/www.kriegfischer.de\/en\/asien\/russia\/belgorod-biogas-plant\" target=\"_blank\" rel=\"noopener noreferrer\">Pour plus d&rsquo;informations<\/a>.<\/li>\n<\/ul>\n<\/div>\n<div class=\"col-lg-6 col-md-6 col-sm-12 col-xs-12\"><img loading=\"lazy\" decoding=\"async\" class=\"wp-image-30223 size-full alignnone\" src=\"https:\/\/biogasworld.com\/wp-content\/uploads\/2021\/03\/Belgorod-Plant.png\" alt=\"\" width=\"1024\" height=\"482\" srcset=\"https:\/\/biogasworld.com\/wp-content\/uploads\/2021\/03\/Belgorod-Plant.png 1024w, https:\/\/biogasworld.com\/wp-content\/uploads\/2021\/03\/Belgorod-Plant-250x118.png 250w\" sizes=\"auto, (max-width: 1024px) 100vw, 1024px\" \/><\/div>\n<\/div>\n<\/div>\n<p>&nbsp;<\/p>\n<p>&nbsp;<\/p>\n<p>&nbsp;<\/p>\n<p><strong>Usine de biogaz \u00e0 Rio Cuarto<\/strong><\/p>\n<div class=\"container\">\n<div class=\"row\">\n<div class=\"col-lg-6 col-md-6 col-sm-12 col-xs-12\">\n<ul>\n<li>Lieu : Argentine, Rio Cuarto.<\/li>\n<li>Input : Mortel mince (ensilage de ma\u00efs, vinasses), une mati\u00e8re r\u00e9siduelle de la production d&rsquo;\u00e9thanol.<\/li>\n<li>Fermenteur : Cuve en acier rev\u00eatue de verre, 8 000 m\u00b3.<\/li>\n<li>Utilisation du gaz : 2 927 kWel : 1 200 kWel en cog\u00e9n\u00e9ration ; 1 727 kWel dans une chaudi\u00e8re pour la consommation interne du processus de bio\u00e9thanol.<\/li>\n<li>Particularit\u00e9s : Digesteur, digesteur secondaire avec toit porte-gaz, cuve de r\u00e9ception, dispositif d&rsquo;entr\u00e9e des solides, d\u00e9sulfuration externe.<\/li>\n<li><a href=\"https:\/\/www.kriegfischer.de\/en\/suedamerika\/argentina\/rio-cuarto-2-biogas-plant\" target=\"_blank\" rel=\"noopener noreferrer\">Pour plus d&rsquo;informations<\/a>.<\/li>\n<\/ul>\n<\/div>\n<div class=\"col-lg-6 col-md-6 col-sm-12 col-xs-12\"><img loading=\"lazy\" decoding=\"async\" class=\"wp-image-30225 size-full alignnone\" src=\"https:\/\/biogasworld.com\/wp-content\/uploads\/2021\/03\/Rio-Cuarto.jpg\" alt=\"\" width=\"1024\" height=\"576\" srcset=\"https:\/\/biogasworld.com\/wp-content\/uploads\/2021\/03\/Rio-Cuarto.jpg 1024w, https:\/\/biogasworld.com\/wp-content\/uploads\/2021\/03\/Rio-Cuarto-250x141.jpg 250w\" sizes=\"auto, (max-width: 1024px) 100vw, 1024px\" \/><\/div>\n<\/div>\n<\/div>\n","protected":false},"excerpt":{"rendered":"La planification ou la construction de ce type d&rsquo;installation industrielle de biogaz n\u00e9cessite l&rsquo;assistance d&rsquo;une \u00e9quipe d&rsquo;experts exp\u00e9riment\u00e9s. Krieg &amp;amp ; Fischer Ingenieure peut vous offrir une longue exp\u00e9rience dans la planification et la construction de telles installations.\r\n\r\nNous nous consid\u00e9rons comme une entreprise de services pour nos clients. Nous nous chargeons de l&rsquo;organisation compl\u00e8te du chantier et surveillons tous les travaux de construction sur place pour le compte de notre client, ou prenons en charge la gestion du chantier de votre projet de biogaz.","protected":false},"featured_media":29896,"template":"","meta":{"_acf_changed":false,"content-type":""},"product_brand":[],"product_cat":[145,77,167,131,130],"product_tag":[],"class_list":{"0":"post-30570","1":"product","2":"type-product","3":"status-publish","4":"has-post-thumbnail","6":"product_cat-anaerobic-digestion","7":"product_cat-biomethanisation","8":"product_cat-liquid-digestion-system","9":"product_cat-systeme-de-digestion-humide","10":"product_cat-digestion-seche","12":"first","13":"instock","14":"taxable","15":"shipping-taxable","16":"product-type-simple"},"acf":[],"_links":{"self":[{"href":"https:\/\/biogasworld.com\/fr\/wp-json\/wp\/v2\/product\/30570","targetHints":{"allow":["GET"]}}],"collection":[{"href":"https:\/\/biogasworld.com\/fr\/wp-json\/wp\/v2\/product"}],"about":[{"href":"https:\/\/biogasworld.com\/fr\/wp-json\/wp\/v2\/types\/product"}],"wp:featuredmedia":[{"embeddable":true,"href":"https:\/\/biogasworld.com\/fr\/wp-json\/wp\/v2\/media\/29896"}],"wp:attachment":[{"href":"https:\/\/biogasworld.com\/fr\/wp-json\/wp\/v2\/media?parent=30570"}],"wp:term":[{"taxonomy":"product_brand","embeddable":true,"href":"https:\/\/biogasworld.com\/fr\/wp-json\/wp\/v2\/product_brand?post=30570"},{"taxonomy":"product_cat","embeddable":true,"href":"https:\/\/biogasworld.com\/fr\/wp-json\/wp\/v2\/product_cat?post=30570"},{"taxonomy":"product_tag","embeddable":true,"href":"https:\/\/biogasworld.com\/fr\/wp-json\/wp\/v2\/product_tag?post=30570"}],"curies":[{"name":"wp","href":"https:\/\/api.w.org\/{rel}","templated":true}]}}