{"id":30572,"date":"2021-03-11T11:52:46","date_gmt":"2021-03-11T16:52:46","guid":{"rendered":"https:\/\/www.biogasworld.com\/product\/uncategorized\/digestion-plant-for-biowaste-and-kitchen-waste\/"},"modified":"2024-02-12T10:59:49","modified_gmt":"2024-02-12T15:59:49","slug":"digestion-plant-for-biowaste-and-kitchen-waste","status":"publish","type":"product","link":"https:\/\/biogasworld.com\/fr\/product\/anaerobic-digestion\/liquid-digestion-system\/digestion-plant-for-biowaste-and-kitchen-waste\/","title":{"rendered":"Installation de m\u00e9thanisation des biod\u00e9chets et des d\u00e9chets de cuisine"},"content":{"rendered":"<h2><span style=\"color: #000daa;\">Installations de pointe pour la digestion des biod\u00e9chets et des d\u00e9chets de cuisine<\/span><\/h2>\n<p>Les installations de digestion des biod\u00e9chets et des d\u00e9chets de cuisine sont g\u00e9n\u00e9ralement mises en \u0153uvre \u00e0 l&rsquo;\u00e9chelle industrielle. Les biod\u00e9chets sont des d\u00e9chets organiques collect\u00e9s s\u00e9par\u00e9ment et produits par les m\u00e9nages. Le contenu des bacs de collecte des d\u00e9chets organiques, dans lesquels sont plac\u00e9s les d\u00e9chets de cuisine et de jardin des m\u00e9nages, varie en fonction de la p\u00e9riode de l&rsquo;ann\u00e9e. Les d\u00e9chets de cuisine proviennent principalement des restaurants, des h\u00f4tels, des cantines et d&rsquo;autres \u00e9tablissements dot\u00e9s de cuisines commerciales.<\/p>\n<p>&nbsp;<\/p>\n<h4><span style=\"color: #000daa;\">Solutions personnalis\u00e9es<\/span><\/h4>\n<p>Avant le processus de fermentation proprement dit, les biod\u00e9chets et les d\u00e9chets de cuisine doivent \u00eatre pr\u00e9trait\u00e9s. L&rsquo;\u00e9limination des impuret\u00e9s, le criblage, le broyage ou le d\u00e9fibrage et l&rsquo;homog\u00e9n\u00e9isation font partie int\u00e9grante du pr\u00e9traitement. Si vos substrats contiennent des impuret\u00e9s, nous d\u00e9veloppons une <strong>cha\u00eene de traitement personnalis\u00e9e<\/strong> pour traiter votre substrat. Pour ce faire, nous utilisons des techniques de traitement par voie humide ou s\u00e8che. Si une hygi\u00e9nisation est n\u00e9cessaire, elle est g\u00e9n\u00e9ralement effectu\u00e9e \u00e0 une temp\u00e9rature de 70\u00b0 C et pendant une dur\u00e9e de 1 heure. Les mati\u00e8res premi\u00e8res ayant une forte teneur en mati\u00e8res s\u00e8ches sont dilu\u00e9es avec de l&rsquo;eau de traitement afin de garantir que la technologie de traitement ne pose aucun probl\u00e8me. En fonction de la quantit\u00e9 de d\u00e9chets de cuisine dans les biod\u00e9chets, un processus de digestion en deux \u00e9tapes peut \u00eatre n\u00e9cessaire, c&rsquo;est-\u00e0-dire que les mati\u00e8res entrantes passent d&rsquo;abord dans le r\u00e9servoir d&rsquo;hydrolyse, puis dans le digesteur. Le processus biologique initial est l&rsquo;hydrolyse. Avec ce type d&rsquo;acidification, le biogaz produit est principalement constitu\u00e9 de CO2 et ne contribue pas \u00e0 la production d&rsquo;\u00e9nergie. La production proprement dite de biogaz a ensuite lieu dans le digesteur.<\/p>\n<p>Les digesteurs sont construits selon des normes industrielles, en b\u00e9ton ou en acier rev\u00eatu, et ils sont parfois agit\u00e9s de mani\u00e8re centrale par le haut, ou parfois lat\u00e9ralement. Ces m\u00e9thodes de m\u00e9lange ont pour but d&rsquo;\u00e9viter la formation de couches flottantes ou de s\u00e9dimentation.<\/p>\n<p>Des moteurs \u00e0 gaz sont g\u00e9n\u00e9ralement employ\u00e9s pour utiliser les gaz r\u00e9sultants, et ceux-ci peuvent avoir des capacit\u00e9s de l&rsquo;ordre du MW. Le gaz est normalement stock\u00e9 temporairement dans de grands r\u00e9servoirs de gaz. L&rsquo;usine est \u00e9quip\u00e9e d&rsquo;une torche de secours pour br\u00fbler l&rsquo;exc\u00e8s de biogaz. Les autres composants du syst\u00e8me sont : le refroidisseur, le puits de condensation, le syst\u00e8me de d\u00e9sulfuration, le dispositif de mesure du gaz, etc. Le biogaz peut \u00e9galement \u00eatre trait\u00e9 pour r\u00e9pondre aux sp\u00e9cifications du gaz naturel et \u00eatre inject\u00e9 dans le r\u00e9seau de gaz naturel sous forme de biom\u00e9thane.<\/p>\n<p>Apr\u00e8s la fermentation, le digestat est souvent d\u00e9shydrat\u00e9. La partie solide peut \u00eatre vendue comme compost aux particuliers, aux p\u00e9pini\u00e8res, aux jardineries, aux entreprises viticoles ou aux paysagistes. La partie liquide est pomp\u00e9e vers le d\u00e9but du processus, afin de liqu\u00e9fier la mati\u00e8re premi\u00e8re. Un probl\u00e8me potentiel avec ce syst\u00e8me de recirculation de l&rsquo;eau de traitement est le fait que le liquide contient beaucoup de sels dissous, et apr\u00e8s plusieurs cycles, des concentrations \u00e9lev\u00e9es s&rsquo;accumulent, ce qui peut inhiber la croissance bact\u00e9rienne. Une expertise et une exp\u00e9rience appropri\u00e9es sont essentielles pour la conception du g\u00e9nie des proc\u00e9d\u00e9s.<\/p>\n<p>Pour qu&rsquo;une usine de digestion puisse fonctionner de mani\u00e8re efficace et efficiente, elle est surveill\u00e9e par un syst\u00e8me de contr\u00f4le complet comprenant une vari\u00e9t\u00e9 de dispositifs de mesure et de contr\u00f4le.<\/p>\n<p>La fermentation des biod\u00e9chets est relativement complexe. Les ing\u00e9nieurs de Krieg &amp;amp ; Fischer ont de nombreuses ann\u00e9es d&rsquo;exp\u00e9rience dans la planification de ce type d&rsquo;installations, et peuvent donc offrir une expertise profonde et comp\u00e9tente.<\/p>\n<p><b>Si vous \u00eates int\u00e9ress\u00e9, nous pouvons vous fournir un calcul \u00e9nerg\u00e9tique et une \u00e9valuation des co\u00fbts pour votre installation de biogaz individuelle et sur mesure <span style=\"color: #000daa;\">gratuitement<\/span>. Contactez-nous directement \u00e0 <a href=\"mailto:contact@kriegfischer.de\" target=\"_blank\" rel=\"noopener noreferrer\">contact@kriegfischer.de<\/a><\/b><\/p>\n<p>&nbsp;<\/p>\n<h2><span style=\"color: #000daa;\">Projets de r\u00e9f\u00e9rence<\/span><\/h2>\n<p><strong>Usine de biogaz de Huntstown<\/strong><\/p>\n<div class=\"container\">\n<div class=\"row\">\n<div class=\"col-lg-6 col-md-6 col-sm-12 col-xs-12\">\n<ul>\n<li>Localisation : Irlande.<\/li>\n<li>Entr\u00e9e : Poubelle brune \u00e0 pression thermique et d\u00e9chets alimentaires.<\/li>\n<li>Fermenteur : Cuves en acier, 4 x 4 900 m\u00b3.<\/li>\n<li>Utilisation du gaz : Moteur \u00e0 gaz 2 x 2,4 MW<sub>el.<\/sub><\/li>\n<li>Particularit\u00e9s : Dessablage, refroidissement de la mati\u00e8re d&rsquo;entr\u00e9e, 2 r\u00e9servoirs tampons, support de gaz externe.<\/li>\n<li><a href=\"https:\/\/www.kriegfischer.de\/en\/biogas-plants\/references\/europe\/ireland\/huntstown-biogas-plant\" target=\"_blank\" rel=\"noopener noreferrer\">Pour plus d&rsquo;informations<\/a>.<\/li>\n<\/ul>\n<\/div>\n<div class=\"col-lg-6 col-md-6 col-sm-12 col-xs-12\"><img loading=\"lazy\" decoding=\"async\" class=\"wp-image-30227 size-full alignnone\" src=\"https:\/\/biogasworld.com\/wp-content\/uploads\/2021\/03\/Huntstown-Biogas-Plant.png\" alt=\"\" width=\"1024\" height=\"576\" srcset=\"https:\/\/biogasworld.com\/wp-content\/uploads\/2021\/03\/Huntstown-Biogas-Plant.png 1024w, https:\/\/biogasworld.com\/wp-content\/uploads\/2021\/03\/Huntstown-Biogas-Plant-250x141.png 250w\" sizes=\"auto, (max-width: 1024px) 100vw, 1024px\" \/><\/div>\n<\/div>\n<\/div>\n<p>&nbsp;<\/p>\n<p><strong>Usine de biogaz de JCBE Derby<\/strong><\/p>\n<div class=\"container\">\n<div class=\"row\">\n<div class=\"col-lg-6 col-md-6 col-sm-12 col-xs-12\">\n<ul>\n<li>Localisation : Royaume-Uni, Derby.<\/li>\n<li>Input : Cuisine hydrolis\u00e9e Cat. 2 (visc\u00e8res)-, d\u00e9chets de papier et de carton (trait\u00e9s par TPH), eau (recycl\u00e9e, pluie, r\u00e9seau).<\/li>\n<li>Fermenteur : Cuve en b\u00e9ton, 2 x 5 300 m\u00b3.<\/li>\n<li>Utilisation du gaz : Syst\u00e8me de valorisation du gaz.<\/li>\n<li>Particularit\u00e9s : Syst\u00e8me de pr\u00e9traitement : Hydrolyse \u00e0 pression thermique (TPH) pour la mati\u00e8re d&rsquo;entr\u00e9e, r\u00e9servoir de refroidissement avec agitateur central pour la r\u00e9ception de la mati\u00e8re d&rsquo;entr\u00e9e chaude, syst\u00e8me de refroidissement du substrat, deux r\u00e9servoirs de stockage, deux digesteurs et un digesteur secondaire.<\/li>\n<li><a href=\"https:\/\/www.kriegfischer.de\/en\/biogas-plants\/references\/europe\/great-britain\/jcbe-derby-biogas-plant\" target=\"_blank\" rel=\"noopener noreferrer\">Pour plus d&rsquo;informations<\/a>.<\/li>\n<\/ul>\n<\/div>\n<div class=\"col-lg-6 col-md-6 col-sm-12 col-xs-12\"><img loading=\"lazy\" decoding=\"async\" class=\"wp-image-30229 size-full alignnone\" src=\"https:\/\/biogasworld.com\/wp-content\/uploads\/2021\/03\/JCBE-Derby.png\" alt=\"\" width=\"1024\" height=\"676\" srcset=\"https:\/\/biogasworld.com\/wp-content\/uploads\/2021\/03\/JCBE-Derby.png 1024w, https:\/\/biogasworld.com\/wp-content\/uploads\/2021\/03\/JCBE-Derby-250x165.png 250w\" sizes=\"auto, (max-width: 1024px) 100vw, 1024px\" \/><\/div>\n<\/div>\n<\/div>\n<p>&nbsp;<\/p>\n<p>&nbsp;<\/p>\n<p>&nbsp;<\/p>\n<p><strong>Installation de biogaz im Brahm<\/strong><\/p>\n<div class=\"container\">\n<div class=\"row\">\n<div class=\"col-lg-6 col-md-6 col-sm-12 col-xs-12\">\n<ul>\n<li>Lieu : Allemagne.<\/li>\n<li>Input : Fumier de porc, d\u00e9chets de cuisine, fumier de cheval.<\/li>\n<li>Fermenteur : R\u00e9servoir en b\u00e9ton, 1 205 m3.<\/li>\n<li>Utilisation du gaz : Moteur \u00e0 gaz, 2 x 190 kWel + 2 x 190 kWel d&rsquo;extension.<\/li>\n<li>Particularit\u00e9s : Digesteur mixte avec m\u00e9langeurs lat\u00e9raux, d\u00e9tenteurs de gaz sur le dessus de toutes les cuves, digesteur secondaire, cuves de stockage, utilisation de la chaleur (pasteurisation des d\u00e9chets de cuisine, chauffage des b\u00e2timents et du Schlosshotel voisin).<\/li>\n<li><a href=\"https:\/\/www.kriegfischer.de\/en\/biogas-plants\/references\/europe\/germany\/im-brahm-biogas-plant\" target=\"_blank\" rel=\"noopener noreferrer\">Pour plus d&rsquo;informations<\/a>.<\/li>\n<\/ul>\n<p>&nbsp;<\/p>\n<\/div>\n<div class=\"col-lg-6 col-md-6 col-sm-12 col-xs-12\"><img loading=\"lazy\" decoding=\"async\" width=\"1024\" height=\"768\" class=\"size-full wp-image-29899 alignnone\" src=\"https:\/\/biogasworld.com\/wp-content\/uploads\/2021\/03\/Sans-titre-9.png\" alt=\"\" srcset=\"https:\/\/biogasworld.com\/wp-content\/uploads\/2021\/03\/Sans-titre-9.png 1024w, https:\/\/biogasworld.com\/wp-content\/uploads\/2021\/03\/Sans-titre-9-250x188.png 250w\" sizes=\"auto, (max-width: 1024px) 100vw, 1024px\" \/><\/div>\n<\/div>\n<\/div>\n<div class=\"conteneur\">\n<div class=\"row\">\n<div class=\"col-lg-6 col-md-6 col-sm-12 col-xs-12\"><\/div>\n<div style=\"text-align: justify;\"><\/div>\n<\/div>\n<\/div>\n","protected":false},"excerpt":{"rendered":"La fermentation des biod\u00e9chets est relativement complexe. Les ing\u00e9nieurs de Krieg &amp; Fischer ont de nombreuses ann\u00e9es d&rsquo;exp\u00e9rience dans la planification de ce type d&rsquo;installations, et peuvent donc offrir une expertise approfondie et comp\u00e9tente. Nous nous consid\u00e9rons comme une soci\u00e9t\u00e9 de services pour nos clients. Nous nous chargeons de l&rsquo;organisation compl\u00e8te du chantier et surveillons tous les travaux de construction sur place pour le compte de notre client, ou prenons en charge la gestion du site de votre projet de biogaz.","protected":false},"featured_media":29906,"template":"","meta":{"_acf_changed":false,"content-type":""},"product_brand":[],"product_cat":[145,77,167,131,130],"product_tag":[],"class_list":{"0":"post-30572","1":"product","2":"type-product","3":"status-publish","4":"has-post-thumbnail","6":"product_cat-anaerobic-digestion","7":"product_cat-biomethanisation","8":"product_cat-liquid-digestion-system","9":"product_cat-systeme-de-digestion-humide","10":"product_cat-digestion-seche","12":"first","13":"instock","14":"taxable","15":"shipping-taxable","16":"product-type-simple"},"acf":[],"_links":{"self":[{"href":"https:\/\/biogasworld.com\/fr\/wp-json\/wp\/v2\/product\/30572","targetHints":{"allow":["GET"]}}],"collection":[{"href":"https:\/\/biogasworld.com\/fr\/wp-json\/wp\/v2\/product"}],"about":[{"href":"https:\/\/biogasworld.com\/fr\/wp-json\/wp\/v2\/types\/product"}],"wp:featuredmedia":[{"embeddable":true,"href":"https:\/\/biogasworld.com\/fr\/wp-json\/wp\/v2\/media\/29906"}],"wp:attachment":[{"href":"https:\/\/biogasworld.com\/fr\/wp-json\/wp\/v2\/media?parent=30572"}],"wp:term":[{"taxonomy":"product_brand","embeddable":true,"href":"https:\/\/biogasworld.com\/fr\/wp-json\/wp\/v2\/product_brand?post=30572"},{"taxonomy":"product_cat","embeddable":true,"href":"https:\/\/biogasworld.com\/fr\/wp-json\/wp\/v2\/product_cat?post=30572"},{"taxonomy":"product_tag","embeddable":true,"href":"https:\/\/biogasworld.com\/fr\/wp-json\/wp\/v2\/product_tag?post=30572"}],"curies":[{"name":"wp","href":"https:\/\/api.w.org\/{rel}","templated":true}]}}