{"id":31336,"date":"2021-10-06T14:50:17","date_gmt":"2021-10-06T18:51:17","guid":{"rendered":"https:\/\/www.biogasworld.com\/product\/uncategorized\/fitec-self-cleaning-digester\/"},"modified":"2023-12-05T16:59:52","modified_gmt":"2023-12-05T21:59:52","slug":"systeme-digestion-auto-nettoyant-de-fitec","status":"publish","type":"product","link":"https:\/\/biogasworld.com\/fr\/product\/anaerobic-digestion\/liquid-digestion-system\/systeme-digestion-auto-nettoyant-de-fitec\/","title":{"rendered":"Syst\u00e8me de digestion auto-nettoyant de Fitec"},"content":{"rendered":"<p><img loading=\"lazy\" decoding=\"async\" class=\"alignnone wp-image-28885 size-full\" src=\"https:\/\/biogasworld.com\/wp-content\/uploads\/2021\/04\/Fitec_Brochure_2021-June_FR-10.png\" alt=\"\" width=\"1049\" height=\"975\" \/><\/p>\n<p><img loading=\"lazy\" decoding=\"async\" class=\"alignnone wp-image-28883 size-full\" src=\"https:\/\/biogasworld.com\/wp-content\/uploads\/2021\/04\/Fitec_Brochure_2021-June_FR-10-1.png\" alt=\"\" width=\"857\" height=\"969\" \/><\/p>\n","protected":false},"excerpt":{"rendered":"Le syst\u00e8me de digestion auto-nettoyant de Fitec de Fitec comprend un syst\u00e8me de dessablage et un syst\u00e8me d&rsquo;\u00e9limination des mati\u00e8res en plastique. Les contaminants sont \u00e9vacu\u00e9s en continu pour maintenir la capacit\u00e9 maximale du digesteur et \u00e9liminer les temps d&rsquo;arr\u00eat dus au nettoyage.","protected":false},"featured_media":29518,"template":"","meta":{"_acf_changed":false,"content-type":""},"product_brand":[],"product_cat":[77,298,167,303,131],"product_tag":[],"class_list":{"0":"post-31336","1":"product","2":"type-product","3":"status-publish","4":"has-post-thumbnail","6":"product_cat-biomethanisation","7":"product_cat-digester-tanks","8":"product_cat-liquid-digestion-system","9":"product_cat-reservoir-pour-digesteur","10":"product_cat-systeme-de-digestion-humide","12":"first","13":"instock","14":"taxable","15":"shipping-taxable","16":"product-type-simple"},"acf":[],"_links":{"self":[{"href":"https:\/\/biogasworld.com\/fr\/wp-json\/wp\/v2\/product\/31336","targetHints":{"allow":["GET"]}}],"collection":[{"href":"https:\/\/biogasworld.com\/fr\/wp-json\/wp\/v2\/product"}],"about":[{"href":"https:\/\/biogasworld.com\/fr\/wp-json\/wp\/v2\/types\/product"}],"wp:featuredmedia":[{"embeddable":true,"href":"https:\/\/biogasworld.com\/fr\/wp-json\/wp\/v2\/media\/29518"}],"wp:attachment":[{"href":"https:\/\/biogasworld.com\/fr\/wp-json\/wp\/v2\/media?parent=31336"}],"wp:term":[{"taxonomy":"product_brand","embeddable":true,"href":"https:\/\/biogasworld.com\/fr\/wp-json\/wp\/v2\/product_brand?post=31336"},{"taxonomy":"product_cat","embeddable":true,"href":"https:\/\/biogasworld.com\/fr\/wp-json\/wp\/v2\/product_cat?post=31336"},{"taxonomy":"product_tag","embeddable":true,"href":"https:\/\/biogasworld.com\/fr\/wp-json\/wp\/v2\/product_tag?post=31336"}],"curies":[{"name":"wp","href":"https:\/\/api.w.org\/{rel}","templated":true}]}}